{"id":65310,"date":"2024-02-03T12:24:20","date_gmt":"2024-02-03T12:24:20","guid":{"rendered":"https:\/\/go-microdose.com\/product\/kit-de-culture-colombien\/"},"modified":"2026-04-08T09:30:09","modified_gmt":"2026-04-08T07:30:09","slug":"kit-de-culture-colombien","status":"publish","type":"product","link":"https:\/\/go-microdose.com\/fr\/produit\/kit-de-culture-colombien\/","title":{"rendered":"Kit de culture colombien"},"content":{"rendered":"<div class=\"wpb-content-wrapper\"><p>[vc_row][vc_column][vc_column_text]<\/p>\n<p class=\"p1\"><span class=\"s1\">La souche de champignons magiques colombiens est connue pour ses effets c\u00e9r\u00e9braux puissants, souvent choisie par ceux qui recherchent une exp\u00e9rience profonde et stimulante pour l&rsquo;esprit. Elle offre un voyage philosophique et introspectif puissant, parfait pour les utilisateurs qui souhaitent explorer les rouages internes de leur esprit. Notre kit de culture t\u2019offre un moyen simple de cultiver ces champignons puissants, garantissant une r\u00e9colte riche et r\u00e9v\u00e9latrice.  <\/span><\/p>\n<p class=\"p1\"><span class=\"s1\"><strong>Effets<\/strong><br \/>\n<\/span><span class=\"s1\">Les champignons colombiens sont r\u00e9put\u00e9s pour leurs effets mentaux intenses, qui peuvent mener \u00e0 de profondes r\u00e9v\u00e9lations et des prises de conscience transformatrices. Les utilisateurs rapportent des vagues d\u2019\u00e9motions intenses et un changement significatif de perspective, accompagn\u00e9s d\u2019une exp\u00e9rience spirituelle profonde. <\/span><\/p>\n<p class=\"p1\"><span class=\"s1\"><strong>Puissance, dosage et utilisation<\/strong><br \/>\n<\/span><span class=\"s1\">La souche colombienne est assez puissante, et \u00e0 ce titre, elle est recommand\u00e9e pour ceux qui ont une exp\u00e9rience pr\u00e9alable ou ceux qui recherchent un effet psych\u00e9d\u00e9lique plus substantiel. Notre calculateur de dosage te guidera pour trouver la dose parfaite pour un voyage transformateur. <\/span><\/p>\n<p class=\"p1\"><span class=\"s1\"><strong>Contenu<\/strong><br \/>\n<\/span><span class=\"s2\">Notre kit de culture GO Microdose 100 % Myc\u00e9lium offre tout le n\u00e9cessaire pour cultiver les champignons colombiens. Chaque kit contient un kit de culture de 1200 cc, un sac de culture avec filtres \u00e0 air et deux trombones. Des instructions de culture d\u00e9taill\u00e9es sont fournies en n\u00e9erlandais et en anglais pour te guider tout au long du processus de culture. Avec les soins appropri\u00e9s, ces kits de culture de 1200 cc peuvent produire entre 400 et 800 g de champignons frais sur plusieurs r\u00e9coltes.   <\/span><\/p>\n<p class=\"p1\"><span class=\"s1\"><strong>Dur\u00e9e de conservation<\/strong><br \/>\n<\/span><span class=\"s2\">Lorsqu\u2019il est stock\u00e9 dans un environnement frais, le kit de culture peut durer environ 3 \u00e0 6 mois. Cependant, en dehors du r\u00e9frig\u00e9rateur, la dur\u00e9e de conservation du kit de culture est limit\u00e9e. Il est toujours pr\u00e9f\u00e9rable de commencer ta culture d\u00e8s que possible pour garantir les meilleurs r\u00e9sultats.  <\/span><\/p>\n<p class=\"p1\"><span class=\"s1\"><strong>AVERTISSEMENT<\/strong><br \/>\n<\/span><span class=\"s1\">En raison des effets intenses de la souche colombienne, elle n\u2019est pas recommand\u00e9e aux d\u00e9butants ou \u00e0 ceux qui ont des probl\u00e8mes psychologiques. Consomme de mani\u00e8re responsable et envisage d\u2019\u00eatre accompagn\u00e9(e) par un(e) ami(e) sobre lors de ton voyage. <\/span><\/p>\n<p>[\/vc_column_text][\/vc_column][\/vc_row]<\/p>\n<\/div>","protected":false},"excerpt":{"rendered":"<p class=\"p1\"><span class=\"s1\">La souche de champignons magiques colombiens est connue pour ses effets c\u00e9r\u00e9braux puissants, souvent choisie par ceux qui recherchent une exp\u00e9rience profonde et stimulante pour l&rsquo;esprit. Elle offre un voyage philosophique et introspectif puissant, parfait pour les utilisateurs qui souhaitent explorer les rouages internes de leur esprit. Notre kit de culture t\u2019offre un moyen simple de cultiver ces champignons puissants, garantissant une r\u00e9colte riche et r\u00e9v\u00e9latrice.  <\/span><\/p>\n<p class=\"p1\"><span class=\"s1\"><strong>Effets<\/strong><br \/>\n<\/span><span class=\"s1\">Les champignons colombiens sont r\u00e9put\u00e9s pour leurs effets mentaux intenses, qui peuvent mener \u00e0 de profondes r\u00e9v\u00e9lations et des prises de conscience transformatrices. Les utilisateurs rapportent des vagues d\u2019\u00e9motions intenses et un changement significatif de perspective, accompagn\u00e9s d\u2019une exp\u00e9rience spirituelle profonde. <\/span><\/p>\n<p class=\"p1\"><span class=\"s1\"><strong>Puissance, dosage et utilisation<\/strong><br \/>\n<\/span><span class=\"s1\">La souche colombienne est assez puissante, et \u00e0 ce titre, elle est recommand\u00e9e pour ceux qui ont une exp\u00e9rience pr\u00e9alable ou ceux qui recherchent un effet psych\u00e9d\u00e9lique plus substantiel. Notre calculateur de dosage te guidera pour trouver la dose parfaite pour un voyage transformateur. <\/span><\/p>\n<p class=\"p1\"><span class=\"s1\"><strong>Contenu<\/strong><br \/>\n<\/span><span class=\"s2\">Notre kit de culture GO Microdose 100 % Myc\u00e9lium offre tout le n\u00e9cessaire pour cultiver les champignons colombiens. Chaque kit contient un kit de culture de 1200 cc, un sac de culture avec filtres \u00e0 air et deux trombones. Des instructions de culture d\u00e9taill\u00e9es sont fournies en n\u00e9erlandais et en anglais pour te guider tout au long du processus de culture. Avec les soins appropri\u00e9s, ces kits de culture de 1200 cc peuvent produire entre 400 et 800 g de champignons frais sur plusieurs r\u00e9coltes.   <\/span><\/p>\n<p class=\"p1\"><span class=\"s1\"><strong>Dur\u00e9e de conservation<\/strong><br \/>\n<\/span><span class=\"s2\">Lorsqu\u2019il est stock\u00e9 dans un environnement frais, le kit de culture peut durer environ 3 \u00e0 6 mois. Cependant, en dehors du r\u00e9frig\u00e9rateur, la dur\u00e9e de conservation du kit de culture est limit\u00e9e. Il est toujours pr\u00e9f\u00e9rable de commencer ta culture d\u00e8s que possible pour garantir les meilleurs r\u00e9sultats.  <\/span><\/p>\n<p class=\"p1\"><span class=\"s1\"><strong>AVERTISSEMENT<\/strong><br \/>\n<\/span><span class=\"s1\">En raison des effets intenses de la souche colombienne, elle n\u2019est pas recommand\u00e9e aux d\u00e9butants ou \u00e0 ceux qui ont des probl\u00e8mes psychologiques. Consomme de mani\u00e8re responsable et envisage d\u2019\u00eatre accompagn\u00e9(e) par un(e) ami(e) sobre lors de ton voyage. <\/span><\/p>\n","protected":false},"featured_media":65312,"comment_status":"open","ping_status":"closed","template":"","meta":{"_acf_changed":false},"product_brand":[],"product_cat":[236],"product_tag":[],"giftcard-category":[],"class_list":{"0":"post-65310","1":"product","2":"type-product","3":"status-publish","4":"has-post-thumbnail","6":"product_cat-kits-de-culture-de-champignons-magiques","7":"product_shipping_class-grande-boite","9":"first","10":"instock","11":"taxable","12":"shipping-taxable","13":"purchasable","14":"product-type-simple"},"acf":[],"_links":{"self":[{"href":"https:\/\/go-microdose.com\/fr\/wp-json\/wp\/v2\/product\/65310","targetHints":{"allow":["GET"]}}],"collection":[{"href":"https:\/\/go-microdose.com\/fr\/wp-json\/wp\/v2\/product"}],"about":[{"href":"https:\/\/go-microdose.com\/fr\/wp-json\/wp\/v2\/types\/product"}],"replies":[{"embeddable":true,"href":"https:\/\/go-microdose.com\/fr\/wp-json\/wp\/v2\/comments?post=65310"}],"wp:featuredmedia":[{"embeddable":true,"href":"https:\/\/go-microdose.com\/fr\/wp-json\/wp\/v2\/media\/65312"}],"wp:attachment":[{"href":"https:\/\/go-microdose.com\/fr\/wp-json\/wp\/v2\/media?parent=65310"}],"wp:term":[{"taxonomy":"product_brand","embeddable":true,"href":"https:\/\/go-microdose.com\/fr\/wp-json\/wp\/v2\/product_brand?post=65310"},{"taxonomy":"product_cat","embeddable":true,"href":"https:\/\/go-microdose.com\/fr\/wp-json\/wp\/v2\/product_cat?post=65310"},{"taxonomy":"product_tag","embeddable":true,"href":"https:\/\/go-microdose.com\/fr\/wp-json\/wp\/v2\/product_tag?post=65310"},{"taxonomy":"giftcard-category","embeddable":true,"href":"https:\/\/go-microdose.com\/fr\/wp-json\/wp\/v2\/giftcard-category?post=65310"}],"curies":[{"name":"wp","href":"https:\/\/api.w.org\/{rel}","templated":true}]}}