{"id":65324,"date":"2022-05-24T09:00:59","date_gmt":"2022-05-24T09:00:59","guid":{"rendered":"https:\/\/go-microdose.com\/product\/parcours-debutant\/"},"modified":"2026-03-31T10:39:00","modified_gmt":"2026-03-31T08:39:00","slug":"parcours-debutant","status":"publish","type":"product","link":"https:\/\/go-microdose.com\/fr\/produit\/parcours-debutant\/","title":{"rendered":"Parcours d\u00e9butant"},"content":{"rendered":"<div class=\"wpb-content-wrapper\"><p>[vc_section][vc_row][vc_column][vc_custom_heading text=\u00a0\u00bb\u00c0 exp\u00e9rimenter\u00a0\u00bb font_container=\u00a0\u00bbtag:div|text_align:left\u00a0\u00bb use_theme_fonts=\u00a0\u00bbyes\u00a0\u00bb el_class=\u00a0\u00bbpr-tag\u00a0\u00bb][vc_custom_heading text=\u00a0\u00bbTa premi\u00e8re microdose\u00a0\u00bb font_container=\u00a0\u00bbtag:h3|text_align:left\u00a0\u00bb use_theme_fonts=\u00a0\u00bbyes\u00a0\u00bb][vc_column_text]Notre parcours d\u00e9butant est id\u00e9al pour exp\u00e9rimenter les bienfaits de la microdose. Tu choisis un cycle de 3 jours que tu utilises pendant 4 \u00e0 8 semaines. Essaie-le pendant au moins un mois pour voir par toi-m\u00eame s&rsquo;il t&rsquo;apporte les bienfaits que tu recherches.  <\/p>\n<p>Nos truffes restent fra\u00eeches environ 2 \u00e0 3 mois au r\u00e9frig\u00e9rateur. C\u2019est pourquoi nous t\u2019envoyons des truffes fra\u00eeches tous les 3 mois. Pour un parcours de 6 mois, tu recevras 2 envois, et pour 12 mois, 4 envois.[\/vc_column_text][vc_btn title=\u00a0\u00bbT\u00e9l\u00e9charge notre plan \u00e9tape par \u00e9tape\u00a0\u00bb style=\u00a0\u00bboutline\u00a0\u00bb color=\u00a0\u00bbblack\u00a0\u00bb link=\u00a0\u00bburl:https%3A%2F%2Fgo-microdose.com%2Fwp-content%2Fuploads%2F2022%2F08%2FGO-Microdose-manual.pdf|target:_blank|\u00a0\u00bb][\/vc_column][\/vc_row][\/vc_section]<\/p>\n<\/div>","protected":false},"excerpt":{"rendered":"<p>Notre parcours d\u00e9butant est id\u00e9al pour exp\u00e9rimenter les bienfaits de la microdose. Tu choisis un cycle de 3 jours que tu utilises pendant 4 \u00e0 8 semaines. Essaie-le pendant au moins un mois pour voir par toi-m\u00eame s&rsquo;il t&rsquo;apporte les bienfaits que tu recherches.  <\/p>\n","protected":false},"featured_media":65325,"comment_status":"open","ping_status":"closed","template":"","meta":{"_acf_changed":false},"product_brand":[],"product_cat":[241,257],"product_tag":[],"giftcard-category":[],"class_list":{"0":"post-65324","1":"product","2":"type-product","3":"status-publish","4":"has-post-thumbnail","6":"product_cat-microdosage","7":"product_cat-abonnements","8":"pa_package-6-mois","9":"pa_package-12-mois","11":"first","12":"instock","13":"sale","14":"taxable","15":"shipping-taxable","16":"purchasable","17":"product-type-variable","18":"has-default-attributes"},"acf":[],"_links":{"self":[{"href":"https:\/\/go-microdose.com\/fr\/wp-json\/wp\/v2\/product\/65324","targetHints":{"allow":["GET"]}}],"collection":[{"href":"https:\/\/go-microdose.com\/fr\/wp-json\/wp\/v2\/product"}],"about":[{"href":"https:\/\/go-microdose.com\/fr\/wp-json\/wp\/v2\/types\/product"}],"replies":[{"embeddable":true,"href":"https:\/\/go-microdose.com\/fr\/wp-json\/wp\/v2\/comments?post=65324"}],"wp:featuredmedia":[{"embeddable":true,"href":"https:\/\/go-microdose.com\/fr\/wp-json\/wp\/v2\/media\/65325"}],"wp:attachment":[{"href":"https:\/\/go-microdose.com\/fr\/wp-json\/wp\/v2\/media?parent=65324"}],"wp:term":[{"taxonomy":"product_brand","embeddable":true,"href":"https:\/\/go-microdose.com\/fr\/wp-json\/wp\/v2\/product_brand?post=65324"},{"taxonomy":"product_cat","embeddable":true,"href":"https:\/\/go-microdose.com\/fr\/wp-json\/wp\/v2\/product_cat?post=65324"},{"taxonomy":"product_tag","embeddable":true,"href":"https:\/\/go-microdose.com\/fr\/wp-json\/wp\/v2\/product_tag?post=65324"},{"taxonomy":"giftcard-category","embeddable":true,"href":"https:\/\/go-microdose.com\/fr\/wp-json\/wp\/v2\/giftcard-category?post=65324"}],"curies":[{"name":"wp","href":"https:\/\/api.w.org\/{rel}","templated":true}]}}