{"id":65327,"date":"2024-02-03T12:21:55","date_gmt":"2024-02-03T12:21:55","guid":{"rendered":"https:\/\/go-microdose.com\/product\/kit-de-culture-b\/"},"modified":"2026-04-10T03:12:30","modified_gmt":"2026-04-10T01:12:30","slug":"kit-de-culture-b","status":"publish","type":"product","link":"https:\/\/go-microdose.com\/fr\/produit\/kit-de-culture-b\/","title":{"rendered":"Kit de culture B+"},"content":{"rendered":"<div class=\"wpb-content-wrapper\"><p>[vc_row][vc_column][vc_column_text]<\/p>\n<p class=\"p1\"><span class=\"s1\">Le champignon magique B+ est une vari\u00e9t\u00e9 polyvalente qui offre un m\u00e9lange unique de qualit\u00e9s visuelles et introspectives, ce qui en fait un favori parmi les passionn\u00e9s. R\u00e9put\u00e9e pour produire des champignons grands et r\u00e9sistants, la vari\u00e9t\u00e9 B+ est excellente pour les cultivateurs \u00e0 la recherche d\u2019une r\u00e9colte fiable et abondante. Notre kit de culture simplifie le processus, t\u2019offrant une exp\u00e9rience de culture conviviale.  <\/span><\/p>\n<p class=\"p1\"><span class=\"s1\"><strong>Effets<\/strong><br \/>\n<\/span><span class=\"s1\">La vari\u00e9t\u00e9 B+ est c\u00e9l\u00e9br\u00e9e pour ses effets visuels vifs et sa capacit\u00e9 \u00e0 stimuler une pens\u00e9e profonde. Les utilisateurs ressentent souvent un profond sentiment d\u2019\u00e9merveillement et une nouvelle appr\u00e9ciation du monde qui les entoure. La B+ est \u00e9galement connue pour sa dur\u00e9e, avec des voyages l\u00e9g\u00e8rement plus longs que la moyenne, offrant un parcours d\u2019exploration prolong\u00e9.  <\/span><\/p>\n<p class=\"p1\"><span class=\"s1\"><strong>Force, dosage et utilisation<\/strong><br \/>\n<\/span><span class=\"s1\">Avec une puissance allant de mod\u00e9r\u00e9e \u00e0 forte, la vari\u00e9t\u00e9 B+ convient aussi bien aux d\u00e9butants qu\u2019aux utilisateurs exp\u00e9riment\u00e9s. Notre calculateur de dosage est un outil utile pour t\u2019aider \u00e0 d\u00e9terminer la bonne dose pour un voyage psych\u00e9d\u00e9lique optimal. <\/span><\/p>\n<p class=\"p1\"><span class=\"s1\"><strong>Contenu<\/strong><br \/>\n<\/span><span class=\"s2\">Notre kit de culture GO Microdose 100 % Myc\u00e9lium offre tout le n\u00e9cessaire pour cultiver les champignons B+. Chaque kit contient un kit de culture de 1 200 cc, un sac de culture avec filtres \u00e0 air et deux trombones. Des instructions de croissance d\u00e9taill\u00e9es sont fournies en n\u00e9erlandais et en anglais pour te guider tout au long du processus de culture. Avec les soins appropri\u00e9s, ces kits de culture de 1 200 cc peuvent produire entre 400 et 800 g de champignons frais sur plusieurs r\u00e9coltes.   <\/span><\/p>\n<p class=\"p1\"><span class=\"s1\"><strong>Dur\u00e9e de conservation<\/strong><br \/>\n<\/span><span class=\"s2\">Lorsqu\u2019il est stock\u00e9 dans un environnement frais, le kit de culture peut durer environ 3 \u00e0 6 mois. Cependant, en dehors du r\u00e9frig\u00e9rateur, la dur\u00e9e de conservation du kit de culture est limit\u00e9e. Il est toujours pr\u00e9f\u00e9rable de commencer ta culture d\u00e8s que possible pour garantir les meilleurs r\u00e9sultats.  <\/span><\/p>\n<p class=\"p1\"><span class=\"s1\"><strong>AVERTISSEMENT<\/strong><br \/>\n<\/span><span class=\"s1\">Respecte la puissance des champignons B+ et aborde ton exp\u00e9rience avec prudence. Non recommand\u00e9 aux personnes de moins de 18 ans ou ayant des vuln\u00e9rabilit\u00e9s en mati\u00e8re de sant\u00e9 mentale. Assure-toi d\u2019avoir un \u00ab trip sitter \u00bb si tu explores des doses plus \u00e9lev\u00e9es.  <\/span><\/p>\n<p>[\/vc_column_text][\/vc_column][\/vc_row]<\/p>\n<\/div>","protected":false},"excerpt":{"rendered":"<p class=\"p1\"><span class=\"s1\">Le champignon magique B+ est une vari\u00e9t\u00e9 polyvalente qui offre un m\u00e9lange unique de qualit\u00e9s visuelles et introspectives, ce qui en fait un favori parmi les passionn\u00e9s. R\u00e9put\u00e9e pour produire des champignons grands et r\u00e9sistants, la vari\u00e9t\u00e9 B+ est excellente pour les cultivateurs \u00e0 la recherche d\u2019une r\u00e9colte fiable et abondante. Notre kit de culture simplifie le processus, t\u2019offrant une exp\u00e9rience de culture conviviale.  <\/span><\/p>\n<p class=\"p1\"><span class=\"s1\"><strong>Effets<\/strong><br \/>\n<\/span><span class=\"s1\">La vari\u00e9t\u00e9 B+ est c\u00e9l\u00e9br\u00e9e pour ses effets visuels vifs et sa capacit\u00e9 \u00e0 stimuler une pens\u00e9e profonde. Les utilisateurs ressentent souvent un profond sentiment d\u2019\u00e9merveillement et une nouvelle appr\u00e9ciation du monde qui les entoure. La B+ est \u00e9galement connue pour sa dur\u00e9e, avec des voyages l\u00e9g\u00e8rement plus longs que la moyenne, offrant un parcours d\u2019exploration prolong\u00e9.  <\/span><\/p>\n<p class=\"p1\"><span class=\"s1\"><strong>Force, dosage et utilisation<\/strong><br \/>\n<\/span><span class=\"s1\">Avec une puissance allant de mod\u00e9r\u00e9e \u00e0 forte, la vari\u00e9t\u00e9 B+ convient aussi bien aux d\u00e9butants qu\u2019aux utilisateurs exp\u00e9riment\u00e9s. Notre calculateur de dosage est un outil utile pour t\u2019aider \u00e0 d\u00e9terminer la bonne dose pour un voyage psych\u00e9d\u00e9lique optimal. <\/span><\/p>\n<p class=\"p1\"><span class=\"s1\"><strong>Contenu<\/strong><br \/>\n<\/span><span class=\"s2\">Notre kit de culture GO Microdose 100 % Myc\u00e9lium offre tout le n\u00e9cessaire pour cultiver les champignons B+. Chaque kit contient un kit de culture de 1 200 cc, un sac de culture avec filtres \u00e0 air et deux trombones. Des instructions de croissance d\u00e9taill\u00e9es sont fournies en n\u00e9erlandais et en anglais pour te guider tout au long du processus de culture. Avec les soins appropri\u00e9s, ces kits de culture de 1 200 cc peuvent produire entre 400 et 800 g de champignons frais sur plusieurs r\u00e9coltes.   <\/span><\/p>\n<p class=\"p1\"><span class=\"s1\"><strong>Dur\u00e9e de conservation<\/strong><br \/>\n<\/span><span class=\"s2\">Lorsqu\u2019il est stock\u00e9 dans un environnement frais, le kit de culture peut durer environ 3 \u00e0 6 mois. Cependant, en dehors du r\u00e9frig\u00e9rateur, la dur\u00e9e de conservation du kit de culture est limit\u00e9e. Il est toujours pr\u00e9f\u00e9rable de commencer ta culture d\u00e8s que possible pour garantir les meilleurs r\u00e9sultats.  <\/span><\/p>\n<p class=\"p1\"><span class=\"s1\"><strong>AVERTISSEMENT<\/strong><br \/>\n<\/span><span class=\"s1\">Respecte la puissance des champignons B+ et aborde ton exp\u00e9rience avec prudence. Non recommand\u00e9 aux personnes de moins de 18 ans ou ayant des vuln\u00e9rabilit\u00e9s en mati\u00e8re de sant\u00e9 mentale. Assure-toi d\u2019avoir un \u00ab trip sitter \u00bb si tu explores des doses plus \u00e9lev\u00e9es.  <\/span><\/p>\n","protected":false},"featured_media":65311,"comment_status":"open","ping_status":"closed","template":"","meta":{"_acf_changed":false},"product_brand":[],"product_cat":[236],"product_tag":[],"giftcard-category":[],"class_list":{"0":"post-65327","1":"product","2":"type-product","3":"status-publish","4":"has-post-thumbnail","6":"product_cat-kits-de-culture-de-champignons-magiques","7":"product_shipping_class-grande-boite","9":"first","10":"instock","11":"taxable","12":"shipping-taxable","13":"purchasable","14":"product-type-simple"},"acf":[],"_links":{"self":[{"href":"https:\/\/go-microdose.com\/fr\/wp-json\/wp\/v2\/product\/65327","targetHints":{"allow":["GET"]}}],"collection":[{"href":"https:\/\/go-microdose.com\/fr\/wp-json\/wp\/v2\/product"}],"about":[{"href":"https:\/\/go-microdose.com\/fr\/wp-json\/wp\/v2\/types\/product"}],"replies":[{"embeddable":true,"href":"https:\/\/go-microdose.com\/fr\/wp-json\/wp\/v2\/comments?post=65327"}],"wp:featuredmedia":[{"embeddable":true,"href":"https:\/\/go-microdose.com\/fr\/wp-json\/wp\/v2\/media\/65311"}],"wp:attachment":[{"href":"https:\/\/go-microdose.com\/fr\/wp-json\/wp\/v2\/media?parent=65327"}],"wp:term":[{"taxonomy":"product_brand","embeddable":true,"href":"https:\/\/go-microdose.com\/fr\/wp-json\/wp\/v2\/product_brand?post=65327"},{"taxonomy":"product_cat","embeddable":true,"href":"https:\/\/go-microdose.com\/fr\/wp-json\/wp\/v2\/product_cat?post=65327"},{"taxonomy":"product_tag","embeddable":true,"href":"https:\/\/go-microdose.com\/fr\/wp-json\/wp\/v2\/product_tag?post=65327"},{"taxonomy":"giftcard-category","embeddable":true,"href":"https:\/\/go-microdose.com\/fr\/wp-json\/wp\/v2\/giftcard-category?post=65327"}],"curies":[{"name":"wp","href":"https:\/\/api.w.org\/{rel}","templated":true}]}}