{"id":65332,"date":"2024-02-03T12:01:04","date_gmt":"2024-02-03T12:01:04","guid":{"rendered":"https:\/\/go-microdose.com\/product\/kit-de-culture-mexican\/"},"modified":"2026-04-08T09:30:12","modified_gmt":"2026-04-08T07:30:12","slug":"kit-de-culture-mexican","status":"publish","type":"product","link":"https:\/\/go-microdose.com\/fr\/produit\/kit-de-culture-mexican\/","title":{"rendered":"Kit de culture Mexican"},"content":{"rendered":"<div class=\"wpb-content-wrapper\"><p>[vc_row][vc_column][vc_column_text]<\/p>\n<p class=\"p1\"><span class=\"s1\">La souche de champignons magiques Mexican, descendante directe de l\u2019esp\u00e8ce Psilocybe cubensis, est r\u00e9put\u00e9e pour ses effets l\u00e9gers et agr\u00e9ables, parfaits pour les d\u00e9butants. Cette souche porte l\u2019essence de son usage historique lors des c\u00e9r\u00e9monies indig\u00e8nes mexicaines, offrant une exp\u00e9rience de connexion et d\u2019ancrage \u00e0 la terre. Avec notre kit de culture, tu peux cultiver ces champignons l\u00e9gendaires et profiter d\u2019une r\u00e9colte qui te relie \u00e0 des traditions ancestrales.  <\/span><\/p>\n<p class=\"p1\"><span class=\"s1\"><strong>Effets<\/strong><br \/>\n<\/span><span class=\"s1\">Les utilisateurs de champignons magiques Mexican rapportent une l\u00e9g\u00e8re augmentation de l\u2019\u00e9nergie, de la cr\u00e9ativit\u00e9 et une euphorie chaleureuse, ce qui rend cette souche id\u00e9ale pour les contextes sociaux. Les visuels sont subtils avec une am\u00e9lioration plus prononc\u00e9e de l\u2019humeur et des fonctions cognitives. Attends-toi \u00e0 une l\u00e9g\u00e8re introspection et \u00e0 des r\u00e9flexions philosophiques, le sourire aux l\u00e8vres.  <\/span><\/p>\n<p class=\"p1\"><span class=\"s1\"><strong>Puissance, dosage et utilisation<\/strong><br \/>\n<\/span><span class=\"s1\">La vari\u00e9t\u00e9 Mexican offre une puissance l\u00e9g\u00e8re \u00e0 mod\u00e9r\u00e9e. Cela en fait une option s\u00fbre pour ceux qui d\u00e9couvrent l\u2019univers des psych\u00e9d\u00e9liques, ou pour les utilisateurs exp\u00e9riment\u00e9s recherchant un voyage plus l\u00e9ger. Utilise notre calculateur de dosage pour trouver ton point de d\u00e9part id\u00e9al, et n\u2019oublie pas de commencer par une quantit\u00e9 prudente pour \u00e9valuer ta r\u00e9action.  <\/span><\/p>\n<p class=\"p1\"><span class=\"s1\"><strong>Contenu<\/strong><br \/>\n<\/span><span class=\"s2\">Notre kit de culture GO Microdose 100 % Myc\u00e9lium offre tout le n\u00e9cessaire pour cultiver des champignons Mexicana. Chaque kit contient un bac de culture de 1200 cc, un sac de culture avec filtres \u00e0 air et deux trombones. Des instructions de culture d\u00e9taill\u00e9es sont fournies en n\u00e9erlandais et en anglais pour te guider tout au long du processus. Avec les soins appropri\u00e9s, ces kits de 1200 cc peuvent produire entre 400 et 800 g de champignons frais sur plusieurs r\u00e9coltes.   <\/span><\/p>\n<p class=\"p1\"><span class=\"s1\"><strong>Dur\u00e9e de conservation<\/strong><br \/>\n<\/span><span class=\"s2\">Lorsqu\u2019il est conserv\u00e9 dans un environnement frais, le kit de culture peut durer environ 3 \u00e0 6 mois. Cependant, hors du r\u00e9frig\u00e9rateur, sa dur\u00e9e de conservation est limit\u00e9e. Il est toujours pr\u00e9f\u00e9rable de commencer ta culture d\u00e8s que possible pour garantir les meilleurs r\u00e9sultats.  <\/span><\/p>\n<p class=\"p1\"><span class=\"s1\"><strong>AVERTISSEMENT<\/strong><br \/>\n<\/span><span class=\"s1\">Manipule ces champignons avec soin et respecte leurs racines c\u00e9r\u00e9monielles. La consommation est d\u00e9conseill\u00e9e aux moins de 18 ans, aux femmes enceintes ou aux personnes ayant des troubles de la sant\u00e9 mentale. Assure-toi toujours d\u2019\u00eatre dans un environnement s\u00fbr et envisage la pr\u00e9sence d\u2019un accompagnateur sobre lors de ton exp\u00e9rience.  <\/span><\/p>\n<p>[\/vc_column_text][\/vc_column][\/vc_row]<\/p>\n<\/div>","protected":false},"excerpt":{"rendered":"<p class=\"p1\"><span class=\"s1\">La souche de champignons magiques Mexican, descendante directe de l\u2019esp\u00e8ce Psilocybe cubensis, est r\u00e9put\u00e9e pour ses effets l\u00e9gers et agr\u00e9ables, parfaits pour les d\u00e9butants. Cette souche porte l\u2019essence de son usage historique lors des c\u00e9r\u00e9monies indig\u00e8nes mexicaines, offrant une exp\u00e9rience de connexion et d\u2019ancrage \u00e0 la terre. Avec notre kit de culture, tu peux cultiver ces champignons l\u00e9gendaires et profiter d\u2019une r\u00e9colte qui te relie \u00e0 des traditions ancestrales.  <\/span><\/p>\n<p class=\"p1\"><span class=\"s1\"><strong>Effets<\/strong><br \/>\n<\/span><span class=\"s1\">Les utilisateurs de champignons magiques Mexican rapportent une l\u00e9g\u00e8re augmentation de l\u2019\u00e9nergie, de la cr\u00e9ativit\u00e9 et une euphorie chaleureuse, ce qui rend cette souche id\u00e9ale pour les contextes sociaux. Les visuels sont subtils avec une am\u00e9lioration plus prononc\u00e9e de l\u2019humeur et des fonctions cognitives. Attends-toi \u00e0 une l\u00e9g\u00e8re introspection et \u00e0 des r\u00e9flexions philosophiques, le sourire aux l\u00e8vres.  <\/span><\/p>\n<p class=\"p1\"><span class=\"s1\"><strong>Puissance, dosage et utilisation<\/strong><br \/>\n<\/span><span class=\"s1\">La vari\u00e9t\u00e9 Mexican offre une puissance l\u00e9g\u00e8re \u00e0 mod\u00e9r\u00e9e. Cela en fait une option s\u00fbre pour ceux qui d\u00e9couvrent l\u2019univers des psych\u00e9d\u00e9liques, ou pour les utilisateurs exp\u00e9riment\u00e9s recherchant un voyage plus l\u00e9ger. Utilise notre calculateur de dosage pour trouver ton point de d\u00e9part id\u00e9al, et n\u2019oublie pas de commencer par une quantit\u00e9 prudente pour \u00e9valuer ta r\u00e9action.  <\/span><\/p>\n<p class=\"p1\"><span class=\"s1\"><strong>Contenu<\/strong><br \/>\n<\/span><span class=\"s2\">Notre kit de culture GO Microdose 100 % Myc\u00e9lium offre tout le n\u00e9cessaire pour cultiver des champignons Mexicana. Chaque kit contient un bac de culture de 1200 cc, un sac de culture avec filtres \u00e0 air et deux trombones. Des instructions de culture d\u00e9taill\u00e9es sont fournies en n\u00e9erlandais et en anglais pour te guider tout au long du processus. Avec les soins appropri\u00e9s, ces kits de 1200 cc peuvent produire entre 400 et 800 g de champignons frais sur plusieurs r\u00e9coltes.   <\/span><\/p>\n<p class=\"p1\"><span class=\"s1\"><strong>Dur\u00e9e de conservation<\/strong><br \/>\n<\/span><span class=\"s2\">Lorsqu\u2019il est conserv\u00e9 dans un environnement frais, le kit de culture peut durer environ 3 \u00e0 6 mois. Cependant, hors du r\u00e9frig\u00e9rateur, sa dur\u00e9e de conservation est limit\u00e9e. Il est toujours pr\u00e9f\u00e9rable de commencer ta culture d\u00e8s que possible pour garantir les meilleurs r\u00e9sultats.  <\/span><\/p>\n<p class=\"p1\"><span class=\"s1\"><strong>AVERTISSEMENT<\/strong><br \/>\n<\/span><span class=\"s1\">Manipule ces champignons avec soin et respecte leurs racines c\u00e9r\u00e9monielles. La consommation est d\u00e9conseill\u00e9e aux moins de 18 ans, aux femmes enceintes ou aux personnes ayant des troubles de la sant\u00e9 mentale. Assure-toi toujours d\u2019\u00eatre dans un environnement s\u00fbr et envisage la pr\u00e9sence d\u2019un accompagnateur sobre lors de ton exp\u00e9rience.  <\/span><\/p>\n","protected":false},"featured_media":65313,"comment_status":"open","ping_status":"closed","template":"","meta":{"_acf_changed":false},"product_brand":[],"product_cat":[236],"product_tag":[],"giftcard-category":[],"class_list":{"0":"post-65332","1":"product","2":"type-product","3":"status-publish","4":"has-post-thumbnail","6":"product_cat-kits-de-culture-de-champignons-magiques","7":"product_shipping_class-grande-boite","9":"first","10":"instock","11":"taxable","12":"shipping-taxable","13":"purchasable","14":"product-type-simple"},"acf":[],"_links":{"self":[{"href":"https:\/\/go-microdose.com\/fr\/wp-json\/wp\/v2\/product\/65332","targetHints":{"allow":["GET"]}}],"collection":[{"href":"https:\/\/go-microdose.com\/fr\/wp-json\/wp\/v2\/product"}],"about":[{"href":"https:\/\/go-microdose.com\/fr\/wp-json\/wp\/v2\/types\/product"}],"replies":[{"embeddable":true,"href":"https:\/\/go-microdose.com\/fr\/wp-json\/wp\/v2\/comments?post=65332"}],"wp:featuredmedia":[{"embeddable":true,"href":"https:\/\/go-microdose.com\/fr\/wp-json\/wp\/v2\/media\/65313"}],"wp:attachment":[{"href":"https:\/\/go-microdose.com\/fr\/wp-json\/wp\/v2\/media?parent=65332"}],"wp:term":[{"taxonomy":"product_brand","embeddable":true,"href":"https:\/\/go-microdose.com\/fr\/wp-json\/wp\/v2\/product_brand?post=65332"},{"taxonomy":"product_cat","embeddable":true,"href":"https:\/\/go-microdose.com\/fr\/wp-json\/wp\/v2\/product_cat?post=65332"},{"taxonomy":"product_tag","embeddable":true,"href":"https:\/\/go-microdose.com\/fr\/wp-json\/wp\/v2\/product_tag?post=65332"},{"taxonomy":"giftcard-category","embeddable":true,"href":"https:\/\/go-microdose.com\/fr\/wp-json\/wp\/v2\/giftcard-category?post=65332"}],"curies":[{"name":"wp","href":"https:\/\/api.w.org\/{rel}","templated":true}]}}