{"id":65334,"date":"2024-01-19T22:14:32","date_gmt":"2024-01-19T22:14:32","guid":{"rendered":"https:\/\/go-microdose.com\/product\/truffe-galindoi-mushrocks\/"},"modified":"2026-04-11T15:45:09","modified_gmt":"2026-04-11T13:45:09","slug":"truffe-galindoi-mushrocks","status":"publish","type":"product","link":"https:\/\/go-microdose.com\/fr\/produit\/truffe-galindoi-mushrocks\/","title":{"rendered":"Truffe Galindoi \u00ab\u00a0Mushrocks\u00a0\u00bb"},"content":{"rendered":"<div class=\"wpb-content-wrapper\"><p>[vc_row][vc_column][vc_column_text]Les truffes magiques Galindoi (aussi appel\u00e9es \u00ab\u00a0Mushrocks\u00a0\u00bb), souvent v\u00e9n\u00e9r\u00e9es pour leurs exp\u00e9riences spirituelles et profondes, offrent une porte vers une introspection profonde et l\u2019illumination. Ces truffes sont connues pour leurs effets \u00e9quilibr\u00e9s et harmonieux, ce qui en fait un choix populaire aupr\u00e8s des novices comme des utilisateurs exp\u00e9riment\u00e9s. Cultiv\u00e9es de mani\u00e8re durable, les truffes Galindoi sont v\u00e9g\u00e9taliennes et sans gluten, assurant un voyage psych\u00e9d\u00e9lique pur et naturel.  <\/p>\n<p><strong>Effets<\/strong><br \/>\nLes truffes Galindoi sont c\u00e9l\u00e9br\u00e9es pour leur capacit\u00e9 \u00e0 harmoniser l\u2019esprit, le corps et l\u2019\u00e2me. Les utilisateurs rapportent souvent des exp\u00e9riences remplies d\u2019insights introspectifs profonds, d\u2019une clart\u00e9 \u00e9motionnelle accrue et d\u2019un sentiment d\u2019unit\u00e9 avec le monde qui les entoure. Les effets de Galindoi peuvent inclure des am\u00e9liorations visuelles mod\u00e9r\u00e9es, un sentiment d\u2019interconnexion et une profonde paix int\u00e9rieure. Cela les rend id\u00e9ales pour ceux qui recherchent une exp\u00e9rience psych\u00e9d\u00e9lique \u00e9quilibr\u00e9e et \u00e9clairante.   <\/p>\n<p><strong>Force, dosage et utilisation<\/strong><br \/>\nGalindoi est reconnue pour sa force bien \u00e9quilibr\u00e9e. Elle procure des effets puissants sans \u00eatre accablante, ce qui la rend adapt\u00e9e \u00e0 un large \u00e9ventail d\u2019utilisateurs. Il est conseill\u00e9 aux d\u00e9butants de commencer par une dose plus faible pour se familiariser avec ses effets. Notre <a href=\"https:\/\/go-microdose.com\/fr\/calculateur-de-dosage\/\">calculateur de dosage<\/a> peut t\u2019aider \u00e0 d\u00e9terminer le point de d\u00e9part id\u00e9al pour ton voyage avec Galindoi.   <\/p>\n<p><strong>Contenu<\/strong><br \/>\nChaque paquet de truffes Galindoi contient environ 18 grammes, suffisant pour plusieurs doses selon l\u2019intensit\u00e9 de l\u2019exp\u00e9rience d\u00e9sir\u00e9e.<\/p>\n<p><strong>Dur\u00e9e de conservation<\/strong><br \/>\nConserv\u00e9es non ouvertes au r\u00e9frig\u00e9rateur, les truffes Galindoi restent fra\u00eeches et puissantes jusqu\u2019\u00e0 2 mois. Pour la meilleure exp\u00e9rience, il est recommand\u00e9 de les consommer pendant cette p\u00e9riode pour garantir une puissance et une fra\u00eecheur maximales. <\/p>\n<p><strong>AVERTISSEMENT<\/strong><br \/>\nGalindoi, bien qu\u2019offrant une exp\u00e9rience \u00e9quilibr\u00e9e, reste une substance psych\u00e9d\u00e9lique puissante. Le dosage doit \u00eatre abord\u00e9 avec prudence, surtout pour ceux qui d\u00e9couvrent les truffes magiques. Il est conseill\u00e9 d\u2019avoir un accompagnateur sobre pr\u00e9sent pendant ton exp\u00e9rience pour t\u2019apporter soutien et s\u00e9curit\u00e9. Ne conduis pas de v\u00e9hicules ni n\u2019utilises de machines sous l\u2019influence des truffes. Nous te recommandons d\u2019\u00e9viter les truffes magiques si tu as moins de 18 ans, si tu es actuellement mal \u00e0 l\u2019aise ou si tu as une disposition d\u00e9pressive. Priorise toujours la s\u00e9curit\u00e9 et la sant\u00e9 mentale lorsque tu t\u2019embarques dans un voyage psych\u00e9d\u00e9lique.[\/vc_column_text][\/vc_column][\/vc_row]<\/p>\n<\/div>","protected":false},"excerpt":{"rendered":"<p>Les truffes magiques Galindoi (aussi appel\u00e9es \u00ab\u00a0Mushrocks\u00a0\u00bb), souvent v\u00e9n\u00e9r\u00e9es pour leurs exp\u00e9riences spirituelles et profondes, offrent une porte vers une introspection profonde et l&rsquo;illumination. Ces truffes sont connues pour leurs effets \u00e9quilibr\u00e9s et harmonieux, ce qui en fait un choix populaire aupr\u00e8s des novices comme des utilisateurs exp\u00e9riment\u00e9s. Cultiv\u00e9es de mani\u00e8re durable, les truffes Galindoi sont v\u00e9g\u00e9taliennes et sans gluten, assurant un voyage psych\u00e9d\u00e9lique pur et naturel.  <\/p>\n<p><strong>Effets<\/strong><br \/>\nLes truffes Galindoi sont c\u00e9l\u00e9br\u00e9es pour leur capacit\u00e9 \u00e0 harmoniser l\u2019esprit, le corps et l\u2019\u00e2me. Les utilisateurs rapportent souvent des exp\u00e9riences remplies d\u2019insights introspectifs profonds, d\u2019une clart\u00e9 \u00e9motionnelle accrue et d\u2019un sentiment d\u2019unit\u00e9 avec le monde qui les entoure. Les effets de Galindoi peuvent inclure des am\u00e9liorations visuelles mod\u00e9r\u00e9es, un sentiment d\u2019interconnexion et une profonde paix int\u00e9rieure. Cela les rend id\u00e9ales pour ceux qui recherchent une exp\u00e9rience psych\u00e9d\u00e9lique \u00e9quilibr\u00e9e et \u00e9clairante.   <\/p>\n<p><strong>Force, dosage et utilisation<\/strong><br \/>\nGalindoi est reconnue pour sa force bien \u00e9quilibr\u00e9e. Elle procure des effets puissants sans \u00eatre accablante, ce qui la rend adapt\u00e9e \u00e0 un large \u00e9ventail d\u2019utilisateurs. Il est conseill\u00e9 aux d\u00e9butants de commencer par une dose plus faible pour se familiariser avec ses effets. Notre <a href=\"https:\/\/go-microdose.com\/fr\/calculateur-de-dosage\/\">calculateur de dosage<\/a> peut t\u2019aider \u00e0 d\u00e9terminer le point de d\u00e9part id\u00e9al pour ton voyage avec Galindoi.   <\/p>\n<p><strong>Contenu<\/strong><br \/>\nChaque paquet de truffes magiques Galindoi contient environ 18 grammes, suffisant pour plusieurs doses selon l\u2019intensit\u00e9 de l\u2019exp\u00e9rience d\u00e9sir\u00e9e.<\/p>\n<p><strong>Dur\u00e9e de conservation<\/strong><br \/>\nConserv\u00e9es non ouvertes au r\u00e9frig\u00e9rateur, les truffes magiques Galindoi restent fra\u00eeches et puissantes jusqu\u2019\u00e0 2 mois. Pour la meilleure exp\u00e9rience, il est recommand\u00e9 de les consommer pendant cette p\u00e9riode pour garantir une puissance et une fra\u00eecheur maximales. <\/p>\n<p><strong>AVERTISSEMENT<\/strong><br \/>\nGalindoi, bien qu\u2019offrant une exp\u00e9rience \u00e9quilibr\u00e9e, reste une substance psych\u00e9d\u00e9lique puissante. Le dosage doit \u00eatre abord\u00e9 avec prudence, surtout pour ceux qui d\u00e9couvrent les truffes magiques. Il est conseill\u00e9 d\u2019avoir un accompagnateur sobre pr\u00e9sent pendant ton exp\u00e9rience pour t\u2019apporter soutien et s\u00e9curit\u00e9. Ne conduis pas de v\u00e9hicules ni n\u2019utilises de machines sous l\u2019influence des truffes. Nous te recommandons d\u2019\u00e9viter les truffes magiques si tu as moins de 18 ans, si tu es actuellement mal \u00e0 l\u2019aise ou si tu as une disposition d\u00e9pressive. Priorise toujours la s\u00e9curit\u00e9 et la sant\u00e9 mentale lorsque tu t\u2019embarques dans un voyage psych\u00e9d\u00e9lique.     <\/p>\n","protected":false},"featured_media":65336,"comment_status":"open","ping_status":"closed","template":"","meta":{"_acf_changed":false},"product_brand":[],"product_cat":[231],"product_tag":[],"giftcard-category":[],"class_list":{"0":"post-65334","1":"product","2":"type-product","3":"status-publish","4":"has-post-thumbnail","6":"product_cat-truffes-magiques","8":"first","9":"instock","10":"taxable","11":"shipping-taxable","12":"purchasable","13":"product-type-simple"},"acf":[],"_links":{"self":[{"href":"https:\/\/go-microdose.com\/fr\/wp-json\/wp\/v2\/product\/65334","targetHints":{"allow":["GET"]}}],"collection":[{"href":"https:\/\/go-microdose.com\/fr\/wp-json\/wp\/v2\/product"}],"about":[{"href":"https:\/\/go-microdose.com\/fr\/wp-json\/wp\/v2\/types\/product"}],"replies":[{"embeddable":true,"href":"https:\/\/go-microdose.com\/fr\/wp-json\/wp\/v2\/comments?post=65334"}],"wp:featuredmedia":[{"embeddable":true,"href":"https:\/\/go-microdose.com\/fr\/wp-json\/wp\/v2\/media\/65336"}],"wp:attachment":[{"href":"https:\/\/go-microdose.com\/fr\/wp-json\/wp\/v2\/media?parent=65334"}],"wp:term":[{"taxonomy":"product_brand","embeddable":true,"href":"https:\/\/go-microdose.com\/fr\/wp-json\/wp\/v2\/product_brand?post=65334"},{"taxonomy":"product_cat","embeddable":true,"href":"https:\/\/go-microdose.com\/fr\/wp-json\/wp\/v2\/product_cat?post=65334"},{"taxonomy":"product_tag","embeddable":true,"href":"https:\/\/go-microdose.com\/fr\/wp-json\/wp\/v2\/product_tag?post=65334"},{"taxonomy":"giftcard-category","embeddable":true,"href":"https:\/\/go-microdose.com\/fr\/wp-json\/wp\/v2\/giftcard-category?post=65334"}],"curies":[{"name":"wp","href":"https:\/\/api.w.org\/{rel}","templated":true}]}}