{"id":65360,"date":"2022-05-25T09:10:59","date_gmt":"2022-05-25T09:10:59","guid":{"rendered":"https:\/\/go-microdose.com\/product\/cours-avance\/"},"modified":"2026-03-31T10:37:07","modified_gmt":"2026-03-31T08:37:07","slug":"cours-avance","status":"publish","type":"product","link":"https:\/\/go-microdose.com\/fr\/produit\/cours-avance\/","title":{"rendered":"Cours avanc\u00e9"},"content":{"rendered":"<div class=\"wpb-content-wrapper\"><p>[vc_section][vc_row][vc_column][vc_custom_heading text=\u00a0\u00bbPerformer au plus haut niveau\u00a0\u00bb font_container=\u00a0\u00bbtag:div|text_align:left\u00a0\u00bb use_theme_fonts=\u00a0\u00bbyes\u00a0\u00bb el_class=\u00a0\u00bbpr-tag\u00a0\u00bb][vc_custom_heading text=\u00a0\u00bbPour les utilisateurs avanc\u00e9s\u00a0\u00bb font_container=\u00a0\u00bbtag:h3|text_align:left\u00a0\u00bb use_theme_fonts=\u00a0\u00bbyes\u00a0\u00bb][vc_column_text]Notre cours avanc\u00e9 est particuli\u00e8rement adapt\u00e9 \u00e0 toute personne ayant beaucoup d\u2019exp\u00e9rience avec le microdosage. Tu sais comment ton corps r\u00e9agit aux microdoses de truffes. Tu veux performer de mani\u00e8re optimale gr\u00e2ce \u00e0 une productivit\u00e9, une cr\u00e9ativit\u00e9 et une \u00e9nergie am\u00e9lior\u00e9es.  <\/p>\n<p>Nos truffes restent fra\u00eeches environ 2 \u00e0 3 mois au r\u00e9frig\u00e9rateur. C\u2019est pourquoi nous t\u2019envoyons des truffes fra\u00eeches tous les 3 mois. Pour un parcours de 6 mois, tu recevras 2 envois, et pour 12 mois, 4 envois.[\/vc_column_text][vc_btn title=\u00a0\u00bbT\u00e9l\u00e9charge notre plan \u00e9tape par \u00e9tape\u00a0\u00bb style=\u00a0\u00bboutline\u00a0\u00bb color=\u00a0\u00bbblack\u00a0\u00bb link=\u00a0\u00bburl:https%3A%2F%2Fgo-microdose.com%2Fwp-content%2Fuploads%2F2022%2F08%2FGO-Microdose-manual.pdf|target:_blank|\u00a0\u00bb][\/vc_column][\/vc_row][\/vc_section]<\/p>\n<\/div>","protected":false},"excerpt":{"rendered":"<p>Notre cours avanc\u00e9 est particuli\u00e8rement adapt\u00e9 \u00e0 toute personne ayant beaucoup d\u2019exp\u00e9rience avec le microdosage. Tu sais comment ton corps r\u00e9agit aux microdoses de truffes. Tu veux performer de mani\u00e8re optimale gr\u00e2ce \u00e0 une productivit\u00e9, une cr\u00e9ativit\u00e9 et une \u00e9nergie am\u00e9lior\u00e9es.  <\/p>\n<p>Avec la cure, tu choisis un cycle de 7 jours, que tu utilises pendant 4 \u00e0 8 semaines. Essaie ce programme pendant au moins un mois pour voir s\u2019il te convient. <\/p>\n","protected":false},"featured_media":64102,"comment_status":"open","ping_status":"closed","template":"","meta":{"_acf_changed":false},"product_brand":[],"product_cat":[241,257],"product_tag":[],"giftcard-category":[],"class_list":{"0":"post-65360","1":"product","2":"type-product","3":"status-publish","4":"has-post-thumbnail","6":"product_cat-microdosage","7":"product_cat-abonnements","8":"pa_package-6-mois","9":"pa_package-12-mois","11":"first","12":"instock","13":"sale","14":"taxable","15":"shipping-taxable","16":"purchasable","17":"product-type-variable","18":"has-default-attributes"},"acf":[],"_links":{"self":[{"href":"https:\/\/go-microdose.com\/fr\/wp-json\/wp\/v2\/product\/65360","targetHints":{"allow":["GET"]}}],"collection":[{"href":"https:\/\/go-microdose.com\/fr\/wp-json\/wp\/v2\/product"}],"about":[{"href":"https:\/\/go-microdose.com\/fr\/wp-json\/wp\/v2\/types\/product"}],"replies":[{"embeddable":true,"href":"https:\/\/go-microdose.com\/fr\/wp-json\/wp\/v2\/comments?post=65360"}],"wp:featuredmedia":[{"embeddable":true,"href":"https:\/\/go-microdose.com\/fr\/wp-json\/wp\/v2\/media\/64102"}],"wp:attachment":[{"href":"https:\/\/go-microdose.com\/fr\/wp-json\/wp\/v2\/media?parent=65360"}],"wp:term":[{"taxonomy":"product_brand","embeddable":true,"href":"https:\/\/go-microdose.com\/fr\/wp-json\/wp\/v2\/product_brand?post=65360"},{"taxonomy":"product_cat","embeddable":true,"href":"https:\/\/go-microdose.com\/fr\/wp-json\/wp\/v2\/product_cat?post=65360"},{"taxonomy":"product_tag","embeddable":true,"href":"https:\/\/go-microdose.com\/fr\/wp-json\/wp\/v2\/product_tag?post=65360"},{"taxonomy":"giftcard-category","embeddable":true,"href":"https:\/\/go-microdose.com\/fr\/wp-json\/wp\/v2\/giftcard-category?post=65360"}],"curies":[{"name":"wp","href":"https:\/\/api.w.org\/{rel}","templated":true}]}}