{"id":56459,"date":"2026-03-25T11:18:01","date_gmt":"2026-03-25T10:18:01","guid":{"rendered":"https:\/\/go-microdose.com\/calcolatore-del-dosaggio\/"},"modified":"2026-03-27T13:11:00","modified_gmt":"2026-03-27T12:11:00","slug":"calcolatore-del-dosaggio","status":"publish","type":"page","link":"https:\/\/go-microdose.com\/it\/calcolatore-del-dosaggio\/","title":{"rendered":"Calcolatore del dosaggio"},"content":{"rendered":"<div class=\"wpb-content-wrapper\"><p>[vc_row equal_height=&#8221;yes&#8221; el_class=&#8221;s-mushroom&#8221;][vc_column width=&#8221;5\/12&#8243;][vc_row_inner el_class=&#8221;d-only&#8221;][vc_column_inner][vc_custom_heading text=&#8221;CALCOLATORE DEL DOSAGGIO&#8221; font_container=&#8221;tag:div|text_align:left&#8221; use_theme_fonts=&#8221;yes&#8221; el_class=&#8221;pr-tag&#8221;][vc_custom_heading source=&#8221;post_title&#8221; font_container=&#8221;tag:h1|text_align:left&#8221; use_theme_fonts=&#8221;yes&#8221; el_class=&#8221;effect-title&#8221;][vc_column_text]Utilizza il nostro calcolatore del dosaggio per identificare il dosaggio ottimale di funghi magici\/tartufi in base al tuo peso corporeo.[\/vc_column_text][\/vc_column_inner][\/vc_row_inner][vc_column_text css=&#8221;&#8221; el_id=&#8221;more&#8221;]<strong>Guida all&#8217;uso del calcolatore del dosaggio<\/strong><br \/>\nCombina i consigli che abbiamo fornito in precedenza con il nostro calcolatore del dosaggio per stabilire con precisione la dose perfetta per un&#8217;esperienza unica e sicura. Ecco come fare: <\/p>\n<p><strong>Il tuo peso corporeo<\/strong><br \/>\nIl tuo peso gioca un ruolo significativo nel determinare la dose appropriata. Gli studi clinici utilizzano spesso dosi intorno ai 200-300 mg (0,2 \u2013 0,3 grammi) di psilocibina per individui che pesano 70 kg, come riferimento standard. I dosaggi vengono poi adattati in base a pesi superiori o inferiori a 70 kg. Ricorda, il peso di un estratto di psilocibina differisce da quello dei funghi freschi o secchi, il che significa che la tua dose sar\u00e0 superiore a 20 mg.   <\/p>\n<p>Inserisci il tuo peso corporeo in chilogrammi nel calcolatore per un dosaggio personalizzato.<\/p>\n<p><strong>Scegliere tra funghi magici o tartufi<\/strong><br \/>\nSebbene entrambi contengano psilocibina, i funghi magici e i tartufi presentano differenze significative a partire dai loro modelli di crescita. Mentre i funghi spuntano sopra il terreno, i tartufi sono sotterranei. Queste differenze, insieme alle differenze nella ritenzione di umidit\u00e0, influiscono sul dosaggio. Indipendentemente dalla tua scelta \u2013 funghi, tartufi, freschi o secchi \u2013 il calcolatore pu\u00f2 determinare la tua dose con precisione.   <\/p>\n<p><strong>Funghi\/tartufi freschi o secchi<\/strong><br \/>\nLo stato fisico dei tuoi funghi o tartufi \u2013 freschi o secchi \u2013 influisce significativamente sul dosaggio. Il calcolatore tiene conto di questo aspetto nel determinare la tua dose. <\/p>\n<p>Come riferimento, il peso dei funghi freschi viene generalmente diviso per 10 per stabilire il peso della variet\u00e0 secca. I tartufi seguono una regola simile. Il nostro calcolatore pu\u00f2 gestire efficacemente entrambe le forme, fornendoti un dosaggio accurato.  <\/p>\n<p><strong>Intensit\u00e0 del trip preferita<\/strong><br \/>\nDopo aver scelto il tuo tipo di psilocibina, considera l&#8217;intensit\u00e0 dell&#8217;esperienza che cerchi. Il nostro calcolatore pu\u00f2 guidarti, sia che tu stia cercando una microdose o una dose elevata. <\/p>\n<p>Se desideri un&#8217;esperienza intensa, scegli l&#8217;opzione &#8220;dose elevata&#8221; per una dose potente. I principianti o chi ha meno esperienza potrebbero preferire una dose pi\u00f9 bassa. Con la crescente tendenza del microdosaggio, ora potrebbe essere il momento perfetto per provare. La scelta \u00e8 tua, ma ricorda: avvicinati con rispetto e cautela.[\/vc_column_text][\/vc_column][vc_column width=&#8221;1\/12&#8243;][\/vc_column][vc_column width=&#8221;6\/12&#8243; el_class=&#8221;mo-1&#8243;][vc_row_inner el_class=&#8221;m-only&#8221;][vc_column_inner][vc_custom_heading text=&#8221;CALCOLATORE DEL DOSAGGIO&#8221; font_container=&#8221;tag:div|text_align:left&#8221; use_theme_fonts=&#8221;yes&#8221; el_class=&#8221;pr-tag&#8221;][vc_custom_heading source=&#8221;post_title&#8221; font_container=&#8221;tag:h1|text_align:left&#8221; use_theme_fonts=&#8221;yes&#8221; el_class=&#8221;effect-title&#8221;][vc_column_text]Usa il nostro calcolatore di funghi magici per determinare un dosaggio di funghi magici\/tartufi in base al tuo peso. Sono supportati funghi, tartufi, freschi e secchi.[\/vc_column_text][\/vc_column_inner][\/vc_row_inner][vc_raw_html el_class=&#8221;image-with-shadow gray&#8221;]W211c2hyb29tY2FsY3VsYXRvcl0=[\/vc_raw_html][\/vc_column][\/vc_row][vc_section full_width=&#8221;stretch_row_content&#8221; el_class=&#8221;button-section&#8221; css=&#8221;.vc_custom_1685278442884{background-color: #ffffff !important;}&#8221;][vc_row el_class=&#8221;only-text-content&#8221;][vc_column el_class=&#8221;container&#8221;][vc_row_inner el_class=&#8221;about-text-column&#8221;][vc_column_inner width=&#8221;1\/2&#8243;][vc_custom_heading text=&#8221;Consigli&#8221; font_container=&#8221;tag:h5|text_align:left&#8221; use_theme_fonts=&#8221;yes&#8221; el_class=&#8221;pr-tag&#8221;][vc_custom_heading text=&#8221;L&apos;importanza del dosaggio corretto&#8221; font_container=&#8221;tag:h2|text_align:left|color:%23000000&#8243; use_theme_fonts=&#8221;yes&#8221;][vc_column_text el_class=&#8221;product-copy-description&#8221;]Scegliere il dosaggio giusto per il tuo viaggio psichedelico \u00e8 fondamentale. Una dose eccessiva pu\u00f2 portare a un&#8217;esperienza spiacevole, mentre una dose troppo piccola potrebbe non produrre gli effetti desiderati. Per chi \u00e8 alla prima esperienza, iniziare con una dose bassa \u00e8 cruciale. Sebbene le risposte individuali ai funghi magici o ai tartufi varino, capire il dosaggio corretto \u00e8 la chiave per un&#8217;esperienza gratificante.   <\/p>\n<p><strong>Migliorare la precisione del dosaggio<\/strong><br \/>\nPer aumentare la precisione nel dosaggio, considera di fare una media della potenza della tua fonte. Combina lotti diversi e macinali insieme per ottenere un livello di potenza uniforme. Questo metodo semplifica e standardizza il dosaggio.[\/vc_column_text][\/vc_column_inner][vc_column_inner width=&#8221;1\/2&#8243;][vc_custom_heading text=&#8221;Approfondimenti&#8221; font_container=&#8221;tag:h5|text_align:left&#8221; use_theme_fonts=&#8221;yes&#8221; el_class=&#8221;pr-tag&#8221;][vc_custom_heading text=&#8221;Comprendere la tolleranza ai funghi&#8221; font_container=&#8221;tag:h2|text_align:left|color:%23000000&#8243; use_theme_fonts=&#8221;yes&#8221;][vc_column_text el_class=&#8221;effect-description&#8221;]Nel tempo, il consumo frequente di funghi o tartufi potrebbe portare allo sviluppo di una tolleranza, il che significa che potresti aver bisogno di dosi pi\u00f9 elevate per ottenere gli stessi effetti di prima. Se noti che la potenza diminuisce nel tempo, considera una pausa dalla tolleranza. Questo comporta tipicamente una pausa di 2 settimane dal consumo, permettendo al tuo corpo di resettarsi e processare completamente qualsiasi psilocibina residua.  <\/p>\n<p>Sebbene la tolleranza sia un fattore importante, il nostro calcolatore non ne tiene conto e presume che gli utenti non abbiano tolleranza accumulata. Se hai consumato funghi o tartufi nelle ultime due settimane, considera di aspettare per il resto della pausa di due settimane prima di usare il calcolatore. In alternativa, potresti aumentare leggermente il dosaggio per compensare un&#8217;eventuale tolleranza.[\/vc_column_text][\/vc_column_inner][\/vc_row_inner][\/vc_column][\/vc_row][\/vc_section][vc_section full_width=&#8221;stretch_row&#8221; el_class=&#8221;related-products show-m&#8221;][vc_row el_class=&#8221;s-our-products&#8221;][vc_column][vc_custom_heading text=&#8221;prodotti&#8221; font_container=&#8221;tag:div|text_align:center&#8221; use_theme_fonts=&#8221;yes&#8221; el_class=&#8221;pr-tag&#8221;][vc_custom_heading text=&#8221;I nostri prodotti&#8221; font_container=&#8221;tag:h3|text_align:center&#8221; use_theme_fonts=&#8221;yes&#8221; el_class=&#8221;effect-title&#8221;][vc_single_image image=&#8221;56295&#8243; img_size=&#8221;full&#8221; el_class=&#8221;fix-image&#8221;]<div class=\"woocommerce columns-3 \"><ul class=\"products columns-3\">\n<li class=\"product type-product post-61258 status-publish first instock product_cat-accessori has-post-thumbnail taxable shipping-taxable purchasable product-type-simple\"   >\n\t<a href=\"https:\/\/go-microdose.com\/it\/prodotto\/bilancia-di-precisione\/\" class=\"woocommerce-LoopProduct-link woocommerce-loop-product__link\"><div class=\"image-wrap\"><img decoding=\"async\" width=\"500\" height=\"410\" src=\"https:\/\/go-microdose.com\/wp-content\/uploads\/2022\/11\/PS1-500x410.png\" class=\"attachment-woocommerce_thumbnail size-woocommerce_thumbnail\" alt=\"bilancia di precisione 2\" srcset=\"https:\/\/go-microdose.com\/wp-content\/uploads\/2022\/11\/PS1-500x410.png 500w, https:\/\/go-microdose.com\/wp-content\/uploads\/2022\/11\/PS1-200x164.png 200w, https:\/\/go-microdose.com\/wp-content\/uploads\/2022\/11\/PS1-1000x820.png 1000w, https:\/\/go-microdose.com\/wp-content\/uploads\/2022\/11\/PS1-300x246.png 300w, https:\/\/go-microdose.com\/wp-content\/uploads\/2022\/11\/PS1-1024x839.png 1024w, https:\/\/go-microdose.com\/wp-content\/uploads\/2022\/11\/PS1-768x630.png 768w, https:\/\/go-microdose.com\/wp-content\/uploads\/2022\/11\/PS1-1536x1259.png 1536w, https:\/\/go-microdose.com\/wp-content\/uploads\/2022\/11\/PS1-2048x1679.png 2048w\" sizes=\"(max-width: 500px) 100vw, 500px\" \/><\/div><div class=\"info-wrap\"><h2 class=\"woocommerce-loop-product__title\">Bilancia di precisione<\/h2><\/a>\n\t<div class=\"woocommerce-product-rating\">\n\t\t<div class=\"star-rating\" role=\"img\" aria-label=\"Valutato 5.00 su 5\"><span style=\"width:100%\">Valutato <strong class=\"rating\">5.00<\/strong> su 5 su base di <span class=\"rating\">1<\/span> recensioni<\/span><\/div>\t\t\t\t\t\t\t\t<a href=\"#reviews\" class=\"woocommerce-review-link\" rel=\"nofollow\"><span class=\"count\">1<\/span> recensione<\/a>\n\t\t\t\t\t\t<\/div>\n\n<div class=\"short-description\"><ul>\n<li>Da 0 a 500 g con una precisione di 0,01 g<\/li>\n<li>display a 6 cifre con retroilluminazione blu<\/li>\n<li>lettura in g, oz, tl o ct<\/li>\n<li>spegnimento automatico dopo 30 secondi<\/li>\n<li>funzione tara e conteggio.<\/li>\n<li>dimensioni: lunghezza 11,5 cm (L) 6 cm (P) 1,8 cm<\/li>\n<li>funziona con 2 batterie AAA (incluse)<\/li>\n<li>Manuale in inglese.<\/li>\n<\/ul>\n<ul class=\"more\"><li>&amp; altro<\/li><\/ul><\/div><\/div><\/a><div class=\"addto-wrap\">\n\t<span class=\"price\"><span class=\"woocommerce-Price-amount amount\"><bdi><span class=\"woocommerce-Price-currencySymbol\">&#36;<\/span>27,50<\/bdi><\/span><\/span>\n<a href=\"\/it\/wp-json\/wp\/v2\/pages\/56459?add-to-cart=61258\" aria-describedby=\"woocommerce_loop_add_to_cart_link_describedby_61258\" data-quantity=\"1\" class=\"button product_type_simple add_to_cart_button ajax_add_to_cart\" data-product_id=\"61258\" data-product_sku=\"\" aria-label=\"Aggiungi al carrello: &quot;Bilancia di precisione&quot;\" rel=\"nofollow\" data-success_message=\"&quot;Bilancia di precisione&quot; \u00e8 stato aggiunto al tuo carrello\" role=\"button\">+ Aggiungi<\/a>\t<span id=\"woocommerce_loop_add_to_cart_link_describedby_61258\" class=\"screen-reader-text\">\n\t\t\t<\/span>\n<span class=\"gtm4wp_productdata\" style=\"display:none; visibility:hidden;\" data-gtm4wp_product_data=\"{&quot;internal_id&quot;:61258,&quot;item_id&quot;:61258,&quot;item_name&quot;:&quot;Bilancia di precisione&quot;,&quot;sku&quot;:61258,&quot;price&quot;:27.5,&quot;stocklevel&quot;:null,&quot;stockstatus&quot;:&quot;instock&quot;,&quot;google_business_vertical&quot;:&quot;retail&quot;,&quot;item_category&quot;:&quot;&quot;,&quot;id&quot;:61258,&quot;productlink&quot;:&quot;https:\\\/\\\/go-microdose.com\\\/it\\\/prodotto\\\/bilancia-di-precisione\\\/&quot;,&quot;item_list_name&quot;:&quot;General Product List&quot;,&quot;index&quot;:1,&quot;product_type&quot;:&quot;simple&quot;,&quot;item_brand&quot;:&quot;&quot;}\"><\/span><div class=\"more-info\"><a href=https:\/\/go-microdose.com\/it\/prodotto\/bilancia-di-precisione\/>Vedere<\/a><\/div><\/div><\/li>\n<li class=\"product type-product post-61146 status-publish instock product_cat-accessori has-post-thumbnail taxable shipping-taxable purchasable product-type-simple\"   >\n\t<a href=\"https:\/\/go-microdose.com\/it\/prodotto\/contenitore-tascabile\/\" class=\"woocommerce-LoopProduct-link woocommerce-loop-product__link\"><div class=\"image-wrap\"><img decoding=\"async\" width=\"500\" height=\"410\" src=\"https:\/\/go-microdose.com\/wp-content\/uploads\/2023\/03\/SH3-Copy-500x410.png\" class=\"attachment-woocommerce_thumbnail size-woocommerce_thumbnail\" alt=\"Contenitore tascabile\" srcset=\"https:\/\/go-microdose.com\/wp-content\/uploads\/2023\/03\/SH3-Copy-500x410.png 500w, https:\/\/go-microdose.com\/wp-content\/uploads\/2023\/03\/SH3-Copy-200x164.png 200w, https:\/\/go-microdose.com\/wp-content\/uploads\/2023\/03\/SH3-Copy-1000x820.png 1000w, https:\/\/go-microdose.com\/wp-content\/uploads\/2023\/03\/SH3-Copy-300x246.png 300w, https:\/\/go-microdose.com\/wp-content\/uploads\/2023\/03\/SH3-Copy-1024x839.png 1024w, https:\/\/go-microdose.com\/wp-content\/uploads\/2023\/03\/SH3-Copy-768x630.png 768w, https:\/\/go-microdose.com\/wp-content\/uploads\/2023\/03\/SH3-Copy.png 1220w\" sizes=\"(max-width: 500px) 100vw, 500px\" \/><\/div><div class=\"info-wrap\"><h2 class=\"woocommerce-loop-product__title\">Contenitore tascabile<\/h2><\/a><div class=\"short-description\"><ul>\n<li>Contenitore tascabile per dividere le tue dosi giornaliere<\/li>\n<li>Contiene 3 scomparti svitabili<\/li>\n<li>Resistente all&#8217;acqua e all&#8217;umidit\u00e0<\/li>\n<li>Realizzato in alluminio resistente<\/li>\n<\/ul>\n<ul class=\"more\"><li>&amp; altro<\/li><\/ul><\/div><\/div><\/a><div class=\"addto-wrap\">\n\t<span class=\"price\"><span class=\"woocommerce-Price-amount amount\"><bdi><span class=\"woocommerce-Price-currencySymbol\">&#36;<\/span>15,75<\/bdi><\/span><\/span>\n<a href=\"\/it\/wp-json\/wp\/v2\/pages\/56459?add-to-cart=61146\" aria-describedby=\"woocommerce_loop_add_to_cart_link_describedby_61146\" data-quantity=\"1\" class=\"button product_type_simple add_to_cart_button ajax_add_to_cart\" data-product_id=\"61146\" data-product_sku=\"\" aria-label=\"Aggiungi al carrello: &quot;Contenitore tascabile&quot;\" rel=\"nofollow\" data-success_message=\"&quot;Contenitore tascabile&quot; \u00e8 stato aggiunto al tuo carrello\" role=\"button\">+ Aggiungi<\/a>\t<span id=\"woocommerce_loop_add_to_cart_link_describedby_61146\" class=\"screen-reader-text\">\n\t\t\t<\/span>\n<span class=\"gtm4wp_productdata\" style=\"display:none; visibility:hidden;\" data-gtm4wp_product_data=\"{&quot;internal_id&quot;:61146,&quot;item_id&quot;:61146,&quot;item_name&quot;:&quot;Contenitore tascabile&quot;,&quot;sku&quot;:61146,&quot;price&quot;:15.75,&quot;stocklevel&quot;:null,&quot;stockstatus&quot;:&quot;instock&quot;,&quot;google_business_vertical&quot;:&quot;retail&quot;,&quot;item_category&quot;:&quot;Accessori&quot;,&quot;id&quot;:61146,&quot;productlink&quot;:&quot;https:\\\/\\\/go-microdose.com\\\/it\\\/prodotto\\\/contenitore-tascabile\\\/&quot;,&quot;item_list_name&quot;:&quot;General Product List&quot;,&quot;index&quot;:2,&quot;product_type&quot;:&quot;simple&quot;,&quot;item_brand&quot;:&quot;&quot;}\"><\/span><div class=\"more-info\"><a href=https:\/\/go-microdose.com\/it\/prodotto\/contenitore-tascabile\/>Vedere<\/a><\/div><\/div><\/li>\n<li class=\"product type-product post-61390 status-publish last instock product_cat-microdosing has-post-thumbnail taxable shipping-taxable purchasable product-type-simple\"   >\n\t<a href=\"https:\/\/go-microdose.com\/it\/prodotto\/inizia-come-preferisci\/\" class=\"woocommerce-LoopProduct-link woocommerce-loop-product__link\"><div class=\"image-wrap\"><img decoding=\"async\" width=\"500\" height=\"410\" src=\"https:\/\/go-microdose.com\/wp-content\/uploads\/2022\/11\/start-as-you-wisht-1-500x410.png\" class=\"attachment-woocommerce_thumbnail size-woocommerce_thumbnail\" alt=\"Microdose: inizia come preferisci\" srcset=\"https:\/\/go-microdose.com\/wp-content\/uploads\/2022\/11\/start-as-you-wisht-1-500x410.png 500w, https:\/\/go-microdose.com\/wp-content\/uploads\/2022\/11\/start-as-you-wisht-1-300x246.png 300w, https:\/\/go-microdose.com\/wp-content\/uploads\/2022\/11\/start-as-you-wisht-1-1024x839.png 1024w, https:\/\/go-microdose.com\/wp-content\/uploads\/2022\/11\/start-as-you-wisht-1-768x630.png 768w, https:\/\/go-microdose.com\/wp-content\/uploads\/2022\/11\/start-as-you-wisht-1-1536x1259.png 1536w, https:\/\/go-microdose.com\/wp-content\/uploads\/2022\/11\/start-as-you-wisht-1-2048x1679.png 2048w, https:\/\/go-microdose.com\/wp-content\/uploads\/2022\/11\/start-as-you-wisht-1-1000x820.png 1000w, https:\/\/go-microdose.com\/wp-content\/uploads\/2022\/11\/start-as-you-wisht-1-200x164.png 200w\" sizes=\"(max-width: 500px) 100vw, 500px\" \/><\/div><div class=\"info-wrap\"><h2 class=\"woocommerce-loop-product__title\">Inizia come preferisci<\/h2><\/a>\n\t<div class=\"woocommerce-product-rating\">\n\t\t<div class=\"star-rating\" role=\"img\" aria-label=\"Valutato 5.00 su 5\"><span style=\"width:100%\">Valutato <strong class=\"rating\">5.00<\/strong> su 5 su base di <span class=\"rating\">14<\/span> recensioni<\/span><\/div>\t\t\t\t\t\t\t\t<a href=\"#reviews\" class=\"woocommerce-review-link\" rel=\"nofollow\"><span class=\"count\">14<\/span> recensioni<\/a>\n\t\t\t\t\t\t<\/div>\n\n<div class=\"short-description\"><ul>\n<li>Un blister contiene 6 microdosi di tartufo da 1 g<\/li>\n<li>Tartufo: Sclerozi del tartufo Mexicana<\/li>\n<li>100% biologico prodotto nei Paesi Bassi<\/li>\n<li>In frigorifero, i tartufi sigillati si conservano per 2-3 mesi<\/li>\n<li>1 blister \u00e8 sufficiente per circa 2 settimane<\/li>\n<li>Guida all&#8217;uso del microdosing inclusa<\/li>\n<li>Spediamo in molti paesi <strong><a href=\"https:\/\/go-microdose.com\/shipping\/\">(scopri di pi\u00f9)<\/a><\/strong><\/li>\n<li>Consegna discreta possibile<\/li>\n<\/ul>\n<ul class=\"more\"><li>&amp; altro<\/li><\/ul><\/div><\/div><\/a><div class=\"addto-wrap\">\n\t<span class=\"price\"><span class=\"woocommerce-Price-amount amount\"><bdi><span class=\"woocommerce-Price-currencySymbol\">&#36;<\/span>21,75<\/bdi><\/span><\/span>\n<span class=\"icon-vegan\">Vegano<\/span><a href=\"\/it\/wp-json\/wp\/v2\/pages\/56459?add-to-cart=61390\" aria-describedby=\"woocommerce_loop_add_to_cart_link_describedby_61390\" data-quantity=\"1\" class=\"button product_type_simple add_to_cart_button ajax_add_to_cart\" data-product_id=\"61390\" data-product_sku=\"PSB01\" aria-label=\"Aggiungi al carrello: &quot;Inizia come preferisci&quot;\" rel=\"nofollow\" data-success_message=\"&quot;Inizia come preferisci&quot; \u00e8 stato aggiunto al tuo carrello\" role=\"button\">+ Aggiungi<\/a>\t<span id=\"woocommerce_loop_add_to_cart_link_describedby_61390\" class=\"screen-reader-text\">\n\t\t\t<\/span>\n<span class=\"gtm4wp_productdata\" style=\"display:none; visibility:hidden;\" data-gtm4wp_product_data=\"{&quot;internal_id&quot;:61390,&quot;item_id&quot;:61390,&quot;item_name&quot;:&quot;Inizia come preferisci&quot;,&quot;sku&quot;:&quot;PSB01&quot;,&quot;price&quot;:21.75,&quot;stocklevel&quot;:null,&quot;stockstatus&quot;:&quot;instock&quot;,&quot;google_business_vertical&quot;:&quot;retail&quot;,&quot;item_category&quot;:&quot;Microdosing&quot;,&quot;id&quot;:61390,&quot;productlink&quot;:&quot;https:\\\/\\\/go-microdose.com\\\/it\\\/prodotto\\\/inizia-come-preferisci\\\/&quot;,&quot;item_list_name&quot;:&quot;General Product List&quot;,&quot;index&quot;:3,&quot;product_type&quot;:&quot;simple&quot;,&quot;item_brand&quot;:&quot;&quot;}\"><\/span><div class=\"more-info\"><a href=https:\/\/go-microdose.com\/it\/prodotto\/inizia-come-preferisci\/>Vedere<\/a><\/div><\/div><\/li>\n<\/ul>\n<\/div>[\/vc_column][\/vc_row][\/vc_section]<\/p>\n<\/div>","protected":false},"excerpt":{"rendered":"<p>[vc_row equal_height=&#8221;yes&#8221; el_class=&#8221;s-mushroom&#8221;][vc_column width=&#8221;5\/12&#8243;][vc_row_inner el_class=&#8221;d-only&#8221;][vc_column_inner][vc_custom_heading text=&#8221;CALCOLATORE DEL DOSAGGIO&#8221; font_container=&#8221;tag:div|text_align:left&#8221; use_theme_fonts=&#8221;yes&#8221; el_class=&#8221;pr-tag&#8221;][vc_custom_heading source=&#8221;post_title&#8221; font_container=&#8221;tag:h1|text_align:left&#8221; use_theme_fonts=&#8221;yes&#8221; el_class=&#8221;effect-title&#8221;][vc_column_text]Utilizza il nostro calcolatore del dosaggio per identificare il dosaggio ottimale di funghi magici\/tartufi in base al tuo peso corporeo.[\/vc_column_text][\/vc_column_inner][\/vc_row_inner][vc_column_text css=&#8221;&#8221; el_id=&#8221;more&#8221;]Guida all&#8217;uso del calcolatore del dosaggio Combina i consigli che abbiamo fornito in precedenza con il nostro calcolatore del dosaggio [&hellip;]<\/p>\n","protected":false},"author":5548,"featured_media":0,"parent":0,"menu_order":0,"comment_status":"closed","ping_status":"closed","template":"","meta":{"_acf_changed":false,"footnotes":""},"class_list":["post-56459","page","type-page","status-publish","hentry"],"acf":[],"_links":{"self":[{"href":"https:\/\/go-microdose.com\/it\/wp-json\/wp\/v2\/pages\/56459","targetHints":{"allow":["GET"]}}],"collection":[{"href":"https:\/\/go-microdose.com\/it\/wp-json\/wp\/v2\/pages"}],"about":[{"href":"https:\/\/go-microdose.com\/it\/wp-json\/wp\/v2\/types\/page"}],"author":[{"embeddable":true,"href":"https:\/\/go-microdose.com\/it\/wp-json\/wp\/v2\/users\/5548"}],"replies":[{"embeddable":true,"href":"https:\/\/go-microdose.com\/it\/wp-json\/wp\/v2\/comments?post=56459"}],"version-history":[{"count":0,"href":"https:\/\/go-microdose.com\/it\/wp-json\/wp\/v2\/pages\/56459\/revisions"}],"wp:attachment":[{"href":"https:\/\/go-microdose.com\/it\/wp-json\/wp\/v2\/media?parent=56459"}],"curies":[{"name":"wp","href":"https:\/\/api.w.org\/{rel}","templated":true}]}}