{"id":56607,"date":"2026-03-25T11:20:03","date_gmt":"2026-03-25T10:20:03","guid":{"rendered":"https:\/\/go-microdose.com\/come-funziona\/"},"modified":"2026-03-27T09:13:56","modified_gmt":"2026-03-27T08:13:56","slug":"come-funziona","status":"publish","type":"page","link":"https:\/\/go-microdose.com\/it\/come-funziona\/","title":{"rendered":"Come funziona"},"content":{"rendered":"<div class=\"wpb-content-wrapper\"><p>[vc_section full_width=&#8221;stretch_row_content&#8221; full_height=&#8221;yes&#8221; el_class=&#8221;effect-main-section hoe-het-main-section&#8221; css=&#8221;.vc_custom_1640248116192{padding-bottom: 0px !important;}&#8221;][vc_row full_height=&#8221;yes&#8221; css_animation=&#8221;none&#8221; el_class=&#8221;hoe-het-werkt-row&#8221;][vc_column el_class=&#8221;container&#8221;][vc_row_inner content_placement=&#8221;middle&#8221; el_class=&#8221;row-reverse&#8221;][vc_column_inner el_class=&#8221;hoe-het-werkt-image-column&#8221; width=&#8221;1\/2&#8243;][vc_single_image image=&#8221;56618&#8243; img_size=&#8221;full&#8221; css_animation=&#8221;none&#8221; el_class=&#8221;image-with-shadow&#8221;][vc_single_image image=&#8221;56295&#8243; img_size=&#8221;248X248&#8243; el_class=&#8221;fix-image&#8221;][\/vc_column_inner][vc_column_inner width=&#8221;1\/2&#8243;][vc_custom_heading text=&#8221;Spiegazione&#8221; font_container=&#8221;tag:h5|text_align:left|color:%23b1aca7&#8243; use_theme_fonts=&#8221;yes&#8221; css_animation=&#8221;none&#8221; el_class=&#8221;pr-tag&#8221;][vc_custom_heading text=&#8221;Come si pratica il microdosing?&#8221; font_container=&#8221;tag:h2|text_align:left|color:%23000000&#8243; use_theme_fonts=&#8221;yes&#8221; css_animation=&#8221;none&#8221; el_class=&#8221;effect-title&#8221;][vc_column_text css_animation=&#8221;none&#8221; el_class=&#8221;effect-description&#8221;]Ti incuriosisce il microdosing con i tartufi? Il nostro approccio strutturato lo rende semplice. Scegli tra i nostri tre corsi su misura per principianti, utenti esperti ed entusiasti avanzati, ognuno dei quali offre un percorso per esplorare i benefici del microdosing. Che tu stia cercando una maggiore produttivit\u00e0 o miri a elevare le tue prestazioni, i nostri corsi forniscono la struttura per raggiungere i tuoi obiettivi.   <\/p>\n<p>Scopri il programma ottimale per i giorni di microdosing e quelli di riposo all&#8217;interno dei nostri corsi. Dopo aver completato 2 mesi di corso, prevedi un periodo di riposo da 2 a 4 settimane per evitare l&#8217;accumulo di tolleranza, assicurandoti di poter sperimentare appieno gli effetti rigeneranti alla ripresa. <\/p>\n<p>Sebbene l&#8217;iscrizione a un corso offra l&#8217;esperienza pi\u00f9 completa, \u00e8 possibile acquistare anche i singoli prodotti, garantendo la flessibilit\u00e0 necessaria per personalizzare il tuo percorso di microdosing in base alle tue preferenze. Scegli tra le nostre opzioni singole o opta per un corso di 6 o 12 mesi per un supporto e benefici prolungati.[\/vc_column_text][\/vc_column_inner][\/vc_row_inner][\/vc_column][\/vc_row][vc_row el_class=&#8221;move-next-section&#8221;][vc_column el_class=&#8221;container&#8221;][vc_btn title=&#8221;Quale corso fa per te?&#8221; style=&#8221;flat&#8221; color=&#8221;black&#8221; link=&#8221;url:%23choices|&#8221;][\/vc_column][\/vc_row][\/vc_section][vc_section full_width=&#8221;stretch_row_content&#8221; el_class=&#8221;button-section pdf-section&#8221; css=&#8221;.vc_custom_1640248169497{background-image: url(https:\/\/go-microdose.com\/wp-content\/uploads\/2021\/12\/background-01.png?id=962) !important;background-position: center !important;background-repeat: no-repeat !important;background-size: cover !important;}&#8221; el_id=&#8221;choices&#8221;][vc_row][vc_column el_class=&#8221;container&#8221;][vc_row_inner content_placement=&#8221;middle&#8221; el_class=&#8221;row-reverse about-us-row&#8221;][vc_column_inner width=&#8221;5\/12&#8243;][vc_raw_html]PGRpdiBjbGFzcz0icHJvZHVjdC1hdHQiPgogICAgPHVsIGNsYXNzPSJwci1vcHRpb24iPgogICAgICAgIDxsaSBjbGFzcz0iYmVnaW5uZXJzIj4KICAgICAgICAgICAgPGRpdiBjbGFzcz0ibGlzdGluZyI+CiAgICAgICAgICAgICAgICA8aDM+Q29yc288L2gzPgogICAgICAgICAgICAgICAgPGgyPlByaW5jaXBpYW50ZTwvaDI+CiAgICAgICAgICAgICAgICA8ZGl2IGNsYXNzPSJ2Y19idG4zLWNvbnRhaW5lciBjc3RtLWJ0biB2Y19idG4zLWxlZnQiPgogICAgICAgICAgICAgICAgICAgIDxhIGhyZWY9Imh0dHBzOi8vZ28tbWljcm9kb3NlLmNvbS9ubC9wcm9kb3R0by9iZWdpbm5lcnMta3V1ci8iPkxlZ2dpIGRpIHBpw7k8L2E+CiAgICAgICAgICAgICAgICA8L2Rpdj4KICAgICAgICAgICAgPC9kaXY+CiAgICAgICAgPC9saT4KICAgICAgICA8bGkgY2xhc3M9ImV4cGVyaWVuY2VkIj4KICAgICAgICAgICAgPGRpdiBjbGFzcz0ibGlzdGluZyI+CiAgICAgICAgICAgICAgICA8aDM+Q29yc288L2gzPgogICAgICAgICAgICAgICAgPGgyPkVzcGVydG88L2gyPgogICAgICAgICAgICAgICAgPGRpdiBjbGFzcz0idmNfYnRuMy1jb250YWluZXIgY3N0bS1idG4gdmNfYnRuMy1sZWZ0Ij4KICAgICAgICAgICAgICAgICAgICA8YSBocmVmPSJodHRwczovL2dvLW1pY3JvZG9zZS5jb20vbmwvcHJvZG90dG8vZXJ2YXJlbi1rdXVyLyI+TGVnZ2kgZGkgcGnDuTwvYT4KICAgICAgICAgICAgICAgIDwvZGl2PgogICAgICAgICAgICA8L2Rpdj4KICAgICAgICA8L2xpPgogICAgICAgIDxsaSBjbGFzcz0iYWR2YW5jZWQiPgogICAgICAgICAgICA8ZGl2IGNsYXNzPSJsaXN0aW5nIj4KICAgICAgICAgICAgICAgIDxoMz5Db3JzbzwvaDM+CiAgICAgICAgICAgICAgICA8aDI+QXZhbnphdG88L2gyPgogICAgICAgICAgICAgICAgPGRpdiBjbGFzcz0idmNfYnRuMy1jb250YWluZXIgY3N0bS1idG4gdmNfYnRuMy1sZWZ0Ij4KICAgICAgICAgICAgICAgICAgICA8YSBocmVmPSJodHRwczovL2dvLW1pY3JvZG9zZS5jb20vbmwvcHJvZG90dG8vZ2V2b3JkZXJkZW4ta3V1ci8iPkxlZ2dpIGRpIHBpw7k8L2E+CiAgICAgICAgICAgICAgICA8L2Rpdj4KICAgICAgICAgICAgPC9kaXY+CiAgICAgICAgPC9saT4KICAgIDwvdWw+CjwvZGl2Pg==[\/vc_raw_html][\/vc_column_inner][vc_column_inner el_class=&#8221;about-text-column&#8221; width=&#8221;7\/12&#8243;][vc_custom_heading text=&#8221;Specialmente per te&#8221; font_container=&#8221;tag:h5|text_align:left&#8221; use_theme_fonts=&#8221;yes&#8221; el_class=&#8221;pr-tag&#8221;][vc_custom_heading text=&#8221;Come vorresti praticare il microdosing?&#8221; font_container=&#8221;tag:h2|text_align:left|color:%23000000&#8243; use_theme_fonts=&#8221;yes&#8221;][vc_column_text el_class=&#8221;product-copy-description&#8221;]Intraprendere un percorso di microdosing su misura per le tue esigenze inizia con la selezione del corso ideale. Il nostro corso per principianti funge da introduzione perfetta, permettendoti di approfondire gli effetti del microdosing mentre documenti meticolosamente le tue osservazioni ed esperienze. Che tu scelga il nostro corso per principianti, per utenti esperti o avanzato, tenere traccia dei tuoi progressi in un diario o in un&#8217;app ti permette di distinguere le sfumature tra i giorni con e senza microdosing. In questo modo, potrai individuare il corso che meglio si allinea ai tuoi obiettivi e alle tue preferenze, assicurandoti i massimi benefici su misura per te.[\/vc_column_text][vc_btn title=&#8221;Scarica il nostro PDF&#8221; style=&#8221;outline&#8221; color=&#8221;black&#8221; size=&#8221;lg&#8221; align=&#8221;left&#8221; link=&#8221;url:https%3A%2F%2Fgo-microdose.com%2Fwp-content%2Fuploads%2F2022%2F08%2FGO-Microdose-manual.pdf|target:_blank|&#8221;][\/vc_column_inner][\/vc_row_inner][\/vc_column][\/vc_row][\/vc_section][vc_section full_width=&#8221;stretch_row_content&#8221; el_class=&#8221;button-section bottom-visible&#8221; css=&#8221;.vc_custom_1635766573746{background-color: #ffffff !important;}&#8221;][vc_row el_class=&#8221;only-text-content&#8221;][vc_column el_class=&#8221;container&#8221;][vc_row_inner el_class=&#8221;about-text-column&#8221;][vc_column_inner width=&#8221;1\/2&#8243;][vc_custom_heading text=&#8221;Suggerimento&#8221; font_container=&#8221;tag:h5|text_align:left&#8221; use_theme_fonts=&#8221;yes&#8221; el_class=&#8221;pr-tag&#8221;][vc_column_text el_class=&#8221;product-copy-description&#8221;]<\/p>\n<h2>Inserisci pause regolari<\/h2>\n<p>Sebbene la tentazione di praticare il microdosing quotidianamente possa essere forte, \u00e8 essenziale inserire delle pause per ottenere risultati ottimali. Un microdosing continuo pu\u00f2 diminuire la tua capacit\u00e0 di distinguere i miglioramenti nella produttivit\u00e0, nella creativit\u00e0 e nell&#8217;umore rispetto al tuo stato di base. Similmente agli effetti della caffeina, il tuo corpo pu\u00f2 sviluppare una tolleranza al microdosing nel tempo, riducendone l&#8217;efficacia e i benefici.  <\/p>\n<p>Per mantenere l&#8217;efficacia del microdosing, consigliamo di fare una pausa di almeno 2-4 settimane dopo 2 mesi di pratica. Questa pausa permette al tuo corpo di resettarsi, assicurandoti di continuare a sperimentare tutta la forza e i benefici del microdosing a lungo termine.[\/vc_column_text][\/vc_column_inner][vc_column_inner width=&#8221;1\/2&#8243;][vc_custom_heading text=&#8221;Attenzione&#8221; font_container=&#8221;tag:h5|text_align:left&#8221; use_theme_fonts=&#8221;yes&#8221; el_class=&#8221;pr-tag&#8221;][vc_custom_heading text=&#8221;Non praticare il microdosing se&#8230;&#8221; font_container=&#8221;tag:h2|text_align:left|color:%23000000&#8243; use_theme_fonts=&#8221;yes&#8221;][vc_column_text el_class=&#8221;effect-description no-checkbox&#8221;]<\/p>\n<ul>\n<li>Hai meno di 18 anni<\/li>\n<li>Usi alcol o altre droghe<\/li>\n<li>Soffri di una condizione o malattia mentale o fisica<\/li>\n<li>Stai affrontando sfide incontrollabili nella tua vita<\/li>\n<li>Usi carbonato di litio<\/li>\n<li>Hai una storia di psicosi<\/li>\n<li>Soffri di problemi cardiaci<\/li>\n<li>Manovri macchinari pesanti<\/li>\n<\/ul>\n<p>[\/vc_column_text][\/vc_column_inner][\/vc_row_inner][\/vc_column][\/vc_row][vc_row el_class=&#8221;contact-statc-section&#8221;][vc_column el_class=&#8221;container&#8221;][vc_row_inner gap=&#8221;35&#8243; el_class=&#8221;innr-row-drk&#8221; css=&#8221;.vc_custom_1640088405088{background-position: 0 0 !important;background-repeat: no-repeat !important;}&#8221;][vc_column_inner width=&#8221;1\/2&#8243;][vc_custom_heading text=&#8221;CONTATTI&#8221; font_container=&#8221;tag:h5|text_align:left&#8221; use_theme_fonts=&#8221;yes&#8221; el_class=&#8221;small-dark&#8221;][vc_custom_heading text=&#8221;Hai domande su GO Microdose o sul suo utilizzo?&#8221; font_container=&#8221;tag:h4|text_align:left|color:%23ffffff&#8221; use_theme_fonts=&#8221;yes&#8221; el_class=&#8221;title-light&#8221;][\/vc_column_inner][vc_column_inner width=&#8221;1\/2&#8243;][vc_column_text el_class=&#8221;light-text&#8221;]Probabilmente troverai la risposta nelle <a href=\"https:\/\/go-microdose.com\/it\/faq\/\">domande frequenti.<\/a><br \/>\nHai un&#8217;altra domanda? Per favore <a href=\"https:\/\/go-microdose.com\/it\/contatti\/\">contattaci<\/a>.[\/vc_column_text][vc_btn title=&#8221;Vai alle nostre FAQ&#8221; style=&#8221;outline&#8221; color=&#8221;white&#8221; size=&#8221;lg&#8221; align=&#8221;left&#8221; link=&#8221;url:https%3A%2F%2Fgo-microdose.com%2Fit%2Ffaq%2F|&#8221;][\/vc_column_inner][\/vc_row_inner][\/vc_column][\/vc_row][\/vc_section]<\/p>\n<\/div>","protected":false},"excerpt":{"rendered":"<p>[vc_section full_width=&#8221;stretch_row_content&#8221; full_height=&#8221;yes&#8221; el_class=&#8221;effect-main-section hoe-het-main-section&#8221; css=&#8221;.vc_custom_1640248116192{padding-bottom: 0px !important;}&#8221;][vc_row full_height=&#8221;yes&#8221; css_animation=&#8221;none&#8221; el_class=&#8221;hoe-het-werkt-row&#8221;][vc_column el_class=&#8221;container&#8221;][vc_row_inner content_placement=&#8221;middle&#8221; el_class=&#8221;row-reverse&#8221;][vc_column_inner el_class=&#8221;hoe-het-werkt-image-column&#8221; width=&#8221;1\/2&#8243;][vc_single_image image=&#8221;56618&#8243; img_size=&#8221;full&#8221; css_animation=&#8221;none&#8221; el_class=&#8221;image-with-shadow&#8221;][vc_single_image image=&#8221;56295&#8243; img_size=&#8221;248X248&#8243; el_class=&#8221;fix-image&#8221;][\/vc_column_inner][vc_column_inner width=&#8221;1\/2&#8243;][vc_custom_heading text=&#8221;Spiegazione&#8221; font_container=&#8221;tag:h5|text_align:left|color:%23b1aca7&#8243; use_theme_fonts=&#8221;yes&#8221; css_animation=&#8221;none&#8221; el_class=&#8221;pr-tag&#8221;][vc_custom_heading text=&#8221;Come si pratica il microdosing?&#8221; font_container=&#8221;tag:h2|text_align:left|color:%23000000&#8243; use_theme_fonts=&#8221;yes&#8221; css_animation=&#8221;none&#8221; el_class=&#8221;effect-title&#8221;][vc_column_text css_animation=&#8221;none&#8221; el_class=&#8221;effect-description&#8221;]Ti incuriosisce il microdosing con i tartufi? Il nostro approccio strutturato lo rende semplice. Scegli tra [&hellip;]<\/p>\n","protected":false},"author":5548,"featured_media":0,"parent":0,"menu_order":0,"comment_status":"closed","ping_status":"closed","template":"","meta":{"_acf_changed":false,"footnotes":""},"class_list":["post-56607","page","type-page","status-publish","hentry"],"acf":[],"_links":{"self":[{"href":"https:\/\/go-microdose.com\/it\/wp-json\/wp\/v2\/pages\/56607","targetHints":{"allow":["GET"]}}],"collection":[{"href":"https:\/\/go-microdose.com\/it\/wp-json\/wp\/v2\/pages"}],"about":[{"href":"https:\/\/go-microdose.com\/it\/wp-json\/wp\/v2\/types\/page"}],"author":[{"embeddable":true,"href":"https:\/\/go-microdose.com\/it\/wp-json\/wp\/v2\/users\/5548"}],"replies":[{"embeddable":true,"href":"https:\/\/go-microdose.com\/it\/wp-json\/wp\/v2\/comments?post=56607"}],"version-history":[{"count":0,"href":"https:\/\/go-microdose.com\/it\/wp-json\/wp\/v2\/pages\/56607\/revisions"}],"wp:attachment":[{"href":"https:\/\/go-microdose.com\/it\/wp-json\/wp\/v2\/media?parent=56607"}],"curies":[{"name":"wp","href":"https:\/\/api.w.org\/{rel}","templated":true}]}}