{"id":56718,"date":"2026-03-25T11:21:07","date_gmt":"2026-03-25T10:21:07","guid":{"rendered":"https:\/\/go-microdose.com\/termini-e-condizioni\/"},"modified":"2026-03-30T09:24:47","modified_gmt":"2026-03-30T07:24:47","slug":"termini-di-servizio-del-programma-di-affiliazione-go","status":"publish","type":"page","link":"https:\/\/go-microdose.com\/it\/termini-di-servizio-del-programma-di-affiliazione-go\/","title":{"rendered":"Termini di Servizio del Programma di Affiliazione GO"},"content":{"rendered":"<h1>Termini di Servizio del Programma di Affiliazione GO<\/h1>\n<h2>Accordo<\/h2>\n<p>Iscrivendoti come Affiliato al Programma di Affiliazione GO (&#8220;Programma&#8221;) accetti di essere vincolato dai seguenti termini e condizioni (&#8220;Termini di Servizio&#8221;).<\/p>\n<p><strong>GO<\/strong> si riserva il diritto di aggiornare e modificare i Termini di Servizio in qualsiasi momento senza preavviso. Qualsiasi nuova funzionalit\u00e0 che aumenti o migliori il Programma attuale, incluso il rilascio di nuovi strumenti e risorse, sar\u00e0 soggetta ai Termini di Servizio. L&#8217;uso continuato del Programma dopo tali modifiche costituir\u00e0 il tuo consenso a tali cambiamenti.<\/p>\n<p>La violazione di uno qualsiasi dei termini di seguito comporter\u00e0 la chiusura del tuo Account e la perdita di qualsiasi pagamento di commissioni di affiliazione in sospeso guadagnato durante la violazione. Accetti di utilizzare il Programma di Affiliazione a tuo rischio.<\/p>\n<h2>Termini dell&#8217;Account<\/h2>\n<ul>\n<li>Devi avere almeno 18 anni per far parte di questo Programma.<\/li>\n<li>Devi risiedere negli Stati Uniti per essere un Affiliato.<\/li>\n<li>Devi essere una persona fisica. Gli account registrati da &#8220;bot&#8221; o altri metodi automatizzati non sono consentiti.<\/li>\n<li>Devi fornire il tuo nome completo legale, un indirizzo email valido e qualsiasi altra informazione richiesta per completare il processo di registrazione.<\/li>\n<li>Il tuo login pu\u00f2 essere utilizzato solo da una persona: un singolo login condiviso da pi\u00f9 persone non \u00e8 consentito.<\/li>\n<li>Sei responsabile del mantenimento della sicurezza del tuo account e della tua password. <strong>GO<\/strong> non pu\u00f2 e non sar\u00e0 responsabile per eventuali perdite o danni derivanti dalla tua mancata conformit\u00e0 a questo obbligo di sicurezza.<\/li>\n<li>Sei responsabile di tutti i Contenuti pubblicati e delle attivit\u00e0 che si verificano con il tuo account.<\/li>\n<li>Una persona o entit\u00e0 legale non pu\u00f2 mantenere pi\u00f9 di un account.<\/li>\n<li>Non puoi utilizzare il Programma di Affiliazione per scopi illegali o non autorizzati. Non devi, nell&#8217;uso del Servizio, violare alcuna legge nella tua giurisdizione (incluse, ma non limitate a, le leggi sul copyright).<\/li>\n<li>Non puoi utilizzare il Programma di Affiliazione per guadagnare denaro sui tuoi account prodotto <strong>GO<\/strong>.<\/li>\n<\/ul>\n<h2>Link\/grafica sul tuo sito, nelle tue email o in altre comunicazioni<\/h2>\n<p>Una volta iscritto al Programma di Affiliazione, ti verr\u00e0 assegnato un Codice Affiliato univoco. Sei autorizzato a inserire link, banner o altra grafica che forniamo con il tuo Codice Affiliato sul tuo sito, nelle tue email o in altre comunicazioni. Ti forniremo linee guida, stili di link e grafica da utilizzare per il collegamento a <strong>GO<\/strong>. Potremmo modificare il design della grafica in qualsiasi momento senza preavviso, ma non modificheremo le dimensioni delle immagini senza un adeguato preavviso.<\/p>\n<p>Per consentire un tracciamento accurato, reportistica e accumulo delle commissioni di riferimento, ti forniremo formati di link speciali da utilizzare in tutti i collegamenti tra il tuo sito e <strong>GO<\/strong>. Devi assicurarti che ciascuno dei collegamenti tra il tuo sito e <strong>GO<\/strong> utilizzi correttamente tali formati di link speciali. I collegamenti a <strong>GO<\/strong> inseriti sul tuo sito in base a questo Accordo e che utilizzano correttamente tali formati di link speciali sono denominati &#8220;Link Speciali&#8221;. Guadagnerai commissioni di riferimento solo rispetto alle vendite su un prodotto <strong>GO<\/strong> che si verificano direttamente tramite Link Speciali; non saremo responsabili nei tuoi confronti per eventuali mancanze da parte tua o di qualcuno che hai segnalato nell&#8217;utilizzo dei Link Speciali o per aver digitato in modo errato il tuo Codice Affiliato, anche nella misura in cui tale mancanza possa comportare una riduzione degli importi che altrimenti ti sarebbero pagati in base a questo Accordo.<\/p>\n<p>I link di affiliazione devono puntare alla pagina del prodotto promosso.<\/p>\n<h2>Commissioni\/compensi di riferimento e pagamento<\/h2>\n<p>Affinch\u00e9 una vendita di Prodotto sia idonea a guadagnare una commissione di riferimento, il cliente deve fare clic su un Link Speciale dal tuo sito, email o altre comunicazioni a <strong>https:\/\/go-microdose.com<\/strong> e completare un ordine per un prodotto durante quella sessione.<\/p>\n<p>Pagheremo solo le commissioni sui link che vengono automaticamente tracciati e segnalati dai nostri sistemi. Non pagheremo commissioni se qualcuno dice di aver acquistato o dice di aver inserito un codice di riferimento se non \u00e8 stato tracciato dal nostro sistema. Possiamo pagare commissioni solo sulle attivit\u00e0 generate tramite link speciali formattati correttamente che sono stati automaticamente tracciati dai nostri sistemi.<\/p>\n<p>Ci riserviamo il diritto di squalificare le commissioni guadagnate tramite metodi di vendita o marketing fraudolenti, illegali o eccessivamente aggressivi o discutibili.<\/p>\n<p>I pagamenti iniziano solo dopo aver guadagnato pi\u00f9 di <strong>20 $<\/strong> di reddito da affiliazione. Se il tuo account di affiliazione non supera mai la soglia di <strong>20 $<\/strong>, le tue commissioni non saranno realizzate o pagate. Siamo responsabili solo del pagamento degli account che hanno superato la soglia di <strong>20 $<\/strong>.<\/p>\n<h2>Identificarti come Affiliato GO<\/h2>\n<p>Non puoi emettere alcun comunicato stampa relativo a questo Accordo o alla tua partecipazione al Programma; tale azione pu\u00f2 comportare la tua esclusione dal Programma. Inoltre, non puoi in alcun modo travisare o abbellire il rapporto tra noi e te, dire che sviluppi i nostri prodotti, dire che fai parte di <strong>GO<\/strong> o esprimere o implicare qualsiasi relazione o affiliazione tra noi e te o qualsiasi altra persona o entit\u00e0, se non espressamente consentito da questo Accordo (incluso esprimere o implicare che sosteniamo, sponsorizziamo, approviamo o contribuiamo finanziariamente a qualsiasi ente di beneficenza o altra causa).<\/p>\n<p>Non puoi acquistare prodotti tramite i tuoi link di affiliazione per uso personale. Tali acquisti possono comportare (a nostra esclusiva discrezione) la trattenuta delle commissioni di riferimento e\/o la risoluzione di questo Accordo.<\/p>\n<h2>Calendario dei pagamenti<\/h2>\n<p>Finch\u00e9 i tuoi guadagni di affiliazione attuali superano i <strong>20 $<\/strong>, verrai pagato ogni mese. Se non hai guadagnato <strong>20 $<\/strong> dall&#8217;ultimo pagamento, ti pagheremo il mese successivo dopo aver superato la soglia.<\/p>\n<h2>Definizione di Cliente<\/h2>\n<p>I clienti che acquistano prodotti tramite questo Programma saranno considerati nostri clienti. Di conseguenza, tutte le nostre regole, politiche e procedure operative relative agli ordini dei clienti, al servizio clienti e alle vendite di prodotti si applicheranno a tali clienti. Potremmo modificare le nostre politiche e procedure operative in qualsiasi momento. Ad esempio, determineremo i prezzi da applicare per i prodotti venduti nell&#8217;ambito di questo Programma in conformit\u00e0 con le nostre politiche di prezzo. I prezzi e la disponibilit\u00e0 dei prodotti possono variare di volta in volta. Poich\u00e9 le variazioni di prezzo possono influire sui Prodotti che hai elencato sul tuo sito, non dovresti visualizzare i prezzi dei prodotti sul tuo sito. Faremo sforzi commercialmente ragionevoli per presentare informazioni accurate, ma non possiamo garantire la disponibilit\u00e0 o il prezzo di alcun prodotto particolare.<\/p>\n<h2>Le tue responsabilit\u00e0<\/h2>\n<p>Sarai l&#8217;unico responsabile dello sviluppo, del funzionamento e della manutenzione del tuo sito e di tutti i materiali che appaiono sul tuo sito. Ad esempio, sarai l&#8217;unico responsabile di:<\/p>\n<p>\u2013 Il funzionamento tecnico del tuo sito e di tutte le attrezzature correlate<br \/>\n\u2013 Garantire che la visualizzazione dei Link Speciali sul tuo sito non violi alcun accordo tra te e terze parti (incluse, senza limitazione, eventuali restrizioni o requisiti imposti da una terza parte che ospita il tuo sito)<br \/>\n\u2013 L&#8217;accuratezza, la veridicit\u00e0 e l&#8217;appropriatezza dei materiali pubblicati sul tuo sito (inclusi, tra le altre cose, tutti i materiali relativi ai Prodotti e qualsiasi informazione che includi o associ ai Link Speciali)<br \/>\n\u2013 Garantire che i materiali pubblicati sul tuo sito non violino o non ledano i diritti di terze parti (inclusi, ad esempio, copyright, marchi, privacy o altri diritti personali o proprietari)<br \/>\n\u2013 Garantire che i materiali pubblicati sul tuo sito non siano diffamatori o altrimenti illegali<br \/>\n\u2013 Garantire che il tuo sito divulghi in modo accurato e adeguato, tramite una politica sulla privacy o in altro modo, come raccogli, utilizzi, memorizzi e divulghi i dati raccolti dai visitatori, incluso, ove applicabile, che terze parti (inclusi gli inserzionisti) possono fornire contenuti e\/o pubblicit\u00e0 e raccogliere informazioni direttamente dai visitatori e possono inserire o riconoscere cookie sui browser dei visitatori.<\/p>\n<h2>Conformit\u00e0 alle Leggi<\/h2>\n<p>Come condizione per la tua partecipazione al Programma, accetti che mentre sei un partecipante al Programma rispetterai tutte le leggi, ordinanze, regole, regolamenti, ordini, licenze, permessi, sentenze, decisioni o altri requisiti di qualsiasi autorit\u00e0 governativa che abbia giurisdizione su di te, sia che tali leggi, ecc. siano ora in vigore o entrino successivamente in vigore durante il periodo in cui sei un partecipante al Programma. Senza limitare l&#8217;obbligo di cui sopra, accetti che come condizione della tua partecipazione al Programma rispetterai tutte le leggi applicabili (federali, statali o altro) che regolano le email di marketing, incluse, senza limitazione, il CAN-SPAM Act del 2003 e tutte le altre leggi anti-spam.<\/p>\n<h2>Durata dell&#8217;Accordo e del Programma<\/h2>\n<p>La durata di questo Accordo inizier\u00e0 con la nostra accettazione della tua domanda di Programma e terminer\u00e0 quando risolto da una delle parti. Tu o noi possiamo risolvere questo Accordo in qualsiasi momento, con o senza causa, fornendo all&#8217;altra parte una notifica scritta di risoluzione. Alla risoluzione di questo Accordo per qualsiasi motivo, cesserai immediatamente l&#8217;uso e rimuoverai dal tuo sito tutti i collegamenti a <strong>https:\/\/go-microdose.com<\/strong>, e tutti i nostri marchi, trade dress e loghi, e tutti gli altri materiali forniti da noi o per nostro conto a te in base al presente o in relazione al Programma. <strong>GO<\/strong> si riserva il diritto di terminare il Programma in qualsiasi momento. Alla chiusura del programma, <strong>GO<\/strong> pagher\u00e0 eventuali guadagni in sospeso maturati superiori a <strong>20 $<\/strong>.<\/p>\n<h2>Risoluzione<\/h2>\n<p><strong>GO<\/strong>, a sua esclusiva discrezione, ha il diritto di sospendere o chiudere il tuo account e rifiutare qualsiasi uso attuale o futuro del Programma, o di qualsiasi altro servizio <strong>GO<\/strong>, per qualsiasi motivo in qualsiasi momento. Tale risoluzione del Servizio comporter\u00e0 la disattivazione o l&#8217;eliminazione del tuo Account o del tuo accesso al tuo Account, e la perdita e la rinuncia di tutte le commissioni potenziali o da pagare nel tuo Account se sono state guadagnate tramite metodi di vendita o marketing fraudolenti, illegali o eccessivamente aggressivi o discutibili. <strong>GO<\/strong> si riserva il diritto di rifiutare il servizio a chiunque per qualsiasi motivo in qualsiasi momento.<\/p>\n<h2>Rapporto tra le Parti<\/h2>\n<p>Tu e noi siamo contraenti indipendenti e nulla in questo Accordo creer\u00e0 alcuna partnership, joint venture, agenzia, franchising, rappresentanza di vendita o rapporto di lavoro tra le parti. Non avrai alcuna autorit\u00e0 per fare o accettare offerte o dichiarazioni per nostro conto. Non farai alcuna dichiarazione, sia sul tuo sito o altrove, che ragionevolmente contraddirebbe quanto contenuto in questa Sezione.<\/p>\n<h2>Limitazioni di Responsabilit\u00e0<\/h2>\n<p>Non saremo responsabili per danni indiretti, speciali o consequenziali (o per qualsiasi perdita di entrate, profitti o dati) derivanti in relazione a questo Accordo o al Programma, anche se siamo stati avvisati della possibilit\u00e0 di tali danni. Inoltre, la nostra responsabilit\u00e0 aggregata derivante da questo Accordo e dal Programma non superer\u00e0 il totale delle commissioni di riferimento pagate o pagabili a te in base a questo Accordo.<\/p>\n<h2>Esclusioni di Garanzia<\/h2>\n<p>Non forniamo garanzie o dichiarazioni espresse o implicite rispetto al Programma o a qualsiasi prodotto venduto tramite il Programma (incluse, senza limitazione, garanzie di idoneit\u00e0, commerciabilit\u00e0, non violazione o qualsiasi garanzia implicita derivante da un corso di prestazione, trattativa o uso commerciale). Inoltre, non dichiariamo che il funzionamento di <strong>GO<\/strong> sar\u00e0 ininterrotto o privo di errori, e non saremo responsabili delle conseguenze di eventuali interruzioni o errori.<\/p>\n<h2>Indagine Indipendente<\/h2>\n<p>RICONOSCI DI AVER LETTO QUESTO ACCORDO E DI ACCETTARE TUTTI I SUOI TERMINI E CONDIZIONI. COMPRENDI CHE POTREMMO IN QUALSIASI MOMENTO (DIRETTAMENTE O INDIRETTAMENTE) SOLLECITARE RIFERIMENTI DI CLIENTI A CONDIZIONI CHE POSSONO DIFFERIRE DA QUELLE CONTENUTE IN QUESTO ACCORDO O GESTIRE SITI WEB SIMILI O IN CONCORRENZA CON IL TUO SITO WEB. HAI VALUTATO IN MODO INDIPENDENTE LA DESIDERABILIT\u00c0 DI PARTECIPARE AL PROGRAMMA E NON TI STAI AFFIDANDO AD ALCUNA DICHIARAZIONE, GARANZIA O AFFERMAZIONE DIVERSA DA QUANTO STABILITO IN QUESTO ACCORDO.<\/p>\n<h2>Arbitrato<\/h2>\n<p>Qualsiasi controversia relativa in qualsiasi modo a questo Accordo (inclusa qualsiasi violazione effettiva o presunta dello stesso), qualsiasi transazione o attivit\u00e0 nell&#8217;ambito di questo Accordo o il tuo rapporto con noi o con uno qualsiasi dei nostri affiliati sar\u00e0 sottoposta ad arbitrato riservato, salvo che, nella misura in cui tu abbia in qualsiasi modo violato o minacciato di violare i nostri diritti di propriet\u00e0 intellettuale, potremmo richiedere un provvedimento ingiuntivo o altro provvedimento appropriato in qualsiasi tribunale statale o federale (e acconsenti alla giurisdizione e alla sede non esclusiva in tali tribunali) o in qualsiasi altro tribunale di giurisdizione competente. L&#8217;arbitrato ai sensi di questo accordo sar\u00e0 condotto secondo le regole vigenti dell&#8217;American Arbitration Association. Il lodo arbitrale sar\u00e0 vincolante e potr\u00e0 essere registrato come sentenza in qualsiasi tribunale di giurisdizione competente. Nella misura massima consentita dalla legge applicabile, nessun arbitrato ai sensi di questo Accordo sar\u00e0 unito a un arbitrato che coinvolge qualsiasi altra parte soggetta a questo Accordo, sia tramite procedimenti di arbitrato collettivo o in altro modo.<\/p>\n<h2>Varie<\/h2>\n<p>Questo Accordo sar\u00e0 regolato dalle leggi degli Stati Uniti, senza riferimento alle norme che regolano la scelta delle leggi. Non puoi cedere questo Accordo, per legge o in altro modo, senza il nostro previo consenso scritto. Fatta salva tale restrizione, questo Accordo sar\u00e0 vincolante, andr\u00e0 a beneficio e sar\u00e0 esecutivo nei confronti delle parti e dei rispettivi successori e aventi causa. Il nostro mancato rispetto della tua stretta osservanza di qualsiasi disposizione di questo Accordo non costituir\u00e0 una rinuncia al nostro diritto di far rispettare successivamente tale disposizione o qualsiasi altra disposizione di questo Accordo.<\/p>\n<p>Il mancato esercizio o applicazione da parte di <strong>GO<\/strong> di qualsiasi diritto o disposizione dei Termini di Servizio non costituir\u00e0 una rinuncia a tale diritto o disposizione. I Termini di Servizio costituiscono l&#8217;intero accordo tra te e <strong>GO<\/strong> e regolano il tuo uso del Servizio, sostituendo eventuali accordi precedenti tra te e <strong>GO<\/strong> (incluse, ma non limitate a, eventuali versioni precedenti dei Termini di Servizio).<\/p>\n","protected":false},"excerpt":{"rendered":"<p>Termini di Servizio del Programma di Affiliazione GO Accordo Iscrivendoti come Affiliato al Programma di Affiliazione GO (&#8220;Programma&#8221;) accetti di essere vincolato dai seguenti termini e condizioni (&#8220;Termini di Servizio&#8221;). GO si riserva il diritto di aggiornare e modificare i Termini di Servizio in qualsiasi momento senza preavviso. Qualsiasi nuova funzionalit\u00e0 che aumenti o migliori [&hellip;]<\/p>\n","protected":false},"author":5548,"featured_media":0,"parent":0,"menu_order":0,"comment_status":"closed","ping_status":"closed","template":"","meta":{"_acf_changed":false,"footnotes":""},"class_list":["post-56718","page","type-page","status-publish","hentry"],"acf":[],"_links":{"self":[{"href":"https:\/\/go-microdose.com\/it\/wp-json\/wp\/v2\/pages\/56718","targetHints":{"allow":["GET"]}}],"collection":[{"href":"https:\/\/go-microdose.com\/it\/wp-json\/wp\/v2\/pages"}],"about":[{"href":"https:\/\/go-microdose.com\/it\/wp-json\/wp\/v2\/types\/page"}],"author":[{"embeddable":true,"href":"https:\/\/go-microdose.com\/it\/wp-json\/wp\/v2\/users\/5548"}],"replies":[{"embeddable":true,"href":"https:\/\/go-microdose.com\/it\/wp-json\/wp\/v2\/comments?post=56718"}],"version-history":[{"count":0,"href":"https:\/\/go-microdose.com\/it\/wp-json\/wp\/v2\/pages\/56718\/revisions"}],"wp:attachment":[{"href":"https:\/\/go-microdose.com\/it\/wp-json\/wp\/v2\/media?parent=56718"}],"curies":[{"name":"wp","href":"https:\/\/api.w.org\/{rel}","templated":true}]}}