{"id":57010,"date":"2026-03-25T11:24:00","date_gmt":"2026-03-25T10:24:00","guid":{"rendered":"https:\/\/go-microdose.com\/informativa-sulla-privacy\/"},"modified":"2026-03-25T11:24:33","modified_gmt":"2026-03-25T10:24:33","slug":"informativa-sulla-privacy","status":"publish","type":"page","link":"https:\/\/go-microdose.com\/it\/informativa-sulla-privacy\/","title":{"rendered":"Informativa sulla privacy"},"content":{"rendered":"<div class=\"wpb-content-wrapper\"><p>[vc_section][vc_row][vc_column][vc_custom_heading text=&#8221;Informativa sulla privacy&#8221; font_container=&#8221;tag:h1|text_align:center&#8221; use_theme_fonts=&#8221;yes&#8221; el_class=&#8221;effect-title&#8221;][vc_column_text]GK Health B.V. \u00e8 responsabile del trattamento dei dati personali come indicato nella presente informativa sulla privacy.<\/p>\n<p>Dati di contatto:<br \/>\nwww.go-microdose.com<br \/>\ninfo@go-microdose.com<\/p>\n<p>Dati personali che trattiamo<br \/>\nGK Health B.V. tratta i tuoi dati personali perch\u00e9 utilizzi i nostri servizi e\/o perch\u00e9 ci fornisci tu stesso questi dati.<\/p>\n<p>Di seguito troverai una panoramica dei dati personali che trattiamo:<br \/>\n\u2013 Nome e cognome<br \/>\n\u2013 Indirizzo<br \/>\n\u2013 Numero di telefono<br \/>\n\u2013 Indirizzo e-mail<br \/>\n\u2013 Altri dati personali che fornisci attivamente, ad esempio creando un profilo su questo sito web, nella corrispondenza e per telefono<br \/>\n\u2013 Informazioni sulle tue attivit\u00e0 sul nostro sito web<br \/>\n\u2013 Browser internet e tipo di dispositivo<\/p>\n<p>Dati personali particolari e\/o sensibili che trattiamo<br \/>\nIl nostro sito web e\/o servizio non ha l&#8217;intenzione di raccogliere dati sui visitatori del sito che hanno meno di 16 anni, a meno che non abbiano il permesso dei genitori o di un tutore. Tuttavia, non possiamo verificare se un visitatore ha pi\u00f9 di 16 anni. Consigliamo quindi ai genitori di essere coinvolti nelle attivit\u00e0 online dei propri figli, al fine di evitare che vengano raccolti dati sui bambini senza il consenso dei genitori. Se hai la certezza che abbiamo raccolto informazioni personali su un minore senza questo permesso, ti preghiamo di contattarci all&#8217;indirizzo info@go-microdose.com e provvederemo a cancellare tali informazioni.    <\/p>\n<p>Per quale scopo e su quale base trattiamo i dati personali<br \/>\nGK Health B.V. tratta i tuoi dati personali per le seguenti finalit\u00e0:<br \/>\n\u2013 Gestione del tuo pagamento<br \/>\n\u2013 Invio della nostra newsletter e\/o brochure pubblicitaria<br \/>\n\u2013 Offrirti la possibilit\u00e0 di creare un account<br \/>\n\u2013 Per consegnarti beni e servizi<br \/>\n\u2013 GK Health B.V. analizza il tuo comportamento sul sito web al fine di migliorarlo e di adattare l&#8217;offerta di prodotti e servizi alle tue preferenze.<br \/>\n\u2013 GK Health B.V. segue il tuo comportamento di navigazione su vari siti web con i quali adattiamo i nostri prodotti e servizi alle tue esigenze.<\/p>\n<p>Per quanto tempo conserviamo i dati personali<br \/>\nGK Health B.V. non conserva i tuoi dati personali pi\u00f9 a lungo di quanto sia strettamente necessario per realizzare gli scopi per i quali i tuoi dati sono stati raccolti. Utilizziamo i seguenti periodi di conservazione per i dati personali: <\/p>\n<p>12 mesi<\/p>\n<p>Condivisione dei dati personali con terze parti<br \/>\nI dati saranno forniti a terzi da GK Health B.V. solo se ci\u00f2 \u00e8 necessario per l&#8217;esecuzione del nostro accordo con te o per adempiere a un obbligo legale.<\/p>\n<p>Cookie, o tecniche simili, che utilizziamo<br \/>\nGK Health B.V. utilizza cookie funzionali, analitici e di tracciamento. Un cookie \u00e8 un piccolo file di testo che viene memorizzato nel browser del tuo computer, tablet o smartphone alla tua prima visita su questo sito web. GK Health B.V. utilizza cookie con una funzionalit\u00e0 puramente tecnica. Questi assicurano che il sito web funzioni correttamente e che, ad esempio, le tue impostazioni preferite vengano ricordate. Questi cookie vengono utilizzati anche per far funzionare bene il sito e per ottimizzarlo. Inoltre, inseriamo cookie che tengono traccia del tuo comportamento di navigazione in modo da poter offrire contenuti e annunci personalizzati.     <\/p>\n<p>Alla tua prima visita sul nostro sito web, ti abbiamo gi\u00e0 informato su questi cookie e ti abbiamo chiesto il permesso di installarli.<\/p>\n<p>Puoi disattivare i cookie impostando il tuo browser internet in modo che non li memorizzi pi\u00f9. Inoltre, puoi anche cancellare tutte le informazioni precedentemente memorizzate tramite le impostazioni del tuo browser. <\/p>\n<p>Visualizzare, modificare o cancellare i dati<br \/>\nHai il diritto di visualizzare, correggere o cancellare i tuoi dati personali. Inoltre, hai il diritto di revocare il tuo consenso al trattamento dei dati o di opporti al trattamento dei tuoi dati personali da parte di GK Health B.V. e hai il diritto alla portabilit\u00e0 dei dati. Ci\u00f2 significa che puoi inviarci una richiesta per ricevere i dati personali che abbiamo su di te in un file informatico o per inviarli a un&#8217;altra organizzazione da te indicata.  <\/p>\n<p>Puoi inviare una richiesta di accesso, correzione, cancellazione, portabilit\u00e0 dei tuoi dati personali o una richiesta di revoca del tuo consenso o opposizione al trattamento dei tuoi dati personali a info@go-microdose.com.<\/p>\n<p>Per garantire che la richiesta di accesso sia stata effettuata da te, ti chiediamo di inviare una copia del tuo documento d&#8217;identit\u00e0 insieme alla richiesta. Nella copia, oscura la foto, la MRZ (zona leggibile dalla macchina, la striscia con i numeri in fondo al passaporto), il numero del passaporto e il codice fiscale (BSN). Questo serve a proteggere la tua privacy. Risponderemo alla tua richiesta il prima possibile, comunque entro quattro settimane.   <\/p>\n<p>GK Health B.V. desidera inoltre farti presente che hai la possibilit\u00e0 di presentare un reclamo all&#8217;autorit\u00e0 di controllo nazionale, l&#8217;Autorit\u00e0 olandese per la protezione dei dati. Puoi farlo tramite il seguente link: https:\/\/autoriteitpersoonsgegevens.nl\/nl\/contact-met-de-autoriteit-persoonsgegevens\/tip-ons <\/p>\n<p>Come proteggiamo i dati personali<br \/>\nGK Health B.V. prende sul serio la protezione dei tuoi dati e adotta misure appropriate per prevenire abusi, perdite, accessi non autorizzati, divulgazioni indesiderate e modifiche non autorizzate. Se ritieni che i tuoi dati non siano adeguatamente protetti o se ci sono indizi di abuso, contatta il nostro servizio clienti o scrivici a <a href=\"mailto:info@go-microdose.com\">info@go-microdose.com<\/a> [\/vc_column_text][\/vc_column][\/vc_row][\/vc_section]<\/p>\n<\/div>","protected":false},"excerpt":{"rendered":"<p>[vc_section][vc_row][vc_column][vc_custom_heading text=&#8221;Informativa sulla privacy&#8221; font_container=&#8221;tag:h1|text_align:center&#8221; use_theme_fonts=&#8221;yes&#8221; el_class=&#8221;effect-title&#8221;][vc_column_text]GK Health B.V. \u00e8 responsabile del trattamento dei dati personali come indicato nella presente informativa sulla privacy. Dati di contatto: www.go-microdose.com info@go-microdose.com Dati personali che trattiamo GK Health B.V. tratta i tuoi dati personali perch\u00e9 utilizzi i nostri servizi e\/o perch\u00e9 ci fornisci tu stesso questi dati. Di seguito [&hellip;]<\/p>\n","protected":false},"author":5548,"featured_media":0,"parent":0,"menu_order":0,"comment_status":"closed","ping_status":"closed","template":"page-content.php","meta":{"_acf_changed":false,"footnotes":""},"class_list":["post-57010","page","type-page","status-publish","hentry"],"acf":[],"_links":{"self":[{"href":"https:\/\/go-microdose.com\/it\/wp-json\/wp\/v2\/pages\/57010","targetHints":{"allow":["GET"]}}],"collection":[{"href":"https:\/\/go-microdose.com\/it\/wp-json\/wp\/v2\/pages"}],"about":[{"href":"https:\/\/go-microdose.com\/it\/wp-json\/wp\/v2\/types\/page"}],"author":[{"embeddable":true,"href":"https:\/\/go-microdose.com\/it\/wp-json\/wp\/v2\/users\/5548"}],"replies":[{"embeddable":true,"href":"https:\/\/go-microdose.com\/it\/wp-json\/wp\/v2\/comments?post=57010"}],"version-history":[{"count":0,"href":"https:\/\/go-microdose.com\/it\/wp-json\/wp\/v2\/pages\/57010\/revisions"}],"wp:attachment":[{"href":"https:\/\/go-microdose.com\/it\/wp-json\/wp\/v2\/media?parent=57010"}],"curies":[{"name":"wp","href":"https:\/\/api.w.org\/{rel}","templated":true}]}}