{"id":57056,"date":"2026-03-25T11:24:30","date_gmt":"2026-03-25T10:24:30","guid":{"rendered":"https:\/\/go-microdose.com\/microdosing\/"},"modified":"2026-03-27T09:38:24","modified_gmt":"2026-03-27T08:38:24","slug":"microdosing","status":"publish","type":"page","link":"https:\/\/go-microdose.com\/it\/microdosing\/","title":{"rendered":"Microdosing"},"content":{"rendered":"<div class=\"wpb-content-wrapper\"><p>[vc_section full_width=&#8221;stretch_row_content&#8221; full_height=&#8221;yes&#8221; content_placement=&#8221;middle&#8221; el_class=&#8221;button-section product-copy-page&#8221; css=&#8221;.vc_custom_1640248080539{padding-bottom: 0px !important;}&#8221;][vc_row full_height=&#8221;yes&#8221; css_animation=&#8221;none&#8221;][vc_column el_class=&#8221;container&#8221;][vc_row_inner content_placement=&#8221;middle&#8221; el_class=&#8221;row-reverse&#8221;][vc_column_inner width=&#8221;1\/2&#8243;][vc_single_image image=&#8221;57080&#8243; img_size=&#8221;full&#8221;][\/vc_column_inner][vc_column_inner el_class=&#8221;about-text-column&#8221; width=&#8221;1\/2&#8243;][vc_custom_heading source=&#8221;post_title&#8221; font_container=&#8221;tag:h5|text_align:left&#8221; use_theme_fonts=&#8221;yes&#8221; el_class=&#8221;pr-tag&#8221;][vc_custom_heading text=&#8221;Cos&apos;\u00e8 il microdosing?&#8221; font_container=&#8221;tag:h2|text_align:left|color:%23000000&#8243; use_theme_fonts=&#8221;yes&#8221;][vc_column_text el_class=&#8221;product-copy-description&#8221;]Il microdosing di tartufi \u00e8 diventato noto in tutto il mondo nel 2015 e ha guadagnato rapidamente popolarit\u00e0. Si assume 1\/10 della dose da \u201ctrip\u201d. Questo evita l&#8217;effetto allucinogeno e gli effetti nocivi, permettendo di godere di benefici sottili. Sperimenti gli effetti a un livello sub-percettivo, senza distorsioni visive. Con il microdosing, ottieni i vantaggi senza gli svantaggi delle sostanze psichedeliche.    <\/p>\n<p>Il tartufo che vendiamo \u00e8 il tartufo \u201csclerotia\u201d (substrato sotterraneo della \u201cMexicana\u201d). Pu\u00f2 essere liberamente prodotto, commercializzato ed esportato nei Paesi Bassi. \u00c8 un prodotto legale nei Paesi Bassi, purch\u00e9 non abbia subito una \u201clavorazione attiva\u201d, e pu\u00f2 quindi essere spedito in tutti i paesi dell&#8217;UE in base al <strong><a href=\"https:\/\/ec.europa.eu\/growth\/single-market\/goods\/free-movement-sectors\/mutual-recognition_en\" target=\"_blank\" rel=\"noopener\">Principio del reciproco riconoscimento delle merci<\/a><\/strong> della Commissione Europea.[\/vc_column_text][vc_btn title=&#8221;Ordina qui&#8221; color=&#8221;warning&#8221; size=&#8221;lg&#8221; align=&#8221;left&#8221; link=&#8221;url:https%3A%2F%2Fgo-microdose.com%2Fit%2Fshop%2F|&#8221;][\/vc_column_inner][\/vc_row_inner][\/vc_column][\/vc_row][vc_row el_class=&#8221;move-next-section&#8221;][vc_column el_class=&#8221;container&#8221;][vc_btn title=&#8221;Quali sono i benefici?&#8221; style=&#8221;flat&#8221; color=&#8221;black&#8221; link=&#8221;url:%23more|&#8221; el_class=&#8221;discover-more&#8221;][\/vc_column][\/vc_row][\/vc_section][vc_section full_width=&#8221;stretch_row_content&#8221; content_placement=&#8221;middle&#8221; css=&#8221;.vc_custom_1648641388106{background-image: url(https:\/\/go-microdose.com\/wp-content\/uploads\/2021\/12\/background-01.png?id=962) !important;background-position: center !important;background-repeat: no-repeat !important;background-size: cover !important;}&#8221; el_class=&#8221;effect-main-section&#8221; el_id=&#8221;more&#8221;][vc_row][vc_column el_class=&#8221;container&#8221;][vc_row_inner content_placement=&#8221;middle&#8221; el_class=&#8221;row-reverse effect-section&#8221;][vc_column_inner width=&#8221;1\/2&#8243;][vc_single_image image=&#8221;57087&#8243; img_size=&#8221;full&#8221; el_class=&#8221;image-with-shadow&#8221;][\/vc_column_inner][vc_column_inner width=&#8221;1\/2&#8243;][vc_custom_heading text=&#8221;I benefici&#8221; font_container=&#8221;tag:h3|text_align:left|color:%23696764&#8243; use_theme_fonts=&#8221;yes&#8221;][vc_custom_heading text=&#8221;Perch\u00e9 fare microdosing?&#8221; font_container=&#8221;tag:h2|text_align:left|color:%23000000&#8243; use_theme_fonts=&#8221;yes&#8221; el_class=&#8221;effect-title&#8221;][vc_column_text el_class=&#8221;effect-description&#8221;]I nostri clienti praticano il microdosing per svariati motivi personali. Alcuni si sentono pi\u00f9 creativi, altri sono pi\u00f9 produttivi e altri ancora riscontrano meno problemi di salute. Per loro, il microdosing \u00e8 uno strumento che li aiuta ad affrontare diverse sfide e problemi. Puoi riscontrare uno o pi\u00f9 dei seguenti benefici:   <\/p>\n<ul>\n<li><strong>Pi\u00f9 energia:<\/strong> Sentiti pi\u00f9 vitale e produttivo durante tutta la giornata.<\/li>\n<li><strong>Focus pi\u00f9 nitido:<\/strong> Sperimenta una maggiore lucidit\u00e0 mentale e un migliore problem-solving.<\/li>\n<li><strong>Creativit\u00e0 aumentata:<\/strong> Sblocca nuovi livelli di ispirazione e pensiero innovativo.<\/li>\n<li><strong>Concentrazione migliorata:<\/strong> Mantieni l&#8217;attenzione sui tuoi compiti pi\u00f9 a lungo e con facilit\u00e0.<\/li>\n<li><strong>Ansia ridotta:<\/strong> Goditi uno stato mentale pi\u00f9 calmo e equilibrato.<\/li>\n<li><strong>Umore risollevato:<\/strong> Sentiti pi\u00f9 su di morale e positivo nei confronti della vita.<\/li>\n<\/ul>\n<p>Il microdosing offre un modo semplice ma potente per migliorare vari aspetti della tua vita. Provalo oggi stesso e sblocca tutto il tuo potenziale.[\/vc_column_text][\/vc_column_inner][\/vc_row_inner][\/vc_column][\/vc_row][vc_row][vc_column el_class=&#8221;container&#8221;][vc_btn title=&#8221;Come funziona?&#8221; style=&#8221;flat&#8221; color=&#8221;black&#8221; link=&#8221;url:%23research|&#8221; el_class=&#8221;discover-more&#8221;][\/vc_column][\/vc_row][\/vc_section][vc_section full_width=&#8221;stretch_row_content&#8221; el_class=&#8221;button-section&#8221; el_id=&#8221;research&#8221;][vc_row el_class=&#8221;only-text-content&#8221;][vc_column el_class=&#8221;container&#8221;][vc_row_inner el_class=&#8221;about-text-column&#8221;][vc_column_inner width=&#8221;1\/2&#8243;][vc_custom_heading text=&#8221;I suoi effetti&#8221; font_container=&#8221;tag:h5|text_align:left&#8221; use_theme_fonts=&#8221;yes&#8221; el_class=&#8221;pr-tag&#8221;][vc_custom_heading text=&#8221;Cosa succede nel tuo cervello?&#8221; font_container=&#8221;tag:h2|text_align:left|color:%23000000&#8243; use_theme_fonts=&#8221;yes&#8221;][vc_column_text el_class=&#8221;product-copy-description&#8221;]Il funzionamento preciso del microdosing \u00e8 di natura neuroscientifica e quindi estremamente complesso. Si tratta di sostanze psichedeliche che, in microdosi, hanno un effetto efficace sui recettori della serotonina (5-idrossitriptamina o 5-HT) nel cervello. Questo sistema regola la mente e il modo in cui impari.  <\/p>\n<p>Il sistema nervoso contiene diversi tipi di recettori della serotonina che, insieme, regolano funzioni che vanno dall&#8217;umore e la memoria al pensiero e alla motilit\u00e0 intestinale. I recettori 5-HT1A, 5-HT2A, 5-HT3, 5-HT4, 5-HT6 e 5-HT7 sono responsabili della memoria e della capacit\u00e0 di pensiero. Il microdosing crea una spinta cognitiva grazie al suo effetto sul recettore 5-HT2.[\/vc_column_text][vc_btn title=&#8221;Ordina qui&#8221; color=&#8221;warning&#8221; size=&#8221;lg&#8221; align=&#8221;left&#8221; el_class=&#8221;cstm-btn with-bg&#8221; link=&#8221;url:https%3A%2F%2Fgo-microdose.com%2Fit%2Fshop%2F|&#8221;][\/vc_column_inner][vc_column_inner width=&#8221;1\/2&#8243;][vc_custom_heading text=&#8221;L&apos;esperienza dei clienti&#8221; font_container=&#8221;tag:h5|text_align:left&#8221; use_theme_fonts=&#8221;yes&#8221; el_class=&#8221;pr-tag&#8221;][vc_custom_heading text=&#8221;Esperienze riportate dai nostri utenti:&#8221; font_container=&#8221;tag:h2|text_align:left|color:%23000000&#8243; use_theme_fonts=&#8221;yes&#8221;][vc_column_text el_class=&#8221;effect-description&#8221;]<\/p>\n<ul>\n<li><strong>Maggiore chiarezza:<\/strong> Pensiero pi\u00f9 acuto e migliori capacit\u00e0 di problem-solving.<\/li>\n<li><strong>Focus migliorato:<\/strong> Migliore concentrazione, anche per chi soffre di ADHD.<\/li>\n<li><strong>Ansia ridotta:<\/strong> Trova sollievo dalle paure e dai problemi legati all&#8217;ansia.<\/li>\n<li><strong>Pi\u00f9 energia:<\/strong> Sentiti pi\u00f9 energico, creativo e produttivo.<\/li>\n<li><strong>Umore migliore:<\/strong> Goditi una migliore qualit\u00e0 del sonno e una visione pi\u00f9 luminosa della vita.<\/li>\n<li><strong>Sollievo mestruale:<\/strong> Nota una riduzione dei sintomi della sindrome premestruale.<\/li>\n<li><strong>Supporto contro le dipendenze:<\/strong> \u00c8 pi\u00f9 facile smettere di fumare e superare altre dipendenze.<\/li>\n<li><strong>Comunicazione migliorata:<\/strong> Meno problemi di balbuzie e di linguaggio.<\/li>\n<li><strong>Connessioni pi\u00f9 profonde:<\/strong> Favorisci legami emotivi pi\u00f9 forti con chi ti circonda.<\/li>\n<li><strong>Maggiore presenza:<\/strong> Diventa pi\u00f9 consapevole di te e presente nel momento.<\/li>\n<\/ul>\n<p>Intraprendi il tuo viaggio nel microdosing e sblocca un mondo di cambiamenti positivi.[\/vc_column_text][\/vc_column_inner][\/vc_row_inner][\/vc_column][\/vc_row][vc_row][vc_column el_class=&#8221;container&#8221;][vc_btn title=&#8221;Da dove vengono?&#8221; style=&#8221;flat&#8221; color=&#8221;black&#8221; link=&#8221;url:%23thenetherlands|&#8221; el_class=&#8221;discover-more&#8221;][\/vc_column][\/vc_row][\/vc_section][vc_section full_width=&#8221;stretch_row_content&#8221; el_class=&#8221;button-section&#8221; el_id=&#8221;thenetherlands&#8221; css=&#8221;.vc_custom_1664213380375{background-color: rgba(206,198,187,0.4) !important;*background-color: rgb(206,198,187) !important;}&#8221;][vc_row el_class=&#8221;only-text-content&#8221;][vc_column el_class=&#8221;container&#8221;][vc_row_inner el_class=&#8221;about-text-column&#8221;][vc_column_inner width=&#8221;1\/2&#8243;][vc_custom_heading text=&#8221;La fattoria&#8221; font_container=&#8221;tag:h5|text_align:left&#8221; use_theme_fonts=&#8221;yes&#8221; el_class=&#8221;pr-tag&#8221;][vc_custom_heading text=&#8221;Scopri le nostre radici&#8221; font_container=&#8221;tag:h2|text_align:left|color:%23000000&#8243; use_theme_fonts=&#8221;yes&#8221;][vc_column_text el_class=&#8221;product-copy-description&#8221;]Ti sei mai chiesto l&#8217;origine dei nostri tartufi? La nostra fattoria, immersa nel cuore dei Paesi Bassi, \u00e8 dove tutto ha inizio. Con oltre 30 anni di esperienza, abbiamo sviluppato una profonda conoscenza della coltivazione dei tartufi, garantendo ai nostri clienti un prodotto di altissima qualit\u00e0. Dal seme al raccolto, ogni fase del processo \u00e8 gestita meticolosamente per garantire una crescita e una potenza ottimali. Curioso di dare un&#8217;occhiata dietro le quinte? Esplora la nostra fattoria e testimonia in prima persona la dedizione e la cura dedicate a ogni lotto dei nostri tartufi premium.[\/vc_column_text][vc_btn title=&#8221;La nostra storia&#8221; color=&#8221;warning&#8221; size=&#8221;lg&#8221; align=&#8221;left&#8221; el_class=&#8221;cstm-btn with-bg&#8221; link=&#8221;url:https%3A%2F%2Fgo-microdose.com%2Fit%2Fla-nostra-storia%2F|&#8221; css=&#8221;.vc_custom_1667941871095{padding-top: 0px !important;}&#8221;][\/vc_column_inner][vc_column_inner width=&#8221;1\/2&#8243;][vc_single_image image=&#8221;57067&#8243; img_size=&#8221;full&#8221; el_class=&#8221;image-with-shadow&#8221;][\/vc_column_inner][\/vc_row_inner][vc_row_inner el_class=&#8221;about-text-column&#8221;][vc_column_inner][vc_custom_heading text=&#8221;Altre immagini&#8221; font_container=&#8221;tag:h5|text_align:left&#8221; use_theme_fonts=&#8221;yes&#8221; el_class=&#8221;pr-tag&#8221;][vc_custom_heading text=&#8221;Dove succede tutto&#8221; font_container=&#8221;tag:h2|text_align:left|color:%23000000&#8243; use_theme_fonts=&#8221;yes&#8221;][vc_images_carousel images=&#8221;57066,57065,57064,57068,57076,57071,57070,57079,57077,57075&#8243; img_size=&#8221;large&#8221; slides_per_view=&#8221;10&#8243;][\/vc_column_inner][\/vc_row_inner][\/vc_column][\/vc_row][\/vc_section]<\/p>\n<\/div>","protected":false},"excerpt":{"rendered":"<p>[vc_section full_width=&#8221;stretch_row_content&#8221; full_height=&#8221;yes&#8221; content_placement=&#8221;middle&#8221; el_class=&#8221;button-section product-copy-page&#8221; css=&#8221;.vc_custom_1640248080539{padding-bottom: 0px !important;}&#8221;][vc_row full_height=&#8221;yes&#8221; css_animation=&#8221;none&#8221;][vc_column el_class=&#8221;container&#8221;][vc_row_inner content_placement=&#8221;middle&#8221; el_class=&#8221;row-reverse&#8221;][vc_column_inner width=&#8221;1\/2&#8243;][vc_single_image image=&#8221;57080&#8243; img_size=&#8221;full&#8221;][\/vc_column_inner][vc_column_inner el_class=&#8221;about-text-column&#8221; width=&#8221;1\/2&#8243;][vc_custom_heading source=&#8221;post_title&#8221; font_container=&#8221;tag:h5|text_align:left&#8221; use_theme_fonts=&#8221;yes&#8221; el_class=&#8221;pr-tag&#8221;][vc_custom_heading text=&#8221;Cos&apos;\u00e8 il microdosing?&#8221; font_container=&#8221;tag:h2|text_align:left|color:%23000000&#8243; use_theme_fonts=&#8221;yes&#8221;][vc_column_text el_class=&#8221;product-copy-description&#8221;]Il microdosing di tartufi \u00e8 diventato noto in tutto il mondo nel 2015 e ha guadagnato rapidamente popolarit\u00e0. Si assume 1\/10 della dose da \u201ctrip\u201d. Questo evita [&hellip;]<\/p>\n","protected":false},"author":5548,"featured_media":0,"parent":0,"menu_order":0,"comment_status":"closed","ping_status":"closed","template":"","meta":{"_acf_changed":false,"footnotes":""},"class_list":["post-57056","page","type-page","status-publish","hentry"],"acf":[],"_links":{"self":[{"href":"https:\/\/go-microdose.com\/it\/wp-json\/wp\/v2\/pages\/57056","targetHints":{"allow":["GET"]}}],"collection":[{"href":"https:\/\/go-microdose.com\/it\/wp-json\/wp\/v2\/pages"}],"about":[{"href":"https:\/\/go-microdose.com\/it\/wp-json\/wp\/v2\/types\/page"}],"author":[{"embeddable":true,"href":"https:\/\/go-microdose.com\/it\/wp-json\/wp\/v2\/users\/5548"}],"replies":[{"embeddable":true,"href":"https:\/\/go-microdose.com\/it\/wp-json\/wp\/v2\/comments?post=57056"}],"version-history":[{"count":0,"href":"https:\/\/go-microdose.com\/it\/wp-json\/wp\/v2\/pages\/57056\/revisions"}],"wp:attachment":[{"href":"https:\/\/go-microdose.com\/it\/wp-json\/wp\/v2\/media?parent=57056"}],"curies":[{"name":"wp","href":"https:\/\/api.w.org\/{rel}","templated":true}]}}