{"id":57270,"date":"2026-03-25T11:27:30","date_gmt":"2026-03-25T10:27:30","guid":{"rendered":"https:\/\/go-microdose.com\/la-nostra-storia\/"},"modified":"2026-04-03T10:47:00","modified_gmt":"2026-04-03T08:47:00","slug":"la-nostra-storia","status":"publish","type":"page","link":"https:\/\/go-microdose.com\/it\/la-nostra-storia\/","title":{"rendered":"La nostra storia"},"content":{"rendered":"<div class=\"wpb-content-wrapper\"><p>[vc_section full_width=&#8221;stretch_row_content&#8221; css_animation=&#8221;none&#8221; el_class=&#8221;home home-section-1&#8243;][vc_row][vc_column el_class=&#8221;no-ani&#8221;][vc_single_image image=&#8221;57274&#8243; img_size=&#8221;full&#8221; el_class=&#8221;big-image&#8221;][\/vc_column][\/vc_row][vc_row css_animation=&#8221;none&#8221; el_class=&#8221;home-banner&#8221;][vc_column el_class=&#8221;container no-ani&#8221;][vc_single_image image=&#8221;56295&#8243; img_size=&#8221;full&#8221; el_class=&#8221;fix-image m-only&#8221;][vc_custom_heading text=&#8221;&#8221; use_theme_fonts=&#8221;yes&#8221; el_class=&#8221;blog-main-title&#8221;][vc_custom_heading text=&#8221;In GO Microdose ci impegniamo per una vita pi\u00f9 sana e felice con maggiore creativit\u00e0, concentrazione ed energia. Combattiamo depressione, ansia e attacchi di panico. La nostra azienda \u00e8 stata fondata da due imprenditori di successo di Amsterdam che, grazie al microdosaggio, sperimentano pi\u00f9 energia, pensano in modo pi\u00f9 chiaro e ottengono il massimo dalla loro vita.  &#8221; font_container=&#8221;tag:h3|text_align:left&#8221; use_theme_fonts=&#8221;yes&#8221; css_animation=&#8221;none&#8221; el_class=&#8221;ml3&#8243;][\/vc_column][\/vc_row][vc_row el_class=&#8221;move-next-section container&#8221;][vc_column el_class=&#8221;no-ani&#8221;][vc_btn title=&#8221;Leggi di pi\u00f9&#8221; style=&#8221;flat&#8221; color=&#8221;white&#8221; el_class=&#8221;discover-more b-to-t&#8221; link=&#8221;url:%23static-section|&#8221;][\/vc_column][\/vc_row][\/vc_section][vc_section full_width=&#8221;stretch_row_content&#8221; el_class=&#8221;home home-section-2&#8243;][vc_row full_width=&#8221;stretch_row_content_no_spaces&#8221; css_animation=&#8221;none&#8221; css=&#8221;.vc_custom_1667901485175{background-image: url(https:\/\/go-microdose.com\/wp-content\/uploads\/2021\/12\/background-01.png?id=962) !important;background-position: center !important;background-repeat: no-repeat !important;background-size: cover !important;}&#8221; el_class=&#8221;static-section&#8221; el_id=&#8221;static-section&#8221;][vc_column el_class=&#8221;container no-ani&#8221;][vc_row_inner equal_height=&#8221;yes&#8221;][vc_column_inner el_class=&#8221;static-column-1 b-to-t&#8221; width=&#8221;5\/12&#8243; css=&#8221;.vc_custom_1667900820602{background-position: center !important;background-repeat: no-repeat !important;background-size: contain !important;}&#8221;][vc_custom_heading text=&#8221;Chi siamo&#8221; font_container=&#8221;tag:h3|text_align:left&#8221; use_theme_fonts=&#8221;yes&#8221; css_animation=&#8221;none&#8221; el_class=&#8221;sh3&#8243;][vc_custom_heading text=&#8221;Sperimenta tu stesso i benefici&#8221; use_theme_fonts=&#8221;yes&#8221; css_animation=&#8221;none&#8221; el_class=&#8221;sh2&#8243;][vc_column_text css_animation=&#8221;none&#8221; el_class=&#8221;static discription&#8221;]La nostra avventura in GO Microdose \u00e8 iniziata in modo del tutto inaspettato, non con l&#8217;intenzione iniziale di creare un&#8217;azienda, ma piuttosto come una ricerca personale di miglioramento e benessere. Da un lato, c&#8217;era la volont\u00e0 di migliorare creativit\u00e0 e concentrazione, dall&#8217;altro, il tentativo di gestire paura e panico. Entrambi eravamo spinti da un desiderio condiviso di chiarezza mentale e maggiore energia.  <\/p>\n<p>I profondi benefici che abbiamo sperimentato personalmente sono stati trasformativi. Questa trasformazione ha acceso una passione professionale: estendere questi benefici ad altri. Abbiamo capito che ci\u00f2 che avevamo scoperto poteva avere un impatto positivo su molte vite. Cos\u00ec \u00e8 nato il concetto di GO Microdose, non solo come azienda, ma come piattaforma per condividere e coltivare l&#8217;incredibile potenziale del microdosaggio con un pubblico pi\u00f9 ampio. Il nostro percorso dall&#8217;esplorazione personale all&#8217;impegno professionale rappresenta il cuore di ci\u00f2 che GO Microdose rappresenta oggi.[\/vc_column_text][vc_btn title=&#8221;Scopri di pi\u00f9&#8221; style=&#8221;outline&#8221; color=&#8221;black&#8221; size=&#8221;lg&#8221; align=&#8221;left&#8221; css_animation=&#8221;none&#8221; link=&#8221;url:%23research|&#8221;][\/vc_column_inner][vc_column_inner el_class=&#8221;static-column-2 b-to-t&#8221; width=&#8221;1\/12&#8243; css=&#8221;.vc_custom_1667900813226{background-position: 0 0 !important;background-repeat: no-repeat !important;}&#8221;][\/vc_column_inner][vc_column_inner width=&#8221;6\/12&#8243;][vc_single_image image=&#8221;57287&#8243; img_size=&#8221;500&#215;500&#8243; css=&#8221;&#8221; el_class=&#8221;image-with-shadow&#8221;][\/vc_column_inner][\/vc_row_inner][vc_row_inner el_class=&#8221;fix-image&#8221;][vc_column_inner el_class=&#8221;no-ani&#8221;][vc_single_image image=&#8221;56295&#8243; img_size=&#8221;full&#8221;][\/vc_column_inner][\/vc_row_inner][\/vc_column][\/vc_row][\/vc_section][vc_section full_width=&#8221;stretch_row_content&#8221; el_class=&#8221;button-section&#8221; el_id=&#8221;research&#8221; css=&#8221;.vc_custom_1667902075632{background-color: #ffffff !important;}&#8221;][vc_row el_class=&#8221;only-text-content&#8221;][vc_column el_class=&#8221;container&#8221;][vc_row_inner el_class=&#8221;about-text-column&#8221;][vc_column_inner width=&#8221;1\/2&#8243;][vc_custom_heading text=&#8221;Ricerca&#8221; font_container=&#8221;tag:h5|text_align:left&#8221; use_theme_fonts=&#8221;yes&#8221; el_class=&#8221;pr-tag&#8221;][vc_custom_heading text=&#8221;La ricerca scientifica come base importante&#8221; font_container=&#8221;tag:h2|text_align:left|color:%23000000&#8243; use_theme_fonts=&#8221;yes&#8221;][vc_column_text el_class=&#8221;product-copy-description&#8221;]Il microdosaggio \u00e8 completamente sicuro ed \u00e8 in crescita in tutto il mondo.<br \/>\nQuesto non cambia il fatto che in GO Microdose basiamo tutte le nostre conoscenze sulla ricerca scientifica.<\/p>\n<p>Emerge, ad esempio, che sempre pi\u00f9 persone si allontanano dai farmaci tradizionali e cercano alternative. La scienza sta raccogliendo sempre pi\u00f9 conoscenze sul microdosaggio e metodi di trattamento comparabili. Questo produce risultati promettenti, che monitoriamo e seguiamo attentamente.[\/vc_column_text][\/vc_column_inner][vc_column_inner width=&#8221;1\/2&#8243;][vc_custom_heading text=&#8221;consulenza&#8221; font_container=&#8221;tag:h5|text_align:left&#8221; use_theme_fonts=&#8221;yes&#8221; el_class=&#8221;pr-tag&#8221;][vc_custom_heading text=&#8221;Produttore olandese di tartufi&#8221; font_container=&#8221;tag:h2|text_align:left|color:%23000000&#8243; use_theme_fonts=&#8221;yes&#8221;][vc_column_text el_class=&#8221;effect-description&#8221;]Dal 2015 collaboriamo con un produttore olandese di tartufi per microdosaggio, la base dei nostri prodotti. Il produttore condivide la stessa visione che abbiamo in GO Microdose. Insieme vogliamo contribuire a un mondo pi\u00f9 sano e felice.  <\/p>\n<p>Dopo un&#8217;ampia fase pilota e ascoltando attentamente i feedback dei nostri clienti, abbiamo finalmente deciso di collaborare in modo strutturale. Questo ci garantisce il miglior controllo sulla qualit\u00e0 dei tartufi, come base per i nostri prodotti di alta qualit\u00e0.[\/vc_column_text][\/vc_column_inner][\/vc_row_inner][\/vc_column][\/vc_row][\/vc_section][vc_section full_width=&#8221;stretch_row_content&#8221; el_class=&#8221;button-section&#8221; el_id=&#8221;thenetherlands&#8221; css=&#8221;.vc_custom_1664213380375{background-color: rgba(206,198,187,0.4) !important;*background-color: rgb(206,198,187) !important;}&#8221;][vc_row el_class=&#8221;only-text-content&#8221;][vc_column el_class=&#8221;container&#8221;][vc_row_inner el_class=&#8221;about-text-column&#8221;][vc_column_inner width=&#8221;1\/2&#8243;][vc_custom_heading text=&#8221;La fattoria&#8221; font_container=&#8221;tag:h5|text_align:left&#8221; use_theme_fonts=&#8221;yes&#8221; el_class=&#8221;pr-tag&#8221;][vc_custom_heading text=&#8221;Fattoria biologica e organica di tartufi nei Paesi Bassi&#8221; font_container=&#8221;tag:h2|text_align:left|color:%23000000&#8243; use_theme_fonts=&#8221;yes&#8221;][vc_column_text el_class=&#8221;product-copy-description&#8221;]Il nostro fornitore nei Paesi Bassi ha una fattoria biologica e organica. I tartufi che la fattoria raccoglie vanno direttamente e completamente non lavorati nella confezione. Mettiamo in contatto domanda e offerta. In GO Microdose, insieme al nostro fornitore, garantiamo che i prodotti vadano direttamente dalla fattoria al cliente.<br \/>\nIl fornitore produce milioni di tartufi ogni anno e ha pi\u00f9 di 25 anni di esperienza. Anni fa la fattoria coltivava molti funghi. Da alcuni anni si occupa solo di tartufi per microdosaggio.[\/vc_column_text][\/vc_column_inner][vc_column_inner width=&#8221;1\/2&#8243;][vc_gallery type=&#8221;image_grid&#8221; images=&#8221;57067,57066,57065,57064,57076,57071,57070,57079,57077,57075&#8243; img_size=&#8221;full&#8221; onclick=&#8221;&#8221; el_class=&#8221;image-slider image-with-shadow&#8221;][\/vc_column_inner][\/vc_row_inner][\/vc_column][\/vc_row][\/vc_section][vc_section full_width=&#8221;stretch_row_content&#8221; el_class=&#8221;button-section&#8221; css=&#8221;.vc_custom_1667902083294{background-color: #ffffff !important;}&#8221;][vc_row el_class=&#8221;only-text-content&#8221;][vc_column el_class=&#8221;container&#8221;][vc_row_inner el_class=&#8221;about-text-column&#8221;][vc_column_inner width=&#8221;1\/2&#8243;][vc_custom_heading text=&#8221;Ricerca&#8221; font_container=&#8221;tag:h5|text_align:left&#8221; use_theme_fonts=&#8221;yes&#8221; el_class=&#8221;pr-tag&#8221;][vc_custom_heading text=&#8221;Far sperimentare i benefici a quante pi\u00f9 persone possibile&#8221; font_container=&#8221;tag:h2|text_align:left|color:%23000000&#8243; use_theme_fonts=&#8221;yes&#8221;][vc_column_text el_class=&#8221;product-copy-description&#8221;]Insieme al nostro fornitore, abbiamo la missione di far conoscere i benefici del microdosaggio a quante pi\u00f9 persone possibile. Ci piace farlo in modo accessibile, completamente su misura per tutti coloro che hanno poca esperienza in questo campo. Inoltre, offriamo i nostri prodotti a persone che hanno pi\u00f9 esperienza e cercano un fornitore affidabile.  <\/p>\n<p>Il nostro fornitore condivide la stessa visione. Insieme vogliamo far conoscere il microdosaggio al pubblico pi\u00f9 ampio possibile. E ci impegniamo a raccontare a quante pi\u00f9 persone possibile la vera storia, inclusi tutti i benefici del microdosaggio. C&#8217;\u00e8 ancora un tab\u00f9 sul suo utilizzo tra certi gruppi. \u00c8 un peccato, perch\u00e9 utilizzarlo \u00e8 completamente sicuro e naturale. E perch\u00e9 molte persone ne sperimentano i benefici ogni giorno.[\/vc_column_text][\/vc_column_inner][vc_column_inner width=&#8221;1\/2&#8243;][vc_custom_heading text=&#8221;consulenza&#8221; font_container=&#8221;tag:h5|text_align:left&#8221; use_theme_fonts=&#8221;yes&#8221; el_class=&#8221;pr-tag&#8221;][vc_custom_heading text=&#8221;Ci piace renderti le cose facili&#8221; font_container=&#8221;tag:h2|text_align:left|color:%23000000&#8243; use_theme_fonts=&#8221;yes&#8221;][vc_column_text el_class=&#8221;effect-description&#8221;]In GO Microdose notiamo che molti dei nostri clienti sperimentano il microdosaggio per la prima volta. Consideriamo un onore che scelgano i nostri prodotti per questo. Ci piace rendere le cose il pi\u00f9 semplici possibile per i clienti, ad esempio spiegando come utilizzare al meglio i prodotti. Inoltre, ci piace ragionare insieme sulla struttura giusta e su un programma sano.   <\/p>\n<p>\u00c8 il nostro obiettivo, e quello della fattoria con cui lavoriamo, far conoscere i benefici a quante pi\u00f9 persone possibile. Sperimenta creativit\u00e0 ottimale, massima concentrazione, meno paura e panico e tutta l&#8217;energia e la capacit\u00e0 di pensare in modo chiaro.[\/vc_column_text][vc_btn title=&#8221;Il nostro prodotto&#8221; style=&#8221;outline&#8221; color=&#8221;black&#8221; size=&#8221;lg&#8221; css_animation=&#8221;none&#8221; link=&#8221;url:%2Four-product%2F|&#8221;][\/vc_column_inner][\/vc_row_inner][\/vc_column][\/vc_row][\/vc_section][vc_row css_animation=&#8221;none&#8221;][vc_column el_class=&#8221;container&#8221;][vc_widget_sidebar sidebar_id=&#8221;referenties&#8221;][\/vc_column][\/vc_row][vc_section full_width=&#8221;stretch_row_content&#8221; el_class=&#8221;home home-section-5&#8243; css=&#8221;.vc_custom_1633433373596{background-color: #f8f7f6 !important;}&#8221;][vc_row][vc_column el_class=&#8221;container&#8221;][vc_custom_heading text=&#8221;news&#8221; font_container=&#8221;tag:h6|text_align:center&#8221; use_theme_fonts=&#8221;yes&#8221; css_animation=&#8221;none&#8221; el_class=&#8221;blog-small&#8221;][vc_custom_heading text=&#8221;Le ultime novit\u00e0&#8221; font_container=&#8221;tag:h2|text_align:center&#8221; use_theme_fonts=&#8221;yes&#8221; css_animation=&#8221;none&#8221; el_class=&#8221;blog-main-title&#8221;][\/vc_column][\/vc_row][vc_row full_width=&#8221;stretch_row_content_no_spaces&#8221; el_class=&#8221;product-section&#8221;][vc_column el_class=&#8221;container&#8221;][vc_basic_grid post_type=&#8221;post&#8221; max_items=&#8221;3&#8243; item=&#8221;254&#8243; initial_loading_animation=&#8221;none&#8221; grid_id=&#8221;vc_gid:1732798809452-ed0a7ffc-9c76-8&#8243;][\/vc_column][\/vc_row][vc_row][vc_column el_class=&#8221;container&#8221;][vc_btn title=&#8221;Altri articoli&#8221; style=&#8221;outline&#8221; color=&#8221;black&#8221; size=&#8221;lg&#8221; align=&#8221;center&#8221; css_animation=&#8221;none&#8221; link=&#8221;url:%2Fnieuws%2F|&#8221;][vc_single_image image=&#8221;56295&#8243; img_size=&#8221;full&#8221; el_class=&#8221;fix-image&#8221;][\/vc_column][\/vc_row][\/vc_section]<\/p>\n<\/div>","protected":false},"excerpt":{"rendered":"<p>[vc_section full_width=&#8221;stretch_row_content&#8221; css_animation=&#8221;none&#8221; el_class=&#8221;home home-section-1&#8243;][vc_row][vc_column el_class=&#8221;no-ani&#8221;][vc_single_image image=&#8221;57274&#8243; img_size=&#8221;full&#8221; el_class=&#8221;big-image&#8221;][\/vc_column][\/vc_row][vc_row css_animation=&#8221;none&#8221; el_class=&#8221;home-banner&#8221;][vc_column el_class=&#8221;container no-ani&#8221;][vc_single_image image=&#8221;56295&#8243; img_size=&#8221;full&#8221; el_class=&#8221;fix-image m-only&#8221;][vc_custom_heading text=&#8221;&#8221; use_theme_fonts=&#8221;yes&#8221; el_class=&#8221;blog-main-title&#8221;][vc_custom_heading text=&#8221;In GO Microdose ci impegniamo per una vita pi\u00f9 sana e felice con maggiore creativit\u00e0, concentrazione ed energia. Combattiamo depressione, ansia e attacchi di panico. La nostra azienda \u00e8 stata fondata da due imprenditori di [&hellip;]<\/p>\n","protected":false},"author":5548,"featured_media":0,"parent":0,"menu_order":0,"comment_status":"closed","ping_status":"closed","template":"template-homepage.php","meta":{"_acf_changed":false,"footnotes":""},"class_list":["post-57270","page","type-page","status-publish","hentry"],"acf":[],"_links":{"self":[{"href":"https:\/\/go-microdose.com\/it\/wp-json\/wp\/v2\/pages\/57270","targetHints":{"allow":["GET"]}}],"collection":[{"href":"https:\/\/go-microdose.com\/it\/wp-json\/wp\/v2\/pages"}],"about":[{"href":"https:\/\/go-microdose.com\/it\/wp-json\/wp\/v2\/types\/page"}],"author":[{"embeddable":true,"href":"https:\/\/go-microdose.com\/it\/wp-json\/wp\/v2\/users\/5548"}],"replies":[{"embeddable":true,"href":"https:\/\/go-microdose.com\/it\/wp-json\/wp\/v2\/comments?post=57270"}],"version-history":[{"count":0,"href":"https:\/\/go-microdose.com\/it\/wp-json\/wp\/v2\/pages\/57270\/revisions"}],"wp:attachment":[{"href":"https:\/\/go-microdose.com\/it\/wp-json\/wp\/v2\/media?parent=57270"}],"curies":[{"name":"wp","href":"https:\/\/api.w.org\/{rel}","templated":true}]}}