{"id":60278,"date":"2026-03-25T14:22:47","date_gmt":"2026-03-25T13:22:47","guid":{"rendered":"https:\/\/go-microdose.com\/spedizione\/macedonia-del-nord\/"},"modified":"2026-03-25T14:23:07","modified_gmt":"2026-03-25T13:23:07","slug":"macedonia-del-nord","status":"publish","type":"page","link":"https:\/\/go-microdose.com\/it\/spedizione\/macedonia-del-nord\/","title":{"rendered":"Macedonia del Nord"},"content":{"rendered":"<div class=\"wpb-content-wrapper\"><p>[vc_row][vc_column width=&#8221;1\/2&#8243;][vc_btn title=&#8221;Torna alla panoramica delle spedizioni&#8221; css=&#8221;&#8221; link=&#8221;url:https%3A%2F%2Fgo-microdose.com%2Fit%2Fspedizione%2F|title:Spedizione|&#8221; el_class=&#8221;button-back&#8221;][\/vc_column][vc_column width=&#8221;1\/2&#8243;][\/vc_column][\/vc_row][vc_row el_class=&#8221;pb-40&#8243;][vc_column width=&#8221;1\/2&#8243; el_class=&#8221;pr-80&#8243;][vc_custom_heading text=&#8221;Spedizione in Macedonia del Nord&#8221; font_container=&#8221;tag:h1|text_align:left&#8221; use_theme_fonts=&#8221;yes&#8221; css=&#8221;&#8221; el_class=&#8221;effect-title&#8221;][vc_custom_heading text=&#8221;Funghi magici, tartufi, microdosaggio e altro ancora&#8230;&#8221; use_theme_fonts=&#8221;yes&#8221; el_class=&#8221;h3&#8243;][vc_column_text css=&#8221;&#8221;]<\/p>\n<p class=\"p1\">S\u00ec! Spediamo tutti i nostri prodotti in Macedonia del Nord! <\/p>\n<p class=\"p3\">Tutti i <span class=\"s1\">tartufi, gli strip per il microdosaggio e i kit di coltivazione<\/span> vengono spediti direttamente da Amsterdam e solitamente arrivano <span class=\"s1\">entro 6-8 giorni lavorativi<\/span>. La maggior parte degli ordini passa attraverso la buca delle lettere, ad eccezione dei prodotti pi\u00f9 grandi come i <span class=\"s1\">kit di coltivazione di funghi magici e gli accessori<\/span>, quindi di solito <span class=\"s1\">non \u00e8 necessario essere a casa<\/span> per la consegna! <\/p>\n<p class=\"p4\"><span class=\"s2\">La nostra spedizione \u00e8 <\/span>rapida, discreta e affidabile<span class=\"s2\">. Sia che tu stia  <\/span>iniziando con il microdosaggio<span class=\"s2\"> o che stia pianificando un&#8217;<\/span>esperienza psichedelica pi\u00f9 profonda<span class=\"s2\">, ci assicuriamo che il tuo ordine arrivi <\/span>fresco e in totale sicurezza<span class=\"s2\">.<\/span><\/p>\n<p class=\"p4\"><span class=\"s2\">Vuoi saperne di pi\u00f9 sulle nostre <\/span>opzioni di spedizione, tempi di consegna e metodi<span class=\"s2\">? Dai un&#8217;occhiata a tutti i dettagli qui sotto su   <\/span>ordini e spedizioni in Macedonia del Nord<span class=\"s2\">.<\/span><\/p>\n<p>[\/vc_column_text][\/vc_column][vc_column width=&#8221;1\/2&#8243; el_class=&#8221;s-white-box&#8221;][vc_custom_heading text=&#8221;Track &amp; trace&#8221; font_container=&#8221;tag:h3|text_align:left&#8221; use_theme_fonts=&#8221;yes&#8221;][vc_column_text]Usa il tuo codice di tracciamento e non il numero d&#8217;ordine.[\/vc_column_text][vc_btn title=&#8221;Tracciamento PostNL&#8221; css=&#8221;&#8221; link=&#8221;url:https%3A%2F%2Ftracking.postnl.nl%2Ftrack-and-trace%2F|target:_blank|&#8221;][\/vc_column][\/vc_row][vc_row el_class=&#8221;pb-80&#8243;][vc_column][vc_custom_heading text=&#8221;maggiori informazioni&#8221; font_container=&#8221;tag:div|text_align:left&#8221; use_theme_fonts=&#8221;yes&#8221; el_class=&#8221;pr-tag&#8221;][vc_tta_accordion style=&#8221;flat&#8221; shape=&#8221;square&#8221; color=&#8221;white&#8221; c_icon=&#8221;&#8221; active_section=&#8221;100&#8243; no_fill=&#8221;true&#8221; collapsible_all=&#8221;true&#8221; title=&#8221;Info sulla spedizione&#8221;][vc_tta_section title=&#8221;Qual \u00e8 lo status legale nel mio paese?&#8221; tab_id=&#8221;1737187665466-5703fda6-be48&#8243;][vc_column_text css=&#8221;&#8221;]<\/p>\n<p class=\"p1\">Non siamo avvocati e non abbiamo la possibilit\u00e0 di seguire gli sviluppi legali in ogni paese in cui spediamo. Per questo motivo, \u00e8 responsabilit\u00e0 del cliente ricercare e comprendere le normative locali prima di effettuare un ordine. Acquistando da noi, riconosci di essere consapevole di eventuali rischi legali e accetti la piena responsabilit\u00e0 per il rispetto delle leggi nella tua regione.  <\/p>\n<p class=\"p1\">Detto questo, abbiamo un solido storico di spedizioni andate a buon fine in Macedonia del Nord e non abbiamo riscontrato difficolt\u00e0 con le consegne. Le nostre spedizioni arrivano in modo affidabile, ma come per ogni ordine internazionale, la responsabilit\u00e0 finale spetta al cliente. <\/p>\n<p>[\/vc_column_text][\/vc_tta_section][vc_tta_section title=&#8221;Quali prodotti potete spedire nel mio paese?&#8221; tab_id=&#8221;1737187665459-72042fcd-1c33&#8243;][vc_column_text css=&#8221;&#8221;]<\/p>\n<p class=\"p1\">Spediamo tutti i nostri prodotti in Macedonia del Nord, direttamente dalla nostra sede di Amsterdam. Che tu stia cercando tartufi magici, strip per il microdosaggio o kit di coltivazione di funghi, abbiamo quello che fa per te. Tutta la nostra gamma \u00e8 disponibile per una consegna rapida e discreta, che solitamente avviene entro 6-8 giorni lavorativi.  <\/p>\n<p class=\"p1\">Se ti interessa il microdosaggio per migliorare la concentrazione, la creativit\u00e0 o l&#8217;umore, i nostri strip di tartufi freschi sono un&#8217;ottima opzione. Per chi cerca un&#8217;esperienza psichedelica pi\u00f9 profonda, offriamo tartufi magici ad alta potenza come Hollandia, Utopia e Galindoi. Vuoi coltivare i tuoi? I nostri kit di coltivazione offrono un modo semplice per coltivare i tuoi funghi a casa.   <\/p>\n<p class=\"p1\">Ordina oggi e inizia il tuo viaggio con tartufi e prodotti per il microdosaggio di alta qualit\u00e0!<\/p>\n<p>[\/vc_column_text][\/vc_tta_section][vc_tta_section title=&#8221;Quanto tempo richiede la spedizione?&#8221; tab_id=&#8221;1737188614232-01a47c52-44d4&#8243;][vc_column_text css=&#8221;&#8221;]<\/p>\n<p class=\"p1\">La spedizione in Macedonia del Nord richiede solitamente <span class=\"s1\">6-8 giorni lavorativi<\/span> dal momento in cui l&#8217;ordine viene spedito. Tuttavia, i tempi di consegna possono variare in base a fattori quali l&#8217;elaborazione doganale, i ritardi del servizio postale locale e le festivit\u00e0. <\/p>\n<p class=\"p1\">Una volta spedito il pacco, riceverai un link di tracciamento via email. Sebbene la maggior parte degli ordini arrivi entro i tempi previsti, lo sdoganamento pu\u00f2 talvolta aggiungere tempi di elaborazione extra. Apprezziamo la tua pazienza e ti consigliamo di tenere d&#8217;occhio gli aggiornamenti del tracciamento.  <\/p>\n<p class=\"p1\">Per le informazioni pi\u00f9 recenti sulla tua spedizione, fai riferimento al tuo link di tracciamento. Se hai dubbi sul tuo ordine, non esitare a contattare il nostro team di supporto: saremo felici di aiutarti! <\/p>\n<p>[\/vc_column_text][\/vc_tta_section][vc_tta_section title=&#8221;Dove posso tracciare il mio ordine?&#8221; tab_id=&#8221;1737188637035-b7eae861-e627&#8243;][vc_column_text css=&#8221;&#8221;]<\/p>\n<p class=\"p1\">Una volta spedito l&#8217;ordine, riceverai un <span class=\"s1\">link di tracciamento<\/span> via email. Puoi usare questo link per seguire il viaggio del tuo pacco. <\/p>\n<p class=\"p1\">Se hai bisogno di tracciare il tuo ordine manualmente, usa uno dei seguenti link e inserisci il tuo codice di tracciamento:<br \/>\n  <span class=\"s1\"><b>PostNL<\/b><\/span>: <a href=\"https:\/\/tracking.postnl.nl\/track-and-trace\/\" target=\"_blank\" rel=\"noopener\">Traccia il tuo ordine qui<\/a><\/p>\n<p class=\"p1\">Se riscontri problemi con il tracciamento, attendi un po&#8217; di tempo per gli aggiornamenti o contatta direttamente il corriere.<\/p>\n<p>[\/vc_column_text][\/vc_tta_section][vc_tta_section title=&#8221;Quali sono i costi e i metodi di spedizione?&#8221; tab_id=&#8221;1737188651466-1dfecdda-bebe&#8221;][vc_column_text css=&#8221;&#8221;]<\/p>\n<p class=\"p3\">Offriamo diverse opzioni di spedizione per la Macedonia del Nord per garantire una consegna rapida e affidabile. Scegli il metodo pi\u00f9 adatto alle tue esigenze: <\/p>\n<p class=\"p4\"><span class=\"s1\">  <\/span>Pacco per cassetta postale (Track &amp; Trace):<span class=\"s1\"> 8,99 \u20ac<br \/>\n<\/span><span class=\"s1\">  <\/span>Pacco raccomandato (Tracciamento + Firma richiesta):<span class=\"s1\"> 18 \u20ac<\/span><\/p>\n<p class=\"p4\"><span class=\"s1\">  <\/span>Opzione di spedizione discreta:<span class=\"s1\"> +1,95 \u20ac<br \/>\n<\/span>Vuoi maggiore privacy? Seleziona la nostra opzione di spedizione discreta al checkout per un imballaggio senza marchio con etichettatura generica. <\/p>\n<p class=\"p3\">Tutti gli ordini vengono spediti da <span class=\"s2\">Amsterdam<\/span> e solitamente arrivano <span class=\"s2\">entro 6-8 giorni lavorativi<\/span>. I dettagli del tracciamento ti saranno forniti una volta spedito l&#8217;ordine. <\/p>\n<p>[\/vc_column_text][\/vc_tta_section][vc_tta_section title=&#8221;Come posso pagare il mio ordine?&#8221; tab_id=&#8221;1739569614085-b2259a37-6ad1&#8243;][vc_column_text css=&#8221;&#8221;]<\/p>\n<p class=\"p1\">Offriamo una variet\u00e0 di metodi di pagamento sicuri e convenienti per gli ordini verso la Macedonia del Nord:<\/p>\n<ul>\n<li>Carta (di credito)<\/li>\n<li>PayPal<\/li>\n<li>Revolut<\/li>\n<li>iDEAL<\/li>\n<li>Criptovaluta<\/li>\n<li>Przelewy24<\/li>\n<li>Bancontact<\/li>\n<li>Bonifico bancario SEPA<\/li>\n<li>Online \u00dcberweisen<\/li>\n<li><span class=\"s1\">Sofortbanking<\/span><\/li>\n<li>Bonifici bancari manuali<\/li>\n<\/ul>\n<p class=\"p1\">Tutti i pagamenti sono elaborati in modo sicuro e i tuoi dati sono protetti. Riceverai una conferma d&#8217;ordine non appena il pagamento sar\u00e0 completato. <\/p>\n<p>[\/vc_column_text][\/vc_tta_section][vc_tta_section title=&#8221;Garanzia e reclami&#8221; tab_id=&#8221;1739569639087-ce3e2607-c5c5&#8243;][vc_column_text css=&#8221;&#8221;]<\/p>\n<p class=\"p1\">Ci prendiamo molta cura di garantire che i nostri prodotti ti raggiungano in condizioni ottimali. Tuttavia, se ricevi un articolo danneggiato durante il trasporto o con un altro difetto, potresti avere diritto a un reclamo in garanzia. <\/p>\n<p class=\"p3\"><b>Richieste di garanzia<br \/>\n<\/b><b><\/b>Se riscontri un problema con il tuo ordine, ti preghiamo di contattarci entro un tempo ragionevole, idealmente entro <span class=\"s1\">1 giorno<\/span> dal ricevimento del pacco. Valuteremo la situazione e determineremo la soluzione migliore. <\/p>\n<p class=\"p3\"><b>Reclami<br \/>\n<\/b><b><\/b>Se qualcosa non va come previsto, siamo qui per aiutarti. Contattaci all&#8217;indirizzo <span class=\"s1\">info@go-microdose.com<\/span> e faremo del nostro meglio per risolvere il problema. <\/p>\n<p>[\/vc_column_text][\/vc_tta_section][vc_tta_section title=&#8221;Resi&#8221; tab_id=&#8221;1737188666632-9ee3fe40-4609&#8243;][vc_column_text css=&#8221;&#8221;]<\/p>\n<p class=\"p1\">A causa della natura dei nostri prodotti, <span class=\"s1\"><b>i resi non sono possibili<\/b><\/span>. I nostri tartufi e altri prodotti freschi hanno una <span class=\"s1\">durata di conservazione limitata di circa 2 mesi<\/span>, il che significa che non possono essere rivenduti dopo essere stati restituiti. Questa politica garantisce che tutti i clienti ricevano prodotti freschi e di alta qualit\u00e0.  <\/p>\n<p class=\"p3\"><b>Politica di cambio<br \/>\n<\/b><b><\/b>Se desideri cambiare un prodotto, contattaci all&#8217;indirizzo <span class=\"s1\">info@go-microdose.com<\/span>. Sebbene i cambi possano essere possibili per alcuni articoli non deperibili, <span class=\"s1\">i clienti sono responsabili dei costi di spedizione del reso<\/span>. <\/p>\n<p class=\"p3\"><b>Indirizzo di consegna errato<br \/>\n<\/b><b><\/b>Se hai fornito un indirizzo di spedizione errato, contattaci il prima possibile. Cercheremo di aggiornare il tuo ordine prima che venga spedito. Tuttavia, una volta spedito l&#8217;ordine, non \u00e8 pi\u00f9 possibile apportare modifiche.  <\/p>\n<p>[\/vc_column_text][\/vc_tta_section][vc_tta_section title=&#8221;Contatti&#8221; tab_id=&#8221;1737188682135-ea9d8e7b-ed3c&#8221;][vc_column_text css=&#8221;&#8221;]Facciamo il massimo per te come cliente. Ci\u00f2 significa che puoi contattarci facilmente.<br \/>\nSe hai domande su tutto questo, puoi raggiungerci utilizzando le seguenti informazioni: <\/p>\n<p><strong>GO-Microdose.com<\/strong><br \/>\nEmail: <a href=\"mailto:info@go-microdose.com\">info@go-microdose.com<\/a><br \/>\nIl nome commerciale della nostra azienda \u00e8: GK Health B.V.<br \/>\nIl nostro nome di dominio \u00e8 GO-Microdose.com<br \/>\nIl nostro indirizzo postale: Joop Geesinkweg 601, 1114AB Amsterdam<br \/>\nCamera di Commercio: 87887274<br \/>\nP.IVA: NL864437584B01[\/vc_column_text][\/vc_tta_section][\/vc_tta_accordion][\/vc_column][\/vc_row][vc_row el_class=&#8221;pb-220&#8243;][vc_column width=&#8221;1\/2&#8243;][vc_custom_heading text=&#8221;contatti&#8221; font_container=&#8221;tag:div|text_align:left&#8221; use_theme_fonts=&#8221;yes&#8221; el_class=&#8221;pr-tag&#8221;][vc_custom_heading text=&#8221;Domande o osservazioni?&#8221; use_theme_fonts=&#8221;yes&#8221;]\n<div class=\"wpcf7 no-js\" id=\"wpcf7-f57944-o1\" lang=\"it-IT\" dir=\"ltr\" data-wpcf7-id=\"57944\">\n<div class=\"screen-reader-response\"><p role=\"status\" aria-live=\"polite\" aria-atomic=\"true\"><\/p> <ul><\/ul><\/div>\n<form action=\"\/it\/wp-json\/wp\/v2\/pages\/60278#wpcf7-f57944-o1\" method=\"post\" class=\"wpcf7-form init\" aria-label=\"Modulo di contatto\" novalidate=\"novalidate\" data-status=\"init\">\n<fieldset class=\"hidden-fields-container\"><input type=\"hidden\" name=\"_wpcf7\" value=\"57944\" \/><input type=\"hidden\" name=\"_wpcf7_version\" value=\"6.1.5\" \/><input type=\"hidden\" name=\"_wpcf7_locale\" value=\"it_IT\" \/><input type=\"hidden\" name=\"_wpcf7_unit_tag\" value=\"wpcf7-f57944-o1\" \/><input type=\"hidden\" name=\"_wpcf7_container_post\" value=\"0\" \/><input type=\"hidden\" name=\"_wpcf7_posted_data_hash\" value=\"\" \/><input type=\"hidden\" name=\"_wpcf7_recaptcha_response\" value=\"\" \/>\n<\/fieldset>\n<div class=\"contact-form\">\n\t<div class=\"form-row\">\n\t\t<p><span class=\"wpcf7-form-control-wrap\" data-name=\"Naam\"><input size=\"40\" maxlength=\"400\" class=\"wpcf7-form-control wpcf7-text form-field\" aria-invalid=\"false\" placeholder=\"Nome\" value=\"\" type=\"text\" name=\"Naam\" \/><\/span>\n\t\t<\/p>\n\t<\/div>\n\t<div class=\"form-row\">\n\t\t<p><span class=\"wpcf7-form-control-wrap\" data-name=\"Email\"><input size=\"40\" maxlength=\"400\" class=\"wpcf7-form-control wpcf7-email wpcf7-validates-as-required wpcf7-text wpcf7-validates-as-email form-field\" aria-required=\"true\" aria-invalid=\"false\" placeholder=\"Email\" value=\"\" type=\"email\" name=\"Email\" \/><\/span>\n\t\t<\/p>\n\t<\/div>\n\t<div class=\"form-row\">\n\t\t<p><span class=\"wpcf7-form-control-wrap\" data-name=\"your-message\"><textarea cols=\"40\" rows=\"10\" maxlength=\"2000\" class=\"wpcf7-form-control wpcf7-textarea form-field\" aria-invalid=\"false\" placeholder=\"Domanda o commento\u2026\" name=\"your-message\"><\/textarea><\/span>\n\t\t<\/p>\n\t<\/div>\n\t<div class=\"form-row checkbox\">\n\t\t<p><span class=\"wpcf7-form-control-wrap\" data-name=\"agree\"><span class=\"wpcf7-form-control wpcf7-acceptance\"><span class=\"wpcf7-list-item\"><label><input type=\"checkbox\" name=\"agree\" value=\"1\" aria-invalid=\"false\" \/><span class=\"wpcf7-list-item-label\">Accetto l' <a href=\"\/privacy-policy\/\" target=\"_blank\">informativa sulla privacy<\/a><\/span><\/label><\/span><\/span><\/span>\n\t\t<\/p>\n\t<\/div>\n\t<div class=\"form-row\">\n\t<span class=\"wpcf7-form-control-wrap recaptcha\" data-name=\"recaptcha\"><span data-sitekey=\"6LcxYnAUAAAAAK0N-eell9CfBJrJukJ8yVIG3u5S\" class=\"wpcf7-form-control wpcf7-recaptcha g-recaptcha\"><\/span>\r\n<noscript>\r\n\t<div class=\"grecaptcha-noscript\">\r\n\t\t<iframe src=\"https:\/\/www.google.com\/recaptcha\/api\/fallback?k=6LcxYnAUAAAAAK0N-eell9CfBJrJukJ8yVIG3u5S\" frameborder=\"0\" scrolling=\"no\" width=\"310\" height=\"430\">\r\n\t\t<\/iframe>\r\n\t\t<textarea name=\"g-recaptcha-response\" rows=\"3\" cols=\"40\" placeholder=\"reCaptcha Response Here\">\r\n\t\t<\/textarea>\r\n\t<\/div>\r\n<\/noscript>\r\n<\/span>\n\t<\/div>\n\t<div class=\"form-row submit\">\n\t\t<p><button class=\"button vc_btn3-style-modern\"><input class=\"wpcf7-form-control wpcf7-submit has-spinner\" type=\"submit\" value=\"Invia\" \/><\/button>\n\t\t<\/p>\n\t<\/div>\n<\/div><div class=\"wpcf7-response-output\" aria-hidden=\"true\"><\/div>\n<\/form>\n<\/div>\n[\/vc_column][vc_column width=&#8221;1\/2&#8243;][\/vc_column][\/vc_row]<\/p>\n<\/div>","protected":false},"excerpt":{"rendered":"<p>[vc_row][vc_column width=&#8221;1\/2&#8243;][vc_btn title=&#8221;Torna alla panoramica delle spedizioni&#8221; css=&#8221;&#8221; link=&#8221;url:https%3A%2F%2Fgo-microdose.com%2Fit%2Fspedizione%2F|title:Spedizione|&#8221; el_class=&#8221;button-back&#8221;][\/vc_column][vc_column width=&#8221;1\/2&#8243;][\/vc_column][\/vc_row][vc_row el_class=&#8221;pb-40&#8243;][vc_column width=&#8221;1\/2&#8243; el_class=&#8221;pr-80&#8243;][vc_custom_heading text=&#8221;Spedizione in Macedonia del Nord&#8221; font_container=&#8221;tag:h1|text_align:left&#8221; use_theme_fonts=&#8221;yes&#8221; css=&#8221;&#8221; el_class=&#8221;effect-title&#8221;][vc_custom_heading text=&#8221;Funghi magici, tartufi, microdosaggio e altro ancora&#8230;&#8221; use_theme_fonts=&#8221;yes&#8221; el_class=&#8221;h3&#8243;][vc_column_text css=&#8221;&#8221;] S\u00ec! Spediamo tutti i nostri prodotti in Macedonia del Nord! Tutti i tartufi, gli strip per il microdosaggio e i kit di [&hellip;]<\/p>\n","protected":false},"author":5548,"featured_media":0,"parent":56779,"menu_order":0,"comment_status":"open","ping_status":"open","template":"","meta":{"_acf_changed":false,"footnotes":""},"class_list":["post-60278","page","type-page","status-publish","hentry"],"acf":[],"_links":{"self":[{"href":"https:\/\/go-microdose.com\/it\/wp-json\/wp\/v2\/pages\/60278","targetHints":{"allow":["GET"]}}],"collection":[{"href":"https:\/\/go-microdose.com\/it\/wp-json\/wp\/v2\/pages"}],"about":[{"href":"https:\/\/go-microdose.com\/it\/wp-json\/wp\/v2\/types\/page"}],"author":[{"embeddable":true,"href":"https:\/\/go-microdose.com\/it\/wp-json\/wp\/v2\/users\/5548"}],"replies":[{"embeddable":true,"href":"https:\/\/go-microdose.com\/it\/wp-json\/wp\/v2\/comments?post=60278"}],"version-history":[{"count":0,"href":"https:\/\/go-microdose.com\/it\/wp-json\/wp\/v2\/pages\/60278\/revisions"}],"up":[{"embeddable":true,"href":"https:\/\/go-microdose.com\/it\/wp-json\/wp\/v2\/pages\/56779"}],"wp:attachment":[{"href":"https:\/\/go-microdose.com\/it\/wp-json\/wp\/v2\/media?parent=60278"}],"curies":[{"name":"wp","href":"https:\/\/api.w.org\/{rel}","templated":true}]}}