{"id":60744,"date":"2026-03-25T21:09:13","date_gmt":"2026-03-25T20:09:13","guid":{"rendered":"https:\/\/go-microdose.com\/stato-dellordine-nel-regno-unito\/"},"modified":"2026-03-25T21:09:34","modified_gmt":"2026-03-25T20:09:34","slug":"stato-dellordine-nel-regno-unito","status":"publish","type":"page","link":"https:\/\/go-microdose.com\/it\/stato-dellordine-nel-regno-unito\/","title":{"rendered":"Stato dell&#8217;ordine nel Regno Unito"},"content":{"rendered":"<div class=\"wpb-content-wrapper\"><p>[vc_section full_width=&#8221;stretch_row_content&#8221; el_class=&#8221;contact-main-section-with-af&#8221;][vc_row el_class=&#8221;contact-section&#8221;][vc_column el_class=&#8221;container&#8221;][vc_row_inner][vc_column_inner width=&#8221;2\/3&#8243;][vc_custom_heading text=&#8221;Spedizioni ottimizzate e guida legale&#8221; font_container=&#8221;tag:h5|text_align:left&#8221; use_theme_fonts=&#8221;yes&#8221; css=&#8221;&#8221; el_class=&#8221;pr-tag&#8221;][vc_custom_heading text=&#8221;Stato dell&apos;ordine nel Regno Unito&#8221; use_theme_fonts=&#8221;yes&#8221; el_class=&#8221;contact-text&#8221;][vc_column_text css=&#8221;&#8221; el_class=&#8221;contact-column&#8221;]<\/p>\n<div class=\"footer-social\">\n<p class=\"p1\"><b>Aggiornamento sulle spedizioni nel Regno Unito<\/b><b><\/b><\/p>\n<p class=\"p1\">Siamo entusiasti di comunicare che i nostri processi di spedizione con Deutsche Post e Royal Mail sono stati ottimizzati con successo, offrendo servizi di consegna pi\u00f9 rapidi e affidabili nel Regno Unito. Da febbraio 2024, abbiamo raggiunto un tasso di consegna del 100% per tutti gli ordini, garantendo che le spedizioni arrivino a destinazione senza intoppi e nei tempi previsti. <\/p>\n<p class=\"p1\"><b>Stato attuale della spedizione:<\/b><b><\/b><\/p>\n<p class=\"p4\">\u2022<b>Efficienza migliorata:<\/b> la nostra collaborazione con Deutsche Post e Royal Mail \u00e8 migliorata significativamente, con tutti gli ordini elaborati in modo rapido ed efficiente. Ci\u00f2 ha portato a un record di consegne perfetto dall&#8217;inizio del 2024. <\/p>\n<p class=\"p4\">\u2022<b>Aggiornamenti di tracciamento affidabili:<\/b> abbiamo aggiornato l&#8217;integrazione del nostro sistema di tracciamento, permettendoti di monitorare il tuo ordine dalla spedizione alla consegna. Resta aggiornato con informazioni regolari e accurate visitando la nostra pagina di tracciamento: <strong><a href=\"https:\/\/packet.deutschepost.com\/public\/packet_traceit.xhtml\" target=\"_blank\" rel=\"noopener\">Traccia il tuo ordine<\/a><\/strong>. <\/p>\n<p class=\"p4\">\u2022<b>Impegno per la puntualit\u00e0:<\/b> il settore delle spedizioni \u00e8 in continua evoluzione, ma la nostra dedizione alla puntualit\u00e0 rimane costante. Ottimizziamo continuamente ogni fase del processo di consegna per garantire efficienza e affidabilit\u00e0. <\/p>\n<p class=\"p1\"><b>Considerazioni legali:<\/b><b><\/b><\/p>\n<p class=\"p1\">Prima di effettuare un ordine, ti invitiamo a verificare lo stato legale dei tartufi nella tua zona. Per informazioni dettagliate sullo stato legale dei nostri prodotti, visita: <a href=\"https:\/\/go-microdose.com\/legal-status-of-truffles\/\"><strong>Stato legale dei tartufi<\/strong><\/a>. \u00c8 importante essere ben informati per prendere decisioni consapevoli sui propri acquisti.  <\/p>\n<p class=\"p1\">Comprendiamo l&#8217;importanza di una consegna puntuale e ci impegniamo a rendere la tua esperienza con noi il pi\u00f9 fluida e soddisfacente possibile. In caso di ritardi imprevisti, promettiamo di tenerti al corrente e di adottare misure proattive per risolvere qualsiasi problema. <\/p>\n<p class=\"p1\">Grazie per la tua continua fiducia in GO Microdose. Il nostro team \u00e8 sempre a disposizione per assisterti in caso di domande o dubbi. Non esitare a contattarci in qualsiasi momento. Non vediamo l&#8217;ora di servirti e di garantirti la massima soddisfazione per ogni ordine.   <\/p>\n<p class=\"p1\"><b>Il team di GO Microdose<\/b><b><\/b><\/p>\n<\/div>\n<p>[\/vc_column_text][\/vc_column_inner][vc_column_inner width=&#8221;1\/3&#8243;][\/vc_column_inner][\/vc_row_inner][\/vc_column][\/vc_row][\/vc_section]<\/p>\n<\/div>","protected":false},"excerpt":{"rendered":"<p>[vc_section full_width=&#8221;stretch_row_content&#8221; el_class=&#8221;contact-main-section-with-af&#8221;][vc_row el_class=&#8221;contact-section&#8221;][vc_column el_class=&#8221;container&#8221;][vc_row_inner][vc_column_inner width=&#8221;2\/3&#8243;][vc_custom_heading text=&#8221;Spedizioni ottimizzate e guida legale&#8221; font_container=&#8221;tag:h5|text_align:left&#8221; use_theme_fonts=&#8221;yes&#8221; css=&#8221;&#8221; el_class=&#8221;pr-tag&#8221;][vc_custom_heading text=&#8221;Stato dell&apos;ordine nel Regno Unito&#8221; use_theme_fonts=&#8221;yes&#8221; el_class=&#8221;contact-text&#8221;][vc_column_text css=&#8221;&#8221; el_class=&#8221;contact-column&#8221;] Aggiornamento sulle spedizioni nel Regno Unito Siamo entusiasti di comunicare che i nostri processi di spedizione con Deutsche Post e Royal Mail sono stati ottimizzati con successo, offrendo servizi di consegna [&hellip;]<\/p>\n","protected":false},"author":5548,"featured_media":0,"parent":0,"menu_order":0,"comment_status":"closed","ping_status":"closed","template":"","meta":{"_acf_changed":false,"footnotes":""},"class_list":["post-60744","page","type-page","status-publish","hentry"],"acf":[],"_links":{"self":[{"href":"https:\/\/go-microdose.com\/it\/wp-json\/wp\/v2\/pages\/60744","targetHints":{"allow":["GET"]}}],"collection":[{"href":"https:\/\/go-microdose.com\/it\/wp-json\/wp\/v2\/pages"}],"about":[{"href":"https:\/\/go-microdose.com\/it\/wp-json\/wp\/v2\/types\/page"}],"author":[{"embeddable":true,"href":"https:\/\/go-microdose.com\/it\/wp-json\/wp\/v2\/users\/5548"}],"replies":[{"embeddable":true,"href":"https:\/\/go-microdose.com\/it\/wp-json\/wp\/v2\/comments?post=60744"}],"version-history":[{"count":0,"href":"https:\/\/go-microdose.com\/it\/wp-json\/wp\/v2\/pages\/60744\/revisions"}],"wp:attachment":[{"href":"https:\/\/go-microdose.com\/it\/wp-json\/wp\/v2\/media?parent=60744"}],"curies":[{"name":"wp","href":"https:\/\/api.w.org\/{rel}","templated":true}]}}