{"id":57468,"date":"2023-11-10T04:55:04","date_gmt":"2023-11-10T04:55:04","guid":{"rendered":"https:\/\/go-microdose.com\/product\/estratto-liquido-di-reishi-cotae\/"},"modified":"2026-04-06T07:51:17","modified_gmt":"2026-04-06T05:51:17","slug":"estratto-liquido-di-reishi-cotae","status":"publish","type":"product","link":"https:\/\/go-microdose.com\/it\/prodotto\/estratto-liquido-di-reishi-cotae\/","title":{"rendered":"Estratto liquido di Reishi C\u014dtae"},"content":{"rendered":"<div class=\"wpb-content-wrapper\"><p>[vc_row][vc_column][vc_column_text]Immergiti nell&#8217;antica tradizione della vitalit\u00e0 con l&#8217;Estratto Liquido di Reishi C\u014dtae, progettato per incarnare armonia e longevit\u00e0. Il nostro estratto onora l&#8217;eredit\u00e0 del &#8220;fungo dell&#8217;immortalit\u00e0&#8221;, utilizzato da oltre due millenni per simboleggiare gioia, salute e longevit\u00e0. Questo potente liquido offre un percorso moderno verso gli effetti venerati del Reishi, fornendo un supporto naturale al tuo sistema immunitario e promuovendo energia naturale nel corpo.  <\/p>\n<p>Nella realizzazione di questo estratto, abbiamo adottato un meticoloso processo di estrazione tripla, incluse tecniche a ultrasuoni, per garantire che l&#8217;intero spettro delle sostanze vitali del Reishi sia preservato. Utilizzando solo i corpi fruttiferi, il nostro prodotto rimane privo di riempitivi e micelio su cereali, raggiungendo un rapporto di concentrazione elevato di 12:1 e un minimo del 30% di polisaccaridi, celebrati per le loro funzioni di supporto immunitario. <\/p>\n<p>Che tu stia cercando di rafforzare la tua resistenza, migliorare l&#8217;energia naturale o semplicemente integrare un supplemento olistico nella tua routine quotidiana di benessere, l&#8217;Estratto Liquido di Reishi C\u014dtae \u00e8 il tuo alleato. Ogni goccia \u00e8 una testimonianza del nostro impegno per la purezza, la potenza e la saggezza senza tempo delle pratiche di salute naturale.[\/vc_column_text][\/vc_column][\/vc_row]<\/p>\n<\/div>","protected":false},"excerpt":{"rendered":"<p>Immergiti nell&#8217;antica tradizione della vitalit\u00e0 con l&#8217;Estratto Liquido di Reishi C\u014dtae, progettato per incarnare armonia e longevit\u00e0. Il nostro estratto onora l&#8217;eredit\u00e0 del &#8220;fungo dell&#8217;immortalit\u00e0&#8221;, utilizzato da oltre due millenni per simboleggiare gioia, salute e longevit\u00e0. Questo potente liquido offre un percorso moderno verso gli effetti venerati del Reishi, fornendo un supporto naturale al tuo sistema immunitario e promuovendo energia naturale nel corpo.  <\/p>\n<p>Nella realizzazione di questo estratto, abbiamo adottato un meticoloso processo di estrazione tripla, incluse tecniche a ultrasuoni, per garantire che l&#8217;intero spettro delle sostanze vitali del Reishi sia preservato. Utilizzando solo i corpi fruttiferi, il nostro prodotto rimane privo di riempitivi e micelio su cereali, raggiungendo un rapporto di concentrazione elevato di 12:1 e un minimo del 30% di polisaccaridi, celebrati per le loro funzioni di supporto immunitario. <\/p>\n<p>Che tu stia cercando di rafforzare la tua resistenza, migliorare l&#8217;energia naturale o semplicemente integrare un supplemento olistico nella tua routine quotidiana di benessere, l&#8217;Estratto Liquido di Reishi C\u014dtae \u00e8 il tuo alleato. Ogni goccia \u00e8 una testimonianza del nostro impegno per la purezza, la potenza e la saggezza senza tempo delle pratiche di salute naturale. <\/p>\n","protected":false},"featured_media":57469,"comment_status":"open","ping_status":"closed","template":"","meta":{"_acf_changed":false},"product_brand":[],"product_cat":[195],"product_tag":[],"giftcard-category":[],"class_list":{"0":"post-57468","1":"product","2":"type-product","3":"status-publish","4":"has-post-thumbnail","6":"product_cat-integratori-di-funghi","7":"product_shipping_class-confezione-grande","9":"first","10":"instock","11":"taxable","12":"shipping-taxable","13":"purchasable","14":"product-type-simple"},"acf":[],"_links":{"self":[{"href":"https:\/\/go-microdose.com\/it\/wp-json\/wp\/v2\/product\/57468","targetHints":{"allow":["GET"]}}],"collection":[{"href":"https:\/\/go-microdose.com\/it\/wp-json\/wp\/v2\/product"}],"about":[{"href":"https:\/\/go-microdose.com\/it\/wp-json\/wp\/v2\/types\/product"}],"replies":[{"embeddable":true,"href":"https:\/\/go-microdose.com\/it\/wp-json\/wp\/v2\/comments?post=57468"}],"wp:featuredmedia":[{"embeddable":true,"href":"https:\/\/go-microdose.com\/it\/wp-json\/wp\/v2\/media\/57469"}],"wp:attachment":[{"href":"https:\/\/go-microdose.com\/it\/wp-json\/wp\/v2\/media?parent=57468"}],"wp:term":[{"taxonomy":"product_brand","embeddable":true,"href":"https:\/\/go-microdose.com\/it\/wp-json\/wp\/v2\/product_brand?post=57468"},{"taxonomy":"product_cat","embeddable":true,"href":"https:\/\/go-microdose.com\/it\/wp-json\/wp\/v2\/product_cat?post=57468"},{"taxonomy":"product_tag","embeddable":true,"href":"https:\/\/go-microdose.com\/it\/wp-json\/wp\/v2\/product_tag?post=57468"},{"taxonomy":"giftcard-category","embeddable":true,"href":"https:\/\/go-microdose.com\/it\/wp-json\/wp\/v2\/giftcard-category?post=57468"}],"curies":[{"name":"wp","href":"https:\/\/api.w.org\/{rel}","templated":true}]}}