{"id":57536,"date":"2023-11-10T05:18:21","date_gmt":"2023-11-10T05:18:21","guid":{"rendered":"https:\/\/go-microdose.com\/product\/cotae-chaga-liquido\/"},"modified":"2026-04-06T07:51:01","modified_gmt":"2026-04-06T05:51:01","slug":"cotae-chaga-liquido","status":"publish","type":"product","link":"https:\/\/go-microdose.com\/it\/prodotto\/cotae-chaga-liquido\/","title":{"rendered":"C\u014dtae Chaga liquido"},"content":{"rendered":"<div class=\"wpb-content-wrapper\"><p>[vc_row][vc_column][vc_column_text]L&#8217;estratto liquido di Chaga di C\u014dtae incarna il venerato titolo di &#8220;re della foresta&#8221;, a testimonianza del suo passato leggendario e dei suoi potenti benefici per la salute. Questa potente tintura cattura l&#8217;essenza del Chaga, uno sclerozio ricco di nutrienti e apprezzato in regioni come la Siberia, la Cina e la Scandinavia per le sue propriet\u00e0 di supporto al sistema immunitario. <\/p>\n<p>Il nostro estratto liquido non si limita a offrire benessere; fornisce un pratico legame con un rimedio antico. Utilizzando un sofisticato metodo di tripla estrazione, che include tecniche a ultrasuoni, garantiamo la conservazione dell&#8217;intero spettro di sostanze vitali del Chaga. Standardizzata per contenere almeno il 30% di polisaccaridi, ogni goccia \u00e8 ricca di composti bioattivi che supportano il sistema immunitario, la sana divisione cellulare e la formazione dei globuli rossi.  <\/p>\n<p>Adottare un rituale quotidiano con l&#8217;estratto liquido di Chaga di C\u014dtae pu\u00f2 aiutare a fortificare le difese naturali del tuo corpo e contribuire alla vitalit\u00e0 generale. \u00c8 la scelta ideale per chi desidera integrare il potere protettivo del Chaga nella propria routine quotidiana, garantendo una solida base per la salute.[\/vc_column_text][\/vc_column][\/vc_row]<\/p>\n<\/div>","protected":false},"excerpt":{"rendered":"<p>L&#8217;estratto liquido di Chaga di C\u014dtae incarna il venerato titolo di &#8220;re della foresta&#8221;, a testimonianza del suo passato leggendario e dei suoi potenti benefici per la salute. Questa potente tintura cattura l&#8217;essenza del Chaga, uno sclerozio ricco di nutrienti e apprezzato in regioni come la Siberia, la Cina e la Scandinavia per le sue propriet\u00e0 di supporto al sistema immunitario. <\/p>\n<p>Il nostro estratto liquido non si limita a offrire benessere; fornisce un pratico legame con un rimedio antico. Utilizzando un sofisticato metodo di tripla estrazione, che include tecniche a ultrasuoni, garantiamo la conservazione dell&#8217;intero spettro di sostanze vitali del Chaga. Standardizzata per contenere almeno il 30% di polisaccaridi, ogni goccia \u00e8 ricca di composti bioattivi che supportano il sistema immunitario, la sana divisione cellulare e la formazione dei globuli rossi.  <\/p>\n<p>Adottare un rituale quotidiano con l&#8217;estratto liquido di Chaga di C\u014dtae pu\u00f2 aiutare a fortificare le difese naturali del tuo corpo e contribuire alla vitalit\u00e0 generale. \u00c8 la scelta ideale per chi desidera integrare il potere protettivo del Chaga nella propria routine quotidiana, garantendo una solida base per la salute. <\/p>\n","protected":false},"featured_media":57537,"comment_status":"open","ping_status":"closed","template":"","meta":{"_acf_changed":false},"product_brand":[],"product_cat":[195],"product_tag":[],"giftcard-category":[],"class_list":{"0":"post-57536","1":"product","2":"type-product","3":"status-publish","4":"has-post-thumbnail","6":"product_cat-integratori-di-funghi","7":"product_shipping_class-confezione-grande","9":"first","10":"instock","11":"taxable","12":"shipping-taxable","13":"purchasable","14":"product-type-simple"},"acf":[],"_links":{"self":[{"href":"https:\/\/go-microdose.com\/it\/wp-json\/wp\/v2\/product\/57536","targetHints":{"allow":["GET"]}}],"collection":[{"href":"https:\/\/go-microdose.com\/it\/wp-json\/wp\/v2\/product"}],"about":[{"href":"https:\/\/go-microdose.com\/it\/wp-json\/wp\/v2\/types\/product"}],"replies":[{"embeddable":true,"href":"https:\/\/go-microdose.com\/it\/wp-json\/wp\/v2\/comments?post=57536"}],"wp:featuredmedia":[{"embeddable":true,"href":"https:\/\/go-microdose.com\/it\/wp-json\/wp\/v2\/media\/57537"}],"wp:attachment":[{"href":"https:\/\/go-microdose.com\/it\/wp-json\/wp\/v2\/media?parent=57536"}],"wp:term":[{"taxonomy":"product_brand","embeddable":true,"href":"https:\/\/go-microdose.com\/it\/wp-json\/wp\/v2\/product_brand?post=57536"},{"taxonomy":"product_cat","embeddable":true,"href":"https:\/\/go-microdose.com\/it\/wp-json\/wp\/v2\/product_cat?post=57536"},{"taxonomy":"product_tag","embeddable":true,"href":"https:\/\/go-microdose.com\/it\/wp-json\/wp\/v2\/product_tag?post=57536"},{"taxonomy":"giftcard-category","embeddable":true,"href":"https:\/\/go-microdose.com\/it\/wp-json\/wp\/v2\/giftcard-category?post=57536"}],"curies":[{"name":"wp","href":"https:\/\/api.w.org\/{rel}","templated":true}]}}