{"id":57687,"date":"2024-02-09T11:33:46","date_gmt":"2024-02-09T11:33:46","guid":{"rendered":"https:\/\/go-microdose.com\/product\/gummies-quotidiane-miscela-di-funghi\/"},"modified":"2026-04-06T07:50:53","modified_gmt":"2026-04-06T05:50:53","slug":"gummies-quotidiane-miscela-di-funghi","status":"publish","type":"product","link":"https:\/\/go-microdose.com\/it\/prodotto\/gummies-quotidiane-miscela-di-funghi\/","title":{"rendered":"Gummies Quotidiane \u2013 Miscela di funghi"},"content":{"rendered":"<div class=\"wpb-content-wrapper\"><p>[vc_section full_width=&#8221;stretch_row&#8221; css=&#8221;.vc_custom_1707396139446{background-color: #ffffff !important;}&#8221; el_class=&#8221;pb-110 add-lines-before add-lines-after&#8221;][vc_row el_class=&#8221;pt-80&#8243;][vc_column width=&#8221;5\/12&#8243;][vc_single_image image=&#8221;57733&#8243; img_size=&#8221;full&#8221; el_class=&#8221;image-with-shadow&#8221;][vc_raw_html]ICA8ZGl2IGNsYXNzPSJndW1taWVzLXJhbmRvbSI+CiAgICA8ZGl2PjwvZGl2PgogICAgPGRpdj48L2Rpdj4KICAgIDxkaXY+PC9kaXY+CiAgPC9kaXY+[\/vc_raw_html][\/vc_column][vc_column width=&#8221;1\/12&#8243;][\/vc_column][vc_column width=&#8221;6\/12&#8243;][vc_custom_heading text=&#8221;Informazioni&#8221; font_container=&#8221;tag:div|text_align:left&#8221; use_theme_fonts=&#8221;yes&#8221; el_class=&#8221;pr-tag&#8221;][vc_custom_heading text=&#8221;Info sulle Gummies Quotidiane&#8221; use_theme_fonts=&#8221;yes&#8221;][vc_column_text]Ti presentiamo le nostre Gummies Quotidiane, una miscela di 10 funghi funzionali coltivati biologicamente in un formato pratico e gustoso. Ogni porzione apporta una potente dose di 2500 mg della nostra esclusiva miscela di funghi, progettata per sostenere umore, energia, difese immunitarie, concentrazione e memoria. Realizzate con cura, le nostre caramelle gommose sono vegane, senza glutine e prive di additivi nocivi, per garantirti solo il meglio che la natura ha da offrire. Testate in laboratorio per purezza e potenza, queste gummies sono le tue alleate quotidiane per una vita equilibrata e sana. Abbraccia il potere naturale dei funghi e sperimenta un benessere superiore a ogni morso.[\/vc_column_text][vc_tta_accordion section_title_tag=&#8221;h5&#8243; shape=&#8221;square&#8221; c_icon=&#8221;&#8221; active_section=&#8221;100&#8243; collapsible_all=&#8221;true&#8221; el_class=&#8221;b-accordion&#8221;][vc_tta_section title=&#8221;Descrizione&#8221; tab_id=&#8221;1707379190568-89bf1352-854ecb43-1b84f456-72d7&#8243;][vc_column_text]Le nostre Gummies Quotidiane offrono una potente miscela di 10 funghi funzionali per migliorare naturalmente umore, energia, immunit\u00e0 e funzioni cognitive. Goditi i benefici olistici dei funghi in una deliziosa e pratica caramella gommosa, perfetta per l&#8217;uso quotidiano.[\/vc_column_text][\/vc_tta_section][vc_tta_section title=&#8221;Ingredienti&#8221; tab_id=&#8221;1707379190574-70f5bee6-e5e8cb43-1b84f456-72d7&#8243;][vc_column_text]<\/p>\n<ul>\n<li>Fungo Maitake<\/li>\n<li>Fungo Shiitake<\/li>\n<li>Fungo Lion\u2019s Mane<\/li>\n<li>Fungo Reishi<\/li>\n<li>Fungo Cordyceps<\/li>\n<li>Fungo Chaga<\/li>\n<li>Fungo Turkey Tail<\/li>\n<li>Fungo Prataiolo<\/li>\n<li>Fungo Orecchio di Giuda<\/li>\n<li>Fungo del Sole<\/li>\n<li>Altri ingredienti: Sciroppo di glucosio, pectina, acido citrico, aroma naturale di lampone, citrato di sodio, concentrato di succo di carota viola, olio vegetale (olio di cocco con cera carnauba).<\/li>\n<\/ul>\n<p>[\/vc_column_text][\/vc_tta_section][vc_tta_section title=&#8221;Recensioni&#8221; tab_id=&#8221;1707379232450-e7f3c484-56b4cb43-1b84f456-72d7&#8243;][vc_raw_html]W2N1c3Jldl9yZXZpZXdzXQ==[\/vc_raw_html][\/vc_tta_section][\/vc_tta_accordion][vc_wp_text title=&#8221;Vegane, senza glutine e testate in laboratorio.&#8221; el_class=&#8221;block-vegan&#8221;]Le nostre gummies sono a base vegetale e senza glutine,<br \/>\nperfette per diete vegane e celiache.<br \/>\n<strong>NO:<\/strong> OGM, gelatina, alcol o coloranti alimentari.[\/vc_wp_text][\/vc_column][\/vc_row][vc_row equal_height=&#8221;yes&#8221; el_class=&#8221;pt-80&#8243;][vc_column width=&#8221;6\/12&#8243;][vc_custom_heading text=&#8221;Informazioni&#8221; font_container=&#8221;tag:div|text_align:left&#8221; use_theme_fonts=&#8221;yes&#8221; el_class=&#8221;pr-tag&#8221;][vc_custom_heading text=&#8221;Benefici&#8221; use_theme_fonts=&#8221;yes&#8221;][vc_column_text]Sperimenta i benefici sinergici di 10 potenti funghi, ognuno dei quali contribuisce a migliorare concentrazione, memoria, supporto immunitario, livelli di energia e regolazione dell&#8217;umore. Le nostre Gummies Quotidiane sono la tua soluzione tutto-in-uno per una vita pi\u00f9 sana e vibrante.[\/vc_column_text][vc_tta_accordion section_title_tag=&#8221;h5&#8243; shape=&#8221;square&#8221; c_icon=&#8221;&#8221; active_section=&#8221;100&#8243; collapsible_all=&#8221;true&#8221; el_class=&#8221;b-accordion&#8221;][vc_tta_section title=&#8221;Rafforza le difese immunitarie*&#8221; tab_id=&#8221;1707387765192-400d8d04-1612cb43-1b84f456-72d7&#8243; el_class=&#8221;icon-boost-immunity&#8221;][vc_column_text]Rafforza il tuo sistema immunitario con il potere dei funghi. Le nostre Gummies Quotidiane forniscono nutrienti essenziali e antiossidanti che supportano la salute immunitaria, aiutandoti a rimanere resiliente contro stress e patogeni.[\/vc_column_text][\/vc_tta_section][vc_tta_section title=&#8221;Pi\u00f9 energia*&#8221; tab_id=&#8221;1707387765213-ee1cfffa-0c5ccb43-1b84f456-72d7&#8243; el_class=&#8221;icon-experience&#8221;][vc_column_text]Aumenta la tua energia quotidiana senza caffeina o stimolanti. La nostra esclusiva miscela di funghi supporta la produzione naturale di energia e la resistenza, permettendoti di affrontare la giornata con vigore e vitalit\u00e0.[\/vc_column_text][\/vc_tta_section][vc_tta_section title=&#8221;Migliora l&apos;umore*&#8221; tab_id=&#8221;1707387765230-c937f601-5d59cb43-1b84f456-72d7&#8243; el_class=&#8221;icon-improve-mood&#8221;][vc_column_text]Solleva l&#8217;umore e riduci lo stress con le nostre Gummies Quotidiane. Ogni porzione contiene una miscela di funghi noti per le loro propriet\u00e0 adattogene, che aiutano a bilanciare il benessere mentale ed emotivo per sentirti pi\u00f9 felice e rilassato.[\/vc_column_text][\/vc_tta_section][vc_tta_section title=&#8221;Aumenta concentrazione e memoria*&#8221; tab_id=&#8221;1707387998641-fe4b3cc3-3a1ecb43-1b84f456-72d7&#8243; el_class=&#8221;icon-increase-focus&#8221;][vc_column_text]Affina la tua concentrazione e migliora la memoria con le nostre gummies ai funghi funzionali. Ideali per chi cerca chiarezza mentale e supporto cognitivo, queste caramelle ti aiutano a rimanere vigile e attivo tutto il giorno.[\/vc_column_text][\/vc_tta_section][\/vc_tta_accordion][\/vc_column][vc_column width=&#8221;1\/12&#8243;][\/vc_column][vc_column width=&#8221;5\/12&#8243; el_class=&#8221;mo-1&#8243;][vc_single_image image=&#8221;57732&#8243; img_size=&#8221;full&#8221; el_class=&#8221;image-with-shadow&#8221;][vc_raw_html]ICA8ZGl2IGNsYXNzPSJndW1taWVzLXJhbmRvbSI+CiAgICA8ZGl2PjwvZGl2PgogICAgPGRpdj48L2Rpdj4KICAgIDxkaXY+PC9kaXY+CiAgPC9kaXY+[\/vc_raw_html][\/vc_column][\/vc_row][\/vc_section][vc_section full_width=&#8221;stretch_row&#8221; el_class=&#8221;add-lines-after white pb-180&#8243;][vc_row el_class=&#8221;pt-90&#8243;][vc_column][vc_custom_heading text=&#8221;GUSTOSE E DELIZIOSE&#8221; font_container=&#8221;tag:div|text_align:center&#8221; use_theme_fonts=&#8221;yes&#8221; el_class=&#8221;pr-tag&#8221;][vc_custom_heading text=&#8221;Cosa c&apos;\u00e8 dentro?&#8221; font_container=&#8221;tag:h2|text_align:center&#8221; use_theme_fonts=&#8221;yes&#8221;][vc_column_text el_class=&#8221;text-center&#8221;]Dentro ogni gommosa si cela una potente miscela di 10 funghi funzionali, meticolosamente selezionati per le loro propriet\u00e0 benefiche. Questi concentrati di natura lavorano insieme per sostenere il tuo benessere generale, rendendo ogni giorno pi\u00f9 luminoso ed equilibrato.[\/vc_column_text][\/vc_column][\/vc_row][vc_row el_class=&#8221;s-whats-inside pb-80&#8243;][vc_column][vc_row_inner][vc_column_inner][vc_single_image image=&#8221;57719&#8243; img_size=&#8221;full&#8221;][vc_column_text]Rafforza l&#8217;immunit\u00e0 e supporta livelli sani di zucchero nel sangue.[\/vc_column_text][vc_custom_heading text=&#8221;Fungo<br \/>\nMaitake&#8221; font_container=&#8221;tag:h5|text_align:left&#8221; use_theme_fonts=&#8221;yes&#8221;][\/vc_column_inner][\/vc_row_inner][vc_row_inner][vc_column_inner][vc_single_image image=&#8221;57722&#8243; img_size=&#8221;full&#8221;][vc_column_text]Migliora la salute cardiovascolare e fornisce nutrienti vitali.[\/vc_column_text][vc_custom_heading text=&#8221;Fungo<br \/>\nShiitake&#8221; font_container=&#8221;tag:h5|text_align:left&#8221; use_theme_fonts=&#8221;yes&#8221;][\/vc_column_inner][\/vc_row_inner][vc_row_inner][vc_column_inner][vc_single_image image=&#8221;57718&#8243; img_size=&#8221;full&#8221;][vc_column_text]Promuove la salute del cervello, migliorando concentrazione e memoria.[\/vc_column_text][vc_custom_heading text=&#8221;Fungo<br \/>\nLion\u2019s mane&#8221; font_container=&#8221;tag:h5|text_align:left&#8221; use_theme_fonts=&#8221;yes&#8221;][\/vc_column_inner][\/vc_row_inner][vc_row_inner][vc_column_inner][vc_single_image image=&#8221;57720&#8243; img_size=&#8221;full&#8221;][vc_column_text]Riduce lo stress e migliora la qualit\u00e0 del sonno.[\/vc_column_text][vc_custom_heading text=&#8221;Fungo<br \/>\nReishi&#8221; font_container=&#8221;tag:h5|text_align:left&#8221; use_theme_fonts=&#8221;yes&#8221;][\/vc_column_inner][\/vc_row_inner][vc_row_inner][vc_column_inner][vc_single_image image=&#8221;57717&#8243; img_size=&#8221;full&#8221;][vc_column_text]Aumenta l&#8217;energia e le prestazioni atletiche.[\/vc_column_text][vc_custom_heading text=&#8221;Fungo<br \/>\nCordyceps&#8221; font_container=&#8221;tag:h5|text_align:left&#8221; use_theme_fonts=&#8221;yes&#8221;][\/vc_column_inner][\/vc_row_inner][vc_row_inner][vc_column_inner][vc_single_image image=&#8221;57716&#8243; img_size=&#8221;full&#8221;][vc_column_text]Ricco di potenti antiossidanti per il supporto immunitario.[\/vc_column_text][vc_custom_heading text=&#8221;Fungo<br \/>\nChaga&#8221; font_container=&#8221;tag:h5|text_align:left&#8221; use_theme_fonts=&#8221;yes&#8221;][\/vc_column_inner][\/vc_row_inner][vc_row_inner][vc_column_inner][vc_single_image image=&#8221;57723&#8243; img_size=&#8221;full&#8221;][vc_column_text]Supporta la salute dell&#8217;intestino e l&#8217;immunit\u00e0.[\/vc_column_text][vc_custom_heading text=&#8221;Fungo<br \/>\nTurkey Tail&#8221; font_container=&#8221;tag:h5|text_align:left&#8221; use_theme_fonts=&#8221;yes&#8221;][\/vc_column_inner][\/vc_row_inner][vc_row_inner][vc_column_inner][vc_single_image image=&#8221;57724&#8243; img_size=&#8221;full&#8221;][vc_column_text]Offre nutrienti essenziali per la salute generale.[\/vc_column_text][vc_custom_heading text=&#8221;Fungo<br \/>\nPrataiolo&#8221; font_container=&#8221;tag:h5|text_align:left&#8221; use_theme_fonts=&#8221;yes&#8221;][\/vc_column_inner][\/vc_row_inner][vc_row_inner][vc_column_inner][vc_single_image image=&#8221;57715&#8243; img_size=&#8221;full&#8221;][vc_column_text]Migliora la circolazione sanguigna e la salute del cuore.[\/vc_column_text][vc_custom_heading text=&#8221;Fungo<br \/>\nOrecchio di Giuda&#8221; font_container=&#8221;tag:h5|text_align:left&#8221; use_theme_fonts=&#8221;yes&#8221;][\/vc_column_inner][\/vc_row_inner][vc_row_inner][vc_column_inner][vc_single_image image=&#8221;57721&#8243; img_size=&#8221;full&#8221;][vc_column_text]Supporta la funzione immunitaria e riduce la fatica.[\/vc_column_text][vc_custom_heading text=&#8221;Fungo<br \/>\ndel Sole&#8221; font_container=&#8221;tag:h5|text_align:left&#8221; use_theme_fonts=&#8221;yes&#8221;][\/vc_column_inner][\/vc_row_inner][\/vc_column][\/vc_row][vc_row el_class=&#8221;s-supplement-facts&#8221;][vc_column width=&#8221;5\/12&#8243; el_class=&#8221;b-supplement-facts&#8221;][vc_custom_heading text=&#8221;Ingredienti&#8221; font_container=&#8221;tag:div|text_align:left&#8221; use_theme_fonts=&#8221;yes&#8221; el_class=&#8221;pr-tag&#8221;][vc_custom_heading text=&#8221;Valori integrativi&#8221; use_theme_fonts=&#8221;yes&#8221;][vc_column_text]<\/p>\n<div class=\"flex-1 overflow-hidden\">\n<div class=\"react-scroll-to-bottom--css-ubvzx-79elbk h-full\">\n<div class=\"react-scroll-to-bottom--css-ubvzx-1n7m0yu\">\n<div class=\"flex flex-col pb-9 text-sm\">\n<div class=\"w-full text-token-text-primary\" data-testid=\"conversation-turn-891\">\n<div class=\"px-4 py-2 justify-center text-base md:gap-6 m-auto\">\n<div class=\"flex flex-1 text-base mx-auto gap-3 md:px-5 lg:px-1 xl:px-5 md:max-w-3xl lg:max-w-[40rem] xl:max-w-[48rem] group final-completion\">\n<div class=\"relative flex w-full flex-col lg:w-[calc(100%-115px)] agent-turn\">\n<div class=\"flex-col gap-1 md:gap-3\">\n<div class=\"flex flex-grow flex-col max-w-full\">\n<div class=\"min-h-[20px] text-message flex flex-col items-start gap-3 whitespace-pre-wrap break-words [.text-message+&amp;]:mt-5 overflow-x-auto\" data-message-author-role=\"assistant\" data-message-id=\"cd52f8b0-8a28-48b1-a432-6caec25cc0df\">\n<div class=\"markdown prose w-full break-words dark:prose-invert light\">\n<p>Le nostre Gummies Quotidiane sono realizzate con funghi di altissima qualit\u00e0 coltivati biologicamente, offrendo una miscela premium di 10 variet\u00e0 funzionali. Questa formula sapientemente estratta e testata in laboratorio garantisce un supporto nutrizionale puro ed efficace in ogni gommosa. <\/p>\n<\/div>\n<\/div>\n<\/div>\n<div class=\"mt-1 flex justify-start gap-3 empty:hidden\">\n<div class=\"text-gray-400 flex self-end lg:self-center justify-center lg:justify-start mt-0 -ml-1 visible\">\n<p>&nbsp;<\/p>\n<div class=\"flex\"><\/div>\n<\/div>\n<\/div>\n<\/div>\n<\/div>\n<\/div>\n<\/div>\n<\/div>\n<\/div>\n<\/div>\n<\/div>\n<\/div>\n<div class=\"w-full pt-2 md:pt-0 dark:border-white\/20 md:border-transparent md:dark:border-transparent md:w-[calc(100%-.5rem)]\">\n<form class=\"stretch mx-2 flex flex-row gap-3 last:mb-2 md:mx-4 md:last:mb-6 lg:mx-auto lg:max-w-2xl xl:max-w-3xl\">\n<div class=\"relative flex h-full flex-1 items-stretch md:flex-col\">\n<div class=\"flex w-full items-center\"><\/div>\n<\/div>\n<\/form>\n<\/div>\n<p>[\/vc_column_text][vc_column_text]<\/p>\n<ul>\n<li><img decoding=\"async\" src=\"\/wp-content\/uploads\/2024\/02\/30.png\" alt=\"Scorta per 30 giorni\" width=\"101\" height=\"101\">Scorta per 30 giorni<\/li>\n<li><img decoding=\"async\" src=\"\/wp-content\/uploads\/2024\/02\/10.png\" alt=\"Miscela di 10 funghi funzionali\" width=\"101\" height=\"101\">Miscela di 10 funghi funzionali<\/li>\n<li><img decoding=\"async\" src=\"\/wp-content\/uploads\/2024\/02\/60.png\" alt=\"\" width=\"101\" height=\"101\">60 Gummies,<br \/>\n2500 mg per porzione<\/li>\n<li><img decoding=\"async\" src=\"\/wp-content\/uploads\/2024\/02\/vegan.png\" alt=\"\" width=\"101\" height=\"101\">Vegane, 100% naturali<\/li>\n<li><img decoding=\"async\" src=\"\/wp-content\/uploads\/2024\/02\/gluten.png\" alt=\"\" width=\"101\" height=\"101\">Senza glutine<\/li>\n<li><img decoding=\"async\" src=\"\/wp-content\/uploads\/2024\/02\/raspberry-flavour.png\" alt=\"\" width=\"101\" height=\"101\">Gusto naturale al lampone<\/li>\n<\/ul>\n<p>[\/vc_column_text][\/vc_column][vc_column width=&#8221;1\/12&#8243;][\/vc_column][vc_column width=&#8221;6\/12&#8243;][vc_single_image image=&#8221;57699&#8243; img_size=&#8221;full&#8221; onclick=&#8221;link_image&#8221;][vc_single_image image=&#8221;56295&#8243; img_size=&#8221;full&#8221; el_class=&#8221;fix-image&#8221;][\/vc_column][\/vc_row][\/vc_section][vc_section full_width=&#8221;stretch_row&#8221; css=&#8221;.vc_custom_1707458017878{background-color: #ffffff !important;}&#8221; el_class=&#8221;s-why-gummies pb-150 add-lines-after&#8221;][vc_row el_class=&#8221;pt-100 pb-100&#8243;][vc_column width=&#8221;4\/12&#8243;][vc_custom_heading text=&#8221;Perch\u00e9 le gummies?&#8221; font_container=&#8221;tag:div|text_align:left&#8221; use_theme_fonts=&#8221;yes&#8221; el_class=&#8221;pr-tag&#8221;][vc_custom_heading text=&#8221;La maggior parte degli integratori \u00e8 uno spreco di soldi&#8221; use_theme_fonts=&#8221;yes&#8221;][vc_column_text]Il nostro corpo non \u00e8 efficiente: solo una piccola parte di ci\u00f2 che consumiamo viene assorbita. Di conseguenza, gli integratori che arrivano nello stomaco producono scarsi risultati. Prova gli integratori in formato gommosa e aumenta i tassi di assorbimento fino al 90%.[\/vc_column_text][\/vc_column][vc_column width=&#8221;1\/12&#8243;][\/vc_column][vc_column width=&#8221;7\/12&#8243;][vc_row_inner equal_height=&#8221;yes&#8221; el_class=&#8221;s-compare&#8221;][vc_column_inner el_class=&#8221;b-pure-natural&#8221; width=&#8221;1\/2&#8243;][vc_custom_heading text=&#8221;Gummies ai funghi pure e naturali&#8221; font_container=&#8221;tag:h3|text_align:left&#8221; use_theme_fonts=&#8221;yes&#8221;][vc_column_text]<\/p>\n<ul>\n<li>Pi\u00f9 nutrienti per porzione<\/li>\n<li>Efficienza di assorbimento \u00b190%<\/li>\n<li>Con ingredienti che potenziano i benefici<\/li>\n<li>Masticabili e facili da consumare<\/li>\n<li>Deliziose e leggere per lo stomaco<\/li>\n<\/ul>\n<p>[\/vc_column_text][\/vc_column_inner][vc_column_inner width=&#8221;1\/2&#8243;][vc_custom_heading text=&#8221;Integratori in capsule \/ compresse&#8221; font_container=&#8221;tag:h3|text_align:left&#8221; use_theme_fonts=&#8221;yes&#8221;][vc_column_text]<\/p>\n<ul>\n<li>Meno nutrienti per porzione<\/li>\n<li>Efficienza di assorbimento 7%-12%<\/li>\n<li>Solo pochi ingredienti<\/li>\n<li>Possono essere difficili da deglutire<\/li>\n<li>Causano nausea in alcune persone<\/li>\n<\/ul>\n<p>[\/vc_column_text][\/vc_column_inner][\/vc_row_inner][\/vc_column][\/vc_row][vc_row][vc_column width=&#8221;1\/12&#8243;][\/vc_column][vc_column width=&#8221;10\/12&#8243;][vc_custom_heading text=&#8221;FAQ&#8221; font_container=&#8221;tag:div|text_align:center&#8221; use_theme_fonts=&#8221;yes&#8221;][vc_custom_heading text=&#8221;Domande frequenti&#8221; font_container=&#8221;tag:h2|text_align:center&#8221; use_theme_fonts=&#8221;yes&#8221;][vc_tta_accordion section_title_tag=&#8221;h5&#8243; shape=&#8221;square&#8221; c_position=&#8221;right&#8221; active_section=&#8221;1&#8243; collapsible_all=&#8221;true&#8221; el_class=&#8221;b-accordion&#8221;][vc_tta_section title=&#8221;Le Gummies Quotidiane sono legali ovunque?&#8221; tab_id=&#8221;1707397517424-4679fe32-f3d2cb43-1b84f456-72d7&#8243;][vc_column_text]Le Gummies Quotidiane sono prodotte con funghi legali e non psicoattivi e sono conformi agli standard legali in quasi tutti i paesi del mondo.[\/vc_column_text][\/vc_tta_section][vc_tta_section title=&#8221;Le Gummies Quotidiane contengono sostanze psicoattive?&#8221; tab_id=&#8221;1707644934934-b5813886-da89&#8243;][vc_column_text]No, le nostre Gummies Quotidiane non contengono sostanze psicoattive. Sono formulate con funghi funzionali noti per i loro benefici sulla salute senza alterare il tuo stato mentale.[\/vc_column_text][\/vc_tta_section][vc_tta_section title=&#8221;Come si assumono le Gummies Quotidiane?&#8221; tab_id=&#8221;1707644929388-8e5b15d3-6629&#8243;][vc_column_text]Assumi 2 gummies una volta al giorno, preferibilmente durante un pasto. Per risultati ottimali, consigliamo un uso quotidiano costante. Non superare le 4 gummies al giorno.[\/vc_column_text][\/vc_tta_section][vc_tta_section title=&#8221;Posso assumere le Gummies Quotidiane durante il microdosing di tartufi?&#8221; tab_id=&#8221;1709284706003-0f98f840-74e5&#8243;][vc_column_text]Assolutamente s\u00ec! Le nostre Gummies Quotidiane sono progettate per integrare la tua routine di microdosing. Lavorano in sinergia: le gummies offrono un ampio spettro di benefici per il benessere, mentre i tartufi si concentrano sul miglioramento del tuo stato mentale ed emotivo. \u00c8 importante ascoltare il tuo corpo e regolare i dosaggi secondo necessit\u00e0. Se hai domande su come bilanciare questi prodotti o hai bisogno di consigli personalizzati, non esitare a contattarci.[\/vc_column_text][\/vc_tta_section][vc_tta_section title=&#8221;Le Gummies Quotidiane sono adatte a diete vegane e senza glutine?&#8221; tab_id=&#8221;1707397517450-71acc7f8-2d61cb43-1b84f456-72d7&#8243;][vc_column_text]Certamente! Le nostre Gummies Quotidiane sono vegane e senza glutine, realizzate senza OGM, gelatina, alcol o coloranti alimentari, per soddisfare un&#8217;ampia gamma di preferenze dietetiche.[\/vc_column_text][\/vc_tta_section][vc_tta_section title=&#8221;Quali benefici posso aspettarmi dalle Gummies Quotidiane?&#8221; tab_id=&#8221;1707397648753-75caf291-4451cb43-1b84f456-72d7&#8243;][vc_column_text]Gli utenti possono riscontrare un miglioramento di concentrazione, memoria, energia e umore. Inoltre, la miscela supporta la salute immunitaria e il benessere generale.[\/vc_column_text][\/vc_tta_section][vc_tta_section title=&#8221;Posso assumere le Gummies Quotidiane con altri farmaci o integratori?&#8221; tab_id=&#8221;1707397659420-b8c4bfb6-f0d9cb43-1b84f456-72d7&#8243;][vc_column_text]Sebbene le nostre gummies siano realizzate con ingredienti naturali, ti consigliamo di consultare un medico prima di iniziare qualsiasi nuovo integratore, specialmente se stai assumendo farmaci o hai problemi di salute.[\/vc_column_text][\/vc_tta_section][vc_tta_section title=&#8221;Quanto tempo ci vuole per notare i benefici delle Gummies Quotidiane?&#8221; tab_id=&#8221;1707397671972-7ba54117-ca28cb43-1b84f456-72d7&#8243;][vc_column_text]I benefici possono variare da persona a persona, ma alcuni utenti riferiscono di sentire gli effetti gi\u00e0 dopo una o due settimane di utilizzo regolare. La costanza \u00e8 fondamentale per ottenere i migliori risultati.[\/vc_column_text][\/vc_tta_section][vc_tta_section title=&#8221;Ci sono effetti collaterali nell&apos;assunzione delle Gummies Quotidiane?&#8221; tab_id=&#8221;1707644609562-bf154d2c-ce72&#8243;][vc_column_text]Le nostre gummies sono realizzate con ingredienti naturali di alta qualit\u00e0 e sono generalmente ben tollerate. Tuttavia, come per ogni integratore, alcune persone potrebbero avvertire un lieve fastidio digestivo. In caso di dubbi, consulta un medico.[\/vc_column_text][\/vc_tta_section][vc_tta_section title=&#8221;Le Gummies Quotidiane possono aiutare con specifiche condizioni di salute?&#8221; tab_id=&#8221;1707644609440-079de11c-e612&#8243;][vc_column_text]Sebbene le Gummies Quotidiane siano progettate per supportare il benessere generale, non sono destinate a diagnosticare, trattare, curare o prevenire alcuna malattia. Per condizioni di salute specifiche, consulta un professionista sanitario.[\/vc_column_text][\/vc_tta_section][vc_tta_section title=&#8221;Da dove provengono i funghi delle Gummies Quotidiane?&#8221; tab_id=&#8221;1707644609298-f3ba3bf5-93f9&#8243;][vc_column_text]Ci riforniamo da fattorie biologiche e sostenibili, concentrandoci sul corpo fruttifero per la massima potenza e purezza. Il nostro estratto 10:1 ti garantisce una dose concentrata dei migliori funghi funzionali.[\/vc_column_text][\/vc_tta_section][vc_tta_section title=&#8221;Cosa rende le Gummies Quotidiane diverse dagli altri integratori ai funghi?&#8221; tab_id=&#8221;1707644608372-19803699-5a0c&#8221;][vc_column_text]La nostra miscela include una combinazione unica di 10 funghi funzionali, offrendo un approccio completo al benessere. Inoltre, il nostro impegno per la qualit\u00e0, gli ingredienti naturali e la sostenibilit\u00e0 ci distingue.[\/vc_column_text][\/vc_tta_section][vc_tta_section title=&#8221;I bambini possono assumere le Gummies Quotidiane?&#8221; tab_id=&#8221;1707644664176-66581d3e-706c&#8221;][vc_column_text]Le Gummies Quotidiane sono formulate per l&#8217;uso negli adulti. Consigliamo di consultare un pediatra prima di somministrare qualsiasi integratore ai bambini.[\/vc_column_text][\/vc_tta_section][\/vc_tta_accordion][vc_btn title=&#8221;Altre domande?&#8221; style=&#8221;outline&#8221; color=&#8221;black&#8221; align=&#8221;center&#8221; link=&#8221;url:https%3A%2F%2Fgo-microdose.com%2Fit%2Fcontatti%2F|&#8221;][\/vc_column][vc_column width=&#8221;1\/12&#8243;][\/vc_column][\/vc_row][\/vc_section][vc_row][vc_column][vc_widget_sidebar sidebar_id=&#8221;referenties&#8221;][\/vc_column][\/vc_row]<\/p>\n<\/div>","protected":false},"excerpt":{"rendered":"<p>Ti presentiamo le nostre Gummies Quotidiane, una miscela di 10 funghi funzionali coltivati biologicamente in un formato pratico e gustoso. Ogni porzione apporta una potente dose di 2500 mg della nostra esclusiva miscela di funghi, progettata per sostenere umore, energia, difese immunitarie, concentrazione e memoria. Realizzate con cura, le nostre caramelle gommose sono vegane, senza glutine e prive di additivi nocivi, per garantirti solo il meglio che la natura ha da offrire. Testate in laboratorio per purezza e potenza, queste gummies sono le tue alleate quotidiane per una vita equilibrata e sana. Abbraccia il potere naturale dei funghi e sperimenta un benessere superiore a ogni morso.    <\/p>\n","protected":false},"featured_media":57731,"comment_status":"open","ping_status":"closed","template":"","meta":{"_acf_changed":false},"product_brand":[],"product_cat":[141],"product_tag":[],"giftcard-category":[],"class_list":{"0":"post-57687","1":"product","2":"type-product","3":"status-publish","4":"has-post-thumbnail","6":"product_cat-gummies","8":"first","9":"instock","10":"taxable","11":"shipping-taxable","12":"purchasable","13":"product-type-simple"},"acf":[],"_links":{"self":[{"href":"https:\/\/go-microdose.com\/it\/wp-json\/wp\/v2\/product\/57687","targetHints":{"allow":["GET"]}}],"collection":[{"href":"https:\/\/go-microdose.com\/it\/wp-json\/wp\/v2\/product"}],"about":[{"href":"https:\/\/go-microdose.com\/it\/wp-json\/wp\/v2\/types\/product"}],"replies":[{"embeddable":true,"href":"https:\/\/go-microdose.com\/it\/wp-json\/wp\/v2\/comments?post=57687"}],"wp:featuredmedia":[{"embeddable":true,"href":"https:\/\/go-microdose.com\/it\/wp-json\/wp\/v2\/media\/57731"}],"wp:attachment":[{"href":"https:\/\/go-microdose.com\/it\/wp-json\/wp\/v2\/media?parent=57687"}],"wp:term":[{"taxonomy":"product_brand","embeddable":true,"href":"https:\/\/go-microdose.com\/it\/wp-json\/wp\/v2\/product_brand?post=57687"},{"taxonomy":"product_cat","embeddable":true,"href":"https:\/\/go-microdose.com\/it\/wp-json\/wp\/v2\/product_cat?post=57687"},{"taxonomy":"product_tag","embeddable":true,"href":"https:\/\/go-microdose.com\/it\/wp-json\/wp\/v2\/product_tag?post=57687"},{"taxonomy":"giftcard-category","embeddable":true,"href":"https:\/\/go-microdose.com\/it\/wp-json\/wp\/v2\/giftcard-category?post=57687"}],"curies":[{"name":"wp","href":"https:\/\/api.w.org\/{rel}","templated":true}]}}