{"id":57795,"date":"2026-01-14T12:27:20","date_gmt":"2026-01-14T11:27:20","guid":{"rendered":"https:\/\/go-microdose.com\/product\/complesso-di-zinco-bisglicinato-25-mg\/"},"modified":"2026-04-06T07:50:29","modified_gmt":"2026-04-06T05:50:29","slug":"complesso-di-zinco-bisglicinato-25-mg","status":"publish","type":"product","link":"https:\/\/go-microdose.com\/it\/prodotto\/complesso-di-zinco-bisglicinato-25-mg\/","title":{"rendered":"Complesso di Zinco Bisglicinato 25 mg"},"content":{"rendered":"<div class=\"wpb-content-wrapper\"><p>[vc_row][vc_column][vc_column_text css=&#8221;&#8221;]<\/p>\n<p class=\"p1\">Il nostro complesso di zinco bisglicinato \u00e8 formulato per supportare l&#8217;assunzione giornaliera di zinco in una forma altamente assorbibile e delicata. Lo zinco bisglicinato \u00e8 una forma chelata di zinco legata all&#8217;aminoacido glicina, nota per la sua elevata biodisponibilit\u00e0 e buona tollerabilit\u00e0. Questo lo rende adatto all&#8217;uso quotidiano, anche per chi pu\u00f2 essere sensibile ad altre forme di zinco.  <\/p>\n<p class=\"p1\">La formula contiene anche rame bisglicinato, incluso deliberatamente per aiutare a mantenere un sano equilibrio tra zinco e rame nell&#8217;organismo. Zinco e rame lavorano strettamente insieme in molti processi fisiologici, e l&#8217;aggiunta di rame supporta l&#8217;equilibrio minerale durante l&#8217;integrazione di zinco a lungo termine. <\/p>\n<p class=\"p1\">Lo zinco contribuisce alla normale funzione del sistema immunitario e aiuta a mantenere normali pelle, capelli e unghie. Svolge anche un ruolo nella normale visione, nella divisione cellulare e nella normale sintesi proteica. Il rame contribuisce al normale metabolismo energetico e aiuta a proteggere le cellule dallo stress ossidativo, supportando la salute cellulare complessiva.  <\/p>\n<p class=\"p1\">Il nostro complesso di zinco bisglicinato \u00e8 adatto ai vegani e privo di glutine, lattosio, ingredienti OGM e additivi non necessari. \u00c8 sviluppato con un focus su purezza, efficacia e praticit\u00e0 quotidiana, rendendolo una scelta affidabile per chi desidera supportare il proprio corpo con un integratore di zinco pulito e ben bilanciato. <\/p>\n<p>[\/vc_column_text][\/vc_column][\/vc_row]<\/p>\n<\/div>","protected":false},"excerpt":{"rendered":"<ul>\n<li class=\"p1\">Zinco bisglicinato ad alto assorbimento<\/li>\n<li class=\"p1\">Con rame aggiunto per l&#8217;equilibrio minerale<\/li>\n<li class=\"p1\">Adatto ai vegani<\/li>\n<li class=\"p1\">Supporta la funzione del sistema immunitario<\/li>\n<li class=\"p1\">Contribuisce alla salute di pelle, capelli e unghie<\/li>\n<li class=\"p1\">Delicato e ben tollerato<\/li>\n<li class=\"p1\">Integratore di qualit\u00e0 pura<\/li>\n<li>25 mg \u2013 100 compresse<\/li>\n<\/ul>\n","protected":false},"featured_media":57797,"comment_status":"open","ping_status":"closed","template":"","meta":{"_acf_changed":false},"product_brand":[],"product_cat":[212],"product_tag":[],"giftcard-category":[],"class_list":{"0":"post-57795","1":"product","2":"type-product","3":"status-publish","4":"has-post-thumbnail","6":"product_cat-vitamine-minerali","7":"product_shipping_class-confezione-grande","9":"first","10":"instock","11":"taxable","12":"shipping-taxable","13":"purchasable","14":"product-type-simple"},"acf":[],"_links":{"self":[{"href":"https:\/\/go-microdose.com\/it\/wp-json\/wp\/v2\/product\/57795","targetHints":{"allow":["GET"]}}],"collection":[{"href":"https:\/\/go-microdose.com\/it\/wp-json\/wp\/v2\/product"}],"about":[{"href":"https:\/\/go-microdose.com\/it\/wp-json\/wp\/v2\/types\/product"}],"replies":[{"embeddable":true,"href":"https:\/\/go-microdose.com\/it\/wp-json\/wp\/v2\/comments?post=57795"}],"wp:featuredmedia":[{"embeddable":true,"href":"https:\/\/go-microdose.com\/it\/wp-json\/wp\/v2\/media\/57797"}],"wp:attachment":[{"href":"https:\/\/go-microdose.com\/it\/wp-json\/wp\/v2\/media?parent=57795"}],"wp:term":[{"taxonomy":"product_brand","embeddable":true,"href":"https:\/\/go-microdose.com\/it\/wp-json\/wp\/v2\/product_brand?post=57795"},{"taxonomy":"product_cat","embeddable":true,"href":"https:\/\/go-microdose.com\/it\/wp-json\/wp\/v2\/product_cat?post=57795"},{"taxonomy":"product_tag","embeddable":true,"href":"https:\/\/go-microdose.com\/it\/wp-json\/wp\/v2\/product_tag?post=57795"},{"taxonomy":"giftcard-category","embeddable":true,"href":"https:\/\/go-microdose.com\/it\/wp-json\/wp\/v2\/giftcard-category?post=57795"}],"curies":[{"name":"wp","href":"https:\/\/api.w.org\/{rel}","templated":true}]}}