{"id":58952,"date":"2023-11-09T15:05:00","date_gmt":"2023-11-09T15:05:00","guid":{"rendered":"https:\/\/go-microdose.com\/product\/macina-tartufi-magici\/"},"modified":"2026-04-06T07:53:25","modified_gmt":"2026-04-06T05:53:25","slug":"macina-tartufi-magici","status":"publish","type":"product","link":"https:\/\/go-microdose.com\/it\/prodotto\/macina-tartufi-magici\/","title":{"rendered":"Macina tartufi magici"},"content":{"rendered":"<div class=\"wpb-content-wrapper\"><p>[vc_row][vc_column][vc_column_text]Sfrutta tutto il potenziale dei tartufi magici con estrema facilit\u00e0 grazie al nostro innovativo Macina Tartufi Magici. Questo accessorio dal design accurato \u00e8 la chiave per un&#8217;esperienza piacevole e senza complicazioni, ideale sia per i principianti che per gli psiconauti esperti. D\u00ec addio al sapore spesso amaro e difficile dei tartufi freschi: il nostro macinino li trasforma senza sforzo in una pasta gradevole, pronta da consumare senza i soliti inconvenienti.  <\/p>\n<p>Realizzato per durare nel tempo, il robusto materiale plastico resiste all&#8217;uso frequente, assicurandoti che la preparazione dei tartufi sia sempre a portata di mano. Le sue dimensioni compatte, appena 8 cm per 4,5 cm, lo rendono un&#8217;aggiunta discreta a qualsiasi cucina o borsa da viaggio. Che tu ti stia preparando per una serata tranquilla di introspezione o per un momento condiviso con gli amici, questo macinino sar\u00e0 il tuo compagno fidato.  <\/p>\n<p>Semplice nel design ma efficace nelle prestazioni, il Macina Tartufi Magici \u00e8 progettato per la massima praticit\u00e0. Il meccanismo a rotazione \u00e8 fluido e richiede uno sforzo minimo, riducendo anche i tartufi pi\u00f9 sodi in una consistenza cremosa. Questo non solo rende il consumo pi\u00f9 piacevole, ma aiuta anche un assorbimento pi\u00f9 rapido, permettendo agli effetti dei tartufi di manifestarsi senza ritardi.  <\/p>\n<p>Pulirlo dopo l&#8217;uso \u00e8 un gioco da ragazzi: il macinino \u00e8 completamente lavabile in lavastoviglie, cos\u00ec puoi mantenere l&#8217;igiene senza alcuno sforzo extra. Ci\u00f2 significa anche che \u00e8 pronto all&#8217;uso ogni volta che ne hai bisogno, offrendoti tranquillit\u00e0 e una presenza sempre pronta nel tuo kit da psiconauta.[\/vc_column_text][\/vc_column][\/vc_row]<\/p>\n<\/div>","protected":false},"excerpt":{"rendered":"<ul>\n<li>Trasforma i tartufi in una pasta facile da consumare.<\/li>\n<li>Semplifica l&#8217;assunzione e migliora il profilo aromatico.<\/li>\n<li>Struttura in plastica resistente di alta qualit\u00e0.<\/li>\n<li>Dimensioni compatte: 8 cm x 4,5 cm, ideale per il viaggio.<\/li>\n<li>Lavabile in lavastoviglie per una pulizia senza sforzo.<\/li>\n<li>Meccanismo di macinazione fluido per una preparazione rapida.<\/li>\n<li>Favorisce un assorbimento pi\u00f9 rapido dei composti attivi dei tartufi.<\/li>\n<li>Ideale sia per il microdosaggio che per esperienze psichedeliche complete.<\/li>\n<\/ul>\n","protected":false},"featured_media":58954,"comment_status":"open","ping_status":"closed","template":"","meta":{"_acf_changed":false},"product_brand":[],"product_cat":[184],"product_tag":[],"giftcard-category":[],"class_list":{"0":"post-58952","1":"product","2":"type-product","3":"status-publish","4":"has-post-thumbnail","6":"product_cat-accessori","7":"product_shipping_class-confezione-grande","9":"first","10":"instock","11":"taxable","12":"shipping-taxable","13":"purchasable","14":"product-type-simple"},"acf":[],"_links":{"self":[{"href":"https:\/\/go-microdose.com\/it\/wp-json\/wp\/v2\/product\/58952","targetHints":{"allow":["GET"]}}],"collection":[{"href":"https:\/\/go-microdose.com\/it\/wp-json\/wp\/v2\/product"}],"about":[{"href":"https:\/\/go-microdose.com\/it\/wp-json\/wp\/v2\/types\/product"}],"replies":[{"embeddable":true,"href":"https:\/\/go-microdose.com\/it\/wp-json\/wp\/v2\/comments?post=58952"}],"wp:featuredmedia":[{"embeddable":true,"href":"https:\/\/go-microdose.com\/it\/wp-json\/wp\/v2\/media\/58954"}],"wp:attachment":[{"href":"https:\/\/go-microdose.com\/it\/wp-json\/wp\/v2\/media?parent=58952"}],"wp:term":[{"taxonomy":"product_brand","embeddable":true,"href":"https:\/\/go-microdose.com\/it\/wp-json\/wp\/v2\/product_brand?post=58952"},{"taxonomy":"product_cat","embeddable":true,"href":"https:\/\/go-microdose.com\/it\/wp-json\/wp\/v2\/product_cat?post=58952"},{"taxonomy":"product_tag","embeddable":true,"href":"https:\/\/go-microdose.com\/it\/wp-json\/wp\/v2\/product_tag?post=58952"},{"taxonomy":"giftcard-category","embeddable":true,"href":"https:\/\/go-microdose.com\/it\/wp-json\/wp\/v2\/giftcard-category?post=58952"}],"curies":[{"name":"wp","href":"https:\/\/api.w.org\/{rel}","templated":true}]}}