{"id":60680,"date":"2023-06-20T23:33:32","date_gmt":"2023-06-20T23:33:32","guid":{"rendered":"https:\/\/go-microdose.com\/product\/capsule-di-chaga-cotae\/"},"modified":"2026-04-06T07:53:31","modified_gmt":"2026-04-06T05:53:31","slug":"capsule-di-chaga-cotae","status":"publish","type":"product","link":"https:\/\/go-microdose.com\/it\/prodotto\/capsule-di-chaga-cotae\/","title":{"rendered":"Capsule di Chaga C\u014dtae"},"content":{"rendered":"<div class=\"wpb-content-wrapper\"><p>[vc_row][vc_column][vc_column_text]Le capsule di Chaga C\u014dtae ti invitano a sfruttare l&#8217;antica saggezza e i potenti benefici del &#8220;re della foresta&#8221;. I funghi Chaga sono stati a lungo apprezzati in Siberia, Cina, Scandinavia e oltre per le loro propriet\u00e0 benefiche per la salute. A differenza del fungo comune, il Chaga \u00e8 uno sclerozio\u2014un micelio denso e compatto che prospera sugli alberi di betulla, offrendo una concentrazione di nutrienti che non si trova nelle variet\u00e0 con cappello e gambo.  <\/p>\n<p>Le nostre capsule di Chaga portano questo rimedio tradizionale nel mondo moderno. Ogni capsula \u00e8 riempita con un potente estratto 12:1 derivato dai corpi fruttiferi del Chaga, garantendo un&#8217;alta concentrazione di composti bioattivi. Standardizziamo i nostri estratti per contenere almeno il 30% di polisaccaridi, carboidrati complessi noti per i loro effetti di supporto immunitario.  <\/p>\n<p>Il processo di raccolta ed estrazione \u00e8 un lavoro d&#8217;amore e scienza. Impiegando un metodo di estrazione tripla all&#8217;avanguardia, catturiamo l&#8217;essenza del Chaga, inclusi i suoi preziosi ericenoni ed erinacine. Questi alcaloidi unici si ritiene stimolino la produzione del fattore di crescita nervoso (NGF), essenziale per la salute neurale e la mielinizzazione\u2014il processo che consente una rapida trasmissione dei segnali attraverso i nervi.  <\/p>\n<p>Scegliere le capsule di Chaga C\u014dtae significa scegliere purezza e potenza. Ci impegniamo ai pi\u00f9 alti standard di qualit\u00e0, utilizzando solo i corpi fruttiferi del fungo ed evitando riempitivi o micelio coltivato su cereali. Questo approccio garantisce che ogni capsula che assumi sia riempita solo con la pura e potente essenza del Chaga.  <\/p>\n<p>Che tu stia cercando di rafforzare il tuo sistema immunitario, supportare la funzione cognitiva o semplicemente integrare i doni nutrienti della natura nella tua routine quotidiana, le capsule di Chaga C\u014dtae offrono una soluzione comoda e affidabile. Abbraccia la resilienza del re ed eleva la tua salute con ogni dose.[\/vc_column_text][\/vc_column][\/vc_row]<\/p>\n<\/div>","protected":false},"excerpt":{"rendered":"<p>Le capsule di Chaga C\u014dtae ti invitano a sfruttare l&#8217;antica saggezza e i potenti benefici del &#8220;re della foresta&#8221;. I funghi Chaga sono stati a lungo apprezzati in Siberia, Cina, Scandinavia e oltre per le loro propriet\u00e0 benefiche per la salute. A differenza del fungo comune, il Chaga \u00e8 uno sclerozio\u2014un micelio denso e compatto che prospera sugli alberi di betulla, offrendo una concentrazione di nutrienti che non si trova nelle variet\u00e0 con cappello e gambo.  <\/p>\n<p>Le nostre capsule di Chaga portano questo rimedio tradizionale nel mondo moderno. Ogni capsula \u00e8 riempita con un potente estratto 12:1 derivato dai corpi fruttiferi del Chaga, garantendo un&#8217;alta concentrazione di composti bioattivi. Standardizziamo i nostri estratti per contenere almeno il 30% di polisaccaridi, carboidrati complessi noti per i loro effetti di supporto immunitario.  <\/p>\n<p>Il processo di raccolta ed estrazione \u00e8 un lavoro d&#8217;amore e scienza. Impiegando un metodo di estrazione tripla all&#8217;avanguardia, catturiamo l&#8217;essenza del Chaga, inclusi i suoi preziosi ericenoni ed erinacine. Questi alcaloidi unici si ritiene stimolino la produzione del fattore di crescita nervoso (NGF), essenziale per la salute neurale e la mielinizzazione\u2014il processo che consente una rapida trasmissione dei segnali attraverso i nervi.  <\/p>\n<p>Scegliere le capsule di Chaga C\u014dtae significa scegliere purezza e potenza. Ci impegniamo ai pi\u00f9 alti standard di qualit\u00e0, utilizzando solo i corpi fruttiferi del fungo ed evitando riempitivi o micelio coltivato su cereali. Questo approccio garantisce che ogni capsula che assumi sia riempita solo con la pura e potente essenza del Chaga.  <\/p>\n<p>Che tu stia cercando di rafforzare il tuo sistema immunitario, supportare la funzione cognitiva o semplicemente integrare i doni nutrienti della natura nella tua routine quotidiana, le capsule di Chaga C\u014dtae offrono una soluzione comoda e affidabile. Abbraccia la resilienza del re ed eleva la tua salute con ogni dose. <\/p>\n","protected":false},"featured_media":60681,"comment_status":"open","ping_status":"closed","template":"","meta":{"_acf_changed":false},"product_brand":[],"product_cat":[195],"product_tag":[],"giftcard-category":[],"class_list":{"0":"post-60680","1":"product","2":"type-product","3":"status-publish","4":"has-post-thumbnail","6":"product_cat-integratori-di-funghi","7":"product_shipping_class-confezione-grande","9":"first","10":"instock","11":"taxable","12":"shipping-taxable","13":"purchasable","14":"product-type-simple"},"acf":[],"_links":{"self":[{"href":"https:\/\/go-microdose.com\/it\/wp-json\/wp\/v2\/product\/60680","targetHints":{"allow":["GET"]}}],"collection":[{"href":"https:\/\/go-microdose.com\/it\/wp-json\/wp\/v2\/product"}],"about":[{"href":"https:\/\/go-microdose.com\/it\/wp-json\/wp\/v2\/types\/product"}],"replies":[{"embeddable":true,"href":"https:\/\/go-microdose.com\/it\/wp-json\/wp\/v2\/comments?post=60680"}],"wp:featuredmedia":[{"embeddable":true,"href":"https:\/\/go-microdose.com\/it\/wp-json\/wp\/v2\/media\/60681"}],"wp:attachment":[{"href":"https:\/\/go-microdose.com\/it\/wp-json\/wp\/v2\/media?parent=60680"}],"wp:term":[{"taxonomy":"product_brand","embeddable":true,"href":"https:\/\/go-microdose.com\/it\/wp-json\/wp\/v2\/product_brand?post=60680"},{"taxonomy":"product_cat","embeddable":true,"href":"https:\/\/go-microdose.com\/it\/wp-json\/wp\/v2\/product_cat?post=60680"},{"taxonomy":"product_tag","embeddable":true,"href":"https:\/\/go-microdose.com\/it\/wp-json\/wp\/v2\/product_tag?post=60680"},{"taxonomy":"giftcard-category","embeddable":true,"href":"https:\/\/go-microdose.com\/it\/wp-json\/wp\/v2\/giftcard-category?post=60680"}],"curies":[{"name":"wp","href":"https:\/\/api.w.org\/{rel}","templated":true}]}}