{"id":60745,"date":"2023-06-20T23:31:11","date_gmt":"2023-06-20T23:31:11","guid":{"rendered":"https:\/\/go-microdose.com\/product\/capsule-di-cordyceps-cotae\/"},"modified":"2026-04-06T07:53:33","modified_gmt":"2026-04-06T05:53:33","slug":"capsule-di-cordyceps-cotae","status":"publish","type":"product","link":"https:\/\/go-microdose.com\/it\/prodotto\/capsule-di-cordyceps-cotae\/","title":{"rendered":"Capsule di Cordyceps C\u014dtae"},"content":{"rendered":"<div class=\"wpb-content-wrapper\"><p>[vc_row][vc_column][vc_column_text]Le capsule di Cordyceps di C\u014dtae, etichettate come Energy &amp; Endurance, sono un connubio tra antiche pratiche e moderne esigenze di benessere. Il Cordyceps militaris, con la sua ricca storia nella medicina tibetana e cinese, \u00e8 rinomato per le sue propriet\u00e0 energizzanti, spesso utilizzate dagli atleti per migliorare le prestazioni. A differenza delle variet\u00e0 selvatiche, il nostro Cordyceps \u00e8 coltivato su substrati accuratamente selezionati, garantendo un prodotto ricco di nutrienti e privo di impurit\u00e0 da metalli pesanti.  <\/p>\n<p>Ogni capsula \u00e8 un concentrato di potenziale, progettata per rinvigorire e sostenere. Realizzate esclusivamente con i corpi fruttiferi di Cordyceps militaris, le nostre capsule incarnano purezza e potenza. Evitiamo l&#8217;uso di micelio coltivato su cereali, impegnandoci invece per un prodotto che sia al contempo efficace ed etico. I nostri estratti standardizzati garantiscono un minimo del 30% di polisaccaridi, a testimonianza della nostra dedizione alla qualit\u00e0 e all&#8217;efficacia.   <\/p>\n<p>Le capsule di Cordyceps di C\u014dtae sono pensate per chi desidera elevare la propria vitalit\u00e0 e resistenza. L&#8217;alto rapporto di concentrazione 8:1 assicura che ogni capsula da 400 mg sia ricca dei celebri componenti attivi del fungo. Che tu sia un atleta professionista, un appassionato di fitness o semplicemente alla ricerca di un maggiore vigore quotidiano, le nostre capsule di Cordyceps offrono una spinta naturale e robusta alla tua routine.  <\/p>\n<p>Le nostre capsule non servono solo a dare energia al corpo, ma anche a rispettare l&#8217;armonia della natura. Rappresentano un omaggio alla relazione simbiotica che condividiamo con la terra, sfruttandone i doni in modo responsabile. Scegliendo il Cordyceps di C\u014dtae, non stai solo nutrendo il tuo corpo; fai anche parte di un movimento pi\u00f9 ampio verso soluzioni di salute sostenibili.[\/vc_column_text][\/vc_column][\/vc_row]<\/p>\n<\/div>","protected":false},"excerpt":{"rendered":"<p>Le capsule di Cordyceps di C\u014dtae, etichettate come Energy &amp; Endurance, sono un connubio tra antiche pratiche e moderne esigenze di benessere. Il Cordyceps militaris, con la sua ricca storia nella medicina tibetana e cinese, \u00e8 rinomato per le sue propriet\u00e0 energizzanti, spesso utilizzate dagli atleti per migliorare le prestazioni. A differenza delle variet\u00e0 selvatiche, il nostro Cordyceps \u00e8 coltivato su substrati accuratamente selezionati, garantendo un prodotto ricco di nutrienti e privo di impurit\u00e0 da metalli pesanti.  <\/p>\n<p>Ogni capsula \u00e8 un concentrato di potenziale, progettata per rinvigorire e sostenere. Realizzate esclusivamente con i corpi fruttiferi di Cordyceps militaris, le nostre capsule incarnano purezza e potenza. Evitiamo l&#8217;uso di micelio coltivato su cereali, impegnandoci invece per un prodotto che sia al contempo efficace ed etico. I nostri estratti standardizzati garantiscono un minimo del 30% di polisaccaridi, a testimonianza della nostra dedizione alla qualit\u00e0 e all&#8217;efficacia.   <\/p>\n<p>Le capsule di Cordyceps di C\u014dtae sono pensate per chi desidera elevare la propria vitalit\u00e0 e resistenza. L&#8217;alto rapporto di concentrazione 8:1 assicura che ogni capsula da 400 mg sia ricca dei celebri componenti attivi del fungo. Che tu sia un atleta professionista, un appassionato di fitness o semplicemente alla ricerca di un maggiore vigore quotidiano, le nostre capsule di Cordyceps offrono una spinta naturale e robusta alla tua routine.  <\/p>\n<p>Le nostre capsule non servono solo a dare energia al corpo, ma anche a rispettare l&#8217;armonia della natura. Rappresentano un omaggio alla relazione simbiotica che condividiamo con la terra, sfruttandone i doni in modo responsabile. Scegliendo il Cordyceps di C\u014dtae, non stai solo nutrendo il tuo corpo; fai anche parte di un movimento pi\u00f9 ampio verso soluzioni di salute sostenibili.  <\/p>\n","protected":false},"featured_media":60747,"comment_status":"open","ping_status":"closed","template":"","meta":{"_acf_changed":false},"product_brand":[],"product_cat":[195],"product_tag":[],"giftcard-category":[],"class_list":{"0":"post-60745","1":"product","2":"type-product","3":"status-publish","4":"has-post-thumbnail","6":"product_cat-integratori-di-funghi","7":"product_shipping_class-confezione-grande","9":"first","10":"instock","11":"taxable","12":"shipping-taxable","13":"purchasable","14":"product-type-simple"},"acf":[],"_links":{"self":[{"href":"https:\/\/go-microdose.com\/it\/wp-json\/wp\/v2\/product\/60745","targetHints":{"allow":["GET"]}}],"collection":[{"href":"https:\/\/go-microdose.com\/it\/wp-json\/wp\/v2\/product"}],"about":[{"href":"https:\/\/go-microdose.com\/it\/wp-json\/wp\/v2\/types\/product"}],"replies":[{"embeddable":true,"href":"https:\/\/go-microdose.com\/it\/wp-json\/wp\/v2\/comments?post=60745"}],"wp:featuredmedia":[{"embeddable":true,"href":"https:\/\/go-microdose.com\/it\/wp-json\/wp\/v2\/media\/60747"}],"wp:attachment":[{"href":"https:\/\/go-microdose.com\/it\/wp-json\/wp\/v2\/media?parent=60745"}],"wp:term":[{"taxonomy":"product_brand","embeddable":true,"href":"https:\/\/go-microdose.com\/it\/wp-json\/wp\/v2\/product_brand?post=60745"},{"taxonomy":"product_cat","embeddable":true,"href":"https:\/\/go-microdose.com\/it\/wp-json\/wp\/v2\/product_cat?post=60745"},{"taxonomy":"product_tag","embeddable":true,"href":"https:\/\/go-microdose.com\/it\/wp-json\/wp\/v2\/product_tag?post=60745"},{"taxonomy":"giftcard-category","embeddable":true,"href":"https:\/\/go-microdose.com\/it\/wp-json\/wp\/v2\/giftcard-category?post=60745"}],"curies":[{"name":"wp","href":"https:\/\/api.w.org\/{rel}","templated":true}]}}