{"id":60852,"date":"2023-06-20T22:08:23","date_gmt":"2023-06-20T22:08:23","guid":{"rendered":"https:\/\/go-microdose.com\/product\/tartufo-tampanensis\/"},"modified":"2026-04-06T07:53:41","modified_gmt":"2026-04-06T05:53:41","slug":"tartufo-tampanensis","status":"publish","type":"product","link":"https:\/\/go-microdose.com\/it\/prodotto\/tartufo-tampanensis\/","title":{"rendered":"Tartufo Tampanensis"},"content":{"rendered":"<div class=\"wpb-content-wrapper\"><p>[vc_row][vc_column][vc_column_text]I tartufi magici Tampanensis (chiamati anche &#8220;Pietra del filosofo&#8221;) offrono un&#8217;esperienza psichedelica unica e profondamente introspettiva. Noti per i loro potenti effetti filosofici e visioni gestibili, questi tartufi fungono da porta d&#8217;accesso per la scoperta di s\u00e9 e la crescita personale. Tutti i nostri tartufi Tampanensis sono 100% vegani, senza glutine e coltivati in modo sostenibile, garantendoti un viaggio sicuro e trasformativo.  <\/p>\n<p><strong>Effetti<\/strong><br \/>\nI tartufi magici Tampanensis creano un profondo viaggio nella psiche, stimolando intuizioni filosofiche e profonda introspezione. Sono meno noti per i loro effetti visivi, ma questo contribuisce solo alla concentrazione interiore, portando potenzialmente a rivelazioni e maggiore consapevolezza di s\u00e9. Alcuni utenti riportano anche un maggiore apprezzamento per la musica e le esperienze estetiche.  <\/p>\n<p><strong>Intensit\u00e0, dosaggio e utilizzo<\/strong><br \/>\nI tartufi Tampanensis offrono un&#8217;esperienza psichedelica moderatamente forte. Pertanto, il dosaggio deve essere attentamente considerato in base alla tua familiarit\u00e0 con la psilocibina e al tuo livello di comfort con i suoi effetti. Inizia sempre con un dosaggio inferiore e regola in base alla tua esperienza.<br \/>\nScopri il tuo dosaggio ideale con il nostro <strong><a href=\"https:\/\/go-microdose.com\/it\/calcolatore-del-dosaggio\/\">calcolatore di dosaggio<\/a><\/strong> intuitivo, personalizzato per garantire la tua esperienza ottimale.  <\/p>\n<p><strong>Contenuto<\/strong><br \/>\nOgni confezione di tartufi magici Tampanensis contiene circa 18 grammi. Questa quantit\u00e0 pu\u00f2 offrire diverse dosi, a seconda della tolleranza individuale e dell&#8217;intensit\u00e0 dell&#8217;esperienza psichedelica desiderata. <\/p>\n<p><strong>Conservazione<\/strong><br \/>\nSe conservati chiusi in frigorifero, i tartufi magici Tampanensis hanno una durata di 2 mesi. Per mantenere potenza e freschezza, si consiglia di consumarli entro questo periodo. <\/p>\n<p><strong>AVVERTENZA<\/strong><br \/>\nAnche se i tartufi magici Tampanensis sono moderatamente forti, devono essere assunti con cautela. Soprattutto se sei nuovo ai tartufi magici, inizia sempre con una dose inferiore e assicurati di avere un accompagnatore sobrio presente durante il tuo viaggio. Non guidare sotto l&#8217;influenza dei tartufi magici ed evita l&#8217;uso se hai meno di 18 anni, non ti senti bene o hai una disposizione depressiva. Ricorda, la tua sicurezza e il tuo benessere mentale devono essere la tua massima priorit\u00e0.[\/vc_column_text][\/vc_column][\/vc_row]<\/p>\n<\/div>","protected":false},"excerpt":{"rendered":"<p>I tartufi magici Tampanensis (chiamati anche &#8220;Pietra del filosofo&#8221;) offrono un&#8217;esperienza psichedelica unica e profondamente introspettiva. Noti per i loro potenti effetti filosofici e visioni gestibili, questi tartufi fungono da porta d&#8217;accesso per la scoperta di s\u00e9 e la crescita personale. Tutti i nostri tartufi Tampanensis sono 100% vegani, senza glutine e coltivati in modo sostenibile, garantendoti un viaggio sicuro e trasformativo.  <\/p>\n<p><strong>Effetti<\/strong><br \/>\nI tartufi magici Tampanensis creano un profondo viaggio nella psiche, stimolando intuizioni filosofiche e profonda introspezione. Sono meno noti per i loro effetti visivi, ma questo contribuisce solo alla concentrazione interiore, portando potenzialmente a rivelazioni e maggiore consapevolezza di s\u00e9. Alcuni utenti riportano anche un maggiore apprezzamento per la musica e le esperienze estetiche.  <\/p>\n<p><strong>Intensit\u00e0, dosaggio e utilizzo<\/strong><br \/>\nI tartufi Tampanensis offrono un&#8217;esperienza psichedelica moderatamente forte. Pertanto, il dosaggio deve essere attentamente considerato in base alla tua familiarit\u00e0 con la psilocibina e al tuo livello di comfort con i suoi effetti. Inizia sempre con un dosaggio inferiore e regola in base alla tua esperienza.<br \/>\nScopri il tuo dosaggio ideale con il nostro <strong><a href=\"https:\/\/go-microdose.com\/it\/calcolatore-del-dosaggio\/\">calcolatore di dosaggio<\/a><\/strong> intuitivo, personalizzato per garantire la tua esperienza ottimale.  <\/p>\n<p><strong>Contenuto<\/strong><br \/>\nOgni confezione di tartufi magici Tampanensis contiene circa 18 grammi. Questa quantit\u00e0 pu\u00f2 offrire diverse dosi, a seconda della tolleranza individuale e dell&#8217;intensit\u00e0 dell&#8217;esperienza psichedelica desiderata. <\/p>\n<p><strong>Conservazione<\/strong><br \/>\nSe conservati chiusi in frigorifero, i tartufi magici Tampanensis hanno una durata di 2 mesi. Per mantenere potenza e freschezza, si consiglia di consumarli entro questo periodo. <\/p>\n<p><strong>AVVERTENZA<\/strong><br \/>\nAnche se i tartufi magici Tampanensis sono moderatamente forti, devono essere assunti con cautela. Soprattutto se sei nuovo ai tartufi magici, inizia sempre con una dose inferiore e assicurati di avere un accompagnatore sobrio presente durante il tuo viaggio. Non guidare sotto l&#8217;influenza dei tartufi magici ed evita l&#8217;uso se hai meno di 18 anni, non ti senti bene o hai una disposizione depressiva. Ricorda, la tua sicurezza e il tuo benessere mentale devono essere la tua massima priorit\u00e0.   <\/p>\n","protected":false},"featured_media":60857,"comment_status":"open","ping_status":"closed","template":"","meta":{"_acf_changed":false},"product_brand":[],"product_cat":[200],"product_tag":[],"giftcard-category":[],"class_list":{"0":"post-60852","1":"product","2":"type-product","3":"status-publish","4":"has-post-thumbnail","6":"product_cat-tartufi-magici","8":"first","9":"instock","10":"taxable","11":"shipping-taxable","12":"purchasable","13":"product-type-simple"},"acf":[],"_links":{"self":[{"href":"https:\/\/go-microdose.com\/it\/wp-json\/wp\/v2\/product\/60852","targetHints":{"allow":["GET"]}}],"collection":[{"href":"https:\/\/go-microdose.com\/it\/wp-json\/wp\/v2\/product"}],"about":[{"href":"https:\/\/go-microdose.com\/it\/wp-json\/wp\/v2\/types\/product"}],"replies":[{"embeddable":true,"href":"https:\/\/go-microdose.com\/it\/wp-json\/wp\/v2\/comments?post=60852"}],"wp:featuredmedia":[{"embeddable":true,"href":"https:\/\/go-microdose.com\/it\/wp-json\/wp\/v2\/media\/60857"}],"wp:attachment":[{"href":"https:\/\/go-microdose.com\/it\/wp-json\/wp\/v2\/media?parent=60852"}],"wp:term":[{"taxonomy":"product_brand","embeddable":true,"href":"https:\/\/go-microdose.com\/it\/wp-json\/wp\/v2\/product_brand?post=60852"},{"taxonomy":"product_cat","embeddable":true,"href":"https:\/\/go-microdose.com\/it\/wp-json\/wp\/v2\/product_cat?post=60852"},{"taxonomy":"product_tag","embeddable":true,"href":"https:\/\/go-microdose.com\/it\/wp-json\/wp\/v2\/product_tag?post=60852"},{"taxonomy":"giftcard-category","embeddable":true,"href":"https:\/\/go-microdose.com\/it\/wp-json\/wp\/v2\/giftcard-category?post=60852"}],"curies":[{"name":"wp","href":"https:\/\/api.w.org\/{rel}","templated":true}]}}