{"id":60905,"date":"2023-06-20T22:16:42","date_gmt":"2023-06-20T22:16:42","guid":{"rendered":"https:\/\/go-microdose.com\/product\/tartufo-pajaritos\/"},"modified":"2026-04-06T07:53:39","modified_gmt":"2026-04-06T05:53:39","slug":"tartufo-pajaritos","status":"publish","type":"product","link":"https:\/\/go-microdose.com\/it\/prodotto\/tartufo-pajaritos\/","title":{"rendered":"Tartufo Pajaritos"},"content":{"rendered":"<div class=\"wpb-content-wrapper\"><p>[vc_row][vc_column][vc_column_text]I tartufi magici Pajaritos, che in spagnolo significa \u00abuccellini\u00bb, offrono un viaggio euforico ed elevato. Questi tartufi sono particolarmente apprezzati per i loro effetti gioiosi e stimolanti per la creativit\u00e0. Sono la scelta ideale per riunioni sociali o per chi \u00e8 nuovo nel mondo psichedelico. Tutti i nostri tartufi Pajaritos sono 100% vegani, senza glutine e coltivati in modo sostenibile, garantendoti un viaggio sicuro e piacevole.   <\/p>\n<p><strong>Effetti<\/strong><br \/>\nI tartufi magici Pajaritos sono noti per i loro effetti euforici, per l&#8217;umore migliorato e per la creativit\u00e0 potenziata. Creano un&#8217;esperienza psichedelica leggera che pu\u00f2 stimolare il riso, l&#8217;interazione sociale e prospettive nuove. Questi effetti li rendono l&#8217;aggiunta perfetta a una riunione intima con amici, o semplicemente per aggiungere un tocco di colore alla tua esperienza quotidiana.  <\/p>\n<p><strong>Intensit\u00e0, dosaggio e utilizzo<\/strong><br \/>\nI tartufi magici Pajaritos sono relativamente delicati in termini di intensit\u00e0 psichedelica. Anche se il dosaggio deve essere preso sul serio, possono essere un&#8217;ottima scelta per chi \u00e8 nuovo nel mondo psichedelico o per chi preferisce un&#8217;esperienza meno intensa e pi\u00f9 gestibile.<br \/>\nScopri il tuo dosaggio ideale con il nostro <strong><a href=\"https:\/\/go-microdose.com\/it\/calcolatore-del-dosaggio\/\">calcolatore di dosaggio<\/a><\/strong> facile da usare, personalizzato per garantirti un&#8217;esperienza ottimale. <\/p>\n<p><strong>Contenuto<\/strong><br \/>\nOgni confezione di tartufi magici Pajaritos contiene circa 18 g. A seconda della tolleranza individuale e dell&#8217;intensit\u00e0 desiderata dell&#8217;esperienza, questa quantit\u00e0 pu\u00f2 fornire diverse dosi. <\/p>\n<p><strong>Conservazione<\/strong><br \/>\nQuando conservati chiusi in frigorifero, i tartufi magici Pajaritos hanno una durata di 2 mesi. Per garantire freschezza e potenza, ti consigliamo di consumarli entro questo periodo. <\/p>\n<p><strong>AVVERTENZA<\/strong><br \/>\nAnche se i tartufi magici Pajaritos sono delicati, devono essere consumati con cautela. Inizia sempre con una dose inferiore se sei nuovo con i tartufi magici e assicurati di avere un accompagnatore sobrio presente durante l&#8217;esperienza. Non \u00e8 consigliabile guidare sotto l&#8217;effetto di tartufi magici. Astieniti dall&#8217;uso se hai meno di 18 anni, non ti senti bene o hai una predisposizione depressiva. La tua sicurezza e il tuo benessere mentale devono sempre venire prima.[\/vc_column_text][\/vc_column][\/vc_row]<\/p>\n<\/div>","protected":false},"excerpt":{"rendered":"<p>I tartufi magici Pajaritos, che in spagnolo significa \u00abuccellini\u00bb, offrono un viaggio euforico ed elevato. Questi tartufi sono particolarmente apprezzati per i loro effetti gioiosi e stimolanti per la creativit\u00e0. Sono la scelta ideale per riunioni sociali o per chi \u00e8 nuovo nel mondo psichedelico. Tutti i nostri tartufi Pajaritos sono 100% vegani, senza glutine e coltivati in modo sostenibile, garantendoti un viaggio sicuro e piacevole.   <\/p>\n<p><strong>Effetti<\/strong><br \/>\nI tartufi magici Pajaritos sono noti per i loro effetti euforici, per l&#8217;umore migliorato e per la creativit\u00e0 potenziata. Creano un&#8217;esperienza psichedelica leggera che pu\u00f2 stimolare il riso, l&#8217;interazione sociale e prospettive nuove. Questi effetti li rendono l&#8217;aggiunta perfetta a una riunione intima con amici, o semplicemente per aggiungere un tocco di colore alla tua esperienza quotidiana.  <\/p>\n<p><strong>Intensit\u00e0, dosaggio e utilizzo<\/strong><br \/>\nI tartufi magici Pajaritos sono relativamente delicati in termini di intensit\u00e0 psichedelica. Anche se il dosaggio deve essere preso sul serio, possono essere un&#8217;ottima scelta per chi \u00e8 nuovo nel mondo psichedelico o per chi preferisce un&#8217;esperienza meno intensa e pi\u00f9 gestibile.<br \/>\nScopri il tuo dosaggio ideale con il nostro <strong><a href=\"https:\/\/go-microdose.com\/it\/calcolatore-del-dosaggio\/\">calcolatore di dosaggio<\/a><\/strong> facile da usare, personalizzato per garantirti un&#8217;esperienza ottimale. <\/p>\n<p><strong>Contenuto<\/strong><br \/>\nOgni confezione di tartufi magici Pajaritos contiene circa 18 g. A seconda della tolleranza individuale e dell&#8217;intensit\u00e0 desiderata dell&#8217;esperienza, questa quantit\u00e0 pu\u00f2 fornire diverse dosi. <\/p>\n<p><strong>Conservazione<\/strong><br \/>\nQuando conservati chiusi in frigorifero, i tartufi magici Pajaritos hanno una durata di 2 mesi. Per garantire freschezza e potenza, ti consigliamo di consumarli entro questo periodo. <\/p>\n<p><strong>AVVERTENZA<\/strong><br \/>\nAnche se i tartufi magici Pajaritos sono delicati, devono essere consumati con cautela. Inizia sempre con una dose inferiore se sei nuovo con i tartufi magici e assicurati di avere un accompagnatore sobrio presente durante l&#8217;esperienza. Non \u00e8 consigliabile guidare sotto l&#8217;effetto di tartufi magici. Astieniti dall&#8217;uso se hai meno di 18 anni, non ti senti bene o hai una predisposizione depressiva. La tua sicurezza e il tuo benessere mentale devono sempre venire prima.    <\/p>\n","protected":false},"featured_media":60906,"comment_status":"open","ping_status":"closed","template":"","meta":{"_acf_changed":false},"product_brand":[],"product_cat":[200],"product_tag":[],"giftcard-category":[],"class_list":{"0":"post-60905","1":"product","2":"type-product","3":"status-publish","4":"has-post-thumbnail","6":"product_cat-tartufi-magici","8":"first","9":"instock","10":"taxable","11":"shipping-taxable","12":"purchasable","13":"product-type-simple"},"acf":[],"_links":{"self":[{"href":"https:\/\/go-microdose.com\/it\/wp-json\/wp\/v2\/product\/60905","targetHints":{"allow":["GET"]}}],"collection":[{"href":"https:\/\/go-microdose.com\/it\/wp-json\/wp\/v2\/product"}],"about":[{"href":"https:\/\/go-microdose.com\/it\/wp-json\/wp\/v2\/types\/product"}],"replies":[{"embeddable":true,"href":"https:\/\/go-microdose.com\/it\/wp-json\/wp\/v2\/comments?post=60905"}],"wp:featuredmedia":[{"embeddable":true,"href":"https:\/\/go-microdose.com\/it\/wp-json\/wp\/v2\/media\/60906"}],"wp:attachment":[{"href":"https:\/\/go-microdose.com\/it\/wp-json\/wp\/v2\/media?parent=60905"}],"wp:term":[{"taxonomy":"product_brand","embeddable":true,"href":"https:\/\/go-microdose.com\/it\/wp-json\/wp\/v2\/product_brand?post=60905"},{"taxonomy":"product_cat","embeddable":true,"href":"https:\/\/go-microdose.com\/it\/wp-json\/wp\/v2\/product_cat?post=60905"},{"taxonomy":"product_tag","embeddable":true,"href":"https:\/\/go-microdose.com\/it\/wp-json\/wp\/v2\/product_tag?post=60905"},{"taxonomy":"giftcard-category","embeddable":true,"href":"https:\/\/go-microdose.com\/it\/wp-json\/wp\/v2\/giftcard-category?post=60905"}],"curies":[{"name":"wp","href":"https:\/\/api.w.org\/{rel}","templated":true}]}}