{"id":60921,"date":"2023-06-20T21:49:10","date_gmt":"2023-06-20T21:49:10","guid":{"rendered":"https:\/\/go-microdose.com\/product\/tartufo-hollandia\/"},"modified":"2026-04-26T13:40:43","modified_gmt":"2026-04-26T11:40:43","slug":"tartufo-hollandia","status":"publish","type":"product","link":"https:\/\/go-microdose.com\/it\/prodotto\/tartufo-hollandia\/","title":{"rendered":"Tartufo Hollandia"},"content":{"rendered":"<div class=\"wpb-content-wrapper\"><p>[vc_row][vc_column][vc_column_text]<\/p>\n<p class=\"p1\">I tartufi magici Hollandia sono rinomati per la loro esperienza psichedelica intensa, vivida e trasformativa. Questo prodotto \u00e8 il frutto di una coltivazione olandese avanzata, scelto dagli utenti esperti per la sua potenza. Coltivati in modo sostenibile, senza glutine e vegani, i tartufi Hollandia offrono un viaggio psichedelico naturale, sicuro e intenso. <\/p>\n<p class=\"p1\"><strong>Effetti<br \/>\n<\/strong>Gli utenti dei tartufi Hollandia riportano spesso un viaggio psichedelico intenso caratterizzato da potenti visioni e profonda introspezione. Potresti sperimentare un maggiore senso di creativit\u00e0, un&#8217;alterata percezione del tempo e rivelazioni profonde. Il viaggio con Hollandia \u00e8 spesso associato all&#8217;auto-scoperta e alla crescita spirituale.  <\/p>\n<p class=\"p1\"><strong>Potenza, dosaggio e utilizzo<br \/>\n<\/strong>I tartufi Hollandia sono noti per la loro forza e potenza. \u00c8 importante approcciarsi all&#8217;utilizzo con rispetto, specialmente per chi \u00e8 nuovo all&#8217;esperienza psichedelica. Inizia con una dose pi\u00f9 piccola e regola in base al tuo livello di comfort e all&#8217;intensit\u00e0 desiderata dell&#8217;esperienza.<br \/>\nScopri il tuo dosaggio ideale con il nostro <strong><a href=\"https:\/\/go-microdose.com\/it\/calcolatore-del-dosaggio\/\">calcolatore di dosaggio<\/a><\/strong> facile da usare, personalizzato per garantire la tua esperienza ottimale.  <\/p>\n<p class=\"p1\"><strong>Contenuto<\/strong><br \/>\nOgni confezione di tartufi magici Hollandia contiene circa 18 grammi. Questa quantit\u00e0 pu\u00f2 servire per pi\u00f9 dosi a seconda del livello di esperienza dell&#8217;utente e dell&#8217;intensit\u00e0 desiderata del viaggio psichedelico. <\/p>\n<p class=\"p1\"><strong>Conservazione<\/strong><br \/>\nSe conservati chiusi in frigorifero, i Tartufi Magici Hollandia hanno una durata di 2 mesi. Per garantirne la freschezza e la potenza, ti consigliamo di consumarli entro questo periodo. <\/p>\n<p class=\"p1\"><strong>AVVERTENZA<\/strong><br \/>\nIl Tartufo Magico Hollandia \u00e8 una variet\u00e0 potente. \u00c8 importante prestare attenzione al dosaggio, soprattutto se non hai familiarit\u00e0 con gli effetti dei tartufi magici. \u00c8 consigliabile avere una persona sobria (il &#8220;Sitter&#8221;) presente durante il viaggio per offrire supporto e garantire la tua sicurezza. Evita di guidare dopo aver consumato tartufi magici. L&#8217;uso di tartufi magici da parte di persone sotto i 18 anni \u00e8 sconsigliato. Inoltre, evita l&#8217;uso se non ti senti bene o hai una disposizione depressiva. Dai priorit\u00e0 alla sicurezza e al benessere mentale quando esplori il mondo degli psichedelici.      <\/p>\n<p>[\/vc_column_text][\/vc_column][\/vc_row]<\/p>\n<\/div>","protected":false},"excerpt":{"rendered":"<p class=\"p1\">I tartufi magici Hollandia sono rinomati per la loro esperienza psichedelica intensa, vivida e trasformativa. Questo prodotto \u00e8 il frutto di una coltivazione olandese avanzata, scelto dagli utenti esperti per la sua potenza. Coltivati in modo sostenibile, senza glutine e vegani, i tartufi Hollandia offrono un viaggio psichedelico naturale, sicuro e intenso. <\/p>\n<p class=\"p1\"><strong>Effetti<br \/>\n<\/strong>Gli utenti dei tartufi Hollandia riportano spesso un viaggio psichedelico intenso caratterizzato da potenti visioni e profonda introspezione. Potresti sperimentare un maggiore senso di creativit\u00e0, un&#8217;alterata percezione del tempo e rivelazioni profonde. Il viaggio con Hollandia \u00e8 spesso associato all&#8217;auto-scoperta e alla crescita spirituale.  <\/p>\n<p class=\"p1\"><strong>Potenza, dosaggio e utilizzo<br \/>\n<\/strong>I tartufi Hollandia sono noti per la loro forza e potenza. \u00c8 importante approcciarsi all&#8217;utilizzo con rispetto, specialmente per chi \u00e8 nuovo all&#8217;esperienza psichedelica. Inizia con una dose pi\u00f9 piccola e regola in base al tuo livello di comfort e all&#8217;intensit\u00e0 desiderata dell&#8217;esperienza.<br \/>\nScopri il tuo dosaggio ideale con il nostro <strong><a href=\"https:\/\/go-microdose.com\/it\/calcolatore-del-dosaggio\/\">calcolatore di dosaggio<\/a><\/strong> facile da usare, personalizzato per garantire la tua esperienza ottimale.  <\/p>\n<p class=\"p1\"><strong>Contenuto<\/strong><br \/>\nOgni confezione di tartufi magici Hollandia contiene circa 18 grammi. Questa quantit\u00e0 pu\u00f2 servire per pi\u00f9 dosi a seconda del livello di esperienza dell&#8217;utente e dell&#8217;intensit\u00e0 desiderata del viaggio psichedelico. <\/p>\n<p class=\"p1\"><strong>Conservazione<\/strong><br \/>\nSe conservati chiusi in frigorifero, i Tartufi Magici Hollandia hanno una durata di 2 mesi. Per garantirne la freschezza e la potenza, ti consigliamo di consumarli entro questo periodo. <\/p>\n<p class=\"p1\"><strong>AVVERTENZA<\/strong><br \/>\nIl Tartufo Magico Hollandia \u00e8 una variet\u00e0 potente. \u00c8 importante prestare attenzione al dosaggio, soprattutto se non hai familiarit\u00e0 con gli effetti dei tartufi magici. \u00c8 consigliabile avere una persona sobria (il &#8220;Sitter&#8221;) presente durante il viaggio per offrire supporto e garantire la tua sicurezza. Evita di guidare dopo aver consumato tartufi magici. L&#8217;uso di tartufi magici da parte di persone sotto i 18 anni \u00e8 sconsigliato. Inoltre, evita l&#8217;uso se non ti senti bene o hai una disposizione depressiva. Dai priorit\u00e0 alla sicurezza e al benessere mentale quando esplori il mondo degli psichedelici.      <\/p>\n","protected":false},"featured_media":60923,"comment_status":"open","ping_status":"closed","template":"","meta":{"_acf_changed":false},"product_brand":[],"product_cat":[200],"product_tag":[],"giftcard-category":[],"class_list":{"0":"post-60921","1":"product","2":"type-product","3":"status-publish","4":"has-post-thumbnail","6":"product_cat-tartufi-magici","8":"first","9":"instock","10":"taxable","11":"shipping-taxable","12":"purchasable","13":"product-type-simple"},"acf":[],"_links":{"self":[{"href":"https:\/\/go-microdose.com\/it\/wp-json\/wp\/v2\/product\/60921","targetHints":{"allow":["GET"]}}],"collection":[{"href":"https:\/\/go-microdose.com\/it\/wp-json\/wp\/v2\/product"}],"about":[{"href":"https:\/\/go-microdose.com\/it\/wp-json\/wp\/v2\/types\/product"}],"replies":[{"embeddable":true,"href":"https:\/\/go-microdose.com\/it\/wp-json\/wp\/v2\/comments?post=60921"}],"wp:featuredmedia":[{"embeddable":true,"href":"https:\/\/go-microdose.com\/it\/wp-json\/wp\/v2\/media\/60923"}],"wp:attachment":[{"href":"https:\/\/go-microdose.com\/it\/wp-json\/wp\/v2\/media?parent=60921"}],"wp:term":[{"taxonomy":"product_brand","embeddable":true,"href":"https:\/\/go-microdose.com\/it\/wp-json\/wp\/v2\/product_brand?post=60921"},{"taxonomy":"product_cat","embeddable":true,"href":"https:\/\/go-microdose.com\/it\/wp-json\/wp\/v2\/product_cat?post=60921"},{"taxonomy":"product_tag","embeddable":true,"href":"https:\/\/go-microdose.com\/it\/wp-json\/wp\/v2\/product_tag?post=60921"},{"taxonomy":"giftcard-category","embeddable":true,"href":"https:\/\/go-microdose.com\/it\/wp-json\/wp\/v2\/giftcard-category?post=60921"}],"curies":[{"name":"wp","href":"https:\/\/api.w.org\/{rel}","templated":true}]}}