{"id":60938,"date":"2023-06-20T22:01:01","date_gmt":"2023-06-20T22:01:01","guid":{"rendered":"https:\/\/go-microdose.com\/product\/tartufo-atlantis\/"},"modified":"2026-04-06T07:53:43","modified_gmt":"2026-04-06T05:53:43","slug":"tartufo-atlantis","status":"publish","type":"product","link":"https:\/\/go-microdose.com\/it\/prodotto\/tartufo-atlantis\/","title":{"rendered":"Tartufo Atlantis"},"content":{"rendered":"<div class=\"wpb-content-wrapper\"><p>[vc_row][vc_column][vc_column_text]I tartufi magici Atlantis sono una scelta popolare tra chi si avvicina al mondo psichedelico per la loro capacit\u00e0 di offrire un equilibrio tra visioni incantevoli e profondi momenti introspettivi. Questi tartufi aprono un regno di esplorazione del subconscio, rendendoli una scelta versatile sia per i nuovi utenti che per i pi\u00f9 esperti. Coltivati in modo sostenibile, vegani e senza glutine, i tartufi Atlantis garantiscono un viaggio sicuro e illuminante.  <\/p>\n<p><strong>Effetti<\/strong><br \/>\nDopo il consumo, i tartufi magici Atlantis sono noti per generare visioni vibranti e stimolare l&#8217;introspezione filosofica. Gli utenti spesso sperimentano una maggiore consapevolezza sensoriale, un apprezzamento pi\u00f9 profondo per la musica e l&#8217;arte e un forte senso di interconnessione con l&#8217;universo. Il viaggio psicologico con Atlantis pu\u00f2 portare alla crescita personale e alla scoperta di s\u00e9.  <\/p>\n<p><strong>Potenza, dosaggio e utilizzo<\/strong><br \/>\nLa potenza dei tartufi magici Atlantis rientra nella fascia media, rendendoli adatti sia ai principianti che agli utenti esperti. Il dosaggio deve essere determinato in base al tuo livello di comfort, all&#8217;esperienza precedente e all&#8217;intensit\u00e0 desiderata del viaggio.<br \/>\nScopri la tua assunzione ideale con il nostro intuitivo <strong><a href=\"https:\/\/go-microdose.com\/it\/calcolatore-del-dosaggio\/\">calcolatore di dosaggio<\/a><\/strong>, personalizzato per garantirti un&#8217;esperienza ottimale. <\/p>\n<p><strong>Contenuto<\/strong><br \/>\nOgni confezione di tartufi magici Atlantis contiene circa 18 grammi. Questa quantit\u00e0 pu\u00f2 servire per pi\u00f9 dosi a seconda del livello di esperienza dell&#8217;utente e dell&#8217;intensit\u00e0 desiderata. <\/p>\n<p><strong>Durata di conservazione<\/strong><br \/>\nLa durata di conservazione dei tartufi magici Atlantis non aperti, se conservati in frigorifero, \u00e8 di 2 mesi. Per la massima freschezza e potenza, si consiglia di consumarli entro questo periodo. <\/p>\n<p><strong>AVVERTENZA<\/strong><br \/>\nNonostante la loro potenza media, i tartufi magici Atlantis devono essere trattati con rispetto e cautela. Inizia sempre con una dose ridotta, specialmente se \u00e8 la tua prima volta con i tartufi magici. Per la tua sicurezza, assicurati che una persona sobria (il &#8220;Sitter&#8221;) sia presente durante il viaggio. Evita di guidare dopo aver consumato i tartufi e non usarli se hai meno di 18 anni, se non ti senti bene o se hai una predisposizione alla depressione. Come per tutte le esperienze psichedeliche, la tua sicurezza e il tuo benessere mentale devono essere la priorit\u00e0 assoluta.[\/vc_column_text][\/vc_column][\/vc_row]<\/p>\n<\/div>","protected":false},"excerpt":{"rendered":"<p>I tartufi magici Atlantis sono una scelta popolare tra chi si avvicina al mondo psichedelico per la loro capacit\u00e0 di offrire un equilibrio tra visioni incantevoli e profondi momenti introspettivi. Questi tartufi aprono un regno di esplorazione del subconscio, rendendoli una scelta versatile sia per i nuovi utenti che per i pi\u00f9 esperti. Coltivati in modo sostenibile, vegani e senza glutine, i tartufi Atlantis garantiscono un viaggio sicuro e illuminante.  <\/p>\n<p><strong>Effetti<\/strong><br \/>\nDopo il consumo, i tartufi magici Atlantis sono noti per generare visioni vibranti e stimolare l&#8217;introspezione filosofica. Gli utenti spesso sperimentano una maggiore consapevolezza sensoriale, un apprezzamento pi\u00f9 profondo per la musica e l&#8217;arte e un forte senso di interconnessione con l&#8217;universo. Il viaggio psicologico con Atlantis pu\u00f2 portare alla crescita personale e alla scoperta di s\u00e9.  <\/p>\n<p><strong>Potenza, dosaggio e utilizzo<\/strong><br \/>\nLa potenza dei tartufi magici Atlantis rientra nella fascia media, rendendoli adatti sia ai principianti che agli utenti esperti. Il dosaggio deve essere determinato in base al tuo livello di comfort, all&#8217;esperienza precedente e all&#8217;intensit\u00e0 desiderata del viaggio.<br \/>\nScopri la tua assunzione ideale con il nostro intuitivo <strong><a href=\"https:\/\/go-microdose.com\/it\/calcolatore-del-dosaggio\/\">calcolatore di dosaggio<\/a><\/strong>, personalizzato per garantirti un&#8217;esperienza ottimale. <\/p>\n<p><strong>Contenuto<\/strong><br \/>\nOgni confezione di tartufi magici Atlantis contiene circa 18 grammi. Questa quantit\u00e0 pu\u00f2 servire per pi\u00f9 dosi a seconda del livello di esperienza dell&#8217;utente e dell&#8217;intensit\u00e0 desiderata. <\/p>\n<p><strong>Durata di conservazione<\/strong><br \/>\nLa durata di conservazione dei tartufi magici Atlantis non aperti, se conservati in frigorifero, \u00e8 di 2 mesi. Per la massima freschezza e potenza, si consiglia di consumarli entro questo periodo. <\/p>\n<p><strong>AVVERTENZA<\/strong><br \/>\nNonostante la loro potenza media, i tartufi magici Atlantis devono essere trattati con rispetto e cautela. Inizia sempre con una dose ridotta, specialmente se \u00e8 la tua prima volta con i tartufi magici. Per la tua sicurezza, assicurati che una persona sobria (il &#8220;Sitter&#8221;) sia presente durante il viaggio. Evita di guidare dopo aver consumato i tartufi e non usarli se hai meno di 18 anni, se non ti senti bene o se hai una predisposizione alla depressione. Come per tutte le esperienze psichedeliche, la tua sicurezza e il tuo benessere mentale devono essere la priorit\u00e0 assoluta.    <\/p>\n","protected":false},"featured_media":60945,"comment_status":"open","ping_status":"closed","template":"","meta":{"_acf_changed":false},"product_brand":[],"product_cat":[200],"product_tag":[],"giftcard-category":[],"class_list":{"0":"post-60938","1":"product","2":"type-product","3":"status-publish","4":"has-post-thumbnail","6":"product_cat-tartufi-magici","8":"first","9":"instock","10":"taxable","11":"shipping-taxable","12":"purchasable","13":"product-type-simple"},"acf":[],"_links":{"self":[{"href":"https:\/\/go-microdose.com\/it\/wp-json\/wp\/v2\/product\/60938","targetHints":{"allow":["GET"]}}],"collection":[{"href":"https:\/\/go-microdose.com\/it\/wp-json\/wp\/v2\/product"}],"about":[{"href":"https:\/\/go-microdose.com\/it\/wp-json\/wp\/v2\/types\/product"}],"replies":[{"embeddable":true,"href":"https:\/\/go-microdose.com\/it\/wp-json\/wp\/v2\/comments?post=60938"}],"wp:featuredmedia":[{"embeddable":true,"href":"https:\/\/go-microdose.com\/it\/wp-json\/wp\/v2\/media\/60945"}],"wp:attachment":[{"href":"https:\/\/go-microdose.com\/it\/wp-json\/wp\/v2\/media?parent=60938"}],"wp:term":[{"taxonomy":"product_brand","embeddable":true,"href":"https:\/\/go-microdose.com\/it\/wp-json\/wp\/v2\/product_brand?post=60938"},{"taxonomy":"product_cat","embeddable":true,"href":"https:\/\/go-microdose.com\/it\/wp-json\/wp\/v2\/product_cat?post=60938"},{"taxonomy":"product_tag","embeddable":true,"href":"https:\/\/go-microdose.com\/it\/wp-json\/wp\/v2\/product_tag?post=60938"},{"taxonomy":"giftcard-category","embeddable":true,"href":"https:\/\/go-microdose.com\/it\/wp-json\/wp\/v2\/giftcard-category?post=60938"}],"curies":[{"name":"wp","href":"https:\/\/api.w.org\/{rel}","templated":true}]}}