{"id":61000,"date":"2023-06-20T17:50:48","date_gmt":"2023-06-20T17:50:48","guid":{"rendered":"https:\/\/go-microdose.com\/product\/growkit-golden-teacher\/"},"modified":"2026-04-06T07:53:47","modified_gmt":"2026-04-06T05:53:47","slug":"growkit-golden-teacher","status":"publish","type":"product","link":"https:\/\/go-microdose.com\/it\/prodotto\/growkit-golden-teacher\/","title":{"rendered":"Growkit Golden Teacher"},"content":{"rendered":"<div class=\"wpb-content-wrapper\"><p>[vc_row][vc_column][vc_column_text]I funghi magici Golden Teacher sono venerati per i loro effetti spirituali e introspettivi. Offrono una porta verso la conoscenza, la saggezza e la comprensione, meritandosi il loro illustre nome. Questa particolare variet\u00e0 di psilocybe cubensis \u00e8 avvolta nel mistero per via delle sue origini ignote, ma \u00e8 diventata rapidamente una delle preferite sia dai coltivatori che dai psiconauti. Con il nostro growkit al 100% di micelio, puoi coltivare a casa questa enigmatica variet\u00e0 di fungo, che promette un raccolto abbondante e flussi multipli.   <\/p>\n<p><strong>Effetti<\/strong><br \/>\nI funghi magici Golden Teacher sono rinomati per la loro capacit\u00e0 di offrire un&#8217;esperienza profondamente significativa e filosofica. Gli utenti riferiscono spesso sensazioni di illuminazione, maggiore consapevolezza e cambiamenti percettivi, tra cui alterazione della percezione temporale, distorsioni visive e colori intensificati. L&#8217;introspezione mentale ed emotiva \u00e8 comune e pu\u00f2 portare a profonde intuizioni personali.  <\/p>\n<p><strong>Potenza, dosaggio e utilizzo<\/strong><br \/>\nI funghi magici Golden Teacher hanno una potenza moderata, il che li rende adatti sia ai principianti che agli utenti esperti. Il dosaggio varia a seconda della tolleranza individuale e dell&#8217;intensit\u00e0 desiderata dell&#8217;esperienza. Si raccomanda sempre di iniziare con una dose bassa e di aumentarla gradualmente man mano che acquisisci familiarit\u00e0 con gli effetti.<br \/>\nScopri la tua assunzione ideale con il nostro intuitivo <strong><a href=\"https:\/\/go-microdose.com\/it\/calcolatore-del-dosaggio\/\">calcolatore di dosaggio<\/a><\/strong>, personalizzato per garantirti un&#8217;esperienza ottimale.  <\/p>\n<p><strong>Contenuto<\/strong><br \/>\nIl nostro growkit GO Microdose al 100% di micelio offre tutto il necessario per coltivare i venerati funghi Golden Teacher. Ogni kit contiene un growkit da 1200 cc, un sacchetto di coltivazione con filtri d&#8217;aria e due graffette. Le istruzioni dettagliate per la coltivazione sono fornite sia in olandese che in inglese per guidarti nel processo. Con la cura adeguata, questi growkit da 1200 cc possono produrre tra i 400 e gli 800 g di funghi freschi in pi\u00f9 flussi.   <\/p>\n<p><strong>Durata di conservazione<\/strong><br \/>\nSe conservato in un ambiente fresco, il growkit pu\u00f2 durare dai 3 ai 6 mesi circa. Tuttavia, fuori dal frigorifero, la durata di conservazione del growkit \u00e8 limitata. \u00c8 sempre meglio iniziare la coltivazione il prima possibile per garantire i migliori risultati.  <\/p>\n<p><strong>AVVERTENZA<\/strong><br \/>\nSebbene la coltivazione dei funghi magici Golden Teacher sia semplice con il nostro growkit, tratta sempre il prodotto finale con rispetto. Non consumare funghi magici se hai meno di 18 anni, in caso di gravidanza, se sei soggetto a problemi di salute mentale o in combinazione con alcol o altre droghe. I funghi magici sono una potente sostanza naturale che pu\u00f2 offrire forti esperienze psicologiche. Assicurati di avere sempre un trip sitter sobrio presente durante l&#8217;esperienza.[\/vc_column_text][\/vc_column][\/vc_row]<\/p>\n<\/div>","protected":false},"excerpt":{"rendered":"<p>I funghi magici Golden Teacher sono venerati per i loro effetti spirituali e introspettivi. Offrono una porta verso la conoscenza, la saggezza e la comprensione, meritandosi il loro illustre nome. Questa particolare variet\u00e0 di psilocybe cubensis \u00e8 avvolta nel mistero per via delle sue origini ignote, ma \u00e8 diventata rapidamente una delle preferite sia dai coltivatori che dai psiconauti. Con il nostro growkit al 100% di micelio, puoi coltivare a casa questa enigmatica variet\u00e0 di fungo, che promette un raccolto abbondante e flussi multipli.   <\/p>\n<p><strong>Effetti<\/strong><br \/>\nI funghi magici Golden Teacher sono rinomati per la loro capacit\u00e0 di offrire un&#8217;esperienza profondamente significativa e filosofica. Gli utenti riferiscono spesso sensazioni di illuminazione, maggiore consapevolezza e cambiamenti percettivi, tra cui alterazione della percezione temporale, distorsioni visive e colori intensificati. L&#8217;introspezione mentale ed emotiva \u00e8 comune e pu\u00f2 portare a profonde intuizioni personali.  <\/p>\n<p><strong>Potenza, dosaggio e utilizzo<\/strong><br \/>\nI funghi magici Golden Teacher hanno una potenza moderata, il che li rende adatti sia ai principianti che agli utenti esperti. Il dosaggio varia a seconda della tolleranza individuale e dell&#8217;intensit\u00e0 desiderata dell&#8217;esperienza. Si raccomanda sempre di iniziare con una dose bassa e di aumentarla gradualmente man mano che acquisisci familiarit\u00e0 con gli effetti.<br \/>\nScopri la tua assunzione ideale con il nostro intuitivo <strong><a href=\"https:\/\/go-microdose.com\/it\/calcolatore-del-dosaggio\/\">calcolatore di dosaggio<\/a><\/strong>, personalizzato per garantirti un&#8217;esperienza ottimale.  <\/p>\n<p><strong>Contenuto<\/strong><br \/>\nIl nostro growkit GO Microdose al 100% di micelio offre tutto il necessario per coltivare i venerati funghi Golden Teacher. Ogni kit contiene un growkit da 1200 cc, un sacchetto di coltivazione con filtri d&#8217;aria e due graffette. Le istruzioni dettagliate per la coltivazione sono fornite sia in olandese che in inglese per guidarti nel processo. Con la cura adeguata, questi growkit da 1200 cc possono produrre tra i 400 e gli 800 g di funghi freschi in pi\u00f9 flussi.   <\/p>\n<p><strong>Durata di conservazione<\/strong><br \/>\nSe conservato in un ambiente fresco, il growkit pu\u00f2 durare dai 3 ai 6 mesi circa. Tuttavia, fuori dal frigorifero, la durata di conservazione del growkit \u00e8 limitata. \u00c8 sempre meglio iniziare la coltivazione il prima possibile per garantire i migliori risultati.  <\/p>\n<p><strong>AVVERTENZA<\/strong><br \/>\nSebbene la coltivazione dei funghi magici Golden Teacher sia semplice con il nostro growkit, tratta sempre il prodotto finale con rispetto. Non consumare funghi magici se hai meno di 18 anni, in caso di gravidanza, se sei soggetto a problemi di salute mentale o in combinazione con alcol o altre droghe. I funghi magici sono una potente sostanza naturale che pu\u00f2 offrire forti esperienze psicologiche. Assicurati di avere sempre un trip sitter sobrio presente durante l&#8217;esperienza.   <\/p>\n","protected":false},"featured_media":61002,"comment_status":"open","ping_status":"closed","template":"","meta":{"_acf_changed":false},"product_brand":[],"product_cat":[235],"product_tag":[],"giftcard-category":[],"class_list":{"0":"post-61000","1":"product","2":"type-product","3":"status-publish","4":"has-post-thumbnail","6":"product_cat-growkit-di-funghi-magici","7":"product_shipping_class-confezione-grande","9":"first","10":"instock","11":"taxable","12":"shipping-taxable","13":"purchasable","14":"product-type-simple"},"acf":[],"_links":{"self":[{"href":"https:\/\/go-microdose.com\/it\/wp-json\/wp\/v2\/product\/61000","targetHints":{"allow":["GET"]}}],"collection":[{"href":"https:\/\/go-microdose.com\/it\/wp-json\/wp\/v2\/product"}],"about":[{"href":"https:\/\/go-microdose.com\/it\/wp-json\/wp\/v2\/types\/product"}],"replies":[{"embeddable":true,"href":"https:\/\/go-microdose.com\/it\/wp-json\/wp\/v2\/comments?post=61000"}],"wp:featuredmedia":[{"embeddable":true,"href":"https:\/\/go-microdose.com\/it\/wp-json\/wp\/v2\/media\/61002"}],"wp:attachment":[{"href":"https:\/\/go-microdose.com\/it\/wp-json\/wp\/v2\/media?parent=61000"}],"wp:term":[{"taxonomy":"product_brand","embeddable":true,"href":"https:\/\/go-microdose.com\/it\/wp-json\/wp\/v2\/product_brand?post=61000"},{"taxonomy":"product_cat","embeddable":true,"href":"https:\/\/go-microdose.com\/it\/wp-json\/wp\/v2\/product_cat?post=61000"},{"taxonomy":"product_tag","embeddable":true,"href":"https:\/\/go-microdose.com\/it\/wp-json\/wp\/v2\/product_tag?post=61000"},{"taxonomy":"giftcard-category","embeddable":true,"href":"https:\/\/go-microdose.com\/it\/wp-json\/wp\/v2\/giftcard-category?post=61000"}],"curies":[{"name":"wp","href":"https:\/\/api.w.org\/{rel}","templated":true}]}}