{"id":61096,"date":"2023-06-20T17:45:46","date_gmt":"2023-06-20T17:45:46","guid":{"rendered":"https:\/\/go-microdose.com\/product\/tartufo-utopia\/"},"modified":"2026-04-06T07:53:51","modified_gmt":"2026-04-06T05:53:51","slug":"tartufo-utopia","status":"publish","type":"product","link":"https:\/\/go-microdose.com\/it\/prodotto\/tartufo-utopia\/","title":{"rendered":"Tartufo Utopia"},"content":{"rendered":"<div class=\"wpb-content-wrapper\"><p>[vc_row][vc_column][vc_column_text]I tartufi magici Utopia sono i preferiti dagli utenti esperti per i loro effetti intensamente trasformativi. Noti per la loro forza e potenza, questi tartufi ti accompagnano in un viaggio profondo nelle profondit\u00e0 della tua psiche. I Tartufi Utopia sono coltivati in modo sostenibile, sono vegani e senza glutine, garantendo un&#8217;esperienza psichedelica pura e incontaminata.  <\/p>\n<p><strong>Effetti<\/strong><br \/>\nGli utenti hanno riferito una profonda trasformazione con Utopia. Questi potenti tartufi sbloccano parti profonde della psiche, portando a visioni vivide, euforia intensa e un senso ampliato di empatia e connessione. I Tartufi Utopia possono aiutare a rimuovere gli strati della tua mente, offrendo nuove prospettive e intuizioni.  <\/p>\n<p><strong>Forza, dosaggio e utilizzo<\/strong><br \/>\nLa Psilocybe Utopia \u00e8 nota per la sua forza. Anche una piccola dose pu\u00f2 portare a effetti intensi. \u00c8 importante prestare attenzione al dosaggio, specialmente per chi non ha familiarit\u00e0 con gli effetti della psilocibina. Consigliamo di iniziare con una piccola dose e aumentare gradualmente secondo necessit\u00e0.<br \/>\nScopri la tua assunzione ideale con il nostro intuitivo <strong><a href=\"https:\/\/go-microdose.com\/it\/calcolatore-del-dosaggio\/\">calcolatore di dosaggio<\/a><\/strong>, personalizzato per garantirti un&#8217;esperienza ottimale.   <\/p>\n<p><strong>Contenuto<\/strong><br \/>\nOgni confezione di Tartufi Magici Utopia contiene circa 18 grammi. Questa quantit\u00e0 pu\u00f2 servire per pi\u00f9 dosi, a seconda dell&#8217;intensit\u00e0 desiderata degli effetti. <\/p>\n<p><strong>Durata di conservazione<\/strong><br \/>\nSe conservati chiusi in frigorifero, i Tartufi Magici Utopia hanno una durata di 2 mesi. Si consiglia di consumarli entro questo lasso di tempo per garantirne freschezza e potenza. <\/p>\n<p><strong>AVVERTENZA<\/strong><br \/>\nL&#8217;Utopia \u00e8 un tartufo molto potente. Bisogna prestare attenzione al dosaggio, in particolare se non si ha familiarit\u00e0 con gli effetti dei tartufi magici. \u00c8 consigliabile la presenza di una persona sobria (il &#8220;Sitter&#8221;), per fornire supporto e garantire la tua sicurezza durante l&#8217;esperienza psichedelica. Non guidare se hai consumato tartufi magici. Si raccomanda di non usare tartufi magici se hai meno di 18 anni, o se ti trovi in uno stato di disagio o hai una disposizione depressiva. Dai sempre priorit\u00e0 alla sicurezza e al benessere mentale quando esplori il regno degli psichedelici.[\/vc_column_text][\/vc_column][\/vc_row]<\/p>\n<\/div>","protected":false},"excerpt":{"rendered":"<p>I tartufi magici Utopia sono i preferiti dagli utenti esperti per i loro effetti intensamente trasformativi. Noti per la loro forza e potenza, questi tartufi ti accompagnano in un viaggio profondo nelle profondit\u00e0 della tua psiche. I Tartufi Utopia sono coltivati in modo sostenibile, sono vegani e senza glutine, garantendo un&#8217;esperienza psichedelica pura e incontaminata.  <\/p>\n<p><strong>Effetti<\/strong><br \/>\nGli utenti hanno riferito una profonda trasformazione con Utopia. Questi potenti tartufi sbloccano parti profonde della psiche, portando a visioni vivide, euforia intensa e un senso ampliato di empatia e connessione. I Tartufi Utopia possono aiutare a rimuovere gli strati della tua mente, offrendo nuove prospettive e intuizioni.  <\/p>\n<p><strong>Forza, dosaggio e utilizzo<\/strong><br \/>\nLa Psilocybe Utopia \u00e8 nota per la sua forza. Anche una piccola dose pu\u00f2 portare a effetti intensi. \u00c8 importante prestare attenzione al dosaggio, specialmente per chi non ha familiarit\u00e0 con gli effetti della psilocibina. Consigliamo di iniziare con una piccola dose e aumentare gradualmente secondo necessit\u00e0.<br \/>\nScopri la tua assunzione ideale con il nostro intuitivo <strong><a href=\"https:\/\/go-microdose.com\/it\/calcolatore-del-dosaggio\/\">calcolatore di dosaggio<\/a><\/strong>, personalizzato per garantirti un&#8217;esperienza ottimale.   <\/p>\n<p><strong>Contenuto<\/strong><br \/>\nOgni confezione di Tartufi Magici Utopia contiene circa 18 grammi. Questa quantit\u00e0 pu\u00f2 servire per pi\u00f9 dosi, a seconda dell&#8217;intensit\u00e0 desiderata degli effetti. <\/p>\n<p><strong>Durata di conservazione<\/strong><br \/>\nSe conservati chiusi in frigorifero, i Tartufi Magici Utopia hanno una durata di 2 mesi. Si consiglia di consumarli entro questo lasso di tempo per garantirne freschezza e potenza. <\/p>\n<p><strong>AVVERTENZA<\/strong><br \/>\nL&#8217;Utopia \u00e8 un tartufo molto potente. Bisogna prestare attenzione al dosaggio, in particolare se non si ha familiarit\u00e0 con gli effetti dei tartufi magici. \u00c8 consigliabile la presenza di una persona sobria (il &#8220;Sitter&#8221;), per fornire supporto e garantire la tua sicurezza durante l&#8217;esperienza psichedelica. Non guidare se hai consumato tartufi magici. Si raccomanda di non usare tartufi magici se hai meno di 18 anni, o se ti trovi in uno stato di disagio o hai una disposizione depressiva. Dai sempre priorit\u00e0 alla sicurezza e al benessere mentale quando esplori il regno degli psichedelici.     <\/p>\n","protected":false},"featured_media":61097,"comment_status":"open","ping_status":"closed","template":"","meta":{"_acf_changed":false},"product_brand":[],"product_cat":[98],"product_tag":[],"giftcard-category":[],"class_list":{"0":"post-61096","1":"product","2":"type-product","3":"status-publish","4":"has-post-thumbnail","6":"product_cat-magic-truffles","8":"first","9":"instock","10":"taxable","11":"shipping-taxable","12":"purchasable","13":"product-type-simple"},"acf":[],"_links":{"self":[{"href":"https:\/\/go-microdose.com\/it\/wp-json\/wp\/v2\/product\/61096","targetHints":{"allow":["GET"]}}],"collection":[{"href":"https:\/\/go-microdose.com\/it\/wp-json\/wp\/v2\/product"}],"about":[{"href":"https:\/\/go-microdose.com\/it\/wp-json\/wp\/v2\/types\/product"}],"replies":[{"embeddable":true,"href":"https:\/\/go-microdose.com\/it\/wp-json\/wp\/v2\/comments?post=61096"}],"wp:featuredmedia":[{"embeddable":true,"href":"https:\/\/go-microdose.com\/it\/wp-json\/wp\/v2\/media\/61097"}],"wp:attachment":[{"href":"https:\/\/go-microdose.com\/it\/wp-json\/wp\/v2\/media?parent=61096"}],"wp:term":[{"taxonomy":"product_brand","embeddable":true,"href":"https:\/\/go-microdose.com\/it\/wp-json\/wp\/v2\/product_brand?post=61096"},{"taxonomy":"product_cat","embeddable":true,"href":"https:\/\/go-microdose.com\/it\/wp-json\/wp\/v2\/product_cat?post=61096"},{"taxonomy":"product_tag","embeddable":true,"href":"https:\/\/go-microdose.com\/it\/wp-json\/wp\/v2\/product_tag?post=61096"},{"taxonomy":"giftcard-category","embeddable":true,"href":"https:\/\/go-microdose.com\/it\/wp-json\/wp\/v2\/giftcard-category?post=61096"}],"curies":[{"name":"wp","href":"https:\/\/api.w.org\/{rel}","templated":true}]}}