{"id":61258,"date":"2022-11-04T11:12:29","date_gmt":"2022-11-04T11:12:29","guid":{"rendered":"https:\/\/go-microdose.com\/product\/bilancia-di-precisione\/"},"modified":"2026-04-06T07:53:59","modified_gmt":"2026-04-06T05:53:59","slug":"bilancia-di-precisione","status":"publish","type":"product","link":"https:\/\/go-microdose.com\/it\/prodotto\/bilancia-di-precisione\/","title":{"rendered":"Bilancia di precisione"},"content":{"rendered":"<div class=\"wpb-content-wrapper\"><p>[vc_row][vc_column][vc_column_text]\u00c8 importante misurare con precisione la giusta quantit\u00e0 di tartufi quando pratichi il microdosing.<br \/>\nOtterrai i massimi benefici se utilizzi l&#8217;esatta quantit\u00e0 di tartufi. Ogni cliente \u00e8 unico e ognuno ha il proprio &#8220;punto ideale&#8221;. Alcuni avvertono gli effetti desiderati con 0,25 g di tartufi, mentre altri usano una dose intera di 1 g. Questo varia da persona a persona.   <\/p>\n<p>Non praticare mai il microdosing senza misurare accuratamente la dose. Per pesare il micro-dosaggio, usa solo una bilancia con una precisione di 0,01 g. La nostra bilancia \u00e8 consigliata sia ai principianti che ai microdoser esperti. <\/p>\n<p>Ti consigliamo di non praticare il microdosing ogni giorno. In questo modo non potresti monitorare come vengono influenzati i tuoi comportamenti di base, come produttivit\u00e0, creativit\u00e0 e umore. Un altro svantaggio del microdosing quotidiano \u00e8 l&#8217;assuefazione. Se lo fai ogni giorno, il tuo corpo e la tua mente probabilmente si abitueranno alla sostanza, trasformandola in un&#8217;abitudine (come il caff\u00e8 o la nicotina per molti). Consigliamo inoltre di interrompere per almeno un mese dopo 8-10 settimane, per prevenire l&#8217;assuefazione psicologica.    <\/p>\n<p>Scopri il tuo dosaggio ideale con il nostro <strong><a href=\"https:\/\/go-microdose.com\/it\/calcolatore-del-dosaggio\/\">calcolatore di dosaggio<\/a><\/strong> intuitivo, personalizzato per garantire la tua esperienza ottimale.[\/vc_column_text][\/vc_column][\/vc_row]<\/p>\n<\/div>","protected":false},"excerpt":{"rendered":"<ul>\n<li>Da 0 a 500 g con una precisione di 0,01 g<\/li>\n<li>display a 6 cifre con retroilluminazione blu<\/li>\n<li>lettura in g, oz, tl o ct<\/li>\n<li>spegnimento automatico dopo 30 secondi<\/li>\n<li>funzione tara e conteggio.<\/li>\n<li>dimensioni: lunghezza 11,5 cm (L) 6 cm (P) 1,8 cm<\/li>\n<li>funziona con 2 batterie AAA (incluse)<\/li>\n<li>Manuale in inglese.<\/li>\n<\/ul>\n","protected":false},"featured_media":61260,"comment_status":"open","ping_status":"closed","template":"","meta":{"_acf_changed":false},"product_brand":[],"product_cat":[184],"product_tag":[],"giftcard-category":[],"class_list":{"0":"post-61258","1":"product","2":"type-product","3":"status-publish","4":"has-post-thumbnail","6":"product_cat-accessori","8":"first","9":"instock","10":"taxable","11":"shipping-taxable","12":"purchasable","13":"product-type-simple"},"acf":[],"_links":{"self":[{"href":"https:\/\/go-microdose.com\/it\/wp-json\/wp\/v2\/product\/61258","targetHints":{"allow":["GET"]}}],"collection":[{"href":"https:\/\/go-microdose.com\/it\/wp-json\/wp\/v2\/product"}],"about":[{"href":"https:\/\/go-microdose.com\/it\/wp-json\/wp\/v2\/types\/product"}],"replies":[{"embeddable":true,"href":"https:\/\/go-microdose.com\/it\/wp-json\/wp\/v2\/comments?post=61258"}],"wp:featuredmedia":[{"embeddable":true,"href":"https:\/\/go-microdose.com\/it\/wp-json\/wp\/v2\/media\/61260"}],"wp:attachment":[{"href":"https:\/\/go-microdose.com\/it\/wp-json\/wp\/v2\/media?parent=61258"}],"wp:term":[{"taxonomy":"product_brand","embeddable":true,"href":"https:\/\/go-microdose.com\/it\/wp-json\/wp\/v2\/product_brand?post=61258"},{"taxonomy":"product_cat","embeddable":true,"href":"https:\/\/go-microdose.com\/it\/wp-json\/wp\/v2\/product_cat?post=61258"},{"taxonomy":"product_tag","embeddable":true,"href":"https:\/\/go-microdose.com\/it\/wp-json\/wp\/v2\/product_tag?post=61258"},{"taxonomy":"giftcard-category","embeddable":true,"href":"https:\/\/go-microdose.com\/it\/wp-json\/wp\/v2\/giftcard-category?post=61258"}],"curies":[{"name":"wp","href":"https:\/\/api.w.org\/{rel}","templated":true}]}}