{"id":61259,"date":"2022-11-04T07:13:37","date_gmt":"2022-11-04T07:13:37","guid":{"rendered":"https:\/\/go-microdose.com\/product\/offerta-starter\/"},"modified":"2026-04-06T07:54:01","modified_gmt":"2026-04-06T05:54:01","slug":"offerta-starter","status":"publish","type":"product","link":"https:\/\/go-microdose.com\/it\/prodotto\/offerta-starter\/","title":{"rendered":"Offerta starter"},"content":{"rendered":"<div class=\"wpb-content-wrapper\"><p>[vc_row][vc_column][vc_column_text]Per iniziare con il microdosaggio, abbiamo creato un pacchetto starter. Naturalmente puoi acquistarlo anche se hai gi\u00e0 esperienza con il microdosaggio. <\/p>\n<p>\u00c8 importante misurare accuratamente la giusta quantit\u00e0 di tartufi durante il microdosaggio, ecco perch\u00e9 abbiamo aggiunto la bilancia di precisione al pacchetto.<br \/>\nOtterrai i benefici ottimali del microdosaggio se usi la quantit\u00e0 esatta di tartufi. Ogni cliente \u00e8 unico e ognuno ha un diverso &#8220;sweet spot&#8221;. Alcuni avvertono gli effetti desiderati con 0,25 g di tartufi, mentre altri usano una dose intera di 1 g. Questo varia da persona a persona.   <\/p>\n<p>Non microdosare mai senza misurare accuratamente la dose. Quando pesi il microdosaggio, usa solo una bilancia con una precisione di 0,01 g. <\/p>\n<p>La nostra bilancia \u00e8 consigliata sia per i principianti che per i microdoser esperti.[\/vc_column_text][\/vc_column][\/vc_row]<\/p>\n<\/div>","protected":false},"excerpt":{"rendered":"<ul>\n<li>3 strisce per microdosaggio<\/li>\n<li>Bilancia di precisione<\/li>\n<li>Contenitore tascabile<\/li>\n<li>Guida al corso passo dopo passo<\/li>\n<li>Manuale d&#8217;uso e dosaggio<\/li>\n<\/ul>\n","protected":false},"featured_media":61275,"comment_status":"open","ping_status":"closed","template":"","meta":{"_acf_changed":false},"product_brand":[],"product_cat":[199,240],"product_tag":[],"giftcard-category":[],"class_list":{"0":"post-61259","1":"product","2":"type-product","3":"status-publish","4":"has-post-thumbnail","6":"product_cat-offerte-pacchetto","7":"product_cat-microdosing","8":"product_shipping_class-confezione-grande","10":"first","11":"instock","12":"sale","13":"taxable","14":"shipping-taxable","15":"purchasable","16":"product-type-simple"},"acf":[],"_links":{"self":[{"href":"https:\/\/go-microdose.com\/it\/wp-json\/wp\/v2\/product\/61259","targetHints":{"allow":["GET"]}}],"collection":[{"href":"https:\/\/go-microdose.com\/it\/wp-json\/wp\/v2\/product"}],"about":[{"href":"https:\/\/go-microdose.com\/it\/wp-json\/wp\/v2\/types\/product"}],"replies":[{"embeddable":true,"href":"https:\/\/go-microdose.com\/it\/wp-json\/wp\/v2\/comments?post=61259"}],"wp:featuredmedia":[{"embeddable":true,"href":"https:\/\/go-microdose.com\/it\/wp-json\/wp\/v2\/media\/61275"}],"wp:attachment":[{"href":"https:\/\/go-microdose.com\/it\/wp-json\/wp\/v2\/media?parent=61259"}],"wp:term":[{"taxonomy":"product_brand","embeddable":true,"href":"https:\/\/go-microdose.com\/it\/wp-json\/wp\/v2\/product_brand?post=61259"},{"taxonomy":"product_cat","embeddable":true,"href":"https:\/\/go-microdose.com\/it\/wp-json\/wp\/v2\/product_cat?post=61259"},{"taxonomy":"product_tag","embeddable":true,"href":"https:\/\/go-microdose.com\/it\/wp-json\/wp\/v2\/product_tag?post=61259"},{"taxonomy":"giftcard-category","embeddable":true,"href":"https:\/\/go-microdose.com\/it\/wp-json\/wp\/v2\/giftcard-category?post=61259"}],"curies":[{"name":"wp","href":"https:\/\/api.w.org\/{rel}","templated":true}]}}