{"id":61350,"date":"2022-05-24T09:05:32","date_gmt":"2022-05-24T09:05:32","guid":{"rendered":"https:\/\/go-microdose.com\/product\/corso-per-esperti\/"},"modified":"2026-04-06T07:54:06","modified_gmt":"2026-04-06T05:54:06","slug":"corso-per-esperti","status":"publish","type":"product","link":"https:\/\/go-microdose.com\/it\/prodotto\/corso-per-esperti\/","title":{"rendered":"Corso per esperti"},"content":{"rendered":"<div class=\"wpb-content-wrapper\"><p>[vc_section][vc_row][vc_column][vc_custom_heading text=&#8221;Pi\u00f9 energia e migliore produttivit\u00e0 e creativit\u00e0&#8221; font_container=&#8221;tag:div|text_align:left&#8221; use_theme_fonts=&#8221;yes&#8221; el_class=&#8221;pr-tag&#8221;][vc_custom_heading text=&#8221;Corso di microdosaggio&#8221; font_container=&#8221;tag:h3|text_align:left&#8221; use_theme_fonts=&#8221;yes&#8221;][vc_column_text css=&#8221;&#8221;]Conosci i benefici del microdosaggio, quindi vuoi essere costantemente pi\u00f9 produttivo, creativo ed energico. Con questo corso scegli un ciclo di 4 giorni che usi per 4-8 settimane. Prova il corso per almeno un mese per vedere se ti si addice.  <\/p>\n<p>I nostri tartufi rimangono freschi per circa 2-3 mesi se li conservi in frigorifero. Per questo ti inviamo tartufi freschi ogni 3 mesi. Per un corso di 6 mesi questo significa che riceverai 2 spedizioni da noi e con un corso di 12 mesi saranno 4 volte.[\/vc_column_text][vc_btn title=&#8221;Scarica il nostro piano passo dopo passo&#8221; style=&#8221;outline&#8221; color=&#8221;black&#8221; link=&#8221;url:https%3A%2F%2Fgo-microdose.com%2Fwp-content%2Fuploads%2F2022%2F08%2FGO-Microdose-manual.pdf|target:_blank|&#8221;][\/vc_column][\/vc_row][\/vc_section]<\/p>\n<\/div>","protected":false},"excerpt":{"rendered":"<p>Conosci i benefici del microdosaggio, quindi vuoi essere costantemente pi\u00f9 produttivo, creativo ed energico. Con questo corso scegli un ciclo di 4 giorni che usi per 4-8 settimane. Prova il corso per almeno un mese per vedere se ti si addice.  <\/p>\n","protected":false},"featured_media":61370,"comment_status":"open","ping_status":"closed","template":"","meta":{"_acf_changed":false},"product_brand":[],"product_cat":[251,240],"product_tag":[],"giftcard-category":[],"class_list":{"0":"post-61350","1":"product","2":"type-product","3":"status-publish","4":"has-post-thumbnail","6":"product_cat-abbonamenti","7":"product_cat-microdosing","8":"pa_package-12-mesi","9":"pa_package-6-mesi","11":"first","12":"instock","13":"sale","14":"taxable","15":"shipping-taxable","16":"purchasable","17":"product-type-variable","18":"has-default-attributes"},"acf":[],"_links":{"self":[{"href":"https:\/\/go-microdose.com\/it\/wp-json\/wp\/v2\/product\/61350","targetHints":{"allow":["GET"]}}],"collection":[{"href":"https:\/\/go-microdose.com\/it\/wp-json\/wp\/v2\/product"}],"about":[{"href":"https:\/\/go-microdose.com\/it\/wp-json\/wp\/v2\/types\/product"}],"replies":[{"embeddable":true,"href":"https:\/\/go-microdose.com\/it\/wp-json\/wp\/v2\/comments?post=61350"}],"wp:featuredmedia":[{"embeddable":true,"href":"https:\/\/go-microdose.com\/it\/wp-json\/wp\/v2\/media\/61370"}],"wp:attachment":[{"href":"https:\/\/go-microdose.com\/it\/wp-json\/wp\/v2\/media?parent=61350"}],"wp:term":[{"taxonomy":"product_brand","embeddable":true,"href":"https:\/\/go-microdose.com\/it\/wp-json\/wp\/v2\/product_brand?post=61350"},{"taxonomy":"product_cat","embeddable":true,"href":"https:\/\/go-microdose.com\/it\/wp-json\/wp\/v2\/product_cat?post=61350"},{"taxonomy":"product_tag","embeddable":true,"href":"https:\/\/go-microdose.com\/it\/wp-json\/wp\/v2\/product_tag?post=61350"},{"taxonomy":"giftcard-category","embeddable":true,"href":"https:\/\/go-microdose.com\/it\/wp-json\/wp\/v2\/giftcard-category?post=61350"}],"curies":[{"name":"wp","href":"https:\/\/api.w.org\/{rel}","templated":true}]}}