{"id":61390,"date":"2021-09-29T10:19:18","date_gmt":"2021-09-29T10:19:18","guid":{"rendered":"https:\/\/go-microdose.com\/product\/inizia-come-preferisci\/"},"modified":"2026-04-06T07:54:06","modified_gmt":"2026-04-06T05:54:06","slug":"inizia-come-preferisci","status":"publish","type":"product","link":"https:\/\/go-microdose.com\/it\/prodotto\/inizia-come-preferisci\/","title":{"rendered":"Inizia come preferisci"},"content":{"rendered":"<div class=\"wpb-content-wrapper\"><p>[vc_row][vc_column][vc_column_text]Libera il potenziale della tua mente con i nostri tartufi Mexicana per microdosing. Questi tartufi sono una variet\u00e0 coltivata di Psilocybe Mexicana, una specie di funghi psichedelici apprezzata per la sua capacit\u00e0 di indurre un&#8217;esperienza delicata, introspettiva e stimolante per la creativit\u00e0. <\/p>\n<p>I nostri tartufi per microdosing sono 100% vegani, senza glutine e da fonti sostenibili. Ogni tartufo \u00e8 coltivato e raccolto con cura per garantirti condizioni ottimali, offrendoti l&#8217;esperienza di microdosing pi\u00f9 pura ed efficace. <\/p>\n<p>Ideali sia per i principianti che per i microdoser esperti, i nostri tartufi offrono un mix armonioso di leggera euforia, chiarezza mentale e maggiore creativit\u00e0. Possono introdurre un sottile cambiamento nella percezione, volto a migliorare l&#8217;umore, la produttivit\u00e0 e la funzione cognitiva generale senza produrre effetti allucinogeni. <\/p>\n<p>Quando ordini i nostri tartufi, puoi aspettarti una consegna rapida e la possibilit\u00e0 di tracciare il tuo ordine fino a casa tua. Prendiamo seriamente la privacy, assicurando che il tuo ordine venga spedito in modo discreto. E per garantirti un&#8217;esperienza di acquisto fluida e sicura, offriamo opzioni di pagamento protette.  <\/p>\n<p>Che tu voglia aumentare la creativit\u00e0, combattere lo stress o semplicemente introdurre un nuovo livello di consapevolezza nella tua routine quotidiana, i nostri tartufi per microdosing sono una scelta eccellente. Sperimenta i numerosi benefici del microdosing con questa fonte di psilocibina naturale, potente e millenaria. <\/p>\n<p>Scopri il tuo dosaggio ideale con il nostro <strong><a href=\"https:\/\/go-microdose.com\/it\/calcolatore-del-dosaggio\/\">calcolatore di dosaggio<\/a><\/strong> intuitivo, personalizzato per garantire la tua esperienza ottimale.[\/vc_column_text][\/vc_column][\/vc_row]<\/p>\n<\/div>","protected":false},"excerpt":{"rendered":"<ul>\n<li>Un blister contiene 6 microdosi di tartufo da 1 g<\/li>\n<li>Tartufo: Sclerozi del tartufo Mexicana<\/li>\n<li>100% biologico prodotto nei Paesi Bassi<\/li>\n<li>In frigorifero, i tartufi sigillati si conservano per 2-3 mesi<\/li>\n<li>1 blister \u00e8 sufficiente per circa 2 settimane<\/li>\n<li>Guida all&#8217;uso del microdosing inclusa<\/li>\n<li>Spediamo in molti paesi <strong><a href=\"https:\/\/go-microdose.com\/it\/spedizione\/\">(scopri di pi\u00f9)<\/a><\/strong><\/li>\n<li>Consegna discreta possibile<\/li>\n<\/ul>\n","protected":false},"featured_media":61276,"comment_status":"open","ping_status":"closed","template":"","meta":{"_acf_changed":false},"product_brand":[],"product_cat":[240],"product_tag":[],"giftcard-category":[],"class_list":{"0":"post-61390","1":"product","2":"type-product","3":"status-publish","4":"has-post-thumbnail","6":"product_cat-microdosing","8":"first","9":"instock","10":"taxable","11":"shipping-taxable","12":"purchasable","13":"product-type-simple"},"acf":[],"_links":{"self":[{"href":"https:\/\/go-microdose.com\/it\/wp-json\/wp\/v2\/product\/61390","targetHints":{"allow":["GET"]}}],"collection":[{"href":"https:\/\/go-microdose.com\/it\/wp-json\/wp\/v2\/product"}],"about":[{"href":"https:\/\/go-microdose.com\/it\/wp-json\/wp\/v2\/types\/product"}],"replies":[{"embeddable":true,"href":"https:\/\/go-microdose.com\/it\/wp-json\/wp\/v2\/comments?post=61390"}],"wp:featuredmedia":[{"embeddable":true,"href":"https:\/\/go-microdose.com\/it\/wp-json\/wp\/v2\/media\/61276"}],"wp:attachment":[{"href":"https:\/\/go-microdose.com\/it\/wp-json\/wp\/v2\/media?parent=61390"}],"wp:term":[{"taxonomy":"product_brand","embeddable":true,"href":"https:\/\/go-microdose.com\/it\/wp-json\/wp\/v2\/product_brand?post=61390"},{"taxonomy":"product_cat","embeddable":true,"href":"https:\/\/go-microdose.com\/it\/wp-json\/wp\/v2\/product_cat?post=61390"},{"taxonomy":"product_tag","embeddable":true,"href":"https:\/\/go-microdose.com\/it\/wp-json\/wp\/v2\/product_tag?post=61390"},{"taxonomy":"giftcard-category","embeddable":true,"href":"https:\/\/go-microdose.com\/it\/wp-json\/wp\/v2\/giftcard-category?post=61390"}],"curies":[{"name":"wp","href":"https:\/\/api.w.org\/{rel}","templated":true}]}}