{"id":65302,"date":"2024-02-03T12:24:20","date_gmt":"2024-02-03T12:24:20","guid":{"rendered":"https:\/\/go-microdose.com\/product\/growkit-colombiano\/"},"modified":"2026-04-08T09:31:31","modified_gmt":"2026-04-08T07:31:31","slug":"growkit-colombiano","status":"publish","type":"product","link":"https:\/\/go-microdose.com\/it\/prodotto\/growkit-colombiano\/","title":{"rendered":"Growkit colombiano"},"content":{"rendered":"<div class=\"wpb-content-wrapper\"><p>[vc_row][vc_column][vc_column_text]<\/p>\n<p class=\"p1\"><span class=\"s1\">La variet\u00e0 di funghi magici colombiani \u00e8 nota per i suoi forti effetti cerebrali, spesso scelta da chi cerca un&#8217;esperienza profonda e stimolante. Offre un potente viaggio filosofico e introspettivo, perfetto per chi desidera esplorare i meccanismi interni della propria mente. Il nostro growkit offre un modo semplice per coltivare questi potenti funghi, garantendo un raccolto ricco e profondo.  <\/span><\/p>\n<p class=\"p1\"><span class=\"s1\"><strong>Effetti<\/strong><br \/>\n<\/span><span class=\"s1\">I funghi colombiani sono celebri per i loro forti effetti mentali, che possono portare a intuizioni potenti e rivelazioni profonde. Gli utenti riferiscono intense ondate emotive e un significativo cambio di prospettiva, accompagnati da un&#8217;esperienza spirituale profonda. <\/span><\/p>\n<p class=\"p1\"><span class=\"s1\"><strong>Potenza, dosaggio e utilizzo<\/strong><br \/>\n<\/span><span class=\"s1\">La variet\u00e0 colombiana \u00e8 piuttosto potente e, per questo, \u00e8 consigliata a chi ha gi\u00e0 esperienza o a chi cerca un effetto psichedelico pi\u00f9 consistente. Il nostro calcolatore di dosaggio ti guider\u00e0 a trovare la dose perfetta per un viaggio trasformativo. <\/span><\/p>\n<p class=\"p1\"><span class=\"s1\"><strong>Contenuto<\/strong><br \/>\n<\/span><span class=\"s2\">Il nostro growkit GO Microdose 100% Mycelium offre tutto il necessario per coltivare i funghi colombiani. Ogni kit contiene un growkit da 1200 cc, un sacchetto di coltivazione con filtri d&#8217;aria e due graffette. Le istruzioni dettagliate sono fornite in olandese e inglese per guidarti nel processo di coltivazione. Con la cura adeguata, questi growkit da 1200 cc possono produrre tra 400 e 800 g di funghi freschi in pi\u00f9 raccolti.   <\/span><\/p>\n<p class=\"p1\"><span class=\"s1\"><strong>Durata di conservazione<\/strong><br \/>\n<\/span><span class=\"s2\">Se conservato in un ambiente fresco, il growkit pu\u00f2 durare dai 3 ai 6 mesi. Tuttavia, fuori dal frigorifero, la durata di conservazione \u00e8 limitata. \u00c8 sempre meglio iniziare la coltivazione il prima possibile per garantire i migliori risultati.  <\/span><\/p>\n<p class=\"p1\"><span class=\"s1\"><strong>AVVERTENZA<\/strong><br \/>\n<\/span><span class=\"s1\">A causa degli effetti intensi della variet\u00e0 colombiana, non \u00e8 raccomandata ai principianti o a chi ha problemi psicologici. Consuma responsabilmente e considera di farti accompagnare da un sitter sobrio durante il tuo viaggio. <\/span><\/p>\n<p>[\/vc_column_text][\/vc_column][\/vc_row]<\/p>\n<\/div>","protected":false},"excerpt":{"rendered":"<p class=\"p1\"><span class=\"s1\">La variet\u00e0 di funghi magici colombiani \u00e8 nota per i suoi forti effetti cerebrali, spesso scelta da chi cerca un&#8217;esperienza profonda e stimolante. Offre un potente viaggio filosofico e introspettivo, perfetto per chi desidera esplorare i meccanismi interni della propria mente. Il nostro growkit offre un modo semplice per coltivare questi potenti funghi, garantendo un raccolto ricco e profondo.  <\/span><\/p>\n<p class=\"p1\"><span class=\"s1\"><strong>Effetti<\/strong><br \/>\n<\/span><span class=\"s1\">I funghi colombiani sono celebri per i loro forti effetti mentali, che possono portare a intuizioni potenti e rivelazioni profonde. Gli utenti riferiscono intense ondate emotive e un significativo cambio di prospettiva, accompagnati da un&#8217;esperienza spirituale profonda. <\/span><\/p>\n<p class=\"p1\"><span class=\"s1\"><strong>Potenza, dosaggio e utilizzo<\/strong><br \/>\n<\/span><span class=\"s1\">La variet\u00e0 colombiana \u00e8 piuttosto potente e, per questo, \u00e8 consigliata a chi ha gi\u00e0 esperienza o a chi cerca un effetto psichedelico pi\u00f9 consistente. Il nostro calcolatore di dosaggio ti guider\u00e0 a trovare la dose perfetta per un viaggio trasformativo. <\/span><\/p>\n<p class=\"p1\"><span class=\"s1\"><strong>Contenuto<\/strong><br \/>\n<\/span><span class=\"s2\">Il nostro growkit GO Microdose 100% Mycelium offre tutto il necessario per coltivare i funghi colombiani. Ogni kit contiene un growkit da 1200 cc, un sacchetto di coltivazione con filtri d&#8217;aria e due graffette. Le istruzioni dettagliate sono fornite in olandese e inglese per guidarti nel processo di coltivazione. Con la cura adeguata, questi growkit da 1200 cc possono produrre tra 400 e 800 g di funghi freschi in pi\u00f9 raccolti.   <\/span><\/p>\n<p class=\"p1\"><span class=\"s1\"><strong>Durata di conservazione<\/strong><br \/>\n<\/span><span class=\"s2\">Se conservato in un ambiente fresco, il growkit pu\u00f2 durare dai 3 ai 6 mesi. Tuttavia, fuori dal frigorifero, la durata di conservazione \u00e8 limitata. \u00c8 sempre meglio iniziare la coltivazione il prima possibile per garantire i migliori risultati.  <\/span><\/p>\n<p class=\"p1\"><span class=\"s1\"><strong>AVVERTENZA<\/strong><br \/>\n<\/span><span class=\"s1\">A causa degli effetti intensi della variet\u00e0 colombiana, non \u00e8 raccomandata ai principianti o a chi ha problemi psicologici. Consuma responsabilmente e considera di farti accompagnare da un sitter sobrio durante il tuo viaggio. <\/span><\/p>\n","protected":false},"featured_media":65304,"comment_status":"open","ping_status":"closed","template":"","meta":{"_acf_changed":false},"product_brand":[],"product_cat":[235],"product_tag":[],"giftcard-category":[],"class_list":{"0":"post-65302","1":"product","2":"type-product","3":"status-publish","4":"has-post-thumbnail","6":"product_cat-growkit-di-funghi-magici","7":"product_shipping_class-confezione-grande","9":"first","10":"instock","11":"taxable","12":"shipping-taxable","13":"purchasable","14":"product-type-simple"},"acf":[],"_links":{"self":[{"href":"https:\/\/go-microdose.com\/it\/wp-json\/wp\/v2\/product\/65302","targetHints":{"allow":["GET"]}}],"collection":[{"href":"https:\/\/go-microdose.com\/it\/wp-json\/wp\/v2\/product"}],"about":[{"href":"https:\/\/go-microdose.com\/it\/wp-json\/wp\/v2\/types\/product"}],"replies":[{"embeddable":true,"href":"https:\/\/go-microdose.com\/it\/wp-json\/wp\/v2\/comments?post=65302"}],"wp:featuredmedia":[{"embeddable":true,"href":"https:\/\/go-microdose.com\/it\/wp-json\/wp\/v2\/media\/65304"}],"wp:attachment":[{"href":"https:\/\/go-microdose.com\/it\/wp-json\/wp\/v2\/media?parent=65302"}],"wp:term":[{"taxonomy":"product_brand","embeddable":true,"href":"https:\/\/go-microdose.com\/it\/wp-json\/wp\/v2\/product_brand?post=65302"},{"taxonomy":"product_cat","embeddable":true,"href":"https:\/\/go-microdose.com\/it\/wp-json\/wp\/v2\/product_cat?post=65302"},{"taxonomy":"product_tag","embeddable":true,"href":"https:\/\/go-microdose.com\/it\/wp-json\/wp\/v2\/product_tag?post=65302"},{"taxonomy":"giftcard-category","embeddable":true,"href":"https:\/\/go-microdose.com\/it\/wp-json\/wp\/v2\/giftcard-category?post=65302"}],"curies":[{"name":"wp","href":"https:\/\/api.w.org\/{rel}","templated":true}]}}