{"id":65329,"date":"2024-02-03T12:21:55","date_gmt":"2024-02-03T12:21:55","guid":{"rendered":"https:\/\/go-microdose.com\/product\/growkit-b\/"},"modified":"2026-04-10T03:12:30","modified_gmt":"2026-04-10T01:12:30","slug":"growkit-b","status":"publish","type":"product","link":"https:\/\/go-microdose.com\/it\/prodotto\/growkit-b\/","title":{"rendered":"Growkit B+"},"content":{"rendered":"<div class=\"wpb-content-wrapper\"><p>[vc_row][vc_column][vc_column_text]<\/p>\n<p class=\"p1\"><span class=\"s1\">Il fungo magico B+ \u00e8 una variet\u00e0 versatile che offre un mix unico di qualit\u00e0 visive e introspettive, rendendolo uno dei preferiti dagli appassionati. Con la reputazione di produrre funghi grandi e resistenti, la variet\u00e0 B+ \u00e8 eccellente per i coltivatori che cercano un raccolto affidabile e abbondante. Il nostro growkit semplifica il processo, offrendoti un&#8217;esperienza di coltivazione intuitiva.  <\/span><\/p>\n<p class=\"p1\"><span class=\"s1\"><strong>Effetti<\/strong><br \/>\n<\/span><span class=\"s1\">La variet\u00e0 B+ \u00e8 celebre per i suoi vividi effetti visivi e la capacit\u00e0 di stimolare riflessioni profonde. Gli utenti spesso provano un profondo senso di meraviglia e un nuovo apprezzamento per il mondo circostante. Il B+ \u00e8 noto anche per la sua durata, con trip che durano leggermente pi\u00f9 della media, offrendo un viaggio di esplorazione prolungato.  <\/span><\/p>\n<p class=\"p1\"><span class=\"s1\"><strong>Potenza, dosaggio e utilizzo<\/strong><br \/>\n<\/span><span class=\"s1\">Con una potenza che va da moderata a forte, la variet\u00e0 B+ \u00e8 adatta sia ai principianti che agli utenti esperti. Il nostro calcolatore di dosaggio \u00e8 uno strumento utile per aiutarti a determinare la dose giusta per un viaggio psichedelico ottimale. <\/span><\/p>\n<p class=\"p1\"><span class=\"s1\"><strong>Contenuto<\/strong><br \/>\n<\/span><span class=\"s2\">Il nostro growkit GO Microdose 100% Mycelium offre tutto il necessario per coltivare i funghi B+. Ogni kit contiene un growkit da 1200 cc, una busta di coltivazione con filtri d&#8217;aria e due graffette. Le istruzioni dettagliate sono fornite in olandese e inglese per guidarti nel processo di coltivazione. Con la cura adeguata, questi growkit da 1200 cc possono produrre tra 400 e 800 g di funghi freschi in pi\u00f9 raccolti.   <\/span><\/p>\n<p class=\"p1\"><span class=\"s1\"><strong>Durata di conservazione<\/strong><br \/>\n<\/span><span class=\"s2\">Se conservato in un ambiente fresco, il growkit pu\u00f2 durare circa 3-6 mesi. Tuttavia, fuori dal frigorifero, la durata di conservazione \u00e8 limitata. \u00c8 sempre meglio iniziare la coltivazione il prima possibile per garantire i migliori risultati.  <\/span><\/p>\n<p class=\"p1\"><span class=\"s1\"><strong>AVVERTENZA<\/strong><br \/>\n<\/span><span class=\"s1\">Rispetta la potenza dei funghi B+ e approcciati all&#8217;esperienza con cautela. Non raccomandato ai minori di 18 anni o a persone con vulnerabilit\u00e0 mentali. Assicurati di avere un trip sitter se esplori dosi elevate.  <\/span><\/p>\n<p>[\/vc_column_text][\/vc_column][\/vc_row]<\/p>\n<\/div>","protected":false},"excerpt":{"rendered":"<p class=\"p1\"><span class=\"s1\">Il fungo magico B+ \u00e8 una variet\u00e0 versatile che offre un mix unico di qualit\u00e0 visive e introspettive, rendendolo uno dei preferiti dagli appassionati. Con la reputazione di produrre funghi grandi e resistenti, la variet\u00e0 B+ \u00e8 eccellente per i coltivatori che cercano un raccolto affidabile e abbondante. Il nostro growkit semplifica il processo, offrendoti un&#8217;esperienza di coltivazione intuitiva.  <\/span><\/p>\n<p class=\"p1\"><span class=\"s1\"><strong>Effetti<\/strong><br \/>\n<\/span><span class=\"s1\">La variet\u00e0 B+ \u00e8 celebre per i suoi vividi effetti visivi e la capacit\u00e0 di stimolare riflessioni profonde. Gli utenti spesso provano un profondo senso di meraviglia e un nuovo apprezzamento per il mondo circostante. Il B+ \u00e8 noto anche per la sua durata, con trip che durano leggermente pi\u00f9 della media, offrendo un viaggio di esplorazione prolungato.  <\/span><\/p>\n<p class=\"p1\"><span class=\"s1\"><strong>Potenza, dosaggio e utilizzo<\/strong><br \/>\n<\/span><span class=\"s1\">Con una potenza che va da moderata a forte, la variet\u00e0 B+ \u00e8 adatta sia ai principianti che agli utenti esperti. Il nostro calcolatore di dosaggio \u00e8 uno strumento utile per aiutarti a determinare la dose giusta per un viaggio psichedelico ottimale. <\/span><\/p>\n<p class=\"p1\"><span class=\"s1\"><strong>Contenuto<\/strong><br \/>\n<\/span><span class=\"s2\">Il nostro growkit GO Microdose 100% Mycelium offre tutto il necessario per coltivare i funghi B+. Ogni kit contiene un growkit da 1200 cc, una busta di coltivazione con filtri d&#8217;aria e due graffette. Le istruzioni dettagliate sono fornite in olandese e inglese per guidarti nel processo di coltivazione. Con la cura adeguata, questi growkit da 1200 cc possono produrre tra 400 e 800 g di funghi freschi in pi\u00f9 raccolti.   <\/span><\/p>\n<p class=\"p1\"><span class=\"s1\"><strong>Durata di conservazione<\/strong><br \/>\n<\/span><span class=\"s2\">Se conservato in un ambiente fresco, il growkit pu\u00f2 durare circa 3-6 mesi. Tuttavia, fuori dal frigorifero, la durata di conservazione \u00e8 limitata. \u00c8 sempre meglio iniziare la coltivazione il prima possibile per garantire i migliori risultati.  <\/span><\/p>\n<p class=\"p1\"><span class=\"s1\"><strong>AVVERTENZA<\/strong><br \/>\n<\/span><span class=\"s1\">Rispetta la potenza dei funghi B+ e approcciati all&#8217;esperienza con cautela. Non raccomandato ai minori di 18 anni o a persone con vulnerabilit\u00e0 mentali. Assicurati di avere un trip sitter se esplori dosi elevate.  <\/span><\/p>\n","protected":false},"featured_media":65303,"comment_status":"open","ping_status":"closed","template":"","meta":{"_acf_changed":false},"product_brand":[],"product_cat":[235],"product_tag":[],"giftcard-category":[],"class_list":{"0":"post-65329","1":"product","2":"type-product","3":"status-publish","4":"has-post-thumbnail","6":"product_cat-growkit-di-funghi-magici","7":"product_shipping_class-confezione-grande","9":"first","10":"instock","11":"taxable","12":"shipping-taxable","13":"purchasable","14":"product-type-simple"},"acf":[],"_links":{"self":[{"href":"https:\/\/go-microdose.com\/it\/wp-json\/wp\/v2\/product\/65329","targetHints":{"allow":["GET"]}}],"collection":[{"href":"https:\/\/go-microdose.com\/it\/wp-json\/wp\/v2\/product"}],"about":[{"href":"https:\/\/go-microdose.com\/it\/wp-json\/wp\/v2\/types\/product"}],"replies":[{"embeddable":true,"href":"https:\/\/go-microdose.com\/it\/wp-json\/wp\/v2\/comments?post=65329"}],"wp:featuredmedia":[{"embeddable":true,"href":"https:\/\/go-microdose.com\/it\/wp-json\/wp\/v2\/media\/65303"}],"wp:attachment":[{"href":"https:\/\/go-microdose.com\/it\/wp-json\/wp\/v2\/media?parent=65329"}],"wp:term":[{"taxonomy":"product_brand","embeddable":true,"href":"https:\/\/go-microdose.com\/it\/wp-json\/wp\/v2\/product_brand?post=65329"},{"taxonomy":"product_cat","embeddable":true,"href":"https:\/\/go-microdose.com\/it\/wp-json\/wp\/v2\/product_cat?post=65329"},{"taxonomy":"product_tag","embeddable":true,"href":"https:\/\/go-microdose.com\/it\/wp-json\/wp\/v2\/product_tag?post=65329"},{"taxonomy":"giftcard-category","embeddable":true,"href":"https:\/\/go-microdose.com\/it\/wp-json\/wp\/v2\/giftcard-category?post=65329"}],"curies":[{"name":"wp","href":"https:\/\/api.w.org\/{rel}","templated":true}]}}