{"id":65330,"date":"2024-02-03T12:01:04","date_gmt":"2024-02-03T12:01:04","guid":{"rendered":"https:\/\/go-microdose.com\/product\/growkit-mexican\/"},"modified":"2026-04-08T09:31:32","modified_gmt":"2026-04-08T07:31:32","slug":"growkit-mexican","status":"publish","type":"product","link":"https:\/\/go-microdose.com\/it\/prodotto\/growkit-mexican\/","title":{"rendered":"Growkit Mexican"},"content":{"rendered":"<div class=\"wpb-content-wrapper\"><p>[vc_row][vc_column][vc_column_text]<\/p>\n<p class=\"p1\"><span class=\"s1\">La variet\u00e0 di funghi magici Mexican, discendente diretta della specie Psilocybe cubensis, \u00e8 nota per i suoi effetti leggeri e piacevoli, ideali per i principianti. Questa variet\u00e0 porta con s\u00e9 l&#8217;essenza del suo uso storico nelle cerimonie indigene messicane, offrendo un&#8217;esperienza di connessione e radicamento terrestre. Con il nostro growkit, puoi coltivare questi funghi leggendari e goderti un raccolto che ti connette alle antiche tradizioni.  <\/span><\/p>\n<p class=\"p1\"><span class=\"s1\"><strong>Effetti<\/strong><br \/>\n<\/span><span class=\"s1\">Chi utilizza i funghi magici Mexican riferisce un leggero aumento di energia, creativit\u00e0 e una calda euforia, rendendo questa variet\u00e0 ideale per i contesti sociali. Gli effetti visivi sono sottili, con un miglioramento pi\u00f9 marcato dell&#8217;umore e delle funzioni cognitive. Aspettati una leggera introspezione e riflessioni filosofiche con il sorriso sulle labbra.  <\/span><\/p>\n<p class=\"p1\"><span class=\"s1\"><strong>Potenza, dosaggio e utilizzo<\/strong><br \/>\n<\/span><span class=\"s1\">La variet\u00e0 Mexican offre una potenza da lieve a moderata. Questo la rende un&#8217;opzione sicura per chi si avvicina per la prima volta al mondo degli psichedelici o per gli utenti esperti che cercano un viaggio pi\u00f9 leggero. Usa il nostro calcolatore di dosaggio per trovare il tuo punto di partenza ideale e ricorda di iniziare con una quantit\u00e0 prudente per valutare la tua reazione.  <\/span><\/p>\n<p class=\"p1\"><span class=\"s1\"><strong>Contenuto<\/strong><br \/>\n<\/span><span class=\"s2\">Il nostro growkit GO Microdose 100% Mycelium offre tutto il necessario per coltivare i funghi Mexicana. Ogni kit contiene un growkit da 1200 cc, una borsa di coltivazione con filtri d&#8217;aria e due graffette. Le istruzioni dettagliate per la coltivazione sono fornite sia in olandese che in inglese per guidarti nel processo. Con la cura adeguata, questi growkit da 1200 cc possono produrre tra i 400 e gli 800 g di funghi freschi in pi\u00f9 raccolti.   <\/span><\/p>\n<p class=\"p1\"><span class=\"s1\"><strong>Durata di conservazione<\/strong><br \/>\n<\/span><span class=\"s2\">Se conservato in un ambiente fresco, il growkit pu\u00f2 durare dai 3 ai 6 mesi. Tuttavia, fuori dal frigorifero, la durata di conservazione \u00e8 limitata. \u00c8 sempre meglio iniziare la coltivazione il prima possibile per garantire i migliori risultati.  <\/span><\/p>\n<p class=\"p1\"><span class=\"s1\"><strong>AVVERTENZA<\/strong><br \/>\n<\/span><span class=\"s1\">Maneggia questi funghi con cura e rispetta le loro radici cerimoniali. Il consumo non \u00e8 raccomandato ai minori di 18 anni, alle donne in gravidanza o a chi soffre di problemi di salute mentale. Assicurati sempre di essere in un ambiente sicuro e considera la presenza di un sitter sobrio durante l&#8217;esperienza.  <\/span><\/p>\n<p>[\/vc_column_text][\/vc_column][\/vc_row]<\/p>\n<\/div>","protected":false},"excerpt":{"rendered":"<p class=\"p1\"><span class=\"s1\">La variet\u00e0 di funghi magici Mexican, discendente diretta della specie Psilocybe cubensis, \u00e8 nota per i suoi effetti leggeri e piacevoli, ideali per i principianti. Questa variet\u00e0 porta con s\u00e9 l&#8217;essenza del suo uso storico nelle cerimonie indigene messicane, offrendo un&#8217;esperienza di connessione e radicamento terrestre. Con il nostro growkit, puoi coltivare questi funghi leggendari e goderti un raccolto che ti connette alle antiche tradizioni.  <\/span><\/p>\n<p class=\"p1\"><span class=\"s1\"><strong>Effetti<\/strong><br \/>\n<\/span><span class=\"s1\">Chi utilizza i funghi magici Mexican riferisce un leggero aumento di energia, creativit\u00e0 e una calda euforia, rendendo questa variet\u00e0 ideale per i contesti sociali. Gli effetti visivi sono sottili, con un miglioramento pi\u00f9 marcato dell&#8217;umore e delle funzioni cognitive. Aspettati una leggera introspezione e riflessioni filosofiche con il sorriso sulle labbra.  <\/span><\/p>\n<p class=\"p1\"><span class=\"s1\"><strong>Potenza, dosaggio e utilizzo<\/strong><br \/>\n<\/span><span class=\"s1\">La variet\u00e0 Mexican offre una potenza da lieve a moderata. Questo la rende un&#8217;opzione sicura per chi si avvicina per la prima volta al mondo degli psichedelici o per gli utenti esperti che cercano un viaggio pi\u00f9 leggero. Usa il nostro calcolatore di dosaggio per trovare il tuo punto di partenza ideale e ricorda di iniziare con una quantit\u00e0 prudente per valutare la tua reazione.  <\/span><\/p>\n<p class=\"p1\"><span class=\"s1\"><strong>Contenuto<\/strong><br \/>\n<\/span><span class=\"s2\">Il nostro growkit GO Microdose 100% Mycelium offre tutto il necessario per coltivare i funghi Mexicana. Ogni kit contiene un growkit da 1200 cc, una borsa di coltivazione con filtri d&#8217;aria e due graffette. Le istruzioni dettagliate per la coltivazione sono fornite sia in olandese che in inglese per guidarti nel processo. Con la cura adeguata, questi growkit da 1200 cc possono produrre tra i 400 e gli 800 g di funghi freschi in pi\u00f9 raccolti.   <\/span><\/p>\n<p class=\"p1\"><span class=\"s1\"><strong>Durata di conservazione<\/strong><br \/>\n<\/span><span class=\"s2\">Se conservato in un ambiente fresco, il growkit pu\u00f2 durare dai 3 ai 6 mesi. Tuttavia, fuori dal frigorifero, la durata di conservazione \u00e8 limitata. \u00c8 sempre meglio iniziare la coltivazione il prima possibile per garantire i migliori risultati.  <\/span><\/p>\n<p class=\"p1\"><span class=\"s1\"><strong>AVVERTENZA<\/strong><br \/>\n<\/span><span class=\"s1\">Maneggia questi funghi con cura e rispetta le loro radici cerimoniali. Il consumo non \u00e8 raccomandato ai minori di 18 anni, alle donne in gravidanza o a chi soffre di problemi di salute mentale. Assicurati sempre di essere in un ambiente sicuro e considera la presenza di un sitter sobrio durante l&#8217;esperienza.  <\/span><\/p>\n","protected":false},"featured_media":65305,"comment_status":"open","ping_status":"closed","template":"","meta":{"_acf_changed":false},"product_brand":[],"product_cat":[235],"product_tag":[],"giftcard-category":[],"class_list":{"0":"post-65330","1":"product","2":"type-product","3":"status-publish","4":"has-post-thumbnail","6":"product_cat-growkit-di-funghi-magici","7":"product_shipping_class-confezione-grande","9":"first","10":"instock","11":"taxable","12":"shipping-taxable","13":"purchasable","14":"product-type-simple"},"acf":[],"_links":{"self":[{"href":"https:\/\/go-microdose.com\/it\/wp-json\/wp\/v2\/product\/65330","targetHints":{"allow":["GET"]}}],"collection":[{"href":"https:\/\/go-microdose.com\/it\/wp-json\/wp\/v2\/product"}],"about":[{"href":"https:\/\/go-microdose.com\/it\/wp-json\/wp\/v2\/types\/product"}],"replies":[{"embeddable":true,"href":"https:\/\/go-microdose.com\/it\/wp-json\/wp\/v2\/comments?post=65330"}],"wp:featuredmedia":[{"embeddable":true,"href":"https:\/\/go-microdose.com\/it\/wp-json\/wp\/v2\/media\/65305"}],"wp:attachment":[{"href":"https:\/\/go-microdose.com\/it\/wp-json\/wp\/v2\/media?parent=65330"}],"wp:term":[{"taxonomy":"product_brand","embeddable":true,"href":"https:\/\/go-microdose.com\/it\/wp-json\/wp\/v2\/product_brand?post=65330"},{"taxonomy":"product_cat","embeddable":true,"href":"https:\/\/go-microdose.com\/it\/wp-json\/wp\/v2\/product_cat?post=65330"},{"taxonomy":"product_tag","embeddable":true,"href":"https:\/\/go-microdose.com\/it\/wp-json\/wp\/v2\/product_tag?post=65330"},{"taxonomy":"giftcard-category","embeddable":true,"href":"https:\/\/go-microdose.com\/it\/wp-json\/wp\/v2\/giftcard-category?post=65330"}],"curies":[{"name":"wp","href":"https:\/\/api.w.org\/{rel}","templated":true}]}}