{"id":65355,"date":"2024-01-19T22:14:32","date_gmt":"2024-01-19T22:14:32","guid":{"rendered":"https:\/\/go-microdose.com\/product\/tartufo-galindoi-mushrocks\/"},"modified":"2026-04-11T15:45:09","modified_gmt":"2026-04-11T13:45:09","slug":"tartufo-galindoi-mushrocks","status":"publish","type":"product","link":"https:\/\/go-microdose.com\/it\/prodotto\/tartufo-galindoi-mushrocks\/","title":{"rendered":"Tartufo Galindoi &#8220;Mushrocks&#8221;"},"content":{"rendered":"<div class=\"wpb-content-wrapper\"><p>[vc_row][vc_column][vc_column_text]I tartufi magici Galindoi (chiamati anche &#8220;Mushrocks&#8221;), spesso venerati per le loro esperienze spirituali e profonde, offrono una porta verso l&#8217;introspezione e l&#8217;illuminazione. Questi tartufi sono noti per i loro effetti equilibrati e armoniosi, il che li rende una scelta popolare sia per i principianti che per gli utenti esperti. Coltivati in modo sostenibile, i tartufi Galindoi sono vegani e senza glutine, garantendo un viaggio psichedelico puro e naturale.  <\/p>\n<p><strong>Effetti<\/strong><br \/>\nI tartufi Galindoi sono celebri per la loro capacit\u00e0 di armonizzare mente, corpo e spirito. Gli utenti riferiscono spesso esperienze ricche di profonde intuizioni introspettive, maggiore chiarezza emotiva e un senso di unit\u00e0 con il mondo circostante. Gli effetti dei Galindoi possono includere moderati potenziamenti visivi, una sensazione di interconnessione e un profondo senso di pace interiore. Ci\u00f2 li rende ideali per chi cerca un&#8217;esperienza psichedelica equilibrata e illuminante.   <\/p>\n<p><strong>Potenza, dosaggio e utilizzo<\/strong><br \/>\nIl Galindoi \u00e8 riconosciuto per la sua potenza equilibrata. Offre effetti intensi senza essere travolgente, rendendolo adatto a diversi tipi di utenti. Ai principianti si consiglia di iniziare con una dose pi\u00f9 bassa per familiarizzare con i suoi effetti. Il nostro <a href=\"https:\/\/go-microdose.com\/it\/calcolatore-del-dosaggio\/\">calcolatore di dosaggio<\/a> pu\u00f2 aiutarti a determinare il punto di partenza perfetto per il tuo viaggio con il Galindoi.   <\/p>\n<p><strong>Contenuto<\/strong><br \/>\nOgni confezione di tartufi Galindoi contiene circa 18 g, sufficienti per diverse dosi a seconda dell&#8217;intensit\u00e0 dell&#8217;esperienza desiderata.<\/p>\n<p><strong>Durata di conservazione<\/strong><br \/>\nSe conservati chiusi in frigorifero, i tartufi Galindoi rimangono freschi e potenti fino a 2 mesi. Per un&#8217;esperienza ottimale, si consiglia di consumarli entro questo periodo per garantire la massima potenza e freschezza. <\/p>\n<p><strong>AVVERTENZA<\/strong><br \/>\nIl Galindoi, pur offrendo un&#8217;esperienza equilibrata, \u00e8 comunque una potente sostanza psichedelica. Il dosaggio deve essere affrontato con cautela, specialmente per chi \u00e8 alle prime armi con i tartufi magici. \u00c8 consigliabile avere un sitter sobrio presente durante l&#8217;esperienza per fornire supporto e garantire la sicurezza. Non guidare veicoli o manovrare macchinari sotto l&#8217;influenza dei tartufi. Raccomandiamo di evitare i tartufi magici se hai meno di 18 anni, se ti senti a disagio o se hai una predisposizione depressiva. Dai sempre priorit\u00e0 alla sicurezza e alla salute mentale quando intraprendi un viaggio psichedelico.[\/vc_column_text][\/vc_column][\/vc_row]<\/p>\n<\/div>","protected":false},"excerpt":{"rendered":"<p>I tartufi magici Galindoi (chiamati anche &#8220;Mushrocks&#8221;), spesso venerati per le loro esperienze spirituali e profonde, offrono una porta verso l&#8217;introspezione e l&#8217;illuminazione. Questi tartufi sono noti per i loro effetti equilibrati e armoniosi, il che li rende una scelta popolare sia per i principianti che per gli utenti esperti. Coltivati in modo sostenibile, i tartufi Galindoi sono vegani e senza glutine, garantendo un viaggio psichedelico puro e naturale.  <\/p>\n<p><strong>Effetti<\/strong><br \/>\nI tartufi Galindoi sono celebri per la loro capacit\u00e0 di armonizzare mente, corpo e spirito. Gli utenti riferiscono spesso esperienze ricche di profonde intuizioni introspettive, maggiore chiarezza emotiva e un senso di unit\u00e0 con il mondo circostante. Gli effetti dei Galindoi possono includere moderati potenziamenti visivi, una sensazione di interconnessione e un profondo senso di pace interiore. Ci\u00f2 li rende ideali per chi cerca un&#8217;esperienza psichedelica equilibrata e illuminante.   <\/p>\n<p><strong>Potenza, dosaggio e utilizzo<\/strong><br \/>\nIl Galindoi \u00e8 riconosciuto per la sua potenza equilibrata. Offre effetti intensi senza essere travolgente, rendendolo adatto a diversi tipi di utenti. Ai principianti si consiglia di iniziare con una dose pi\u00f9 bassa per familiarizzare con i suoi effetti. Il nostro <a href=\"https:\/\/go-microdose.com\/it\/calcolatore-del-dosaggio\/\">calcolatore di dosaggio<\/a> pu\u00f2 aiutarti a determinare il punto di partenza perfetto per il tuo viaggio con il Galindoi.   <\/p>\n<p><strong>Contenuto<\/strong><br \/>\nOgni confezione di tartufi magici Galindoi contiene circa 18 g, sufficienti per diverse dosi a seconda dell&#8217;intensit\u00e0 dell&#8217;esperienza desiderata.<\/p>\n<p><strong>Durata di conservazione<\/strong><br \/>\nSe conservati chiusi in frigorifero, i tartufi magici Galindoi rimangono freschi e potenti fino a 2 mesi. Per un&#8217;esperienza ottimale, si consiglia di consumarli entro questo periodo per garantire la massima potenza e freschezza. <\/p>\n<p><strong>AVVERTENZA<\/strong><br \/>\nIl Galindoi, pur offrendo un&#8217;esperienza equilibrata, \u00e8 comunque una potente sostanza psichedelica. Il dosaggio deve essere affrontato con cautela, specialmente per chi \u00e8 alle prime armi con i tartufi magici. \u00c8 consigliabile avere un sitter sobrio presente durante l&#8217;esperienza per fornire supporto e garantire la sicurezza. Non guidare veicoli o manovrare macchinari sotto l&#8217;influenza dei tartufi. Raccomandiamo di evitare i tartufi magici se hai meno di 18 anni, se ti senti a disagio o se hai una predisposizione depressiva. Dai sempre priorit\u00e0 alla sicurezza e alla salute mentale quando intraprendi un viaggio psichedelico.     <\/p>\n","protected":false},"featured_media":65357,"comment_status":"open","ping_status":"closed","template":"","meta":{"_acf_changed":false},"product_brand":[],"product_cat":[200],"product_tag":[],"giftcard-category":[],"class_list":{"0":"post-65355","1":"product","2":"type-product","3":"status-publish","4":"has-post-thumbnail","6":"product_cat-tartufi-magici","8":"first","9":"instock","10":"taxable","11":"shipping-taxable","12":"purchasable","13":"product-type-simple"},"acf":[],"_links":{"self":[{"href":"https:\/\/go-microdose.com\/it\/wp-json\/wp\/v2\/product\/65355","targetHints":{"allow":["GET"]}}],"collection":[{"href":"https:\/\/go-microdose.com\/it\/wp-json\/wp\/v2\/product"}],"about":[{"href":"https:\/\/go-microdose.com\/it\/wp-json\/wp\/v2\/types\/product"}],"replies":[{"embeddable":true,"href":"https:\/\/go-microdose.com\/it\/wp-json\/wp\/v2\/comments?post=65355"}],"wp:featuredmedia":[{"embeddable":true,"href":"https:\/\/go-microdose.com\/it\/wp-json\/wp\/v2\/media\/65357"}],"wp:attachment":[{"href":"https:\/\/go-microdose.com\/it\/wp-json\/wp\/v2\/media?parent=65355"}],"wp:term":[{"taxonomy":"product_brand","embeddable":true,"href":"https:\/\/go-microdose.com\/it\/wp-json\/wp\/v2\/product_brand?post=65355"},{"taxonomy":"product_cat","embeddable":true,"href":"https:\/\/go-microdose.com\/it\/wp-json\/wp\/v2\/product_cat?post=65355"},{"taxonomy":"product_tag","embeddable":true,"href":"https:\/\/go-microdose.com\/it\/wp-json\/wp\/v2\/product_tag?post=65355"},{"taxonomy":"giftcard-category","embeddable":true,"href":"https:\/\/go-microdose.com\/it\/wp-json\/wp\/v2\/giftcard-category?post=65355"}],"curies":[{"name":"wp","href":"https:\/\/api.w.org\/{rel}","templated":true}]}}