{"id":2235,"date":"2022-10-04T08:39:55","date_gmt":"2022-10-04T08:39:55","guid":{"rendered":"https:\/\/go-microdose.com\/?page_id=2235"},"modified":"2025-02-27T09:48:32","modified_gmt":"2025-02-27T08:48:32","slug":"verzendinformatie","status":"publish","type":"page","link":"https:\/\/go-microdose.com\/nl\/verzendinformatie\/","title":{"rendered":"Verzending"},"content":{"rendered":"<div class=\"wpb-content-wrapper\"><p>[vc_row][vc_column width=&#8221;1\/2&#8243;][vc_custom_heading text=&#8221;Alles wat je moet weten&#8221; font_container=&#8221;tag:div|text_align:left&#8221; use_theme_fonts=&#8221;yes&#8221; css=&#8221;&#8221; el_class=&#8221;pr-tag&#8221;][\/vc_column][vc_column width=&#8221;1\/2&#8243;][\/vc_column][\/vc_row][vc_row][vc_column width=&#8221;1\/2&#8243;][vc_custom_heading text=&#8221;Verzending&#8221; font_container=&#8221;tag:h1|text_align:left&#8221; use_theme_fonts=&#8221;yes&#8221;][vc_column_text css=&#8221;&#8221;]<\/p>\n<p class=\"p1\">Bij <span class=\"s1\">GO Microdose<\/span> doen we er alles aan om ervoor te zorgen dat je bestelling snel, veilig en zonder gedoe aankomt. We verzenden naar de meeste landen wereldwijd en hebben onze verzendmethoden zorgvuldig geoptimaliseerd voor betrouwbaarheid en discretie. Door jouw land hieronder te selecteren, vind je gedetailleerde verzendinformatie, inclusief geschatte levertijden, trackingopties en juridische overwegingen.<\/p>\n<p class=\"p1\">Bestellingen worden doorgaans binnen \u00e9\u00e9n werkdag verwerkt, en de levertijden vari\u00ebren afhankelijk van je locatie. Hoewel we samenwerken met betrouwbare verzendpartners, kunnen er soms vertragingen optreden door douanecontroles of lokale postdiensten. Heb je vragen over je zending? Neem gerust contact op met onze klantenservice\u2014wij helpen je graag verder!<\/p>\n<p>[\/vc_column_text][\/vc_column][vc_column width=&#8221;1\/2&#8243;][vc_raw_html css=&#8221;&#8221; el_id=&#8221;mapsvg-search&#8221;]PGgzPlpvZWsgb2Ygc2VsZWN0ZWVyIGplIGxhbmQ8L2gzPg0KPGlucHV0IGlkPSJzZWFyY2hCb3giIHR5cGU9InRleHQiIHBsYWNlaG9sZGVyPSJab2VrIGplIGxhbmQiIC8+[\/vc_raw_html][\/vc_column][\/vc_row][vc_row el_class=&#8221;pb-50&#8243;][vc_column][vc_raw_html]W21hcHN2ZyBpZD0iMSJd[\/vc_raw_html][vc_tta_accordion style=&#8221;outline&#8221; shape=&#8221;square&#8221; color=&#8221;black&#8221; c_icon=&#8221;&#8221; active_section=&#8221;100&#8243; no_fill=&#8221;true&#8221; collapsible_all=&#8221;true&#8221; el_class=&#8221;accordion-list-a-z&#8221;][vc_tta_section title=&#8221;Lijst van A tot Z&#8221; tab_id=&#8221;a-to-z9099-921b&#8221;][vc_raw_html css=&#8221;&#8221; el_id=&#8221;block-list&#8221;][\/vc_raw_html][\/vc_tta_section][\/vc_tta_accordion][\/vc_column][\/vc_row][vc_row el_class=&#8221;pb-80&#8243;][vc_column][vc_custom_heading text=&#8221;meer informatie&#8221; font_container=&#8221;tag:div|text_align:left&#8221; use_theme_fonts=&#8221;yes&#8221; el_class=&#8221;pr-tag&#8221;][vc_tta_accordion style=&#8221;flat&#8221; shape=&#8221;square&#8221; color=&#8221;white&#8221; c_icon=&#8221;&#8221; active_section=&#8221;100&#8243; no_fill=&#8221;true&#8221; collapsible_all=&#8221;true&#8221; title=&#8221;Algemene verzendinformatie&#8221;][vc_tta_section title=&#8221;Hoe lang duurt de verzending?&#8221; tab_id=&#8221;1737187665459-72042fcd-1c339099-921b&#8221;][vc_column_text css=&#8221;&#8221;]<\/p>\n<p class=\"p1\">Verzendtijden vari\u00ebren afhankelijk van je locatie en de verzendmethode die je bij het afrekenen hebt gekozen. We streven ernaar om alle bestellingen binnen \u00e9\u00e9n werkdag te verwerken en te verzenden.<\/p>\n<ul>\n<li class=\"p2\">Binnen Nederland:<span class=\"s1\"> 1\u20132 werkdagen<\/span><\/li>\n<li class=\"p2\"><span class=\"s2\">EU-landen:<\/span> Meestal 3\u20137 werkdagen<\/li>\n<li class=\"p2\"><span class=\"s2\">Verenigd Koninkrijk:<\/span> 5\u20137 werkdagen<\/li>\n<li class=\"p2\">Verenigde Staten &amp; andere internationale bestemmingen:<span class=\"s1\"> 6\u201310 werkdagen<\/span><\/li>\n<\/ul>\n<p class=\"p1\">Houd er rekening mee dat levertijden be\u00efnvloed kunnen worden door factoren zoals vertragingen bij de lokale postdiensten of feestdagen. Voor gedetailleerde verzendtijden naar jouw land, bezoek de specifieke landpagina hierboven.<\/p>\n<p>[\/vc_column_text][\/vc_tta_section][vc_tta_section title=&#8221;Waar kan ik mijn bestelling volgen?&#8221; tab_id=&#8221;1737187665466-5703fda6-be489099-921b&#8221;][vc_column_text css=&#8221;&#8221;]<\/p>\n<p class=\"p1\">Je kunt je bestelling volgen met de trackingcode die je ontvangt in de verzendbevestiging per e-mail. De track &amp; trace-methode hangt af van je land en de gebruikte verzenddienst. Voor de meest nauwkeurige trackingopties in jouw regio, bezoek de specifieke landpagina via de bovenstaande link.<\/p>\n<p>[\/vc_column_text][\/vc_tta_section][vc_tta_section title=&#8221;Wat zijn de verzendkosten en verzendmethoden?&#8221; tab_id=&#8221;1737188614232-01a47c52-44d49099-921b&#8221;][vc_column_text css=&#8221;&#8221;]<\/p>\n<p class=\"p1\">Verzendkosten en beschikbare verzendmethoden hangen af van je land en de beschikbare vervoerders in die regio. De exacte verzendkosten en methoden kun je bekijken bij het afrekenen. Voor een volledig overzicht van de beschikbare verzendopties en prijzen in jouw land, bezoek de specifieke landpagina via de bovenstaande link.<\/p>\n<p>[\/vc_column_text][\/vc_tta_section][vc_tta_section title=&#8221;Hoe kan ik betalen voor mijn bestelling?&#8221; tab_id=&#8221;1737188637035-b7eae861-e6279099-921b&#8221;][vc_column_text css=&#8221;&#8221;]<\/p>\n<p class=\"p1\">We bieden een verscheidenheid aan veilige betaalmethoden om het afrekenproces eenvoudig en gemakkelijk te maken. Je kunt betalen met:<\/p>\n<ul>\n<li>(Credit) Card<\/li>\n<li>PayPal<\/li>\n<li>Revolut<\/li>\n<li>iDEAL<\/li>\n<li>Cryptocurrency<\/li>\n<li>Przelewy24<\/li>\n<li>Bancontact<\/li>\n<li>SEPA Bankoverschrijving<\/li>\n<li>Online \u00dcberweisen<\/li>\n<li><span class=\"s1\">Sofortbanking<\/span><\/li>\n<li>Handmatige bankoverschrijvingen<\/li>\n<\/ul>\n<p>[\/vc_column_text][\/vc_tta_section][vc_tta_section title=&#8221;Garantie en klachten&#8221; tab_id=&#8221;1737188651466-1dfecdda-bebe9099-921b&#8221;][vc_column_text css=&#8221;&#8221;]<\/p>\n<p class=\"p1\">We zorgen ervoor dat onze producten jou in topconditie bereiken. Mocht je echter een artikel ontvangen dat tijdens transport beschadigd is of een ander defect heeft, dan kom je mogelijk in aanmerking voor een garantieclaim.<\/p>\n<p class=\"p3\"><b>Garantieclaims<br \/>\n<\/b>Als je een probleem met je bestelling ontdekt, neem dan binnen een redelijke termijn contact met ons op\u2014bij voorkeur binnen <span class=\"s1\">1 dag<\/span> na ontvangst van je pakket. We zullen de situatie beoordelen en de beste oplossing bepalen.<\/p>\n<p class=\"p3\"><b>Klachten<br \/>\n<\/b>Als iets niet naar verwachting verloopt, staan we klaar om te helpen. Neem contact met ons op via <span class=\"s1\">info@go-microdose.com<\/span>, en we zullen ons best doen om het probleem op te lossen.<\/p>\n<p>[\/vc_column_text][\/vc_tta_section][vc_tta_section title=&#8221;Retouren&#8221; tab_id=&#8221;1737188666632-9ee3fe40-46099099-921b&#8221;][vc_column_text css=&#8221;&#8221;]<\/p>\n<p class=\"p1\">Vanwege de aard van onze producten is <strong>retourneren niet mogelijk<\/strong>. Onze truffels en andere verse producten hebben een beperkte houdbaarheid van ongeveer 2 maanden, wat betekent dat ze na retournering niet opnieuw kunnen worden verkocht. Dit beleid zorgt ervoor dat alle klanten verse en hoogwaardige producten ontvangen.<\/p>\n<p class=\"p3\"><b>Omruilbeleid<br \/>\n<\/b>Als je een product wilt omruilen, neem dan contact met ons op via <span class=\"s1\">info@go-microdose.com<\/span>. Omruilingen zijn mogelijk voor bepaalde niet-bederfelijke producten, maar de verzendkosten voor retourzending zijn voor rekening van de klant.<\/p>\n<p class=\"p3\"><b>Onjuist afleveradres<br \/>\n<\/b>Als je een onjuist verzendadres hebt opgegeven, neem dan zo snel mogelijk contact met ons op. We zullen proberen je bestelling bij te werken voordat deze wordt verzonden. Zodra de bestelling is verzonden, kunnen er echter geen wijzigingen meer worden aangebracht.<\/p>\n<p>[\/vc_column_text][\/vc_tta_section][vc_tta_section title=&#8221;Contact&#8221; tab_id=&#8221;1737188682135-ea9d8e7b-ed3c9099-921b&#8221;][vc_column_text]<\/p>\n<p class=\"p1\">Wij doen ons uiterste best voor jou als klant. Dit betekent dat je eenvoudig contact met ons kunt opnemen.<\/p>\n<p class=\"p1\">Als je vragen hebt over een van onze diensten of producten, kun je ons bereiken via de onderstaande gegevens:<\/p>\n<p class=\"p3\"><b>GO-Microdose.com<br \/>\n<\/b><b><\/b>E-mail: info@go-microdose.com<br \/>\nHandelsnaam: GK Health B.V.<br \/>\nWebsite: GO-Microdose.com<br \/>\nPostadres: Joop Geesinkweg 601, 1114AB Amsterdam<br \/>\nKvK-nummer: 87887274<br \/>\nBTW-nummer: NL864437584B01<\/p>\n<p>[\/vc_column_text][\/vc_tta_section][\/vc_tta_accordion][\/vc_column][\/vc_row][vc_row el_class=&#8221;pb-220&#8243;][vc_column width=&#8221;1\/2&#8243;][vc_custom_heading text=&#8221;contact&#8221; font_container=&#8221;tag:div|text_align:left&#8221; use_theme_fonts=&#8221;yes&#8221; el_class=&#8221;pr-tag&#8221;][vc_custom_heading text=&#8221;Vragen of opmerkingen?&#8221; use_theme_fonts=&#8221;yes&#8221;]\n<div class=\"wpcf7 no-js\" id=\"wpcf7-f1525-o1\" lang=\"nl-NL\" dir=\"ltr\" data-wpcf7-id=\"1525\">\n<div class=\"screen-reader-response\"><p role=\"status\" aria-live=\"polite\" aria-atomic=\"true\"><\/p> <ul><\/ul><\/div>\n<form action=\"\/nl\/wp-json\/wp\/v2\/pages\/2235#wpcf7-f1525-o1\" method=\"post\" class=\"wpcf7-form init\" aria-label=\"Contactformulier\" novalidate=\"novalidate\" data-status=\"init\">\n<fieldset class=\"hidden-fields-container\"><input type=\"hidden\" name=\"_wpcf7\" value=\"1525\" \/><input type=\"hidden\" name=\"_wpcf7_version\" value=\"6.1.5\" \/><input type=\"hidden\" name=\"_wpcf7_locale\" value=\"nl_NL\" \/><input type=\"hidden\" name=\"_wpcf7_unit_tag\" value=\"wpcf7-f1525-o1\" \/><input type=\"hidden\" name=\"_wpcf7_container_post\" value=\"0\" \/><input type=\"hidden\" name=\"_wpcf7_posted_data_hash\" value=\"\" \/><input type=\"hidden\" name=\"_wpcf7_recaptcha_response\" value=\"\" \/>\n<\/fieldset>\n<div class=\"contact-form\">\n\t<div class=\"form-row\">\n\t\t<p><span class=\"wpcf7-form-control-wrap\" data-name=\"Naam\"><input size=\"40\" maxlength=\"400\" class=\"wpcf7-form-control wpcf7-text form-field\" aria-invalid=\"false\" placeholder=\"Naam\" value=\"\" type=\"text\" name=\"Naam\" \/><\/span>\n\t\t<\/p>\n\t<\/div>\n\t<div class=\"form-row\">\n\t\t<p><span class=\"wpcf7-form-control-wrap\" data-name=\"Email\"><input size=\"40\" maxlength=\"400\" class=\"wpcf7-form-control wpcf7-email wpcf7-validates-as-required wpcf7-text wpcf7-validates-as-email form-field\" aria-required=\"true\" aria-invalid=\"false\" placeholder=\"Email\" value=\"\" type=\"email\" name=\"Email\" \/><\/span>\n\t\t<\/p>\n\t<\/div>\n\t<div class=\"form-row\">\n\t\t<p><span class=\"wpcf7-form-control-wrap\" data-name=\"your-message\"><textarea cols=\"40\" rows=\"10\" maxlength=\"2000\" class=\"wpcf7-form-control wpcf7-textarea form-field\" aria-invalid=\"false\" placeholder=\"Vraag of opmerking\u2026\" name=\"your-message\"><\/textarea><\/span>\n\t\t<\/p>\n\t<\/div>\n\t<div class=\"form-row checkbox\">\n\t\t<p><span class=\"wpcf7-form-control-wrap\" data-name=\"checkbox-540\"><span class=\"wpcf7-form-control wpcf7-checkbox\"><span class=\"wpcf7-list-item first last\"><label><input type=\"checkbox\" name=\"checkbox-540[]\" value=\"Ik ga akkoord met de privacy disclaimer\" \/><span class=\"wpcf7-list-item-label\">Ik ga akkoord met de privacy disclaimer<\/span><\/label><\/span><\/span><\/span>\n\t\t<\/p>\n\t<\/div>\n\t<div class=\"form-row submit\">\n\t\t<p><button class=\"button vc_btn3-style-modern\"><input class=\"wpcf7-form-control wpcf7-submit has-spinner\" type=\"submit\" value=\"Verzenden\" \/><\/button>\n\t\t<\/p>\n\t<\/div>\n<\/div><div class=\"wpcf7-response-output\" aria-hidden=\"true\"><\/div>\n<\/form>\n<\/div>\n[\/vc_column][vc_column width=&#8221;1\/2&#8243;][\/vc_column][\/vc_row]<\/p>\n<\/div>","protected":false},"excerpt":{"rendered":"<p>[vc_row][vc_column width=&#8221;1\/2&#8243;][vc_custom_heading text=&#8221;Alles wat je moet weten&#8221; font_container=&#8221;tag:div|text_align:left&#8221; use_theme_fonts=&#8221;yes&#8221; css=&#8221;&#8221; el_class=&#8221;pr-tag&#8221;][\/vc_column][vc_column width=&#8221;1\/2&#8243;][\/vc_column][\/vc_row][vc_row][vc_column width=&#8221;1\/2&#8243;][vc_custom_heading text=&#8221;Verzending&#8221; font_container=&#8221;tag:h1|text_align:left&#8221; use_theme_fonts=&#8221;yes&#8221;][vc_column_text css=&#8221;&#8221;] Bij GO Microdose doen we er alles aan om ervoor te zorgen dat je bestelling snel, veilig en zonder gedoe aankomt. We verzenden naar de meeste landen wereldwijd en hebben onze verzendmethoden zorgvuldig geoptimaliseerd voor betrouwbaarheid en discretie. [&hellip;]<\/p>\n","protected":false},"author":5548,"featured_media":0,"parent":0,"menu_order":0,"comment_status":"closed","ping_status":"closed","template":"","meta":{"_acf_changed":false,"footnotes":""},"class_list":["post-2235","page","type-page","status-publish","hentry"],"acf":[],"_links":{"self":[{"href":"https:\/\/go-microdose.com\/nl\/wp-json\/wp\/v2\/pages\/2235","targetHints":{"allow":["GET"]}}],"collection":[{"href":"https:\/\/go-microdose.com\/nl\/wp-json\/wp\/v2\/pages"}],"about":[{"href":"https:\/\/go-microdose.com\/nl\/wp-json\/wp\/v2\/types\/page"}],"author":[{"embeddable":true,"href":"https:\/\/go-microdose.com\/nl\/wp-json\/wp\/v2\/users\/5548"}],"replies":[{"embeddable":true,"href":"https:\/\/go-microdose.com\/nl\/wp-json\/wp\/v2\/comments?post=2235"}],"version-history":[{"count":0,"href":"https:\/\/go-microdose.com\/nl\/wp-json\/wp\/v2\/pages\/2235\/revisions"}],"wp:attachment":[{"href":"https:\/\/go-microdose.com\/nl\/wp-json\/wp\/v2\/media?parent=2235"}],"curies":[{"name":"wp","href":"https:\/\/api.w.org\/{rel}","templated":true}]}}