{"id":2388,"date":"2022-10-29T11:52:39","date_gmt":"2022-10-29T11:52:39","guid":{"rendered":"https:\/\/go-microdose.com\/affiliate-program\/"},"modified":"2026-03-27T13:05:26","modified_gmt":"2026-03-27T12:05:26","slug":"affiliate-programma","status":"publish","type":"page","link":"https:\/\/go-microdose.com\/nl\/affiliate-programma\/","title":{"rendered":"Affiliateprogramma"},"content":{"rendered":"<div class=\"wpb-content-wrapper\"><p>[vc_section full_width=&#8221;stretch_row_content&#8221; full_height=&#8221;yes&#8221; el_class=&#8221;effect-main-section hoe-het-main-section&#8221; css=&#8221;.vc_custom_1640248116192{padding-bottom: 0px !important;}&#8221;][vc_row full_height=&#8221;yes&#8221; css_animation=&#8221;none&#8221; el_class=&#8221;hoe-het-werkt-row&#8221;][vc_column el_class=&#8221;container&#8221;][vc_row_inner content_placement=&#8221;top&#8221; el_class=&#8221;row-reverse&#8221;][vc_column_inner el_class=&#8221;hoe-het-werkt-image-column&#8221; width=&#8221;1\/2&#8243;][vc_single_image image=&#8221;2443&#8243; img_size=&#8221;full&#8221; css_animation=&#8221;none&#8221; el_class=&#8221;image-with-shadow&#8221;][vc_single_image image=&#8221;1035&#8243; img_size=&#8221;248X248&#8243; el_class=&#8221;fix-image&#8221;][\/vc_column_inner][vc_column_inner width=&#8221;1\/2&#8243;][vc_custom_heading text=&#8221;Affiliateprogramma&#8221; font_container=&#8221;tag:h5|text_align:left|color:%23b1aca7&#8243; use_theme_fonts=&#8221;yes&#8221; css_animation=&#8221;none&#8221; el_class=&#8221;pr-tag&#8221;][vc_custom_heading text=&#8221;Helpt u ons groeien?&#8221; font_container=&#8221;tag:h2|text_align:left|color:%23000000&#8243; use_theme_fonts=&#8221;yes&#8221; css_animation=&#8221;none&#8221; el_class=&#8221;effect-title&#8221;][vc_column_text css_animation=&#8221;none&#8221; el_class=&#8221;effect-description&#8221;]Fijn dat u interesse heeft om affiliate bij ons te worden!<br \/>\nWij zijn altijd op zoek naar mogelijkheden om GO Microdose bij nog meer mensen bekend te maken.[\/vc_column_text][vc_btn title=&#8221;Aanmelden&#8221; color=&#8221;warning&#8221; link=&#8221;url:%23signup|&#8221;][\/vc_column_inner][\/vc_row_inner][\/vc_column][\/vc_row][vc_row el_class=&#8221;move-next-section&#8221;][vc_column el_class=&#8221;container&#8221;][vc_btn title=&#8221;Bekijk ons programma&#8221; style=&#8221;flat&#8221; color=&#8221;black&#8221; link=&#8221;url:%23program|&#8221;][\/vc_column][\/vc_row][\/vc_section][vc_section full_width=&#8221;stretch_row_content&#8221; el_class=&#8221;button-section pdf-section&#8221; css=&#8221;.vc_custom_1667543734559{background-image: url(https:\/\/go-microdose.com\/wp-content\/uploads\/2021\/12\/background-01.png?id=962) !important;background-position: center !important;background-repeat: no-repeat !important;background-size: cover !important;}&#8221; el_id=&#8221;program&#8221;][vc_row][vc_column el_class=&#8221;container&#8221;][vc_row_inner content_placement=&#8221;middle&#8221; el_class=&#8221;about-us-row&#8221;][vc_column_inner width=&#8221;6\/12&#8243;][vc_single_image image=&#8221;2445&#8243; img_size=&#8221;full&#8221; css_animation=&#8221;none&#8221; el_class=&#8221;image-with-shadow white&#8221;][\/vc_column_inner][vc_column_inner el_class=&#8221;about-text-column&#8221; width=&#8221;1\/12&#8243;][\/vc_column_inner][vc_column_inner el_class=&#8221;about-text-column&#8221; width=&#8221;5\/12&#8243;][vc_custom_heading text=&#8221;Affiliateprogramma&#8221; font_container=&#8221;tag:h5|text_align:left&#8221; use_theme_fonts=&#8221;yes&#8221; el_class=&#8221;pr-tag&#8221;][vc_custom_heading text=&#8221;Wat wij bieden&#8221; font_container=&#8221;tag:h2|text_align:left|color:%23000000&#8243; use_theme_fonts=&#8221;yes&#8221;][vc_custom_heading text=&#8221;Promotiemateriaal&#8221; font_container=&#8221;tag:h3|text_align:left&#8221; use_theme_fonts=&#8221;yes&#8221;][vc_column_text]Wij verzorgen al het promotiemateriaal, inclusief banners in de gewenste formaten.[\/vc_column_text][vc_custom_heading text=&#8221;De vergoeding&#8221; font_container=&#8221;tag:h3|text_align:left&#8221; use_theme_fonts=&#8221;yes&#8221;][vc_column_text]<\/p>\n<ul>\n<li>Wij werken met een PPS-model (Pay Per Sale). <\/li>\n<li>Elke verkoop levert de affiliate 20% van de netto verkoopprijs op.<\/li>\n<li>De affiliate mag de prijs verhogen, de vergoeding blijft echter gelijk.<\/li>\n<li>De prijs mag nooit lager zijn dan op onze eigen website.<\/li>\n<li>De uitbetaling aan de affiliate vindt plaats nadat de herroepingstermijn van de klant is verstreken. (Bij sommige betaalmethoden kan de klant gedurende een bepaalde periode een terugbetaling aanvragen). <\/li>\n<li>GO Microdose kan een vergoeding weigeren als er sprake is van (een vermoeden van) fraude.<\/li>\n<li>De uitbetaling aan de affiliate geschiedt eens per 1 of 3 maanden via een creditnota.<\/li>\n<li>GO Microdose is transparant in het delen van verkoopgegevens met de affiliate.<\/li>\n<\/ul>\n<p>[\/vc_column_text][\/vc_column_inner][\/vc_row_inner][\/vc_column][\/vc_row][\/vc_section][vc_section full_width=&#8221;stretch_row_content&#8221; el_class=&#8221;button-section bottom-visible&#8221; el_id=&#8221;signup&#8221;][vc_row el_class=&#8221;only-text-content&#8221;][vc_column el_class=&#8221;container&#8221;][vc_row_inner el_class=&#8221;about-text-column&#8221;][vc_column_inner width=&#8221;6\/12&#8243;][vc_custom_heading text=&#8221;Contract&#8221; font_container=&#8221;tag:h5|text_align:left&#8221; use_theme_fonts=&#8221;yes&#8221; el_class=&#8221;pr-tag&#8221;][vc_custom_heading text=&#8221;De spelregels&#8221; use_theme_fonts=&#8221;yes&#8221;][vc_column_text css=&#8221;&#8221; el_class=&#8221;product-copy-description&#8221;]<\/p>\n<ul>\n<li>\n<p class=\"p1\">Reikwijdte van het programma. GO Microdose voert een doorlopend affiliateprogramma uit. Beide partijen kunnen de samenwerking op elk gewenst moment be\u00ebindigen met een schriftelijke kennisgeving.  <\/p>\n<\/li>\n<li>\n<p class=\"p1\">Commissietarieven. 20% op verkopen die via uw affiliatelink worden geregistreerd. 10% op verkopen die via uw persoonlijke kortingscode worden geregistreerd.  <\/p>\n<\/li>\n<li>\n<p class=\"p1\">Klantkorting. Uw code geeft klanten 10% korting. De korting is ook van toepassing wanneer de verkoop via een link wordt geregistreerd. Uw commissie blijft beperkt tot \u00e9\u00e9n commissie per bestelling.   <\/p>\n<\/li>\n<li>\n<p class=\"p1\">Be\u00ebindiging. Indien het programma of uw account wordt be\u00ebindigd, worden opgebouwde goedgekeurde commissies tot de be\u00ebindigingsdatum alsnog in de volgende cyclus uitbetaald. <\/p>\n<\/li>\n<li>\n<p class=\"p1\">Merkgebruik. U mag onze goedgekeurde logo&#8217;s, productfoto&#8217;s en teksten gebruiken. Geef geen verkeerde voorstelling van het merk en doe geen valse claims.  <\/p>\n<\/li>\n<li>\n<p class=\"p1\">Verkeersregels. Geen spam, cookie stuffing, toolbars of adware. Bied niet op onze merknamen of domeinnamen. Geen valse coupons of misleidende aftellers.   <\/p>\n<\/li>\n<li>\n<p class=\"p1\">Juridisch en geografie. U bent zelf verantwoordelijk voor het naleven van de lokale wetgeving op het gebied van reclame en producten op de locaties waar u promotie maakt. <\/p>\n<\/li>\n<li>\n<p class=\"p1\">Wijzigingen in tarieven. GO Microdose kan commissietarieven, regels of in aanmerking komende producten aanpassen. Wij zullen u tijdig op de hoogte stellen van wezenlijke wijzigingen.  <\/p>\n<\/li>\n<li>\n<p class=\"p1\">Ondersteuning. Vragen of aangepaste campagnes kunnen per e-mail worden besproken via info@go-microdose.com <\/p>\n<\/li>\n<\/ul>\n<p>[\/vc_column_text][\/vc_column_inner][vc_column_inner width=&#8221;1\/12&#8243;][\/vc_column_inner][vc_column_inner width=&#8221;4\/12&#8243;]\n<div class=\"wpcf7 no-js\" id=\"wpcf7-f2739-o1\" lang=\"nl-NL\" dir=\"ltr\" data-wpcf7-id=\"2739\">\n<div class=\"screen-reader-response\"><p role=\"status\" aria-live=\"polite\" aria-atomic=\"true\"><\/p> <ul><\/ul><\/div>\n<form action=\"\/nl\/wp-json\/wp\/v2\/pages\/2388#wpcf7-f2739-o1\" method=\"post\" class=\"wpcf7-form init\" aria-label=\"Contactformulier\" novalidate=\"novalidate\" data-status=\"init\">\n<fieldset class=\"hidden-fields-container\"><input type=\"hidden\" name=\"_wpcf7\" value=\"2739\" \/><input type=\"hidden\" name=\"_wpcf7_version\" value=\"6.1.5\" \/><input type=\"hidden\" name=\"_wpcf7_locale\" value=\"nl_NL\" \/><input type=\"hidden\" name=\"_wpcf7_unit_tag\" value=\"wpcf7-f2739-o1\" \/><input type=\"hidden\" name=\"_wpcf7_container_post\" value=\"0\" \/><input type=\"hidden\" name=\"_wpcf7_posted_data_hash\" value=\"\" \/><input type=\"hidden\" name=\"_wpcf7_recaptcha_response\" value=\"\" \/>\n<\/fieldset>\n<div class=\"contact-form image-with-shadow\">\n\t<h2>Meld u aan!\n\t<\/h2>\n\t<div class=\"form-row\">\n\t\t<p><span class=\"wpcf7-form-control-wrap\" data-name=\"Naam\"><input size=\"40\" maxlength=\"400\" class=\"wpcf7-form-control wpcf7-text form-field\" aria-invalid=\"false\" placeholder=\"Naam\" value=\"\" type=\"text\" name=\"Naam\" \/><\/span>\n\t\t<\/p>\n\t<\/div>\n\t<div class=\"form-row\">\n\t\t<p><span class=\"wpcf7-form-control-wrap\" data-name=\"Email\"><input size=\"40\" maxlength=\"400\" class=\"wpcf7-form-control wpcf7-email wpcf7-validates-as-required wpcf7-text wpcf7-validates-as-email form-field\" aria-required=\"true\" aria-invalid=\"false\" placeholder=\"E-mailadres\" value=\"\" type=\"email\" name=\"Email\" \/><\/span>\n\t\t<\/p>\n\t<\/div>\n\t<div class=\"form-row\">\n\t\t<p><span class=\"wpcf7-form-control-wrap\" data-name=\"Instagram\"><input size=\"40\" maxlength=\"400\" class=\"wpcf7-form-control wpcf7-text wpcf7-validates-as-required form-field\" aria-required=\"true\" aria-invalid=\"false\" placeholder=\"Social media-account\" value=\"\" type=\"text\" name=\"Instagram\" \/><\/span>\n\t\t<\/p>\n\t<\/div>\n\t<div class=\"form-row checkbox\">\n\t\t<p><span class=\"wpcf7-form-control-wrap\" data-name=\"agree\"><span class=\"wpcf7-form-control wpcf7-acceptance\"><span class=\"wpcf7-list-item\"><label><input type=\"checkbox\" name=\"agree\" value=\"1\" aria-invalid=\"false\" \/><span class=\"wpcf7-list-item-label\">Ik ga akkoord met de <a href=\"\/privacy-policy\/\" target=\"_blank\"> privacyverklaring<\/a><\/span><\/label><\/span><\/span><\/span>\n\t\t<\/p>\n\t<\/div>\n\t<div class=\"form-row\">\n\t<span class=\"wpcf7-form-control-wrap recaptcha\" data-name=\"recaptcha\"><span data-sitekey=\"6LcxYnAUAAAAAK0N-eell9CfBJrJukJ8yVIG3u5S\" class=\"wpcf7-form-control wpcf7-recaptcha g-recaptcha\"><\/span>\r\n<noscript>\r\n\t<div class=\"grecaptcha-noscript\">\r\n\t\t<iframe src=\"https:\/\/www.google.com\/recaptcha\/api\/fallback?k=6LcxYnAUAAAAAK0N-eell9CfBJrJukJ8yVIG3u5S\" frameborder=\"0\" scrolling=\"no\" width=\"310\" height=\"430\">\r\n\t\t<\/iframe>\r\n\t\t<textarea name=\"g-recaptcha-response\" rows=\"3\" cols=\"40\" placeholder=\"reCaptcha antwoord hier\">\r\n\t\t<\/textarea>\r\n\t<\/div>\r\n<\/noscript>\r\n<\/span>\n\t<\/div>\n\t<div class=\"form-row submit\">\n\t\t<p><button class=\"button vc_btn3-style-modern\"><input class=\"wpcf7-form-control wpcf7-submit has-spinner\" type=\"submit\" value=\"Verzenden\" \/><\/button>\n\t\t<\/p>\n\t<\/div>\n<\/div><div class=\"wpcf7-response-output\" aria-hidden=\"true\"><\/div>\n<\/form>\n<\/div>\n[\/vc_column_inner][vc_column_inner width=&#8221;1\/12&#8243;][\/vc_column_inner][\/vc_row_inner][\/vc_column][\/vc_row][\/vc_section]<\/p>\n<\/div>","protected":false},"excerpt":{"rendered":"<p>[vc_section full_width=&#8221;stretch_row_content&#8221; full_height=&#8221;yes&#8221; el_class=&#8221;effect-main-section hoe-het-main-section&#8221; css=&#8221;.vc_custom_1640248116192{padding-bottom: 0px !important;}&#8221;][vc_row full_height=&#8221;yes&#8221; css_animation=&#8221;none&#8221; el_class=&#8221;hoe-het-werkt-row&#8221;][vc_column el_class=&#8221;container&#8221;][vc_row_inner content_placement=&#8221;top&#8221; el_class=&#8221;row-reverse&#8221;][vc_column_inner el_class=&#8221;hoe-het-werkt-image-column&#8221; width=&#8221;1\/2&#8243;][vc_single_image image=&#8221;2443&#8243; img_size=&#8221;full&#8221; css_animation=&#8221;none&#8221; el_class=&#8221;image-with-shadow&#8221;][vc_single_image image=&#8221;1035&#8243; img_size=&#8221;248X248&#8243; el_class=&#8221;fix-image&#8221;][\/vc_column_inner][vc_column_inner width=&#8221;1\/2&#8243;][vc_custom_heading text=&#8221;Affiliateprogramma&#8221; font_container=&#8221;tag:h5|text_align:left|color:%23b1aca7&#8243; use_theme_fonts=&#8221;yes&#8221; css_animation=&#8221;none&#8221; el_class=&#8221;pr-tag&#8221;][vc_custom_heading text=&#8221;Helpt u ons groeien?&#8221; font_container=&#8221;tag:h2|text_align:left|color:%23000000&#8243; use_theme_fonts=&#8221;yes&#8221; css_animation=&#8221;none&#8221; el_class=&#8221;effect-title&#8221;][vc_column_text css_animation=&#8221;none&#8221; el_class=&#8221;effect-description&#8221;]Fijn dat u interesse heeft om affiliate bij ons te worden! Wij zijn altijd op zoek naar [&hellip;]<\/p>\n","protected":false},"author":5548,"featured_media":0,"parent":0,"menu_order":0,"comment_status":"closed","ping_status":"closed","template":"","meta":{"_acf_changed":false,"footnotes":""},"class_list":["post-2388","page","type-page","status-publish","hentry"],"acf":[],"_links":{"self":[{"href":"https:\/\/go-microdose.com\/nl\/wp-json\/wp\/v2\/pages\/2388","targetHints":{"allow":["GET"]}}],"collection":[{"href":"https:\/\/go-microdose.com\/nl\/wp-json\/wp\/v2\/pages"}],"about":[{"href":"https:\/\/go-microdose.com\/nl\/wp-json\/wp\/v2\/types\/page"}],"author":[{"embeddable":true,"href":"https:\/\/go-microdose.com\/nl\/wp-json\/wp\/v2\/users\/5548"}],"replies":[{"embeddable":true,"href":"https:\/\/go-microdose.com\/nl\/wp-json\/wp\/v2\/comments?post=2388"}],"version-history":[{"count":0,"href":"https:\/\/go-microdose.com\/nl\/wp-json\/wp\/v2\/pages\/2388\/revisions"}],"wp:attachment":[{"href":"https:\/\/go-microdose.com\/nl\/wp-json\/wp\/v2\/media?parent=2388"}],"curies":[{"name":"wp","href":"https:\/\/api.w.org\/{rel}","templated":true}]}}