{"id":58143,"date":"2026-03-25T13:13:18","date_gmt":"2026-03-25T12:13:18","guid":{"rendered":"https:\/\/go-microdose.com\/verzendinformatie\/kroatie\/"},"modified":"2026-03-25T13:14:11","modified_gmt":"2026-03-25T12:14:11","slug":"kroatie","status":"publish","type":"page","link":"https:\/\/go-microdose.com\/nl\/verzendinformatie\/kroatie\/","title":{"rendered":"Kroati\u00eb"},"content":{"rendered":"<div class=\"wpb-content-wrapper\"><p>[vc_row][vc_column width=&#8221;1\/2&#8243;][vc_btn title=&#8221;Terug naar verzendoverzicht&#8221; css=&#8221;&#8221; link=&#8221;url:https%3A%2F%2Fgo-microdose.com%2Fnl%2Fverzendinformatie%2F|title:Shipping|&#8221; el_class=&#8221;button-back&#8221;][\/vc_column][vc_column width=&#8221;1\/2&#8243;][\/vc_column][\/vc_row][vc_row el_class=&#8221;pb-40&#8243;][vc_column width=&#8221;1\/2&#8243; el_class=&#8221;pr-80&#8243;][vc_custom_heading text=&#8221;Verzending naar Kroati\u00eb&#8221; font_container=&#8221;tag:h1|text_align:left&#8221; use_theme_fonts=&#8221;yes&#8221; css=&#8221;&#8221; el_class=&#8221;effect-title&#8221;][vc_custom_heading text=&#8221;Magic mushrooms, truffels, microdosing en meer..&#8221; use_theme_fonts=&#8221;yes&#8221; el_class=&#8221;h3&#8243;][vc_column_text css=&#8221;&#8221;]<\/p>\n<p class=\"p1\">Ja! Wij verzenden al onze producten naar Kroati\u00eb! <\/p>\n<p class=\"p1\">Alle truffels, microdosingstrips en kweeksets worden verzonden vanuit Amsterdam en komen doorgaans binnen 6-8 werkdagen aan. De meeste kleinere bestellingen passen door de brievenbus, maar voor grotere producten zoals kweeksets kan standaard pakketbezorging vereist zijn. <\/p>\n<p class=\"p1\">Onze verzending is discreet, snel en betrouwbaar, wat zorgt voor een verse en veilige levering. Of u nu microdoseert voor focus of op zoek bent naar een sterkere psychedelische ervaring, wij staan voor u klaar. <\/p>\n<p class=\"p1\">Onze producten worden legaal verzonden binnen de EU onder het principe van wederzijdse erkenning van goederen. Meer details vindt u hieronder bij \u201cWat is de juridische status in mijn land?\u201d <\/p>\n<p class=\"p1\">Bekijk de verzendopties en leveringsdetails hieronder!<\/p>\n<p>[\/vc_column_text][\/vc_column][vc_column width=&#8221;1\/2&#8243; el_class=&#8221;s-white-box&#8221;][vc_custom_heading text=&#8221;Track &amp; trace&#8221; font_container=&#8221;tag:h3|text_align:left&#8221; use_theme_fonts=&#8221;yes&#8221;][vc_column_text]Gebruik uw trackingcode en niet uw bestelnummer.[\/vc_column_text][vc_btn title=&#8221;PostNL tracking&#8221; css=&#8221;&#8221; link=&#8221;url:https%3A%2F%2Ftracking.postnl.nl%2Ftrack-and-trace%2F|target:_blank|&#8221;][vc_btn title=&#8221;Hrvatska Po\u0161ta&#8221; css=&#8221;&#8221; link=&#8221;url:https%3A%2F%2Fposiljka.posta.hr%2Fen|target:_blank|&#8221;][vc_btn title=&#8221;DHL tracking&#8221; css=&#8221;&#8221; link=&#8221;url:https%3A%2F%2Fwww.dhl.com%2Fnl-nl%2Fhome%2Ftraceren.html|target:_blank|&#8221;][\/vc_column][\/vc_row][vc_row el_class=&#8221;pb-80&#8243;][vc_column][vc_custom_heading text=&#8221;meer informatie&#8221; font_container=&#8221;tag:div|text_align:left&#8221; use_theme_fonts=&#8221;yes&#8221; el_class=&#8221;pr-tag&#8221;][vc_tta_accordion style=&#8221;flat&#8221; shape=&#8221;square&#8221; color=&#8221;white&#8221; c_icon=&#8221;&#8221; active_section=&#8221;100&#8243; no_fill=&#8221;true&#8221; collapsible_all=&#8221;true&#8221; title=&#8221;Verzendinformatie&#8221;][vc_tta_section title=&#8221;Wat is de juridische status in mijn land?&#8221; tab_id=&#8221;1737187665466-5703fda6-be48&#8243;][vc_column_text css=&#8221;&#8221;]<\/p>\n<p class=\"p1\">Volgens de handelsregels van de EU kunnen al onze producten legaal naar Kroati\u00eb worden verzonden. De wederzijdse erkenning van goederen stelt dat als een product legaal is in \u00e9\u00e9n EU-land, het vrij naar andere landen mag worden verzonden. Aangezien magic truffels legaal zijn in Nederland, zijn wij bevoegd om ze zonder juridische zorgen naar Kroati\u00eb te sturen.  <\/p>\n<p class=\"p1\">Meer over deze wet:<\/p>\n<p class=\"p1\">  <a href=\"https:\/\/single-market-economy.ec.europa.eu\/single-market\/goods\/free-movement-sectors\/mutual-recognition-goods_en\" target=\"_blank\" rel=\"noopener\"><span class=\"s1\">Wederzijdse erkenning van goederen \u2013 Europese Commissie<\/span><\/a><\/p>\n<p class=\"p1\">Voor een gedetailleerde uitleg van het juridische kader, mogelijke risico&#8217;s en belangrijke details, kunt u de onderstaande pagina bezoeken:<\/p>\n<p class=\"p1\"><span class=\"s2\"> <\/span> <a href=\"https:\/\/go-microdose.com\/nl\/legal-status-van-truffels\/\"><span class=\"s1\">Juridische status<\/span><\/a><\/p>\n<p>[\/vc_column_text][\/vc_tta_section][vc_tta_section title=&#8221;Welke producten kunt u naar mijn land verzenden?&#8221; tab_id=&#8221;1737187665459-72042fcd-1c33&#8243;][vc_column_text css=&#8221;&#8221;]<\/p>\n<p class=\"p1\">Wij verzenden al onze magic truffels, microdosingstrips en kweeksets naar Kroati\u00eb, met een levertijd van 6-8 werkdagen. Onze discrete verpakking zorgt ervoor dat uw bestelling veilig en vers aankomt. <\/p>\n<p class=\"p1\"><span class=\"s1\">\u2714<\/span> Gemakkelijke en legale verzending<br \/>\n<span class=\"s1\">\u2714<\/span> Veilige verpakking voor versheid<br \/>\n<span class=\"s1\">\u2714<\/span> Betrouwbare tracking beschikbaar<\/p>\n<p class=\"p1\">Begin vandaag nog met microdosing met hoogwaardige producten uit Amsterdam!<\/p>\n<p>[\/vc_column_text][\/vc_tta_section][vc_tta_section title=&#8221;Hoe lang duurt de verzending?&#8221; tab_id=&#8221;1737188614232-01a47c52-44d4&#8243;][vc_column_text css=&#8221;&#8221;]<\/p>\n<p class=\"p1\">Wij verzenden alle bestellingen naar Kroati\u00eb rechtstreeks vanuit Amsterdam, met een geschatte levertijd van 5-7 werkdagen.<\/p>\n<p>[\/vc_column_text][\/vc_tta_section][vc_tta_section title=&#8221;Waar kan ik mijn bestelling volgen?&#8221; tab_id=&#8221;1737188637035-b7eae861-e627&#8243;][vc_column_text css=&#8221;&#8221;]<\/p>\n<p class=\"p1\">Zodra uw bestelling is verzonden, ontvangt u een <span class=\"s1\">trackinglink<\/span> via e-mail. U kunt deze link gebruiken om de reis van uw pakket te volgen. <\/p>\n<p class=\"p1\">Als u uw bestelling handmatig wilt volgen, gebruik dan een van de volgende links en voer uw trackingcode in:<br \/>\n  <span class=\"s1\"><b>PostNL<\/b><\/span>: <a href=\"https:\/\/tracking.postnl.nl\/track-and-trace\/\" target=\"_blank\" rel=\"noopener\">Volg hier uw bestelling<\/a><br \/>\n  <strong>Hrvatska Po\u0161ta<\/strong>: <a href=\"https:\/\/posiljka.posta.hr\/en\" target=\"_blank\" rel=\"noopener\">Volg hier uw bestelling<\/a><br \/>\n  <span class=\"s1\"><b>DHL<\/b><\/span>: <a href=\"https:\/\/www.dhl.com\/nl-nl\/home\/traceren.html\" target=\"_blank\" rel=\"noopener\">Volg hier uw bestelling<\/a><\/p>\n<p class=\"p1\">Als u problemen ervaart met de tracking, wacht dan even op updates of neem rechtstreeks contact op met de verzendprovider.<\/p>\n<p>[\/vc_column_text][\/vc_tta_section][vc_tta_section title=&#8221;Wat zijn de verzendkosten en -methoden?&#8221; tab_id=&#8221;1737188651466-1dfecdda-bebe&#8221;][vc_column_text css=&#8221;&#8221;]<\/p>\n<p class=\"p3\">Wij bieden meerdere verzendopties naar Kroati\u00eb om een snelle en betrouwbare levering te garanderen. Kies de methode die het beste bij uw behoeften past: <\/p>\n<p class=\"p4\"><span class=\"s1\">  <\/span>Brievenbuspakket (Track &amp; Trace):<span class=\"s1\"> \u20ac 8,99<br \/>\n<\/span><span class=\"s1\">  <\/span>Aangetekend pakket (Tracking + handtekening vereist):<span class=\"s1\"> \u20ac 18<br \/>\n<\/span><span class=\"s1\">  <\/span>DHL Pakket (Track &amp; Trace):<span class=\"s1\"> \u20ac 19<\/span><\/p>\n<p class=\"p4\"><span class=\"s1\">  <\/span>Discrete verzendoptie:<span class=\"s1\"> +\u20ac 1,95<br \/>\n<\/span>Wilt u extra privacy? Selecteer onze discrete verzendoptie bij het afrekenen voor een merkloze verpakking met een generiek label. <\/p>\n<p class=\"p3\">Alle bestellingen worden verzonden vanuit <span class=\"s2\">Amsterdam<\/span> en komen doorgaans <span class=\"s2\">binnen 6-8 werkdagen<\/span> aan. Uw trackinggegevens worden verstrekt zodra uw bestelling is verzonden. <\/p>\n<p>[\/vc_column_text][\/vc_tta_section][vc_tta_section title=&#8221;Hoe kan ik mijn bestelling betalen?&#8221; tab_id=&#8221;1739569614085-b2259a37-6ad1&#8243;][vc_column_text css=&#8221;&#8221;]<\/p>\n<p class=\"p1\">Wij bieden diverse veilige en gemakkelijke betaalmethoden aan voor bestellingen naar Kroati\u00eb:<\/p>\n<ul>\n<li>(Credit)card<\/li>\n<li>PayPal<\/li>\n<li>Revolut<\/li>\n<li>iDEAL<\/li>\n<li>Cryptovaluta<\/li>\n<li>Przelewy24<\/li>\n<li>Bancontact<\/li>\n<li>SEPA Bankoverschrijving<\/li>\n<li>Online \u00dcberweisen<\/li>\n<li><span class=\"s1\">Sofortbanking<\/span><\/li>\n<li>Handmatige bankoverschrijvingen<\/li>\n<\/ul>\n<p class=\"p1\">Alle betalingen worden veilig verwerkt en uw gegevens zijn beschermd. U ontvangt een bestelbevestiging zodra uw betaling is voltooid. <\/p>\n<p>[\/vc_column_text][\/vc_tta_section][vc_tta_section title=&#8221;Garantie en klachten&#8221; tab_id=&#8221;1739569639087-ce3e2607-c5c5&#8243;][vc_column_text css=&#8221;&#8221;]<\/p>\n<p class=\"p1\">Wij besteden grote zorg aan het feit dat onze producten u in topconditie bereiken. Mocht u echter een artikel ontvangen dat tijdens het transport is beschadigd of een ander defect vertoont, dan komt u mogelijk in aanmerking voor een garantieclaim. <\/p>\n<p class=\"p3\"><b>Garantieclaims<br \/>\n<\/b><b><\/b>Als u een probleem ontdekt met uw bestelling, neem dan binnen een redelijke termijn contact met ons op \u2014 bij voorkeur binnen <span class=\"s1\">1 dag<\/span> na ontvangst van uw pakket. Wij zullen de situatie beoordelen en de beste oplossing bepalen. <\/p>\n<p class=\"p3\"><b>Klachten<br \/>\n<\/b><b><\/b>Als er iets niet volgens verwachting verloopt, staan wij klaar om te helpen. Neem contact met ons op via <span class=\"s1\">info@go-microdose.com<\/span> en wij zullen ons best doen om het probleem op te lossen. <\/p>\n<p>[\/vc_column_text][\/vc_tta_section][vc_tta_section title=&#8221;Retourneren&#8221; tab_id=&#8221;1737188666632-9ee3fe40-4609&#8243;][vc_column_text css=&#8221;&#8221;]<\/p>\n<p class=\"p1\">Vanwege de aard van onze producten zijn <span class=\"s1\"><b>retourzendingen niet mogelijk<\/b><\/span>. Onze truffels en andere verse producten hebben een <span class=\"s1\">beperkte houdbaarheid van ongeveer 2 maanden<\/span>, wat betekent dat ze na retournering niet opnieuw kunnen worden verkocht. Dit beleid zorgt ervoor dat alle klanten verse en hoogwaardige producten ontvangen.  <\/p>\n<p class=\"p3\"><b>Ruilbeleid<br \/>\n<\/b><b><\/b>Als u een product wilt ruilen, neem dan contact met ons op via <span class=\"s1\">info@go-microdose.com<\/span>. Hoewel ruilen voor bepaalde niet-bederfelijke artikelen mogelijk kan zijn, zijn <span class=\"s1\">klanten verantwoordelijk voor de verzendkosten van de retourzending<\/span>. <\/p>\n<p class=\"p3\"><b>Onjuist afleveradres<br \/>\n<\/b><b><\/b>Als u een onjuist verzendadres heeft opgegeven, neem dan zo snel mogelijk contact met ons op. Wij zullen proberen uw bestelling bij te werken voordat deze wordt verzonden. Zodra de bestelling echter is verzonden, zijn wijzigingen niet meer mogelijk.  <\/p>\n<p>[\/vc_column_text][\/vc_tta_section][vc_tta_section title=&#8221;Contact&#8221; tab_id=&#8221;1737188682135-ea9d8e7b-ed3c&#8221;][vc_column_text css=&#8221;&#8221;]Wij doen ons uiterste best voor u als klant. Dit betekent dat u gemakkelijk contact met ons kunt opnemen.<br \/>\nAls u hier vragen over heeft, kunt u ons bereiken via de volgende gegevens: <\/p>\n<p><strong>GO-Microdose.com<\/strong><br \/>\nE-mail: <a href=\"mailto:info@go-microdose.com\">info@go-microdose.com<\/a><br \/>\nDe handelsnaam van ons bedrijf is: GK Health B.V.<br \/>\nOnze domeinnaam is GO-Microdose.com<br \/>\nOns postadres: Joop Geesinkweg 601, 1114AB Amsterdam<br \/>\nKamer van Koophandel: 87887274<br \/>\nBTW: NL864437584B01[\/vc_column_text][\/vc_tta_section][\/vc_tta_accordion][\/vc_column][\/vc_row][vc_row el_class=&#8221;pb-220&#8243;][vc_column width=&#8221;1\/2&#8243;][vc_custom_heading text=&#8221;contact&#8221; font_container=&#8221;tag:div|text_align:left&#8221; use_theme_fonts=&#8221;yes&#8221; el_class=&#8221;pr-tag&#8221;][vc_custom_heading text=&#8221;Vragen of opmerkingen?&#8221; use_theme_fonts=&#8221;yes&#8221;]\n<div class=\"wpcf7 no-js\" id=\"wpcf7-f1525-o1\" lang=\"nl-NL\" dir=\"ltr\" data-wpcf7-id=\"1525\">\n<div class=\"screen-reader-response\"><p role=\"status\" aria-live=\"polite\" aria-atomic=\"true\"><\/p> <ul><\/ul><\/div>\n<form action=\"\/nl\/wp-json\/wp\/v2\/pages\/58143#wpcf7-f1525-o1\" method=\"post\" class=\"wpcf7-form init\" aria-label=\"Contactformulier\" novalidate=\"novalidate\" data-status=\"init\">\n<fieldset class=\"hidden-fields-container\"><input type=\"hidden\" name=\"_wpcf7\" value=\"1525\" \/><input type=\"hidden\" name=\"_wpcf7_version\" value=\"6.1.5\" \/><input type=\"hidden\" name=\"_wpcf7_locale\" value=\"nl_NL\" \/><input type=\"hidden\" name=\"_wpcf7_unit_tag\" value=\"wpcf7-f1525-o1\" \/><input type=\"hidden\" name=\"_wpcf7_container_post\" value=\"0\" \/><input type=\"hidden\" name=\"_wpcf7_posted_data_hash\" value=\"\" \/><input type=\"hidden\" name=\"_wpcf7_recaptcha_response\" value=\"\" \/>\n<\/fieldset>\n<div class=\"contact-form\">\n\t<div class=\"form-row\">\n\t\t<p><span class=\"wpcf7-form-control-wrap\" data-name=\"Naam\"><input size=\"40\" maxlength=\"400\" class=\"wpcf7-form-control wpcf7-text form-field\" aria-invalid=\"false\" placeholder=\"Naam\" value=\"\" type=\"text\" name=\"Naam\" \/><\/span>\n\t\t<\/p>\n\t<\/div>\n\t<div class=\"form-row\">\n\t\t<p><span class=\"wpcf7-form-control-wrap\" data-name=\"Email\"><input size=\"40\" maxlength=\"400\" class=\"wpcf7-form-control wpcf7-email wpcf7-validates-as-required wpcf7-text wpcf7-validates-as-email form-field\" aria-required=\"true\" aria-invalid=\"false\" placeholder=\"Email\" value=\"\" type=\"email\" name=\"Email\" \/><\/span>\n\t\t<\/p>\n\t<\/div>\n\t<div class=\"form-row\">\n\t\t<p><span class=\"wpcf7-form-control-wrap\" data-name=\"your-message\"><textarea cols=\"40\" rows=\"10\" maxlength=\"2000\" class=\"wpcf7-form-control wpcf7-textarea form-field\" aria-invalid=\"false\" placeholder=\"Vraag of opmerking\u2026\" name=\"your-message\"><\/textarea><\/span>\n\t\t<\/p>\n\t<\/div>\n\t<div class=\"form-row checkbox\">\n\t\t<p><span class=\"wpcf7-form-control-wrap\" data-name=\"checkbox-540\"><span class=\"wpcf7-form-control wpcf7-checkbox\"><span class=\"wpcf7-list-item first last\"><label><input type=\"checkbox\" name=\"checkbox-540[]\" value=\"Ik ga akkoord met de privacy disclaimer\" \/><span class=\"wpcf7-list-item-label\">Ik ga akkoord met de privacy disclaimer<\/span><\/label><\/span><\/span><\/span>\n\t\t<\/p>\n\t<\/div>\n\t<div class=\"form-row submit\">\n\t\t<p><button class=\"button vc_btn3-style-modern\"><input class=\"wpcf7-form-control wpcf7-submit has-spinner\" type=\"submit\" value=\"Verzenden\" \/><\/button>\n\t\t<\/p>\n\t<\/div>\n<\/div><div class=\"wpcf7-response-output\" aria-hidden=\"true\"><\/div>\n<\/form>\n<\/div>\n[\/vc_column][vc_column width=&#8221;1\/2&#8243;][\/vc_column][\/vc_row]<\/p>\n<\/div>","protected":false},"excerpt":{"rendered":"<p>[vc_row][vc_column width=&#8221;1\/2&#8243;][vc_btn title=&#8221;Terug naar verzendoverzicht&#8221; css=&#8221;&#8221; link=&#8221;url:https%3A%2F%2Fgo-microdose.com%2Fnl%2Fverzendinformatie%2F|title:Shipping|&#8221; el_class=&#8221;button-back&#8221;][\/vc_column][vc_column width=&#8221;1\/2&#8243;][\/vc_column][\/vc_row][vc_row el_class=&#8221;pb-40&#8243;][vc_column width=&#8221;1\/2&#8243; el_class=&#8221;pr-80&#8243;][vc_custom_heading text=&#8221;Verzending naar Kroati\u00eb&#8221; font_container=&#8221;tag:h1|text_align:left&#8221; use_theme_fonts=&#8221;yes&#8221; css=&#8221;&#8221; el_class=&#8221;effect-title&#8221;][vc_custom_heading text=&#8221;Magic mushrooms, truffels, microdosing en meer..&#8221; use_theme_fonts=&#8221;yes&#8221; el_class=&#8221;h3&#8243;][vc_column_text css=&#8221;&#8221;] Ja! Wij verzenden al onze producten naar Kroati\u00eb! Alle truffels, microdosingstrips en kweeksets worden verzonden vanuit Amsterdam en komen doorgaans binnen 6-8 werkdagen aan. De meeste kleinere [&hellip;]<\/p>\n","protected":false},"author":5548,"featured_media":0,"parent":2235,"menu_order":0,"comment_status":"open","ping_status":"open","template":"","meta":{"_acf_changed":false,"footnotes":""},"class_list":["post-58143","page","type-page","status-publish","hentry"],"acf":[],"_links":{"self":[{"href":"https:\/\/go-microdose.com\/nl\/wp-json\/wp\/v2\/pages\/58143","targetHints":{"allow":["GET"]}}],"collection":[{"href":"https:\/\/go-microdose.com\/nl\/wp-json\/wp\/v2\/pages"}],"about":[{"href":"https:\/\/go-microdose.com\/nl\/wp-json\/wp\/v2\/types\/page"}],"author":[{"embeddable":true,"href":"https:\/\/go-microdose.com\/nl\/wp-json\/wp\/v2\/users\/5548"}],"replies":[{"embeddable":true,"href":"https:\/\/go-microdose.com\/nl\/wp-json\/wp\/v2\/comments?post=58143"}],"version-history":[{"count":0,"href":"https:\/\/go-microdose.com\/nl\/wp-json\/wp\/v2\/pages\/58143\/revisions"}],"up":[{"embeddable":true,"href":"https:\/\/go-microdose.com\/nl\/wp-json\/wp\/v2\/pages\/2235"}],"wp:attachment":[{"href":"https:\/\/go-microdose.com\/nl\/wp-json\/wp\/v2\/media?parent=58143"}],"curies":[{"name":"wp","href":"https:\/\/api.w.org\/{rel}","templated":true}]}}