{"id":13304,"date":"2023-11-10T05:18:21","date_gmt":"2023-11-10T05:18:21","guid":{"rendered":"https:\/\/go-microdose.com\/product\/cotae-chaga-liquid\/"},"modified":"2026-04-06T07:51:01","modified_gmt":"2026-04-06T05:51:01","slug":"cotae-chaga-liquid","status":"publish","type":"product","link":"https:\/\/go-microdose.com\/nl\/product\/cotae-chaga-liquid\/","title":{"rendered":"C\u014dtae Chaga vloeibaar"},"content":{"rendered":"<div class=\"wpb-content-wrapper\"><p>[vc_row][vc_column][vc_column_text]Het Chaga vloeibaar extract van C\u014dtae belichaamt de gerespecteerde titel van \u201ekoning van het woud\u201d, een bewijs van zijn rijke verleden en krachtige gezondheidsvoordelen. Deze krachtige tinctuur vangt de essentie van Chaga, een nutri\u00ebntenrijk sclerotium dat in regio&#8217;s als Siberi\u00eb, China en Scandinavi\u00eb wordt gekoesterd om zijn immuunondersteunende eigenschappen. <\/p>\n<p>Ons vloeibare extract biedt niet alleen welzijn; het vormt een gemakkelijke verbinding met een eeuwenoud middel. Door gebruik te maken van een geavanceerde drievoudige extractiemethode, inclusief ultrasone frequentietechnieken, garanderen wij dat het volledige spectrum aan vitale stoffen in Chaga behouden blijft. Gestandaardiseerd op minimaal 30% polysachariden, is elke druppel rijk aan bioactieve stoffen die het immuunsysteem, een gezonde celdeling en de aanmaak van rode bloedcellen ondersteunen.  <\/p>\n<p>Een dagelijks ritueel met het Chaga vloeibaar extract van C\u014dtae kan helpen uw natuurlijke weerstand te versterken en bijdragen aan uw algehele vitaliteit. Het is een ideale keuze voor wie de beschermende kracht van Chaga in de dagelijkse routine wil integreren en zo een robuust fundament voor de gezondheid wil leggen.[\/vc_column_text][\/vc_column][\/vc_row]<\/p>\n<\/div>","protected":false},"excerpt":{"rendered":"<p>Het Chaga vloeibaar extract van C\u014dtae belichaamt de gerespecteerde titel van \u201ekoning van het woud\u201d, een bewijs van zijn rijke verleden en krachtige gezondheidsvoordelen. Deze krachtige tinctuur vangt de essentie van Chaga, een nutri\u00ebntenrijk sclerotium dat in regio&#8217;s als Siberi\u00eb, China en Scandinavi\u00eb wordt gekoesterd om zijn immuunondersteunende eigenschappen. <\/p>\n<p>Ons vloeibare extract biedt niet alleen welzijn; het vormt een gemakkelijke verbinding met een eeuwenoud middel. Door gebruik te maken van een geavanceerde drievoudige extractiemethode, inclusief ultrasone frequentietechnieken, garanderen wij dat het volledige spectrum aan vitale stoffen in Chaga behouden blijft. Gestandaardiseerd op minimaal 30% polysachariden, is elke druppel rijk aan bioactieve stoffen die het immuunsysteem, een gezonde celdeling en de aanmaak van rode bloedcellen ondersteunen.  <\/p>\n<p>Een dagelijks ritueel met het Chaga vloeibaar extract van C\u014dtae kan helpen uw natuurlijke weerstand te versterken en bijdragen aan uw algehele vitaliteit. Het is een ideale keuze voor wie de beschermende kracht van Chaga in de dagelijkse routine wil integreren en zo een robuust fundament voor de gezondheid wil leggen. <\/p>\n","protected":false},"featured_media":13139,"comment_status":"open","ping_status":"closed","template":"","meta":{"_acf_changed":false},"product_brand":[],"product_cat":[109],"product_tag":[],"giftcard-category":[],"class_list":{"0":"post-13304","1":"product","2":"type-product","3":"status-publish","4":"has-post-thumbnail","6":"product_cat-functional-mushrooms-nl","7":"product_shipping_class-big-box-nl","9":"first","10":"instock","11":"taxable","12":"shipping-taxable","13":"purchasable","14":"product-type-simple"},"acf":[],"_links":{"self":[{"href":"https:\/\/go-microdose.com\/nl\/wp-json\/wp\/v2\/product\/13304","targetHints":{"allow":["GET"]}}],"collection":[{"href":"https:\/\/go-microdose.com\/nl\/wp-json\/wp\/v2\/product"}],"about":[{"href":"https:\/\/go-microdose.com\/nl\/wp-json\/wp\/v2\/types\/product"}],"replies":[{"embeddable":true,"href":"https:\/\/go-microdose.com\/nl\/wp-json\/wp\/v2\/comments?post=13304"}],"wp:featuredmedia":[{"embeddable":true,"href":"https:\/\/go-microdose.com\/nl\/wp-json\/wp\/v2\/media\/13139"}],"wp:attachment":[{"href":"https:\/\/go-microdose.com\/nl\/wp-json\/wp\/v2\/media?parent=13304"}],"wp:term":[{"taxonomy":"product_brand","embeddable":true,"href":"https:\/\/go-microdose.com\/nl\/wp-json\/wp\/v2\/product_brand?post=13304"},{"taxonomy":"product_cat","embeddable":true,"href":"https:\/\/go-microdose.com\/nl\/wp-json\/wp\/v2\/product_cat?post=13304"},{"taxonomy":"product_tag","embeddable":true,"href":"https:\/\/go-microdose.com\/nl\/wp-json\/wp\/v2\/product_tag?post=13304"},{"taxonomy":"giftcard-category","embeddable":true,"href":"https:\/\/go-microdose.com\/nl\/wp-json\/wp\/v2\/giftcard-category?post=13304"}],"curies":[{"name":"wp","href":"https:\/\/api.w.org\/{rel}","templated":true}]}}